{"id":10298,"date":"2021-09-19T21:12:29","date_gmt":"2021-09-19T19:12:29","guid":{"rendered":"https:\/\/blogsaverroes.juntadeandalucia.es\/iesbellavista\/?page_id=10298"},"modified":"2022-02-13T01:28:46","modified_gmt":"2022-02-13T00:28:46","slug":"1o-eso-tecnologia","status":"publish","type":"page","link":"https:\/\/blogsaverroes.juntadeandalucia.es\/iesbellavista\/tecnologia\/1o-eso-tecnologia\/","title":{"rendered":"1\u00ba ESO TECNOLOG\u00cdA"},"content":{"rendered":"<h2><span style=\"color: #a11a1a\">COMPUTACI\u00d3N Y ROB\u00d3TICA 1<\/span><\/h2>\n<h4><strong><span style=\"color: #0909ad\">TEMA 1: PROGRAMACI\u00d3N CON SCRATCH<br \/>\n<\/span><\/strong><\/h4>\n<p><span style=\"color: #008000\">Apuntes y actividades en pdf<\/span><\/p>\n<ul>\n<li><a href=\"https:\/\/blogsaverroes.juntadeandalucia.es\/iesbellavista\/files\/2022\/02\/APUNTES-DE-SCRATCH-nuevo-2122.pdf\"><img loading=\"lazy\" decoding=\"async\" class=\"alignnone wp-image-122 size-full\" src=\"https:\/\/iesbellavista.files.wordpress.com\/2015\/03\/manitacursor11.png\" alt=\"0manitacursor1\" width=\"17\" height=\"14\"><\/a> Apuntes de Scratch<\/li>\n<li><a href=\"https:\/\/blogsaverroes.juntadeandalucia.es\/iesbellavista\/files\/2022\/02\/ACTIVIDADES-SCRATCH-parte-1.pdf\"><img loading=\"lazy\" decoding=\"async\" class=\"alignnone wp-image-122 size-full\" src=\"https:\/\/iesbellavista.files.wordpress.com\/2015\/03\/manitacursor11.png\" alt=\"0manitacursor1\" width=\"17\" height=\"14\"><\/a> Actividades de Scratch PARTE 1<\/li>\n<\/ul>\n<p><span style=\"color: #008000\">Presentaciones pasadas a pdf<\/span><\/p>\n<ul>\n<li><a href=\"https:\/\/blogsaverroes.juntadeandalucia.es\/iesbellavista\/files\/2021\/09\/SCRATCH-presentaci\u00f3n-2122-en-proceso.pdf\"><img loading=\"lazy\" decoding=\"async\" class=\"alignnone wp-image-122 size-full\" src=\"https:\/\/iesbellavista.files.wordpress.com\/2015\/03\/manitacursor11.png\" alt=\"0manitacursor1\" width=\"17\" height=\"14\"><\/a> Programaci\u00f3n con Scratch (en elaboraci\u00f3n)<\/li>\n<\/ul>\n","protected":false},"excerpt":{"rendered":"<p>COMPUTACI\u00d3N Y ROB\u00d3TICA 1 TEMA 1: PROGRAMACI\u00d3N CON SCRATCH Apuntes y actividades en pdf Apuntes de Scratch Actividades de Scratch PARTE 1 Presentaciones pasadas a pdf Programaci\u00f3n con Scratch (en elaboraci\u00f3n)<\/p>\n","protected":false},"author":1963,"featured_media":0,"parent":162,"menu_order":0,"comment_status":"closed","ping_status":"closed","template":"page-templates\/child-menu.php","meta":{"ngg_post_thumbnail":0,"footnotes":"","_mc_calendar":[]},"aioseo_notices":[],"_links":{"self":[{"href":"https:\/\/blogsaverroes.juntadeandalucia.es\/iesbellavista\/wp-json\/wp\/v2\/pages\/10298"}],"collection":[{"href":"https:\/\/blogsaverroes.juntadeandalucia.es\/iesbellavista\/wp-json\/wp\/v2\/pages"}],"about":[{"href":"https:\/\/blogsaverroes.juntadeandalucia.es\/iesbellavista\/wp-json\/wp\/v2\/types\/page"}],"author":[{"embeddable":true,"href":"https:\/\/blogsaverroes.juntadeandalucia.es\/iesbellavista\/wp-json\/wp\/v2\/users\/1963"}],"replies":[{"embeddable":true,"href":"https:\/\/blogsaverroes.juntadeandalucia.es\/iesbellavista\/wp-json\/wp\/v2\/comments?post=10298"}],"version-history":[{"count":14,"href":"https:\/\/blogsaverroes.juntadeandalucia.es\/iesbellavista\/wp-json\/wp\/v2\/pages\/10298\/revisions"}],"predecessor-version":[{"id":10357,"href":"https:\/\/blogsaverroes.juntadeandalucia.es\/iesbellavista\/wp-json\/wp\/v2\/pages\/10298\/revisions\/10357"}],"up":[{"embeddable":true,"href":"https:\/\/blogsaverroes.juntadeandalucia.es\/iesbellavista\/wp-json\/wp\/v2\/pages\/162"}],"wp:attachment":[{"href":"https:\/\/blogsaverroes.juntadeandalucia.es\/iesbellavista\/wp-json\/wp\/v2\/media?parent=10298"}],"curies":[{"name":"wp","href":"https:\/\/api.w.org\/{rel}","templated":true}]}}