{"id":141,"date":"2015-03-17T07:13:24","date_gmt":"2015-03-17T07:13:24","guid":{"rendered":"http:\/\/blogsaverroes.juntadeandalucia.es\/pre\/ceip\/?page_id=141"},"modified":"2023-02-24T09:57:16","modified_gmt":"2023-02-24T08:57:16","slug":"escolarizacion","status":"publish","type":"page","link":"https:\/\/blogsaverroes.juntadeandalucia.es\/iesbellavista\/secretaria\/escolarizacion\/","title":{"rendered":"Escolarizaci\u00f3n"},"content":{"rendered":"<p><a href=\"https:\/\/blogsaverroes.juntadeandalucia.es\/iesbellavista\/files\/2015\/03\/escolarizacion.jpg\"><img loading=\"lazy\" decoding=\"async\" class=\"aligncenter size-full wp-image-3737\" src=\"https:\/\/blogsaverroes.juntadeandalucia.es\/iesbellavista\/files\/2015\/03\/escolarizacion.jpg\" alt=\"\" width=\"322\" height=\"208\" srcset=\"https:\/\/blogsaverroes.juntadeandalucia.es\/iesbellavista\/files\/2015\/03\/escolarizacion.jpg 322w, https:\/\/blogsaverroes.juntadeandalucia.es\/iesbellavista\/files\/2015\/03\/escolarizacion-300x194.jpg 300w\" sizes=\"(max-width: 322px) 100vw, 322px\" \/><\/a><\/p>\n<p style=\"text-align: justify\"><a href=\"http:\/\/www.juntadeandalucia.es\/educacion\/portals\/web\/escolarizacion\"><img loading=\"lazy\" decoding=\"async\" class=\"alignnone wp-image-122\" src=\"https:\/\/iesbellavista.files.wordpress.com\/2015\/03\/manitacursor11.png\" alt=\"manitacursor1\" width=\"19\" height=\"16\"><\/a> <strong>Portal de Escolarizaci\u00f3n de la Consejer\u00eda de Educaci\u00f3n de la Junta de Andaluc\u00eda<\/strong><\/p>\n<p><a href=\"http:\/\/www.juntadeandalucia.es\/educacion\/portals\/web\/ced\/centros\"><img loading=\"lazy\" decoding=\"async\" class=\"alignnone wp-image-122\" src=\"https:\/\/iesbellavista.files.wordpress.com\/2015\/03\/manitacursor11.png\" alt=\"0manitacursor1\" width=\"20\" height=\"16\"><\/a> <strong>Consulta de centros<\/strong><\/p>\n<p><span style=\"color: #339966\"><strong>NORMATIVA<\/strong><\/span><\/p>\n<p><a href=\"https:\/\/blogsaverroes.juntadeandalucia.es\/iesbellavista\/files\/2020\/03\/Decreto_21_2020_criterios_y_procedimientos_admision.pdf\"><img loading=\"lazy\" decoding=\"async\" class=\"alignnone wp-image-122\" src=\"https:\/\/iesbellavista.files.wordpress.com\/2015\/03\/manitacursor11.png\" alt=\"0manitacursor1\" width=\"20\" height=\"16\"><\/a> <strong>Decreto 21\/2020 por el que se regulan los criterios y el procedimiento de admisi\u00f3n<br \/>\n<\/strong><\/p>\n<p><a href=\"https:\/\/blogsaverroes.juntadeandalucia.es\/iesbellavista\/files\/2020\/03\/Orden_20_febrero_2020_procedimiento_de_admisi\u00f3n.pdf\"><img loading=\"lazy\" decoding=\"async\" class=\"alignnone wp-image-122\" src=\"https:\/\/iesbellavista.files.wordpress.com\/2015\/03\/manitacursor11.png\" alt=\"0manitacursor1\" width=\"20\" height=\"16\"><\/a><strong> Orden de 20 de febrero de 2020 por el que se desarrolla el procedimiento de admisi\u00f3n<br \/>\n<\/strong><\/p>\n<p><a href=\"https:\/\/blogsaverroes.juntadeandalucia.es\/iesbellavista\/files\/2021\/03\/Decreto-ley-2_2021-de-2-de-febrero.pdf\"><img loading=\"lazy\" decoding=\"async\" class=\"alignnone wp-image-122\" src=\"https:\/\/iesbellavista.files.wordpress.com\/2015\/03\/manitacursor11.png\" alt=\"0manitacursor1\" width=\"20\" height=\"16\"><\/a><strong> Decreto-Ley 2\/2021 por el que se modifica con car\u00e1cter urgente la normativa de admisi\u00f3n<\/strong><\/p>\n<p><span style=\"color: #339966\"><strong>VACANTES Y SERVICIOS<br \/>\n<\/strong><\/span><\/p>\n<p style=\"text-align: justify\"><a href=\"https:\/\/blogsaverroes.juntadeandalucia.es\/iesbellavista\/files\/2022\/02\/Documentaci\u00f3n-inicial-22-23.pdf\"><img loading=\"lazy\" decoding=\"async\" class=\"alignnone wp-image-122\" src=\"https:\/\/iesbellavista.files.wordpress.com\/2015\/03\/manitacursor11.png\" alt=\"manitacursor1\" width=\"19\" height=\"16\"><\/a> Informaci\u00f3n sobre adscripci\u00f3n, <span style=\"color: #0000ff\">vacantes ofertadas<\/span> y transporte escolar del IES Bellavista para el curso 2022\/23<\/p>\n<p><span style=\"color: #339966\"><strong>SOLICITUD &#8211; MODELOS<\/strong><\/span><\/p>\n<p><a href=\"https:\/\/www.juntadeandalucia.es\/educacion\/secretariavirtual\/accesoTramite\/543\/\"><img loading=\"lazy\" decoding=\"async\" class=\"alignnone wp-image-122\" src=\"https:\/\/iesbellavista.files.wordpress.com\/2015\/03\/manitacursor11.png\" alt=\"manitacursor1\" width=\"21\" height=\"17\"><\/a> <strong>Solicitud de Admisi\u00f3n a trav\u00e9s de la Secretar\u00eda Virtual de los Centros docentes andaluces<br \/>\n<\/strong><\/p>\n<p style=\"text-align: justify\"><a href=\"https:\/\/blogsaverroes.juntadeandalucia.es\/iesbellavista\/files\/2021\/03\/Impreso_Solicitud_Admision_Anexo_III.pdf\"><img loading=\"lazy\" decoding=\"async\" class=\"alignnone wp-image-122\" src=\"https:\/\/iesbellavista.files.wordpress.com\/2015\/03\/manitacursor11.png\" alt=\"manitacursor1\" width=\"21\" height=\"17\"><\/a> <strong>Solicitud de Admisi\u00f3n ANEXO III<\/strong>. El modelo es rellenable, tras hacer clic en el enlace, haga clic en el icono de descargar y luego seleccione abrir para abrir el archivo con el programa lector de PDF que tenga instalado en su ordenador. A continuaci\u00f3n, rellene los campos e imprima el documento una vez cumplimentado.<\/p>\n<p><a href=\"https:\/\/blogsaverroes.juntadeandalucia.es\/iesbellavista\/files\/2020\/03\/DECLARACI\u00d3N-JURADA-modelo.pdf\"><img loading=\"lazy\" decoding=\"async\" class=\"alignnone wp-image-122\" src=\"https:\/\/iesbellavista.files.wordpress.com\/2015\/03\/manitacursor11.png\" alt=\"0manitacursor1\" width=\"21\" height=\"18\"><\/a> <strong>Modelo de Declaraci\u00f3n Jurada de Ingresos<\/strong><\/p>\n<p><span style=\"color: #339966\"><strong>CALENDARIO<\/strong><\/span><\/p>\n<p style=\"text-align: justify\"><a href=\"https:\/\/www.juntadeandalucia.es\/educacion\/portals\/web\/escolarizacion\/infantil-a-bachillerato\/calendario\/\"><img loading=\"lazy\" decoding=\"async\" class=\"alignnone wp-image-122\" src=\"https:\/\/iesbellavista.files.wordpress.com\/2015\/03\/manitacursor11.png\" alt=\"manitacursor1\" width=\"22\" height=\"18\"><\/a> <strong><span style=\"color: #0000ff\">Calendario<\/span><\/strong> del proceso de Escolarizaci\u00f3n en la web de la Consejer\u00eda de Educaci\u00f3n<\/p>\n<p><strong><span style=\"color: #339966\">PLAN DE CENTRO<\/span><br \/>\n<\/strong><\/p>\n<p><a href=\"https:\/\/blogsaverroes.juntadeandalucia.es\/iesbellavista\/plan-de-centro\/\"><img loading=\"lazy\" decoding=\"async\" class=\"alignnone wp-image-122\" src=\"https:\/\/iesbellavista.files.wordpress.com\/2015\/03\/manitacursor11.png\" alt=\"0manitacursor1\" width=\"21\" height=\"18\"><\/a> <strong>Acceso al Plan de Centro<br \/>\n<\/strong><\/p>\n<p style=\"text-align: justify\"><span style=\"color: #339966\"><strong>\u00c1REAS DE INFLUENCIA<\/strong><br \/>\n<\/span><\/p>\n<p style=\"text-align: justify\">El IES Bellavista pertenece a la zona de escolarizaci\u00f3n n\u00ba 9 de Sevilla. A continuaci\u00f3n se incluyen los mapas y callejeros de la zona 9 para secundaria y bachillerato.<\/p>\n<ul>\n<li><a href=\"https:\/\/blogsaverroes.juntadeandalucia.es\/iesbellavista\/files\/2022\/02\/Mapa-Secundaria.pdf\"><img loading=\"lazy\" decoding=\"async\" class=\"alignnone wp-image-122\" src=\"https:\/\/iesbellavista.files.wordpress.com\/2015\/03\/manitacursor11.png\" alt=\"manitacursor1\" width=\"21\" height=\"17\"><\/a>&nbsp; Mapa zona 9 Secundaria<\/li>\n<li style=\"text-align: justify\"><a href=\"https:\/\/blogsaverroes.juntadeandalucia.es\/iesbellavista\/files\/2022\/02\/Mapa-Bachillerato.pdf\"><img loading=\"lazy\" decoding=\"async\" class=\"alignnone wp-image-122\" src=\"https:\/\/iesbellavista.files.wordpress.com\/2015\/03\/manitacursor11.png\" alt=\"manitacursor1\" width=\"21\" height=\"17\"><\/a>&nbsp; Mapa zona 9 Bachillerato<\/li>\n<li><a href=\"https:\/\/blogsaverroes.juntadeandalucia.es\/iesbellavista\/files\/2022\/02\/Callejero-Secundaria.pdf\"><img loading=\"lazy\" decoding=\"async\" class=\"alignnone wp-image-122\" src=\"https:\/\/iesbellavista.files.wordpress.com\/2015\/03\/manitacursor11.png\" alt=\"manitacursor1\" width=\"21\" height=\"17\"><\/a>&nbsp; Callejero zona 9 Secundaria<\/li>\n<li><a href=\"https:\/\/blogsaverroes.juntadeandalucia.es\/iesbellavista\/files\/2022\/02\/Callejero-Bachillerato.pdf\"><img loading=\"lazy\" decoding=\"async\" class=\"alignnone wp-image-122\" src=\"https:\/\/iesbellavista.files.wordpress.com\/2015\/03\/manitacursor11.png\" alt=\"manitacursor1\" width=\"21\" height=\"17\"><\/a>&nbsp; Callejero zona 9 Bachillerato<\/li>\n<\/ul>\n<p style=\"text-align: justify\"><span style=\"color: #339966\"><strong>RELACI\u00d3N BAREMADA DE SOLICITUDES PARA EL CURSO 2022\/23<\/strong><br \/>\n<\/span><\/p>\n<ul>\n<li><a href=\"https:\/\/www.juntadeandalucia.es\/educacion\/secretariavirtual\/accesoConsultas\/1242\/\"><img loading=\"lazy\" decoding=\"async\" class=\"alignnone wp-image-122\" src=\"https:\/\/iesbellavista.files.wordpress.com\/2015\/03\/manitacursor11.png\" alt=\"manitacursor1\" width=\"21\" height=\"17\"><\/a>&nbsp; Consulta de la relaci\u00f3n baremada de solicitantes con la clave IANDE. Nuestro c\u00f3digo de centro es 41008519<\/li>\n<\/ul>\n<p style=\"text-align: justify\"><span style=\"color: #339966\"><strong>RESOLUCI\u00d3N DEL PROCEDIMIENTO DE ADMISI\u00d3N CURSO 2022\/23<\/strong><br \/>\n<\/span><\/p>\n<ul>\n<li><a href=\"https:\/\/www.juntadeandalucia.es\/educacion\/secretariavirtual\/accesoConsultas\/1244\/\"><img loading=\"lazy\" decoding=\"async\" class=\"alignnone wp-image-122\" src=\"https:\/\/iesbellavista.files.wordpress.com\/2015\/03\/manitacursor11.png\" alt=\"manitacursor1\" width=\"21\" height=\"17\"><\/a>&nbsp; Resoluci\u00f3n del proceso de admisi\u00f3n (17\/05\/2022) Nuestro c\u00f3digo de centro es 41008519<\/li>\n<\/ul>\n<p style=\"text-align: justify\"><strong><span style=\"color: #339966\">ADJUDICACI\u00d3N DE PLAZA AL ALUMNADO NO ADMITIDO INICIALMENTE EN EL IES BELLAVISTA CURSO 2022\/23<br \/>\n<\/span><\/strong><\/p>\n<ul>\n<li><a href=\"https:\/\/www.juntadeandalucia.es\/educacion\/secretariavirtual\/accesoConsultas\/1229\/\"><img loading=\"lazy\" decoding=\"async\" class=\"alignnone wp-image-122\" src=\"https:\/\/iesbellavista.files.wordpress.com\/2015\/03\/manitacursor11.png\" alt=\"manitacursor1\" width=\"21\" height=\"17\"><\/a>&nbsp; Adjudicaci\u00f3n de plaza al alumnado no admitido inicialmente y al alumnado reubicado en el IES Bellavista (26\/05\/2022). Nuestro c\u00f3digo de centro es 41008519<\/li>\n<\/ul>\n<p><span style=\"color: #339966\"><strong>MATRICULACI\u00d3N ONLINE A TRAV\u00c9S DE LA SECRETAR\u00cdA VIRTUAL CON CLAVE IANDE<br \/>\n<\/strong><\/span><\/p>\n<ul>\n<li>Plazo de matriculaci\u00f3n desde el 1 al 11 de julio de 2022&nbsp; &nbsp;&nbsp;<\/li>\n<\/ul>\n","protected":false},"excerpt":{"rendered":"<p>Portal de Escolarizaci\u00f3n de la Consejer\u00eda de Educaci\u00f3n de la Junta de Andaluc\u00eda Consulta de centros NORMATIVA Decreto 21\/2020 por el que se regulan los criterios y el procedimiento de admisi\u00f3n Orden de 20&#46;&#46;&#46;<\/p>\n","protected":false},"author":1,"featured_media":0,"parent":77,"menu_order":0,"comment_status":"open","ping_status":"open","template":"page-templates\/child-menu.php","meta":{"ngg_post_thumbnail":0,"footnotes":"","_mc_calendar":[]},"aioseo_notices":[],"_links":{"self":[{"href":"https:\/\/blogsaverroes.juntadeandalucia.es\/iesbellavista\/wp-json\/wp\/v2\/pages\/141"}],"collection":[{"href":"https:\/\/blogsaverroes.juntadeandalucia.es\/iesbellavista\/wp-json\/wp\/v2\/pages"}],"about":[{"href":"https:\/\/blogsaverroes.juntadeandalucia.es\/iesbellavista\/wp-json\/wp\/v2\/types\/page"}],"author":[{"embeddable":true,"href":"https:\/\/blogsaverroes.juntadeandalucia.es\/iesbellavista\/wp-json\/wp\/v2\/users\/1"}],"replies":[{"embeddable":true,"href":"https:\/\/blogsaverroes.juntadeandalucia.es\/iesbellavista\/wp-json\/wp\/v2\/comments?post=141"}],"version-history":[{"count":78,"href":"https:\/\/blogsaverroes.juntadeandalucia.es\/iesbellavista\/wp-json\/wp\/v2\/pages\/141\/revisions"}],"predecessor-version":[{"id":10708,"href":"https:\/\/blogsaverroes.juntadeandalucia.es\/iesbellavista\/wp-json\/wp\/v2\/pages\/141\/revisions\/10708"}],"up":[{"embeddable":true,"href":"https:\/\/blogsaverroes.juntadeandalucia.es\/iesbellavista\/wp-json\/wp\/v2\/pages\/77"}],"wp:attachment":[{"href":"https:\/\/blogsaverroes.juntadeandalucia.es\/iesbellavista\/wp-json\/wp\/v2\/media?parent=141"}],"curies":[{"name":"wp","href":"https:\/\/api.w.org\/{rel}","templated":true}]}}