{"id":144,"date":"2015-03-17T07:46:28","date_gmt":"2015-03-17T07:46:28","guid":{"rendered":"http:\/\/blogsaverroes.juntadeandalucia.es\/pre\/ceip\/?page_id=144"},"modified":"2020-05-10T05:16:34","modified_gmt":"2020-05-10T03:16:34","slug":"equipo-docente","status":"publish","type":"page","link":"https:\/\/blogsaverroes.juntadeandalucia.es\/iesbellavista\/equipo-docente\/","title":{"rendered":"El equipo docente"},"content":{"rendered":"<h2><strong><span style=\"color: #0909ad\">C<\/span><\/strong><strong><span style=\"color: #0909ad\">urso 2019\/20 Departamentos<br \/>\n<\/span><\/strong><\/h2>\n<ul>\n<li><strong><span style=\"color: #0000ff\">Departamento Actividades Extraescolares<\/span><\/strong>\n<ul>\n<li>M\u00aa Teresa Camas Romero (jefa de dpto)<\/li>\n<\/ul>\n<\/li>\n<li><strong><span style=\"color: #0000ff\">Departamento de Biolog\u00eda y Geolog\u00eda<\/span><\/strong>\n<ul>\n<li>Teresa Gamero P\u00e9rez<\/li>\n<li>Javier Jes\u00fas Garc\u00eda Cubero (jefe de dpto)<\/li>\n<li>Teresita Torrelo S\u00e1nchez<\/li>\n<\/ul>\n<\/li>\n<li><strong><span style=\"color: #0000ff\">Departamento de Dibujo<\/span><\/strong>\n<ul>\n<li>Rafael Berraquero Rodr\u00edguez (jefe de dpto)<\/li>\n<li>Guillermo Daza Puerto<\/li>\n<\/ul>\n<\/li>\n<li><strong><span style=\"color: #0000ff\">Departamento de Educaci\u00f3n F\u00edsica<\/span><\/strong>\n<ul>\n<li>Rosario G\u00f3mez Gallardo<\/li>\n<li>Manuel Ignacio Navas Jim\u00e9nez (jefe de dpto)<\/li>\n<\/ul>\n<\/li>\n<li><strong><span style=\"color: #0000ff\">Departamento de Filosof\u00eda<\/span><\/strong>\n<ul>\n<li>Rosa Mar\u00eda Hacha Mart\u00edn<\/li>\n<li>Araceli L\u00f3pez Cano (jefa de dpto)<\/li>\n<\/ul>\n<\/li>\n<li><strong><span style=\"color: #0000ff\">Departamento de F\u00edsica y Qu\u00edmica<\/span><\/strong>\n<ul>\n<li>Juan Luis C\u00e1mara Linde (jefe de dpto)<\/li>\n<li>Roc\u00edo S\u00e1nchez Oliver<\/li>\n<li>Manuel Su\u00e1rez Flores<\/li>\n<li>Jos\u00e9 Enrique Villar Valpuesta<\/li>\n<\/ul>\n<\/li>\n<li><strong><span style=\"color: #0000ff\">Departamento de Franc\u00e9s<\/span><\/strong>\n<ul>\n<li>Mario Bizcocho Olarte (jefe de dpto)<\/li>\n<\/ul>\n<\/li>\n<li><strong><span style=\"color: #0000ff\">Departamento de Geograf\u00eda e Historia<\/span><\/strong>\n<ul>\n<li>M\u00aa Auxiliadora Bueno Mar\u00edn<\/li>\n<li>Carmen Flores Campos (jefa de dpto)<\/li>\n<li>Miguel \u00c1ngel Garc\u00eda Alcocer<\/li>\n<li>Jos\u00e9 Rafael P\u00e1ez Fern\u00e1ndez<\/li>\n<li>Juan Luis Torrescusa Garc\u00eda<\/li>\n<\/ul>\n<\/li>\n<li><strong><span style=\"color: #0000ff\">Departamento de Ingl\u00e9s<\/span><\/strong>\n<ul>\n<li>Jos\u00e9 Antonio Bonhome Herrera<\/li>\n<li>Mar\u00eda Teresa Camas Romero<\/li>\n<li>Cristina Moreno Santos<\/li>\n<li>Jes\u00fas P\u00e9rez Prado (jefe de dpto)<\/li>\n<li>Tamara M\u00aa Ruiz Alcal\u00e1<\/li>\n<\/ul>\n<\/li>\n<li><strong><span style=\"color: #0000ff\">Departamento de Cultura Cl\u00e1sica<br \/>\n<\/span><\/strong><\/p>\n<ul>\n<li>Susana Garc\u00eda Luna (jefa de dpto)<\/li>\n<\/ul>\n<\/li>\n<li><strong><span style=\"color: #0000ff\">Departamento de Lengua Castellana<\/span><\/strong>\n<ul>\n<li>Mar\u00eda Baena Velasco<\/li>\n<li>Carmen Delgado Mart\u00edn-Prat<\/li>\n<li>Gonzalo Lloret Mar\u00edn<\/li>\n<li>Marta Mart\u00ednez Garc\u00eda<\/li>\n<li>Ana M\u00aa Salda\u00f1a Fern\u00e1ndez (jefa de dpto)<\/li>\n<\/ul>\n<\/li>\n<li><strong><span style=\"color: #0000ff\">Departamento de Matem\u00e1ticas<\/span><\/strong>\n<ul>\n<li>Rafael Esquina Van-Berlo<\/li>\n<li>Manuela Fierro D\u00edaz<\/li>\n<li>Fernando Luna Rabaneda<\/li>\n<li>M\u00aa Est\u00edbaliz de Miguel Ruiz<\/li>\n<li>Sergio Manuel Robles Mac\u00edas (jefe de dpto)<\/li>\n<\/ul>\n<\/li>\n<li><strong><span style=\"color: #0000ff\">Departamento de M\u00fasica<\/span><\/strong>\n<ul>\n<li>Javier Jim\u00e9nez Salas (jefe de dpto)<\/li>\n<\/ul>\n<\/li>\n<li><strong><span style=\"color: #0000ff\">Departamento de Orientaci\u00f3n<\/span><\/strong>\n<ul>\n<li>Antonio Jes\u00fas Rodr\u00edguez Garc\u00eda (jefe de dpto)<\/li>\n<li>M\u00aa Pilar Ladr\u00f3n de Guevara Ruiz<\/li>\n<li>M\u00aa Roc\u00edo Vico Blanco<\/li>\n<li>Marta Velasco Mora<\/li>\n<\/ul>\n<\/li>\n<li><strong><span style=\"color: #0000ff\">Departamento de Tecnolog\u00eda<\/span><\/strong>\n<ul>\n<li>Manuel Jes\u00fas Flores Gil (jefe de dpto)<\/li>\n<li>Manuel Hidalgo Rodr\u00edguez<\/li>\n<li>Patricia Remujo Mart\u00edn<\/li>\n<\/ul>\n<\/li>\n<li><strong><span style=\"color: #0000ff\">Profesora de Religi\u00f3n<\/span><\/strong>\n<ul>\n<li>Engracia Mengod M\u00ednguez<\/li>\n<\/ul>\n<\/li>\n<\/ul>\n<h2><strong><span style=\"color: #0909ad\">C<\/span><\/strong><strong><span style=\"color: #0909ad\">urso 2019\/20 Tutores<br \/>\n<\/span><\/strong><\/h2>\n<ul>\n<li><strong><span style=\"color: #0000ff\">1\u00ba ESO A: <\/span><\/strong>Teresita Torrelo S\u00e1nchez<strong><span style=\"color: #0000ff\"><br \/>\n<\/span><\/strong><\/li>\n<li><strong><span style=\"color: #0000ff\">1\u00ba ESO B: <\/span><\/strong>Guillermo Manuel Daza Puerto<\/li>\n<li><strong><span style=\"color: #0000ff\">1\u00ba ESO C: <\/span><\/strong>Miguel \u00c1ngel Garc\u00eda Alcocer<\/li>\n<li><strong><span style=\"color: #0000ff\">2\u00ba ESO A: <\/span><\/strong>Gonzalo Lloret Mar\u00edn<\/li>\n<li><strong><span style=\"color: #0000ff\">2\u00ba ESO B: <\/span><\/strong>Patricia Remujo Mart\u00edn<\/li>\n<li><strong><span style=\"color: #0000ff\">2\u00ba ESO C: <\/span><\/strong>Roc\u00edo S\u00e1nchez Oliver<\/li>\n<li><strong><span style=\"color: #0000ff\">3\u00ba ESO A: <\/span><\/strong><span style=\"color: #333333\">Mar\u00eda del Rosario G\u00f3mez Gallardo<\/span><strong><span style=\"color: #0000ff\"><br \/>\n<\/span><\/strong><\/li>\n<li><strong><span style=\"color: #0000ff\">3\u00ba ESO B: <\/span><\/strong>Mar\u00eda Auxiliadora Bueno Mar\u00edn<\/li>\n<li><strong><span style=\"color: #0000ff\">3\u00ba ESO C: <\/span><\/strong><span style=\"color: #333333\">Jos\u00e9 Antonio Bonhome Herrera<\/span><strong><span style=\"color: #0000ff\"><br \/>\n<\/span><\/strong><\/li>\n<li><strong><span style=\"color: #0000ff\">4\u00ba ESO A: <\/span><\/strong>Carmen Delgado Mart\u00edn-Prat<strong><span style=\"color: #0000ff\"><br \/>\n<\/span><\/strong><\/li>\n<li><strong><span style=\"color: #0000ff\">4\u00ba ESO B: <\/span><\/strong><span style=\"color: #0000ff\"><span style=\"color: #333333\">Marta Mart\u00ednez Garc\u00eda<\/span><\/span><strong><span style=\"color: #0000ff\"><br \/>\n<\/span><\/strong><\/li>\n<li><strong><span style=\"color: #0000ff\">4\u00ba ESO C: <\/span><\/strong><span style=\"color: #333333\">Cristina Moreno Santos<\/span><strong><span style=\"color: #0000ff\"><br \/>\n<\/span><\/strong><\/li>\n<li><strong><span style=\"color: #0000ff\">1\u00ba Bachillerato A: <\/span><\/strong><span style=\"color: #333333\">Rafael Esquina Van-Berlo<\/span><strong><span style=\"color: #0000ff\"><br \/>\n<\/span><\/strong><\/li>\n<li><span style=\"color: #0000ff\"><strong>1\u00ba Bachillerato B:<\/strong><\/span> Tamara Ruiz Alcal\u00e1<\/li>\n<li><strong><span style=\"color: #0000ff\">2\u00ba Bachillerato A: <\/span><\/strong>Mar\u00eda Est\u00edvaliz de Miguel Ruiz<\/li>\n<li><span style=\"color: #0000ff\"><strong>2\u00ba Bachillerato B: <\/strong><\/span>Jos\u00e9 Rafael P\u00e1ez Fern\u00e1ndez<\/li>\n<li><strong><span style=\"color: #0000ff\">Curso de Acceso a Ciclos Grado Medio:<\/span> <\/strong>Manuel Su\u00e1rez Flores<\/li>\n<\/ul>\n","protected":false},"excerpt":{"rendered":"<p>Curso 2019\/20 Departamentos Departamento Actividades Extraescolares M\u00aa Teresa Camas Romero (jefa de dpto) Departamento de Biolog\u00eda y Geolog\u00eda Teresa Gamero P\u00e9rez Javier Jes\u00fas Garc\u00eda Cubero (jefe de dpto) Teresita Torrelo S\u00e1nchez Departamento de Dibujo&#46;&#46;&#46;<\/p>\n","protected":false},"author":1,"featured_media":0,"parent":0,"menu_order":0,"comment_status":"open","ping_status":"open","template":"","meta":{"ngg_post_thumbnail":0,"footnotes":"","_mc_calendar":[]},"aioseo_notices":[],"_links":{"self":[{"href":"https:\/\/blogsaverroes.juntadeandalucia.es\/iesbellavista\/wp-json\/wp\/v2\/pages\/144"}],"collection":[{"href":"https:\/\/blogsaverroes.juntadeandalucia.es\/iesbellavista\/wp-json\/wp\/v2\/pages"}],"about":[{"href":"https:\/\/blogsaverroes.juntadeandalucia.es\/iesbellavista\/wp-json\/wp\/v2\/types\/page"}],"author":[{"embeddable":true,"href":"https:\/\/blogsaverroes.juntadeandalucia.es\/iesbellavista\/wp-json\/wp\/v2\/users\/1"}],"replies":[{"embeddable":true,"href":"https:\/\/blogsaverroes.juntadeandalucia.es\/iesbellavista\/wp-json\/wp\/v2\/comments?post=144"}],"version-history":[{"count":21,"href":"https:\/\/blogsaverroes.juntadeandalucia.es\/iesbellavista\/wp-json\/wp\/v2\/pages\/144\/revisions"}],"predecessor-version":[{"id":9886,"href":"https:\/\/blogsaverroes.juntadeandalucia.es\/iesbellavista\/wp-json\/wp\/v2\/pages\/144\/revisions\/9886"}],"wp:attachment":[{"href":"https:\/\/blogsaverroes.juntadeandalucia.es\/iesbellavista\/wp-json\/wp\/v2\/media?parent=144"}],"curies":[{"name":"wp","href":"https:\/\/api.w.org\/{rel}","templated":true}]}}