{"id":2,"date":"2014-08-25T11:09:05","date_gmt":"2014-08-25T11:09:05","guid":{"rendered":"http:\/\/blogsaverroes.juntadeandalucia.es\/igge\/?page_id=2"},"modified":"2020-06-12T14:26:37","modified_gmt":"2020-06-12T12:26:37","slug":"oferta-educativa","status":"publish","type":"page","link":"https:\/\/blogsaverroes.juntadeandalucia.es\/iesbellavista\/oferta-educativa\/","title":{"rendered":"Oferta Educativa"},"content":{"rendered":"<p style=\"text-align: justify\"><span style=\"color: #0000ff\"><strong>CURSO 2020\/2021<\/strong><\/span><\/p>\n<p style=\"text-align: justify\">En nuestro centro se imparten las siguientes ense\u00f1anzas:<\/p>\n<ul>\n<li style=\"text-align: justify\">Ense\u00f1anza Secundaria Obligatoria (ESO).<\/li>\n<li style=\"text-align: justify\">Bachillerato:\n<ul>\n<li>Modalidad de Humanidades y Ciencias Sociales.<\/li>\n<li>Modalidad de Ciencias.<\/li>\n<\/ul>\n<\/li>\n<li style=\"text-align: justify\">Curso de Acceso a Ciclos Formativos de Grado Medio.<\/li>\n<\/ul>\n<p style=\"text-align: justify\"><span style=\"color: #0000ff\"><strong>Informaci\u00f3n sobre solicitud de admisi\u00f3n al Curso de Acceso a Ciclos Formativos de Grado Medio<\/strong><\/span><\/p>\n<ul style=\"text-align: justify\">\n<li><strong>Legislaci\u00f3n aplicable<\/strong>: <a href=\"https:\/\/blogsaverroes.juntadeandalucia.es\/iesbellavista\/files\/2020\/06\/ORDEN-21-FEBRERO-2017-DE-PRUEBAS-Y-CURSO-ACCESO-A-CICLOS.pdf\">Orden de 21 de febrero de 2017<\/a>, por la que se regulan las pruebas de acceso a ciclos formativos de formaci\u00f3n profesional de grado medio y grado superior y el curso de formaci\u00f3n espec\u00edfico.<\/li>\n<li style=\"text-align: justify\"><strong>Requisitos de acceso:<\/strong> tener 17 a\u00f1os cumplidos en el a\u00f1o natural de finalizaci\u00f3n del curso y no reunir ning\u00fan requisito de acceso a ciclos formativos de grado medio.<\/li>\n<li style=\"text-align: justify\"><strong>Plazo de solicitud de admisi\u00f3n:<\/strong> suele ser del 15 al 25 de junio aproximadamente.<\/li>\n<li style=\"text-align: justify\"><strong>Modelo de solicitud de admisi\u00f3n:<\/strong> la solicitud de admisi\u00f3n se presenta, preferentemente, en el centro donde se pretende la admisi\u00f3n mediante <strong>Anexo X<\/strong> <span style=\"color: #000000\"><a href=\"https:\/\/blogsaverroes.juntadeandalucia.es\/iesbellavista\/files\/2017\/06\/Anexo-X-Solicitud-admisi\u00f3n-Curso-Acceso-a-Ciclos.pdf\"><img loading=\"lazy\" decoding=\"async\" class=\"alignnone wp-image-122\" src=\"https:\/\/iesbellavista.files.wordpress.com\/2015\/03\/manitacursor11.png\" alt=\"0manitacursor1\" width=\"17\" height=\"14\"><\/a><\/span>.<\/li>\n<li style=\"text-align: justify\"><strong>Otra documentaci\u00f3n a presentar:<\/strong> para la acreditaci\u00f3n de la edad basta autorizar a la Consejer\u00eda de Educaci\u00f3n para recabar la informaci\u00f3n. En caso contrario, se presentar\u00e1 una fotocopia autenticada del DNI o del NIE en el caso de extranjeros.<\/li>\n<li style=\"text-align: justify\"><span style=\"color: #000000\"><a href=\"https:\/\/www.juntadeandalucia.es\/educacion\/secretariavirtual\/consulta\/oferta-centros-curso-acceso\/mostrar\/\"><img loading=\"lazy\" decoding=\"async\" class=\"alignnone wp-image-122\" src=\"https:\/\/iesbellavista.files.wordpress.com\/2015\/03\/manitacursor11.png\" alt=\"0manitacursor1\" width=\"17\" height=\"14\"><\/a><\/span>&nbsp;<strong>Centros autorizados.<\/strong><\/li>\n<\/ul>\n<p style=\"text-align: justify\"><strong><span style=\"color: #0000ff\">Calendario del proceso de escolarizaci\u00f3n en el Curso de Acceso a Ciclos Formativos de Grado Medio para el curso 2020\/2021<br \/>\n<\/span><\/strong><\/p>\n<ul style=\"text-align: justify\">\n<li>Presentaci\u00f3n de solicitud de Admisi\u00f3n: del 15 al 25 de junio<\/li>\n<li>Relaci\u00f3n provisional de solicitantes: 3 de julio<\/li>\n<li>Plazo de alegaciones a la relaci\u00f3n provisional de solicitantes: 6 al 7 de julio.<\/li>\n<li>Relaci\u00f3n definitiva de solicitantes: 8 de julio.<\/li>\n<li>Adjudicacion \u00fanica de plazas: 9 de julio. (los alumnos no admitidos quedan en lista de espera para ocupar las vacantes que pudieran producirse posteriormente).<\/li>\n<li>Plazo de matriculaci\u00f3n de personas admitidas en la adjudicaci\u00f3n: 10 al 15 de julio. <strong>Solicitud de matr\u00edcula Anexo XI<\/strong> <span style=\"color: #000000\"><a href=\"https:\/\/blogsaverroes.juntadeandalucia.es\/iesbellavista\/files\/2017\/06\/Anexo-XI-Solicitud-matr\u00edcula-Curso-Acceso-a-Ciclos.pdf\"><img loading=\"lazy\" decoding=\"async\" class=\"alignnone wp-image-122\" src=\"https:\/\/iesbellavista.files.wordpress.com\/2015\/03\/manitacursor11.png\" alt=\"0manitacursor1\" width=\"17\" height=\"14\"><\/a><\/span>.<\/li>\n<li>Matriculaci\u00f3n de solicitantes en lista de espera: hasta 31 de octubre.<\/li>\n<\/ul>\n<p style=\"text-align: justify\"><span style=\"color: #0000ff\"><strong>Informaci\u00f3n sobre el Curso de Acceso a Ciclos Formativos de Grado Medio<\/strong><\/span><\/p>\n<p style=\"text-align: justify\"><strong>Si superas este curso podr\u00e1s participar en el procedimiento de admisi\u00f3n para acceder a cualquier ciclo formativo de grado medio<\/strong>, sin tener que superar una prueba de acceso adicional.<\/p>\n<p style=\"text-align: justify\">No obstante, si realizas el curso y no lo superas o bien deseas prepararte por tu cuenta, podr\u00e1s seguir present\u00e1ndote a las pruebas de acceso tradicionales.<\/p>\n<p style=\"text-align: justify\"><strong>Estructura del curso:<\/strong><\/p>\n<p style=\"text-align: justify\">El curso se compone de tres \u201casignaturas\u201d denominadas <strong><em>\u00e1mbitos<\/em><\/strong>:<\/p>\n<ul style=\"text-align: justify\">\n<li><strong>\u00c1mbito de Comunicaci\u00f3n<\/strong>, con contenidos de Lengua castellana y Literatura e Ingl\u00e9s o Franc\u00e9s.<\/li>\n<li><strong>\u00c1mbito Social<\/strong>, con contenidos de Geograf\u00eda e Historia, Econom\u00eda e Iniciaci\u00f3n a la actividad emprendedora.<\/li>\n<li><strong>\u00c1mbito Cient\u00edfico-tecnol\u00f3gico<\/strong>, con contenidos de Matem\u00e1ticas orientadas a las ense\u00f1anzas acad\u00e9micas, Matem\u00e1ticas orientadas a las ense\u00f1anzas aplicadas, Biolog\u00eda y Geolog\u00eda, F\u00edsica y Qu\u00edmica y Tecnolog\u00eda.<\/li>\n<\/ul>\n<p style=\"text-align: justify\">El curso tiene una duraci\u00f3n de <strong>600 horas<\/strong> y se extiende durante un curso acad\u00e9mico con <strong>jornadas lectivas de cuatro horas diarias<\/strong>. El horario semanal se compone de 7 horas del \u00c1mbito de Comunicaci\u00f3n, 4 del Social, 8 del Cient\u00edfico-tecnol\u00f3gico y 1 hora de tutor\u00eda.<\/p>\n<p style=\"text-align: justify\">Para superar el curso tendr\u00e1s que <strong>superar los tres \u00e1mbitos<\/strong>. Si no superas el curso completo, los <strong>\u00e1mbitos superados se te \u201cguardar\u00e1n\u201d<\/strong> para futuras convocatorias y para las pruebas de acceso a ciclos formativos de Formaci\u00f3n Profesional de grado medio, si es que deseas presentarte a ellas.<\/p>\n<p style=\"text-align: justify\">&nbsp;<span style=\"color: #000000\"><a href=\"http:\/\/www.juntadeandalucia.es\/educacion\/portals\/web\/formacion-profesional-andaluza\/quiero-formarme\/ensenanzas\/fp-grado-medio\/curso-acceso\"><img loading=\"lazy\" decoding=\"async\" class=\"alignnone wp-image-122\" src=\"https:\/\/iesbellavista.files.wordpress.com\/2015\/03\/manitacursor11.png\" alt=\"0manitacursor1\" width=\"17\" height=\"14\"><\/a><\/span> <span style=\"color: #0000ff\">Toda la Informaci\u00f3n<\/span><\/p>\n<p style=\"text-align: justify\">&nbsp;<span style=\"color: #000000\"><a href=\"https:\/\/blogsaverroes.juntadeandalucia.es\/iesbellavista\/files\/2017\/06\/ORDEN-21-FEBRERO-2017-DE-PRUEBAS-Y-CURSO-ACCESO-A-CICLOS.pdf\"><img loading=\"lazy\" decoding=\"async\" class=\"alignnone wp-image-122\" src=\"https:\/\/iesbellavista.files.wordpress.com\/2015\/03\/manitacursor11.png\" alt=\"0manitacursor1\" width=\"17\" height=\"14\"><\/a><\/span> <span style=\"color: #0000ff\">Normativa aplicable<br \/>\n<\/span><\/p>\n","protected":false},"excerpt":{"rendered":"<p>CURSO 2020\/2021 En nuestro centro se imparten las siguientes ense\u00f1anzas: Ense\u00f1anza Secundaria Obligatoria (ESO). Bachillerato: Modalidad de Humanidades y Ciencias Sociales. Modalidad de Ciencias. Curso de Acceso a Ciclos Formativos de Grado Medio. Informaci\u00f3n&#46;&#46;&#46;<\/p>\n","protected":false},"author":1,"featured_media":0,"parent":0,"menu_order":0,"comment_status":"open","ping_status":"open","template":"","meta":{"ngg_post_thumbnail":0,"footnotes":"","_mc_calendar":[]},"aioseo_notices":[],"_links":{"self":[{"href":"https:\/\/blogsaverroes.juntadeandalucia.es\/iesbellavista\/wp-json\/wp\/v2\/pages\/2"}],"collection":[{"href":"https:\/\/blogsaverroes.juntadeandalucia.es\/iesbellavista\/wp-json\/wp\/v2\/pages"}],"about":[{"href":"https:\/\/blogsaverroes.juntadeandalucia.es\/iesbellavista\/wp-json\/wp\/v2\/types\/page"}],"author":[{"embeddable":true,"href":"https:\/\/blogsaverroes.juntadeandalucia.es\/iesbellavista\/wp-json\/wp\/v2\/users\/1"}],"replies":[{"embeddable":true,"href":"https:\/\/blogsaverroes.juntadeandalucia.es\/iesbellavista\/wp-json\/wp\/v2\/comments?post=2"}],"version-history":[{"count":21,"href":"https:\/\/blogsaverroes.juntadeandalucia.es\/iesbellavista\/wp-json\/wp\/v2\/pages\/2\/revisions"}],"predecessor-version":[{"id":9975,"href":"https:\/\/blogsaverroes.juntadeandalucia.es\/iesbellavista\/wp-json\/wp\/v2\/pages\/2\/revisions\/9975"}],"wp:attachment":[{"href":"https:\/\/blogsaverroes.juntadeandalucia.es\/iesbellavista\/wp-json\/wp\/v2\/media?parent=2"}],"curies":[{"name":"wp","href":"https:\/\/api.w.org\/{rel}","templated":true}]}}