{"id":200,"date":"2015-03-17T10:04:24","date_gmt":"2015-03-17T10:04:24","guid":{"rendered":"http:\/\/blogsaverroes.juntadeandalucia.es\/pre\/ceip\/?page_id=200"},"modified":"2020-02-01T12:07:05","modified_gmt":"2020-02-01T11:07:05","slug":"biblioteca-2","status":"publish","type":"page","link":"https:\/\/blogsaverroes.juntadeandalucia.es\/iesbellavista\/biblioteca-2\/","title":{"rendered":"Biblioteca"},"content":{"rendered":"<p style=\"text-align: justify\"><a href=\"http:\/\/blogsaverroes.juntadeandalucia.es\/iesbellavista\/files\/2015\/03\/lengua.jpg\"><img loading=\"lazy\" decoding=\"async\" class=\" wp-image-2126 aligncenter\" src=\"http:\/\/blogsaverroes.juntadeandalucia.es\/iesbellavista\/files\/2015\/03\/lengua.jpg\" alt=\"lengua\" width=\"378\" height=\"252\" srcset=\"https:\/\/blogsaverroes.juntadeandalucia.es\/iesbellavista\/files\/2015\/03\/lengua.jpg 640w, https:\/\/blogsaverroes.juntadeandalucia.es\/iesbellavista\/files\/2015\/03\/lengua-300x200.jpg 300w\" sizes=\"(max-width: 378px) 100vw, 378px\" \/><\/a><\/p>\n<p style=\"text-align: justify\"><a href=\"https:\/\/iesbellavista.files.wordpress.com\/2015\/03\/fondos_titulos.pdf\"><img loading=\"lazy\" decoding=\"async\" class=\"alignnone size-full wp-image-122\" src=\"https:\/\/iesbellavista.files.wordpress.com\/2015\/03\/manitacursor11.png\" alt=\"0manitacursor1\" width=\"17\" height=\"14\"><\/a> Fondos de la biblioteca del IES Bellavista ordenado por <strong><span style=\"color: #0000ff\">t\u00edtulos<\/span><\/strong>.<\/p>\n<p style=\"text-align: justify\"><a href=\"https:\/\/iesbellavista.files.wordpress.com\/2015\/03\/fondos_autores.pdf\"><img loading=\"lazy\" decoding=\"async\" class=\"alignnone size-full wp-image-122\" src=\"https:\/\/iesbellavista.files.wordpress.com\/2015\/03\/manitacursor11.png\" alt=\"0manitacursor1\" width=\"17\" height=\"14\"><\/a> Fondos de la biblioteca del IES Bellavista ordenado por <strong><span style=\"color: #0000ff\">autores<\/span><\/strong>.<\/p>\n<p style=\"text-align: justify\"><a href=\"https:\/\/iesbellavista.files.wordpress.com\/2015\/03\/fondos_recomendados.pdf\"><img loading=\"lazy\" decoding=\"async\" class=\"alignnone size-full wp-image-122\" src=\"https:\/\/iesbellavista.files.wordpress.com\/2015\/03\/manitacursor11.png\" alt=\"0manitacursor1\" width=\"17\" height=\"14\"><\/a> Nuestras <strong><span style=\"color: #0000ff\">lecturas recomendadas<\/span><\/strong><span style=\"color: #000000\">.<\/span><\/p>\n<p style=\"text-align: justify\">El IES Bellavista, en pro de fomentar el inestimable h\u00e1bito de la lectura, pone los fondos de su biblioteca a disposici\u00f3n de toda la comunidad educativa (alumnos, padres y trabajadores del centro).<\/p>\n<p style=\"text-align: justify\">Si eres padre\/madre de alumno del IES Bellavista y quieres acceder a pr\u00e9stamos de libros, cumplimenta la&nbsp;<a href=\"https:\/\/iesbellavista.files.wordpress.com\/2015\/03\/solicitud_tarjeta_lector.pdf\">solicitud de tarjeta de lector<\/a> y entr\u00e9gala en la biblioteca del centro acompa\u00f1ada de una fotograf\u00eda tama\u00f1o carnet.<\/p>\n<p style=\"text-align: justify\">Una vez que dispongas de tu tarjeta de lector, puedes solicitar el pr\u00e9stamo de libros y autorizar a tu propio hijo\/a para recogerlos portando tu tarjeta y la <a href=\"https:\/\/iesbellavista.files.wordpress.com\/2015\/03\/solicitud_prestamo_y_autorizacion.pdf\">solicitud de pr\u00e9stamo y autorizaci\u00f3n<\/a> cumplimentada.<\/p>\n<p style=\"text-align: justify\">Las <strong><span style=\"color: #0000ff\">normas<\/span><\/strong> a que est\u00e1n sujetos los pr\u00e9stamos son las siguientes:<\/p>\n<ul style=\"text-align: justify\">\n<li>S\u00f3lo se podr\u00e1n tener en pr\u00e9stamo un m\u00e1ximo de <strong>dos libros<\/strong> simult\u00e1neamente, siendo necesaria la devoluci\u00f3n de alguno de ellos antes de solicitar un nuevo libro.<\/li>\n<li>Los pr\u00e9stamos tendr\u00e1n una duraci\u00f3n de <strong>20 d\u00edas naturales<\/strong>, pudiendo solicitarse sucesivas <strong>pr\u00f3rrogas<\/strong> por el mismo periodo presentando el libro en la biblioteca. En todo caso, el n\u00famero de pr\u00f3rrogas que puedan aceptarse depender\u00e1 de la demanda del libro en cuesti\u00f3n por otros usuarios y del n\u00famero de ejemplares disponibles.<\/li>\n<li>Durante las vacaciones de verano, la duraci\u00f3n de los pr\u00e9stamos se extender\u00e1 al periodo vacacional y el n\u00famero de libros que puede solicitarse variar\u00e1, estando sujeto \u00e9ste \u00faltimo a la demanda de los libros en cuesti\u00f3n y al n\u00famero de ejemplares disponibles. Queda a criterio de los gestores de la biblioteca establecer en qu\u00e9 casos podr\u00e1n solicitarse m\u00e1s libros.<\/li>\n<li>El retraso en las devoluciones podr\u00e1 suponer la p\u00e9rdida de la condici\u00f3n de lector y, con ello, la del derecho al pr\u00e9stamo de libros.<\/li>\n<li>En el caso de extrav\u00edo de un libro prestado, el lector asume la obligaci\u00f3n de reponer otro ejemplar del mismo, de iguales o similares caracter\u00edsticas, o de abonar el coste del libro.<\/li>\n<\/ul>\n<p style=\"text-align: justify\">Desde el IES Bellavista os animamos a que disfrut\u00e9is del apasionante placer de la lectura, y a que, con vuestro ejemplo, inculqu\u00e9is en vuestros hijos\/as este maravilloso h\u00e1bito que les proporcionar\u00e1 innumerables momentos de disfrute a lo largo de sus vidas, mejorar\u00e1 su nivel cultural, su capacidad de comunicaci\u00f3n y de reflexi\u00f3n cr\u00edtica y otros incontables beneficios.<\/p>\n","protected":false},"excerpt":{"rendered":"<p>Fondos de la biblioteca del IES Bellavista ordenado por t\u00edtulos. Fondos de la biblioteca del IES Bellavista ordenado por autores. Nuestras lecturas recomendadas. El IES Bellavista, en pro de fomentar el inestimable h\u00e1bito de&#46;&#46;&#46;<\/p>\n","protected":false},"author":1,"featured_media":0,"parent":0,"menu_order":0,"comment_status":"open","ping_status":"open","template":"","meta":{"ngg_post_thumbnail":0,"footnotes":"","_mc_calendar":[]},"aioseo_notices":[],"_links":{"self":[{"href":"https:\/\/blogsaverroes.juntadeandalucia.es\/iesbellavista\/wp-json\/wp\/v2\/pages\/200"}],"collection":[{"href":"https:\/\/blogsaverroes.juntadeandalucia.es\/iesbellavista\/wp-json\/wp\/v2\/pages"}],"about":[{"href":"https:\/\/blogsaverroes.juntadeandalucia.es\/iesbellavista\/wp-json\/wp\/v2\/types\/page"}],"author":[{"embeddable":true,"href":"https:\/\/blogsaverroes.juntadeandalucia.es\/iesbellavista\/wp-json\/wp\/v2\/users\/1"}],"replies":[{"embeddable":true,"href":"https:\/\/blogsaverroes.juntadeandalucia.es\/iesbellavista\/wp-json\/wp\/v2\/comments?post=200"}],"version-history":[{"count":6,"href":"https:\/\/blogsaverroes.juntadeandalucia.es\/iesbellavista\/wp-json\/wp\/v2\/pages\/200\/revisions"}],"predecessor-version":[{"id":9775,"href":"https:\/\/blogsaverroes.juntadeandalucia.es\/iesbellavista\/wp-json\/wp\/v2\/pages\/200\/revisions\/9775"}],"wp:attachment":[{"href":"https:\/\/blogsaverroes.juntadeandalucia.es\/iesbellavista\/wp-json\/wp\/v2\/media?parent=200"}],"curies":[{"name":"wp","href":"https:\/\/api.w.org\/{rel}","templated":true}]}}