{"id":4716,"date":"2016-05-20T10:09:31","date_gmt":"2016-05-20T08:09:31","guid":{"rendered":"http:\/\/blogsaverroes.juntadeandalucia.es\/iesbellavista\/?page_id=4716"},"modified":"2025-04-07T10:30:56","modified_gmt":"2025-04-07T08:30:56","slug":"selectividad","status":"publish","type":"page","link":"https:\/\/blogsaverroes.juntadeandalucia.es\/iesbellavista\/selectividad\/","title":{"rendered":"PRUEBAS ACCESO A LA UNIVERSIDAD"},"content":{"rendered":"<h2><a href=\"https:\/\/blogsaverroes.juntadeandalucia.es\/iesbellavista\/files\/2018\/05\/PEvAU1718.jpg\"><img loading=\"lazy\" decoding=\"async\" class=\"aligncenter wp-image-8008\" src=\"https:\/\/blogsaverroes.juntadeandalucia.es\/iesbellavista\/files\/2018\/05\/PEvAU1718.jpg\" alt=\"\" width=\"452\" height=\"232\" srcset=\"https:\/\/blogsaverroes.juntadeandalucia.es\/iesbellavista\/files\/2018\/05\/PEvAU1718.jpg 1024w, https:\/\/blogsaverroes.juntadeandalucia.es\/iesbellavista\/files\/2018\/05\/PEvAU1718-300x154.jpg 300w, https:\/\/blogsaverroes.juntadeandalucia.es\/iesbellavista\/files\/2018\/05\/PEvAU1718-768x395.jpg 768w, https:\/\/blogsaverroes.juntadeandalucia.es\/iesbellavista\/files\/2018\/05\/PEvAU1718-24x12.jpg 24w, https:\/\/blogsaverroes.juntadeandalucia.es\/iesbellavista\/files\/2018\/05\/PEvAU1718-36x18.jpg 36w, https:\/\/blogsaverroes.juntadeandalucia.es\/iesbellavista\/files\/2018\/05\/PEvAU1718-48x25.jpg 48w\" sizes=\"(max-width: 452px) 100vw, 452px\" \/><\/a><\/h2>\n<h2><\/h2>\n<h2><span style=\"color: #993366\"><strong>CURSO 2024\/25<\/strong><\/span><\/h2>\n<p><span style=\"color: #000000\"><a href=\"http:\/\/estudiantes.us.es\/sites\/default\/files\/ficheros\/file\/Prueba_de_Acceso\/2018\/instrucciones%20matricula%20PEvAU_2018.pdf\"><img loading=\"lazy\" decoding=\"async\" class=\"alignnone wp-image-122\" src=\"https:\/\/iesbellavista.files.wordpress.com\/2015\/03\/manitacursor11.png\" alt=\"0manitacursor1\" width=\"17\" height=\"14\" \/><\/a><\/span> <span style=\"color: #000000\"><strong>Instrucciones<\/strong> para realizar la matr\u00edcula del curso 2024-25<br \/>\n<\/span><\/p>\n<p style=\"text-align: justify\"><span style=\"color: #000000\"><a href=\"http:\/\/estudiantes.us.es\/sites\/default\/files\/ficheros\/file\/Prueba_de_Acceso\/2018\/PEVAU_FORMULARIO_MATRICULA%20-%20clausula%20proteccion%20datos.pdf\"><img loading=\"lazy\" decoding=\"async\" class=\"alignnone wp-image-122\" src=\"https:\/\/iesbellavista.files.wordpress.com\/2015\/03\/manitacursor11.png\" alt=\"0manitacursor1\" width=\"17\" height=\"14\" \/><\/a><\/span> <strong><span style=\"color: #000000\">Impreso de matriculaci\u00f3n rellenable<\/span><\/strong> (para que los campos del documento puedan rellenarse en ordenador, una vez abierto el documento debes descargarlo en tu ordenador y despu\u00e9s abrirlo, para lo que tienes que tener instalado un lector de archivos pdf, como Adobe Reader).<\/p>\n<p style=\"text-align: justify\"><strong><span style=\"color: #9c0808\">PLAZO DE PRESENTACI\u00d3N DEL IMPRESO DE MATR\u00cdCULA<\/span><\/strong><\/p>\n<p style=\"text-align: justify\">Los plazos para la matr\u00edcula en la P.A.U. ser\u00e1n:<\/p>\n<ul>\n<li style=\"text-align: justify\"><span style=\"color: #0000ff\">Convocatoria Ordinaria<\/span> (junio): <strong>Del 5 al 26 de mayo de 2025<\/strong>\u00a0(ambos inclusive).<\/li>\n<li style=\"text-align: justify\"><span style=\"color: #0000ff\">Convocatoria Extraordinaria<\/span> (julio): <strong>Del 12 al 23 de junio de 2025<\/strong>\u00a0(ambos inclusive)<\/li>\n<\/ul>\n<p style=\"text-align: justify\"><strong><span style=\"text-decoration: underline\">No se aceptar\u00e1n inscripciones fuera del plazo establecido<\/span><\/strong>.<\/p>\n<p style=\"text-align: justify\">No obstante, se abrir\u00e1 un <span style=\"color: #0000ff\">plazo extraordinario<\/span> desde el 2 al 31 de mayo de 2018 para aquellos estudiantes que deseen repetir la Prueba de Acceso y\/o Admisi\u00f3n) con objeto de mejorar su calificaci\u00f3n, ya se presenten a repetir toda la Prueba, como s\u00f3lo a la Fase de Acceso o Admisi\u00f3n. Los estudiantes que se presenten a subir nota, deber\u00e1n entregar el impreso una vez abonado los importes, en el Pabell\u00f3n de Brasil (Paseo de las Delicias, s\/n) en las fechas indicadas.<\/p>\n<p><strong><span style=\"color: #9c0808\">LUGAR DE PRESENTACI\u00d3N DEL IMPRESO DE MATR\u00cdCULA<\/span><\/strong><\/p>\n<p style=\"text-align: justify\">El impreso de matr\u00edcula, una vez relleno e impreso por triplicado, se llevar\u00e1 a una <span style=\"color: #0000ff\">oficina del Banco de Santander<\/span> para abonar las tasas. La entidad bancaria se quedar\u00e1 con una de las copias y devolver\u00e1 las otras dos. Una de ellas ser\u00e1 para el interesado y la otra debe ser entregada en el <span style=\"color: #0000ff\">Centro educativo<\/span>\u00a0 en los plazos indicados.<\/p>\n<p><strong><span style=\"color: #9c0808\">DOCUMENTACI\u00d3N A PRESENTAR<\/span><\/strong><\/p>\n<p>Junto a una de las copias del impreso de matr\u00edcula, se presentar\u00e1 en el Centro educativo:<\/p>\n<ul>\n<li style=\"text-align: justify\">En todos los casos, una fotocopia del DNI.<\/li>\n<li style=\"text-align: justify\">Las personas con derecho a deducci\u00f3n en las tasas por Familia Numerosa o Discapacidad que hayan dado su autorizaci\u00f3n expresa para la comprobaci\u00f3n telem\u00e1tica en la Consejer\u00eda correspondiente no tendr\u00e1n que aportar la documentaci\u00f3n justificativa. En el caso de que no se pudieran comprobar los datos telem\u00e1ticamente se les requerir\u00e1 aportar los certificados correspondientes por parte de la Universidad.<\/li>\n<\/ul>\n<p><span style=\"color: #a10d0d\"><strong>TASAS<\/strong><\/span><\/p>\n<p><a href=\"https:\/\/blogsaverroes.juntadeandalucia.es\/iesbellavista\/files\/2018\/05\/pau.jpg\"><img loading=\"lazy\" decoding=\"async\" class=\"aligncenter size-full wp-image-8002\" src=\"https:\/\/blogsaverroes.juntadeandalucia.es\/iesbellavista\/files\/2018\/05\/pau.jpg\" alt=\"\" width=\"705\" height=\"297\" srcset=\"https:\/\/blogsaverroes.juntadeandalucia.es\/iesbellavista\/files\/2018\/05\/pau.jpg 705w, https:\/\/blogsaverroes.juntadeandalucia.es\/iesbellavista\/files\/2018\/05\/pau-300x126.jpg 300w, https:\/\/blogsaverroes.juntadeandalucia.es\/iesbellavista\/files\/2018\/05\/pau-24x10.jpg 24w, https:\/\/blogsaverroes.juntadeandalucia.es\/iesbellavista\/files\/2018\/05\/pau-36x15.jpg 36w, https:\/\/blogsaverroes.juntadeandalucia.es\/iesbellavista\/files\/2018\/05\/pau-48x20.jpg 48w\" sizes=\"(max-width: 705px) 100vw, 705px\" \/><\/a><\/p>\n<p style=\"text-align: justify\"><strong><span style=\"color: #9c0808\">CALENDARIO CURSO 2017-18<br \/>\n<\/span><\/strong><\/p>\n<p style=\"text-align: justify;padding-left: 30px\"><span style=\"color: #0000ff\">CONVOCATORIA ORDINARIA:<\/span><\/p>\n<ul>\n<li>Matriculaci\u00f3n: 1 al 5 de junio.<\/li>\n<li>Celebraci\u00f3n de las pruebas: 12, 13 y 14 de junio.<\/li>\n<li>Publicaci\u00f3n de Actas provisionales de calificaci\u00f3n: 21 de junio.<\/li>\n<li>Plazo solicitud de Revisi\u00f3n: 23, 25 y 26 de junio.<\/li>\n<li>Notificaci\u00f3n de calificaciones: 4 de julio.<\/li>\n<\/ul>\n<p style=\"padding-left: 30px\"><span style=\"color: #0000ff\">CONVOCATORIA EXTRAORDINARIA:<\/span><\/p>\n<ul>\n<li>Matriculaci\u00f3n: 1 al 6 de septiembre.<\/li>\n<li>Celebraci\u00f3n de las pruebas: 11, 12 y 13 de septiembre.<\/li>\n<li>Publicaci\u00f3n de Actas provisionales de calificaci\u00f3n: 20 de septiembre.<\/li>\n<li>Plazo de solicitud de Revisi\u00f3n: 21, 24 y 25 de septiembre.<\/li>\n<li>Notificaci\u00f3n de calificaciones: 2 de octubre.<\/li>\n<\/ul>\n<p><span style=\"color: #800000\"><strong>LUGAR DE CELEBRACI\u00d3N DE LAS PRUEBAS CURSO 2017-18<\/strong><\/span><\/p>\n<ul>\n<li style=\"text-align: justify\">Al I.E.S. Bellavista le corresponde la Sede 3: FACULTAD DE MATEM\u00c1TICAS, en C\/ Tarfia, s\/n (Reina Mercedes), Aulas: 01, 02, 03, 04, 05, 06.<\/li>\n<li style=\"text-align: justify\">La sede correspondiente al alumnado ANEAE (Alumnos con Necesidad Espec\u00edfica de Apoyo Educativo) le corresponde la sede 1.1: E.T.S. DE INGENIER\u00cdA INFORM\u00c1TICA (Edificio Blanco), Avda. Reina Mercedes, s\/n<\/li>\n<\/ul>\n","protected":false},"excerpt":{"rendered":"<p>CURSO 2024\/25 Instrucciones para realizar la matr\u00edcula del curso 2024-25 Impreso de matriculaci\u00f3n rellenable (para que los campos del documento puedan rellenarse en ordenador, una vez abierto el documento debes descargarlo en tu ordenador&#46;&#46;&#46;<\/p>\n","protected":false},"author":1963,"featured_media":0,"parent":0,"menu_order":0,"comment_status":"closed","ping_status":"closed","template":"","meta":{"ngg_post_thumbnail":0,"footnotes":"","_mc_calendar":[]},"aioseo_notices":[],"_links":{"self":[{"href":"https:\/\/blogsaverroes.juntadeandalucia.es\/iesbellavista\/wp-json\/wp\/v2\/pages\/4716"}],"collection":[{"href":"https:\/\/blogsaverroes.juntadeandalucia.es\/iesbellavista\/wp-json\/wp\/v2\/pages"}],"about":[{"href":"https:\/\/blogsaverroes.juntadeandalucia.es\/iesbellavista\/wp-json\/wp\/v2\/types\/page"}],"author":[{"embeddable":true,"href":"https:\/\/blogsaverroes.juntadeandalucia.es\/iesbellavista\/wp-json\/wp\/v2\/users\/1963"}],"replies":[{"embeddable":true,"href":"https:\/\/blogsaverroes.juntadeandalucia.es\/iesbellavista\/wp-json\/wp\/v2\/comments?post=4716"}],"version-history":[{"count":21,"href":"https:\/\/blogsaverroes.juntadeandalucia.es\/iesbellavista\/wp-json\/wp\/v2\/pages\/4716\/revisions"}],"predecessor-version":[{"id":10955,"href":"https:\/\/blogsaverroes.juntadeandalucia.es\/iesbellavista\/wp-json\/wp\/v2\/pages\/4716\/revisions\/10955"}],"wp:attachment":[{"href":"https:\/\/blogsaverroes.juntadeandalucia.es\/iesbellavista\/wp-json\/wp\/v2\/media?parent=4716"}],"curies":[{"name":"wp","href":"https:\/\/api.w.org\/{rel}","templated":true}]}}