{"id":5232,"date":"2016-09-21T20:45:43","date_gmt":"2016-09-21T18:45:43","guid":{"rendered":"http:\/\/blogsaverroes.juntadeandalucia.es\/iesbellavista\/?page_id=5232"},"modified":"2022-05-28T14:24:42","modified_gmt":"2022-05-28T12:24:42","slug":"dibujo-tecnico","status":"publish","type":"page","link":"https:\/\/blogsaverroes.juntadeandalucia.es\/iesbellavista\/dibujo-tecnico\/","title":{"rendered":"Dibujo T\u00e9cnico"},"content":{"rendered":"<h3><span style=\"color: #000080\">DIBUJO T\u00c9CNICO BACHILLERATO<\/span><\/h3>\n<ul>\n<li><a href=\"https:\/\/blogsaverroes.juntadeandalucia.es\/iesbellavista\/files\/2017\/01\/1-Introducci\u00f3n-hist\u00f3rica.pdf\">Introducci\u00f3n hist\u00f3rica<\/a><\/li>\n<li><a href=\"https:\/\/blogsaverroes.juntadeandalucia.es\/iesbellavista\/files\/2017\/01\/2-Instrumentos-y-normas-b\u00e1sicas.pdf\">Instrumentos y normas b\u00e1sicas<\/a><\/li>\n<li><a href=\"https:\/\/blogsaverroes.juntadeandalucia.es\/iesbellavista\/files\/2016\/09\/3-Lugares-geom\u00e9tricos-b\u00e1sicos.pdf\">Lugares geom\u00e9tricos b\u00e1sicos<\/a><\/li>\n<li><a href=\"https:\/\/blogsaverroes.juntadeandalucia.es\/iesbellavista\/files\/2016\/09\/4-Perpendicularidad-y-paralelismo.pdf\">Perpendicularidad y paralelismo<\/a><\/li>\n<li><a href=\"https:\/\/blogsaverroes.juntadeandalucia.es\/iesbellavista\/files\/2016\/09\/5-Segmentos-y-\u00c1ngulos.pdf\">Segmentos y \u00e1ngulos<\/a><\/li>\n<li><a href=\"https:\/\/blogsaverroes.juntadeandalucia.es\/iesbellavista\/files\/2016\/10\/6-Tri\u00e1ngulos1.pdf\">Tri\u00e1ngulos<\/a><\/li>\n<li><a href=\"https:\/\/blogsaverroes.juntadeandalucia.es\/iesbellavista\/files\/2016\/10\/7-Cuadril\u00e1teros.pdf\">Cuadril\u00e1teros<\/a><\/li>\n<li><a href=\"https:\/\/blogsaverroes.juntadeandalucia.es\/iesbellavista\/files\/2016\/10\/8-Pol\u00edgonos.pdf\">Pol\u00edgonos<\/a><\/li>\n<li><a href=\"https:\/\/blogsaverroes.juntadeandalucia.es\/iesbellavista\/files\/2016\/11\/9-Relaciones-geom\u00e9tricas.pdf\">Relaciones geom\u00e9tricas<\/a><\/li>\n<li><a href=\"https:\/\/blogsaverroes.juntadeandalucia.es\/iesbellavista\/files\/2017\/09\/10-Tangencias.pdf\">Tangencias y enlaces simples<\/a><\/li>\n<li><a href=\"https:\/\/blogsaverroes.juntadeandalucia.es\/iesbellavista\/files\/2022\/05\/10b-Tangencias-por-potencia-y-eje-radical-n.pdf\">Tangencias usando potencia y eje radical<\/a><\/li>\n<li><a href=\"https:\/\/blogsaverroes.juntadeandalucia.es\/iesbellavista\/files\/2017\/03\/10c-Tangencias-por-inversi\u00f3n.pdf\">Tangencias usando inversi\u00f3n<\/a><\/li>\n<li><a href=\"https:\/\/blogsaverroes.juntadeandalucia.es\/iesbellavista\/files\/2016\/12\/11-Curvas-t\u00e9cnicas.pdf\">Curvas t\u00e9cnicas<\/a><\/li>\n<li><a href=\"https:\/\/blogsaverroes.juntadeandalucia.es\/iesbellavista\/files\/2017\/02\/12-Curvas-c\u00f3nicas.pdf\">Curvas c\u00f3nicas<\/a><\/li>\n<li><a href=\"https:\/\/blogsaverroes.juntadeandalucia.es\/iesbellavista\/files\/2017\/02\/13-Homolog\u00eda-y-afinidad.pdf\">Homolog\u00eda y afinidad<\/a><\/li>\n<li><a href=\"https:\/\/blogsaverroes.juntadeandalucia.es\/iesbellavista\/files\/2017\/01\/20-Geometr\u00eda-descriptiva.-Sistemas-de-representaci\u00f3n.pdf\">Geometr\u00eda descriptiva. Sistemas de representaci\u00f3n<\/a><\/li>\n<li><a href=\"https:\/\/blogsaverroes.juntadeandalucia.es\/iesbellavista\/files\/2017\/01\/21-Sistema-di\u00e9drico.-Fundamentos.pdf\">Sistema di\u00e9drico. Fundamentos<\/a><\/li>\n<li><a href=\"https:\/\/blogsaverroes.juntadeandalucia.es\/iesbellavista\/files\/2017\/02\/22-Sistema-di\u00e9drico.-Intersecciones.pdf\">Sistema di\u00e9drico. Intersecciones<\/a><\/li>\n<li><a href=\"https:\/\/blogsaverroes.juntadeandalucia.es\/iesbellavista\/files\/2017\/03\/25-Sistema-di\u00e9drico.-Paralelismo-y-perpendicularidad.pdf\">Sistema di\u00e9drico. Paralelismo y perpendicularidad<\/a><\/li>\n<li><a href=\"https:\/\/blogsaverroes.juntadeandalucia.es\/iesbellavista\/files\/2017\/03\/24-Sistema-di\u00e9drico-M\u00e9todos-operativos.pdf\">Sistema di\u00e9drico. M\u00e9todos operativos<\/a><\/li>\n<li><a href=\"https:\/\/blogsaverroes.juntadeandalucia.es\/iesbellavista\/files\/2017\/05\/51-Normalizaci\u00f3n-Vistas-cortes-secciones.pdf\">Normalizaci\u00f3n: vistas, cortes, secciones<\/a><\/li>\n<li><a href=\"https:\/\/blogsaverroes.juntadeandalucia.es\/iesbellavista\/files\/2017\/05\/52-Normalizaci\u00f3n-Acotaci\u00f3n.pdf\">Normalizaci\u00f3n: acotaci\u00f3n<\/a><\/li>\n<\/ul>\n","protected":false},"excerpt":{"rendered":"<p>DIBUJO T\u00c9CNICO BACHILLERATO Introducci\u00f3n hist\u00f3rica Instrumentos y normas b\u00e1sicas Lugares geom\u00e9tricos b\u00e1sicos Perpendicularidad y paralelismo Segmentos y \u00e1ngulos Tri\u00e1ngulos Cuadril\u00e1teros Pol\u00edgonos Relaciones geom\u00e9tricas Tangencias y enlaces simples Tangencias usando potencia y eje radical Tangencias&#46;&#46;&#46;<\/p>\n","protected":false},"author":1963,"featured_media":0,"parent":0,"menu_order":0,"comment_status":"closed","ping_status":"closed","template":"","meta":{"ngg_post_thumbnail":0,"footnotes":"","_mc_calendar":[]},"aioseo_notices":[],"_links":{"self":[{"href":"https:\/\/blogsaverroes.juntadeandalucia.es\/iesbellavista\/wp-json\/wp\/v2\/pages\/5232"}],"collection":[{"href":"https:\/\/blogsaverroes.juntadeandalucia.es\/iesbellavista\/wp-json\/wp\/v2\/pages"}],"about":[{"href":"https:\/\/blogsaverroes.juntadeandalucia.es\/iesbellavista\/wp-json\/wp\/v2\/types\/page"}],"author":[{"embeddable":true,"href":"https:\/\/blogsaverroes.juntadeandalucia.es\/iesbellavista\/wp-json\/wp\/v2\/users\/1963"}],"replies":[{"embeddable":true,"href":"https:\/\/blogsaverroes.juntadeandalucia.es\/iesbellavista\/wp-json\/wp\/v2\/comments?post=5232"}],"version-history":[{"count":30,"href":"https:\/\/blogsaverroes.juntadeandalucia.es\/iesbellavista\/wp-json\/wp\/v2\/pages\/5232\/revisions"}],"predecessor-version":[{"id":10425,"href":"https:\/\/blogsaverroes.juntadeandalucia.es\/iesbellavista\/wp-json\/wp\/v2\/pages\/5232\/revisions\/10425"}],"wp:attachment":[{"href":"https:\/\/blogsaverroes.juntadeandalucia.es\/iesbellavista\/wp-json\/wp\/v2\/media?parent=5232"}],"curies":[{"name":"wp","href":"https:\/\/api.w.org\/{rel}","templated":true}]}}