{"id":6311,"date":"2017-04-01T18:36:32","date_gmt":"2017-04-01T16:36:32","guid":{"rendered":"http:\/\/blogsaverroes.juntadeandalucia.es\/iesbellavista\/?page_id=6311"},"modified":"2025-03-12T17:24:33","modified_gmt":"2025-03-12T16:24:33","slug":"nuestras-referencias","status":"publish","type":"page","link":"https:\/\/blogsaverroes.juntadeandalucia.es\/iesbellavista\/nuestras-referencias\/","title":{"rendered":"Nuestras referencias"},"content":{"rendered":"<p style=\"text-align: justify\">En esta secci\u00f3n os invitamos a conocer las referencias que dan de nuestro centro algunos de nuestros antiguos alumnos y tambi\u00e9n de alumnos actuales, muchos de los cuales te resultar\u00e1n conocidos. Si eres antiguo alumno del IES Bellavista y quieres expresar tu opini\u00f3n, m\u00e1ndanos tu v\u00eddeo. Si no eres alumno nuestro y est\u00e1s pensando en qu\u00e9 centro realizar tus estudios, en el IES Bellavista tienes las puertas abiertas.<\/p>\n<p style=\"text-align: center\">\u00a1Te esperamos!<\/p>\n<p style=\"text-align: center\">https:\/\/www.youtube.com\/watch?v=nK6bezL4k5I<br \/>\n<iframe loading=\"lazy\" title=\"As\u00ed veo yo al IES Bellavista 2\" width=\"500\" height=\"281\" src=\"https:\/\/www.youtube.com\/embed\/3qOuv6WFtmA?feature=oembed&#038;wmode=opaque\" frameborder=\"0\" allow=\"accelerometer; autoplay; clipboard-write; encrypted-media; gyroscope; picture-in-picture; web-share\" referrerpolicy=\"strict-origin-when-cross-origin\" allowfullscreen><\/iframe><br \/>\n<iframe loading=\"lazy\" title=\"As\u00ed veo yo al IES Bellavista 3\" width=\"500\" height=\"281\" src=\"https:\/\/www.youtube.com\/embed\/OFLEMVF79RA?feature=oembed&#038;wmode=opaque\" frameborder=\"0\" allow=\"accelerometer; autoplay; clipboard-write; encrypted-media; gyroscope; picture-in-picture; web-share\" referrerpolicy=\"strict-origin-when-cross-origin\" allowfullscreen><\/iframe><br \/>\n<iframe loading=\"lazy\" title=\"As\u00ed veo yo al IES Bellavista 4\" width=\"500\" height=\"281\" src=\"https:\/\/www.youtube.com\/embed\/O3WP99oBKh8?feature=oembed&#038;wmode=opaque\" frameborder=\"0\" allow=\"accelerometer; autoplay; clipboard-write; encrypted-media; gyroscope; picture-in-picture; web-share\" referrerpolicy=\"strict-origin-when-cross-origin\" allowfullscreen><\/iframe><br \/>\n<iframe loading=\"lazy\" title=\"As\u00ed veo yo al IES Bellavista 5\" width=\"500\" height=\"281\" src=\"https:\/\/www.youtube.com\/embed\/nllnYfyT_tY?feature=oembed&#038;wmode=opaque\" frameborder=\"0\" allow=\"accelerometer; autoplay; clipboard-write; encrypted-media; gyroscope; picture-in-picture; web-share\" referrerpolicy=\"strict-origin-when-cross-origin\" allowfullscreen><\/iframe><br \/>\n<iframe loading=\"lazy\" title=\"As\u00ed veo yo al IES Bellavista 6\" width=\"500\" height=\"281\" src=\"https:\/\/www.youtube.com\/embed\/L8rZUKI9ei8?feature=oembed&#038;wmode=opaque\" frameborder=\"0\" allow=\"accelerometer; autoplay; clipboard-write; encrypted-media; gyroscope; picture-in-picture; web-share\" referrerpolicy=\"strict-origin-when-cross-origin\" allowfullscreen><\/iframe><br \/>\n<iframe loading=\"lazy\" title=\"As\u00ed veo yo al IES Bellavista 7\" width=\"500\" height=\"281\" src=\"https:\/\/www.youtube.com\/embed\/Bsyl_ajEwl4?feature=oembed&#038;wmode=opaque\" frameborder=\"0\" allow=\"accelerometer; autoplay; clipboard-write; encrypted-media; gyroscope; picture-in-picture; web-share\" referrerpolicy=\"strict-origin-when-cross-origin\" allowfullscreen><\/iframe><br \/>\n<iframe loading=\"lazy\" title=\"As\u00ed veo yo al IES Bellavista 8\" width=\"500\" height=\"281\" src=\"https:\/\/www.youtube.com\/embed\/mDDwstt5td4?feature=oembed&#038;wmode=opaque\" frameborder=\"0\" allow=\"accelerometer; autoplay; clipboard-write; encrypted-media; gyroscope; picture-in-picture; web-share\" referrerpolicy=\"strict-origin-when-cross-origin\" allowfullscreen><\/iframe><br \/>\n&nbsp;<\/p>\n","protected":false},"excerpt":{"rendered":"<p>En esta secci\u00f3n os invitamos a conocer las referencias que dan de nuestro centro algunos de nuestros antiguos alumnos y tambi\u00e9n de alumnos actuales, muchos de los cuales te resultar\u00e1n conocidos. Si eres antiguo&#46;&#46;&#46;<\/p>\n","protected":false},"author":1963,"featured_media":0,"parent":0,"menu_order":0,"comment_status":"closed","ping_status":"closed","template":"","meta":{"ngg_post_thumbnail":0,"footnotes":"","_mc_calendar":[]},"aioseo_notices":[],"_links":{"self":[{"href":"https:\/\/blogsaverroes.juntadeandalucia.es\/iesbellavista\/wp-json\/wp\/v2\/pages\/6311"}],"collection":[{"href":"https:\/\/blogsaverroes.juntadeandalucia.es\/iesbellavista\/wp-json\/wp\/v2\/pages"}],"about":[{"href":"https:\/\/blogsaverroes.juntadeandalucia.es\/iesbellavista\/wp-json\/wp\/v2\/types\/page"}],"author":[{"embeddable":true,"href":"https:\/\/blogsaverroes.juntadeandalucia.es\/iesbellavista\/wp-json\/wp\/v2\/users\/1963"}],"replies":[{"embeddable":true,"href":"https:\/\/blogsaverroes.juntadeandalucia.es\/iesbellavista\/wp-json\/wp\/v2\/comments?post=6311"}],"version-history":[{"count":6,"href":"https:\/\/blogsaverroes.juntadeandalucia.es\/iesbellavista\/wp-json\/wp\/v2\/pages\/6311\/revisions"}],"predecessor-version":[{"id":10930,"href":"https:\/\/blogsaverroes.juntadeandalucia.es\/iesbellavista\/wp-json\/wp\/v2\/pages\/6311\/revisions\/10930"}],"wp:attachment":[{"href":"https:\/\/blogsaverroes.juntadeandalucia.es\/iesbellavista\/wp-json\/wp\/v2\/media?parent=6311"}],"curies":[{"name":"wp","href":"https:\/\/api.w.org\/{rel}","templated":true}]}}