{"id":295,"date":"2020-01-23T11:42:26","date_gmt":"2020-01-23T10:42:26","guid":{"rendered":"http:\/\/blogsaverroes.juntadeandalucia.es\/pre\/nuevoiesv2\/?page_id=295"},"modified":"2026-03-26T12:15:56","modified_gmt":"2026-03-26T11:15:56","slug":"nuestra-historia","status":"publish","type":"page","link":"https:\/\/blogsaverroes.juntadeandalucia.es\/iesbenaljatib\/nuestra-historia\/","title":{"rendered":"T\u00edtulo de bachillerato"},"content":{"rendered":"<p>[et_pb_section fb_built=&#8221;1&#8243; _builder_version=&#8221;4.16&#8243; custom_padding=&#8221;0px||0px|&#8221; z_index_tablet=&#8221;500&#8243; box_shadow_horizontal_tablet=&#8221;0px&#8221; box_shadow_vertical_tablet=&#8221;0px&#8221; box_shadow_blur_tablet=&#8221;40px&#8221; box_shadow_spread_tablet=&#8221;0px&#8221; global_colors_info=&#8221;{}&#8221;][et_pb_row _builder_version=&#8221;4.24.2&#8243; width=&#8221;100%&#8221; max_width_tablet=&#8221;&#8221; max_width_phone=&#8221;82%&#8221; max_width_last_edited=&#8221;on|phone&#8221; min_height_tablet=&#8221;&#8221; min_height_phone=&#8221;100px&#8221; min_height_last_edited=&#8221;on|phone&#8221; height_tablet=&#8221;&#8221; height_phone=&#8221;&#8221; height_last_edited=&#8221;on|phone&#8221; custom_margin=&#8221;-10px|||&#8221; z_index_tablet=&#8221;500&#8243; box_shadow_horizontal_tablet=&#8221;0px&#8221; box_shadow_vertical_tablet=&#8221;0px&#8221; box_shadow_blur_tablet=&#8221;40px&#8221; box_shadow_spread_tablet=&#8221;0px&#8221; global_colors_info=&#8221;{}&#8221;][et_pb_column type=&#8221;4_4&#8243; _builder_version=&#8221;4.16&#8243; custom_padding=&#8221;|||&#8221; global_colors_info=&#8221;{}&#8221; custom_padding__hover=&#8221;|||&#8221;][et_pb_text admin_label=&#8221;Texto descriptivo&#8221; _builder_version=&#8221;4.24.2&#8243; header_2_font_size_tablet=&#8221;&#8221; header_2_font_size_phone=&#8221;23px&#8221; header_2_font_size_last_edited=&#8221;on|phone&#8221; z_index_tablet=&#8221;500&#8243; text_text_shadow_horizontal_length_tablet=&#8221;0px&#8221; text_text_shadow_vertical_length_tablet=&#8221;0px&#8221; text_text_shadow_blur_strength_tablet=&#8221;1px&#8221; link_text_shadow_horizontal_length_tablet=&#8221;0px&#8221; link_text_shadow_vertical_length_tablet=&#8221;0px&#8221; link_text_shadow_blur_strength_tablet=&#8221;1px&#8221; ul_text_shadow_horizontal_length_tablet=&#8221;0px&#8221; ul_text_shadow_vertical_length_tablet=&#8221;0px&#8221; ul_text_shadow_blur_strength_tablet=&#8221;1px&#8221; ol_text_shadow_horizontal_length_tablet=&#8221;0px&#8221; ol_text_shadow_vertical_length_tablet=&#8221;0px&#8221; ol_text_shadow_blur_strength_tablet=&#8221;1px&#8221; quote_text_shadow_horizontal_length_tablet=&#8221;0px&#8221; quote_text_shadow_vertical_length_tablet=&#8221;0px&#8221; quote_text_shadow_blur_strength_tablet=&#8221;1px&#8221; header_text_shadow_horizontal_length_tablet=&#8221;0px&#8221; header_text_shadow_vertical_length_tablet=&#8221;0px&#8221; header_text_shadow_blur_strength_tablet=&#8221;1px&#8221; header_2_text_shadow_horizontal_length_tablet=&#8221;0px&#8221; header_2_text_shadow_vertical_length_tablet=&#8221;0px&#8221; header_2_text_shadow_blur_strength_tablet=&#8221;1px&#8221; header_3_text_shadow_horizontal_length_tablet=&#8221;0px&#8221; header_3_text_shadow_vertical_length_tablet=&#8221;0px&#8221; header_3_text_shadow_blur_strength_tablet=&#8221;1px&#8221; header_4_text_shadow_horizontal_length_tablet=&#8221;0px&#8221; header_4_text_shadow_vertical_length_tablet=&#8221;0px&#8221; header_4_text_shadow_blur_strength_tablet=&#8221;1px&#8221; header_5_text_shadow_horizontal_length_tablet=&#8221;0px&#8221; header_5_text_shadow_vertical_length_tablet=&#8221;0px&#8221; header_5_text_shadow_blur_strength_tablet=&#8221;1px&#8221; header_6_text_shadow_horizontal_length_tablet=&#8221;0px&#8221; header_6_text_shadow_vertical_length_tablet=&#8221;0px&#8221; header_6_text_shadow_blur_strength_tablet=&#8221;1px&#8221; box_shadow_horizontal_tablet=&#8221;0px&#8221; box_shadow_vertical_tablet=&#8221;0px&#8221; box_shadow_blur_tablet=&#8221;40px&#8221; box_shadow_spread_tablet=&#8221;0px&#8221; inline_fonts=&#8221;Archivo Black&#8221; global_colors_info=&#8221;{}&#8221;]<\/p>\n<h2><span style=\"font-family: 'Archivo Black';color: #ce7100\"><strong>Solicitud del t\u00edtulo de Bachillerato<\/strong><\/span><\/h2>\n<p><span style=\"color: #000000\"><strong><span style=\"text-decoration: underline\"><\/span><\/strong><\/span><\/p>\n<p>[\/et_pb_text][et_pb_text _builder_version=&#8221;4.24.2&#8243; _module_preset=&#8221;default&#8221; text_line_height=&#8221;1.4em&#8221; ul_line_height=&#8221;2em&#8221; header_3_line_height=&#8221;1.8em&#8221; hover_enabled=&#8221;0&#8243; text_font_size_tablet=&#8221;&#8221; text_font_size_phone=&#8221;12px&#8221; text_font_size_last_edited=&#8221;on|phone&#8221; text_line_height_tablet=&#8221;1.4em&#8221; text_line_height_phone=&#8221;1.4em&#8221; text_line_height_last_edited=&#8221;on|phone&#8221; ul_line_height_tablet=&#8221;2em&#8221; ul_line_height_phone=&#8221;2.7em&#8221; ul_line_height_last_edited=&#8221;on|phone&#8221; header_3_font_size_tablet=&#8221;&#8221; header_3_font_size_phone=&#8221;22px&#8221; header_3_font_size_last_edited=&#8221;on|phone&#8221; global_colors_info=&#8221;{}&#8221; sticky_enabled=&#8221;0&#8243;]<\/p>\n<p>MODELO 046 Y SOLICITUD DE T\u00cdTULOS (A\u00d1O 2026)<\/p>\n<p>&nbsp;<\/p>\n<p>Pago de la tasa (modelo 046) Puedes consultar la ayuda que est\u00e1 disponible en la p\u00e1gina web:<\/p>\n<p><a href=\"https:\/\/www.juntadeandalucia.es\/temas\/administracion\/impuestos\/tramite.html\">https:\/\/www.juntadeandalucia.es\/temas\/administracion\/impuestos\/tramite.html<\/a><\/p>\n<p>El modelo 046 est\u00e1 disponible en la oficina virtual de la web de la Consejer\u00eda de Hacienda, Industria y Energ\u00eda de la Junta de Andaluc\u00eda:<\/p>\n<p><a href=\"https:\/\/www.juntadeandalucia.es\/economiayhacienda\/apl\/surweb\/modelos\/modelo046\/046.jsp\">https:\/\/www.juntadeandalucia.es\/economiayhacienda\/apl\/surweb\/modelos\/modelo046\/046.jsp<\/a><\/p>\n<p>Cumplimentar los datos del\/de la alumno\/a en el apartado \u201cobligado al pago\u201d.<\/p>\n<p>Apartado de \u201cdatos generales\u201d<\/p>\n<p>\u2714 Marcar la opci\u00f3n de autoliquidaci\u00f3n<\/p>\n<p>\u2714 Debajo de descripci\u00f3n escribir: Expedici\u00f3n del T\u00edtulo de Bachillerato LOMLOE (y la modalidad)<\/p>\n<p>\u2714 Fecha de devengo: el d\u00eda que lo cumplimentes<\/p>\n<p>\u2714 Total a ingresar:<\/p>\n<p><b>Tarifa normal: 58,33<\/b><\/p>\n<p><b>Familia numerosa: 29,16<\/b><\/p>\n<p><b>Famila numerosa especial: EXENTO<\/b><\/p>\n<p>\u2714 C\u00f3digo territorial: ED29H0 (en DENOMINACI\u00d3N saldr\u00e1 \u201cIES BEN AL JATIB\u201d)<\/p>\n<p>\u2714 Concepto de pago: 0049 (en DENOMINACI\u00d3N saldr\u00e1: TASA POR EXPEDICI\u00d3N DE T\u00cdTULOS ACAD\u00c9MICOS Y PROFESIONALES)<\/p>\n<p>No hay que cumplimentar liquidaci\u00f3n anexa ni responsable solidario. Al final hay que pulsar el bot\u00f3n validar.<\/p>\n<p>Efectuar el pago telem\u00e1tico o imprimir, firmar e ingresar en una entidad financiera.<\/p>\n<p><b>Solicitud del t\u00edtulo: <\/b>Una vez efectuado el pago tendr\u00e1s que entregar en la Secretar\u00eda del Centro el resguardo del pago (ejemplares para la administraci\u00f3n y ejemplar para el interesado) junto con la solicitud correspondiente, fotocopia del DNI o NIE y pasaporte y en su caso, original y fotocopia del t\u00edtulo o tarjeta de familia numerosa en vigor.<\/p>\n<p>Recuerda que una vez entregada o recibida la documentaci\u00f3n en la Secretar\u00eda, el t\u00edtulo se recibe en el centro a los 12 meses. Pasado ese tiempo hay que llamar al Instituto para ver si lo hemos recibido. Para recoger el t\u00edtulo hay que presentar el DNI<\/p>\n<p>[\/et_pb_text][\/et_pb_column][\/et_pb_row][\/et_pb_section]<\/p>\n","protected":false},"excerpt":{"rendered":"<p>Solicitud del t\u00edtulo de Bachillerato MODELO 046 Y SOLICITUD DE T\u00cdTULOS (A\u00d1O 2026) &nbsp; Pago de la tasa (modelo 046) Puedes consultar la ayuda que est\u00e1 disponible en la p\u00e1gina web: https:\/\/www.juntadeandalucia.es\/temas\/administracion\/impuestos\/tramite.html El modelo 046 est\u00e1 disponible en la oficina virtual de la web de la Consejer\u00eda de Hacienda, Industria y Energ\u00eda de la Junta [&hellip;]<\/p>\n","protected":false},"author":7051,"featured_media":0,"parent":0,"menu_order":0,"comment_status":"closed","ping_status":"closed","template":"","meta":{"_et_pb_use_builder":"on","_et_pb_old_content":"","_et_gb_content_width":"","ngg_post_thumbnail":0,"footnotes":""},"aioseo_notices":[],"_links":{"self":[{"href":"https:\/\/blogsaverroes.juntadeandalucia.es\/iesbenaljatib\/wp-json\/wp\/v2\/pages\/295"}],"collection":[{"href":"https:\/\/blogsaverroes.juntadeandalucia.es\/iesbenaljatib\/wp-json\/wp\/v2\/pages"}],"about":[{"href":"https:\/\/blogsaverroes.juntadeandalucia.es\/iesbenaljatib\/wp-json\/wp\/v2\/types\/page"}],"author":[{"embeddable":true,"href":"https:\/\/blogsaverroes.juntadeandalucia.es\/iesbenaljatib\/wp-json\/wp\/v2\/users\/7051"}],"replies":[{"embeddable":true,"href":"https:\/\/blogsaverroes.juntadeandalucia.es\/iesbenaljatib\/wp-json\/wp\/v2\/comments?post=295"}],"version-history":[{"count":9,"href":"https:\/\/blogsaverroes.juntadeandalucia.es\/iesbenaljatib\/wp-json\/wp\/v2\/pages\/295\/revisions"}],"predecessor-version":[{"id":2342,"href":"https:\/\/blogsaverroes.juntadeandalucia.es\/iesbenaljatib\/wp-json\/wp\/v2\/pages\/295\/revisions\/2342"}],"wp:attachment":[{"href":"https:\/\/blogsaverroes.juntadeandalucia.es\/iesbenaljatib\/wp-json\/wp\/v2\/media?parent=295"}],"curies":[{"name":"wp","href":"https:\/\/api.w.org\/{rel}","templated":true}]}}