{"id":507,"date":"2024-04-17T19:21:15","date_gmt":"2024-04-17T17:21:15","guid":{"rendered":"https:\/\/blogsaverroes.juntadeandalucia.es\/iesbenaljatib\/my-calendar\/"},"modified":"2025-12-13T01:19:09","modified_gmt":"2025-12-13T00:19:09","slug":"my-calendar","status":"publish","type":"page","link":"https:\/\/blogsaverroes.juntadeandalucia.es\/iesbenaljatib\/my-calendar\/","title":{"rendered":"My Calendar"},"content":{"rendered":"<p>[et_pb_section fb_built=&#8221;1&#8243; _builder_version=&#8221;4.16&#8243; custom_padding=&#8221;0px||0px|&#8221; z_index_tablet=&#8221;500&#8243; box_shadow_horizontal_tablet=&#8221;0px&#8221; box_shadow_vertical_tablet=&#8221;0px&#8221; box_shadow_blur_tablet=&#8221;40px&#8221; box_shadow_spread_tablet=&#8221;0px&#8221; global_colors_info=&#8221;{}&#8221;][et_pb_row _builder_version=&#8221;4.24.2&#8243; background_size=&#8221;initial&#8221; background_position=&#8221;top_left&#8221; background_repeat=&#8221;repeat&#8221; width=&#8221;93.1%&#8221; custom_padding=&#8221;|||12px||&#8221; global_colors_info=&#8221;{}&#8221;][et_pb_column type=&#8221;4_4&#8243; _builder_version=&#8221;4.16&#8243; custom_padding=&#8221;|||&#8221; global_colors_info=&#8221;{}&#8221; custom_padding__hover=&#8221;|||&#8221;][et_pb_text admin_label=&#8221;Texto descriptivo&#8221; _builder_version=&#8221;4.24.2&#8243; hover_enabled=&#8221;0&#8243; z_index_tablet=&#8221;500&#8243; text_text_shadow_horizontal_length_tablet=&#8221;0px&#8221; text_text_shadow_vertical_length_tablet=&#8221;0px&#8221; text_text_shadow_blur_strength_tablet=&#8221;1px&#8221; link_text_shadow_horizontal_length_tablet=&#8221;0px&#8221; link_text_shadow_vertical_length_tablet=&#8221;0px&#8221; link_text_shadow_blur_strength_tablet=&#8221;1px&#8221; ul_text_shadow_horizontal_length_tablet=&#8221;0px&#8221; ul_text_shadow_vertical_length_tablet=&#8221;0px&#8221; ul_text_shadow_blur_strength_tablet=&#8221;1px&#8221; ol_text_shadow_horizontal_length_tablet=&#8221;0px&#8221; ol_text_shadow_vertical_length_tablet=&#8221;0px&#8221; ol_text_shadow_blur_strength_tablet=&#8221;1px&#8221; quote_text_shadow_horizontal_length_tablet=&#8221;0px&#8221; quote_text_shadow_vertical_length_tablet=&#8221;0px&#8221; quote_text_shadow_blur_strength_tablet=&#8221;1px&#8221; header_text_shadow_horizontal_length_tablet=&#8221;0px&#8221; header_text_shadow_vertical_length_tablet=&#8221;0px&#8221; header_text_shadow_blur_strength_tablet=&#8221;1px&#8221; header_2_text_shadow_horizontal_length_tablet=&#8221;0px&#8221; header_2_text_shadow_vertical_length_tablet=&#8221;0px&#8221; header_2_text_shadow_blur_strength_tablet=&#8221;1px&#8221; header_3_text_shadow_horizontal_length_tablet=&#8221;0px&#8221; header_3_text_shadow_vertical_length_tablet=&#8221;0px&#8221; header_3_text_shadow_blur_strength_tablet=&#8221;1px&#8221; header_4_text_shadow_horizontal_length_tablet=&#8221;0px&#8221; header_4_text_shadow_vertical_length_tablet=&#8221;0px&#8221; header_4_text_shadow_blur_strength_tablet=&#8221;1px&#8221; header_5_text_shadow_horizontal_length_tablet=&#8221;0px&#8221; header_5_text_shadow_vertical_length_tablet=&#8221;0px&#8221; header_5_text_shadow_blur_strength_tablet=&#8221;1px&#8221; header_6_text_shadow_horizontal_length_tablet=&#8221;0px&#8221; header_6_text_shadow_vertical_length_tablet=&#8221;0px&#8221; header_6_text_shadow_blur_strength_tablet=&#8221;1px&#8221; box_shadow_horizontal_tablet=&#8221;0px&#8221; box_shadow_vertical_tablet=&#8221;0px&#8221; box_shadow_blur_tablet=&#8221;40px&#8221; box_shadow_spread_tablet=&#8221;0px&#8221; inline_fonts=&#8221;Archivo Black&#8221; global_colors_info=&#8221;{}&#8221; header_2_font_size_last_edited=&#8221;on|phone&#8221; header_2_font_size_phone=&#8221;23px&#8221; text_font_size_last_edited=&#8221;on|phone&#8221; text_font_size_phone=&#8221;13px&#8221; sticky_enabled=&#8221;0&#8243;]<\/p>\n<h2><span style=\"font-family: 'Archivo Black';font-weight: normal;color: #d19500\">Presentaci\u00f3n electr\u00f3nica de instancias<\/span><\/h2>\n<p data-start=\"263\" data-end=\"535\" class=\"\"><span style=\"color: #000000\">Bienvenido al sistema de <strong data-start=\"288\" data-end=\"330\">Presentaci\u00f3n Electr\u00f3nica de Instancias<\/strong>. Este espacio ha sido creado para facilitar a la comunidad educativa la realizaci\u00f3n de tr\u00e1mites administrativos de forma \u00e1gil, segura y sin necesidad de desplazamientos f\u00edsicos.<\/span><\/p>\n<p data-start=\"537\" data-end=\"885\" class=\"\"><span style=\"color: #000000\">A trav\u00e9s de esta plataforma, podr\u00e1s presentar solicitudes, instancias, escritos o comunicaciones dirigidas al instituto, siguiendo los procedimientos establecidos y cumpliendo con los requisitos legales vigentes. Este servicio est\u00e1 disponible las 24 horas del d\u00eda, los 365 d\u00edas del a\u00f1o, contribuyendo a una administraci\u00f3n m\u00e1s accesible y eficiente.<\/span><\/p>\n<p data-start=\"537\" data-end=\"885\" class=\"\"><span style=\"color: #000000\">A continuaci\u00f3n podr\u00e9is acceder a la pagina donde se realizaran la presentaci\u00f3n y aparte os dej\u00e1ramos un documento para facilitaros el proceso.<\/span><\/p>\n<p data-start=\"537\" data-end=\"885\" class=\"\"><span style=\"text-decoration: underline\"><a href=\"https:\/\/www.juntadeandalucia.es\/educacion\/secretariavirtual\/solicitudes\/\"><span style=\"color: #000000;text-decoration: underline\">Secretaria Virtual<\/span><\/a><\/span><\/p>\n<p data-start=\"537\" data-end=\"885\" class=\"\"><span style=\"text-decoration: underline\"><a href=\"https:\/\/blogsaverroes.juntadeandalucia.es\/iesbenaljatib\/files\/2025\/04\/202006_Instancias.pdf\"><span style=\"color: #000000;text-decoration: underline\">Documento de ayuda<\/span><\/a><\/span><\/p>\n<p data-start=\"379\" data-end=\"520\" class=\"\"><strong><\/strong><\/p>\n<p data-start=\"379\" data-end=\"520\" class=\"\">[\/et_pb_text][\/et_pb_column][\/et_pb_row][\/et_pb_section]<\/p>\n","protected":false},"excerpt":{"rendered":"<p>Presentaci\u00f3n electr\u00f3nica de instancias Bienvenido al sistema de Presentaci\u00f3n Electr\u00f3nica de Instancias. Este espacio ha sido creado para facilitar a la comunidad educativa la realizaci\u00f3n de tr\u00e1mites administrativos de forma \u00e1gil, segura y sin necesidad de desplazamientos f\u00edsicos. A trav\u00e9s de esta plataforma, podr\u00e1s presentar solicitudes, instancias, escritos o comunicaciones dirigidas al instituto, siguiendo los [&hellip;]<\/p>\n","protected":false},"author":8538,"featured_media":0,"parent":0,"menu_order":0,"comment_status":"closed","ping_status":"closed","template":"","meta":{"_et_pb_use_builder":"on","_et_pb_old_content":"<!-- wp:shortcode -->\r\n<p>[my_calendar id=\"my-calendar\"]<\/p>\r\n<!-- \/wp:shortcode -->","_et_gb_content_width":"","ngg_post_thumbnail":0,"footnotes":""},"aioseo_notices":[],"_links":{"self":[{"href":"https:\/\/blogsaverroes.juntadeandalucia.es\/iesbenaljatib\/wp-json\/wp\/v2\/pages\/507"}],"collection":[{"href":"https:\/\/blogsaverroes.juntadeandalucia.es\/iesbenaljatib\/wp-json\/wp\/v2\/pages"}],"about":[{"href":"https:\/\/blogsaverroes.juntadeandalucia.es\/iesbenaljatib\/wp-json\/wp\/v2\/types\/page"}],"author":[{"embeddable":true,"href":"https:\/\/blogsaverroes.juntadeandalucia.es\/iesbenaljatib\/wp-json\/wp\/v2\/users\/8538"}],"replies":[{"embeddable":true,"href":"https:\/\/blogsaverroes.juntadeandalucia.es\/iesbenaljatib\/wp-json\/wp\/v2\/comments?post=507"}],"version-history":[{"count":7,"href":"https:\/\/blogsaverroes.juntadeandalucia.es\/iesbenaljatib\/wp-json\/wp\/v2\/pages\/507\/revisions"}],"predecessor-version":[{"id":1943,"href":"https:\/\/blogsaverroes.juntadeandalucia.es\/iesbenaljatib\/wp-json\/wp\/v2\/pages\/507\/revisions\/1943"}],"wp:attachment":[{"href":"https:\/\/blogsaverroes.juntadeandalucia.es\/iesbenaljatib\/wp-json\/wp\/v2\/media?parent=507"}],"curies":[{"name":"wp","href":"https:\/\/api.w.org\/{rel}","templated":true}]}}