{"id":55,"date":"2020-01-10T07:54:49","date_gmt":"2020-01-10T06:54:49","guid":{"rendered":"http:\/\/blogsaverroes.juntadeandalucia.es\/pre\/nuevoiesv2\/?page_id=55"},"modified":"2025-12-13T01:17:59","modified_gmt":"2025-12-13T00:17:59","slug":"transporte-escolar","status":"publish","type":"page","link":"https:\/\/blogsaverroes.juntadeandalucia.es\/iesbenaljatib\/transporte-escolar\/","title":{"rendered":"Transporte escolar"},"content":{"rendered":"<p>[et_pb_section fb_built=&#8221;1&#8243; _builder_version=&#8221;4.16&#8243; custom_padding=&#8221;0px||0px|&#8221; z_index_tablet=&#8221;500&#8243; box_shadow_horizontal_tablet=&#8221;0px&#8221; box_shadow_vertical_tablet=&#8221;0px&#8221; box_shadow_blur_tablet=&#8221;40px&#8221; box_shadow_spread_tablet=&#8221;0px&#8221; global_colors_info=&#8221;{}&#8221;][et_pb_row _builder_version=&#8221;4.24.2&#8243; background_size=&#8221;initial&#8221; background_position=&#8221;top_left&#8221; background_repeat=&#8221;repeat&#8221; width=&#8221;93.1%&#8221; custom_padding=&#8221;|||12px||&#8221; global_colors_info=&#8221;{}&#8221;][et_pb_column type=&#8221;4_4&#8243; _builder_version=&#8221;4.16&#8243; custom_padding=&#8221;|||&#8221; global_colors_info=&#8221;{}&#8221; custom_padding__hover=&#8221;|||&#8221;][et_pb_text admin_label=&#8221;Texto descriptivo&#8221; _builder_version=&#8221;4.24.2&#8243; hover_enabled=&#8221;0&#8243; z_index_tablet=&#8221;500&#8243; text_text_shadow_horizontal_length_tablet=&#8221;0px&#8221; text_text_shadow_vertical_length_tablet=&#8221;0px&#8221; text_text_shadow_blur_strength_tablet=&#8221;1px&#8221; link_text_shadow_horizontal_length_tablet=&#8221;0px&#8221; link_text_shadow_vertical_length_tablet=&#8221;0px&#8221; link_text_shadow_blur_strength_tablet=&#8221;1px&#8221; ul_text_shadow_horizontal_length_tablet=&#8221;0px&#8221; ul_text_shadow_vertical_length_tablet=&#8221;0px&#8221; ul_text_shadow_blur_strength_tablet=&#8221;1px&#8221; ol_text_shadow_horizontal_length_tablet=&#8221;0px&#8221; ol_text_shadow_vertical_length_tablet=&#8221;0px&#8221; ol_text_shadow_blur_strength_tablet=&#8221;1px&#8221; quote_text_shadow_horizontal_length_tablet=&#8221;0px&#8221; quote_text_shadow_vertical_length_tablet=&#8221;0px&#8221; quote_text_shadow_blur_strength_tablet=&#8221;1px&#8221; header_text_shadow_horizontal_length_tablet=&#8221;0px&#8221; header_text_shadow_vertical_length_tablet=&#8221;0px&#8221; header_text_shadow_blur_strength_tablet=&#8221;1px&#8221; header_2_text_shadow_horizontal_length_tablet=&#8221;0px&#8221; header_2_text_shadow_vertical_length_tablet=&#8221;0px&#8221; header_2_text_shadow_blur_strength_tablet=&#8221;1px&#8221; header_3_text_shadow_horizontal_length_tablet=&#8221;0px&#8221; header_3_text_shadow_vertical_length_tablet=&#8221;0px&#8221; header_3_text_shadow_blur_strength_tablet=&#8221;1px&#8221; header_4_text_shadow_horizontal_length_tablet=&#8221;0px&#8221; header_4_text_shadow_vertical_length_tablet=&#8221;0px&#8221; header_4_text_shadow_blur_strength_tablet=&#8221;1px&#8221; header_5_text_shadow_horizontal_length_tablet=&#8221;0px&#8221; header_5_text_shadow_vertical_length_tablet=&#8221;0px&#8221; header_5_text_shadow_blur_strength_tablet=&#8221;1px&#8221; header_6_text_shadow_horizontal_length_tablet=&#8221;0px&#8221; header_6_text_shadow_vertical_length_tablet=&#8221;0px&#8221; header_6_text_shadow_blur_strength_tablet=&#8221;1px&#8221; box_shadow_horizontal_tablet=&#8221;0px&#8221; box_shadow_vertical_tablet=&#8221;0px&#8221; box_shadow_blur_tablet=&#8221;40px&#8221; box_shadow_spread_tablet=&#8221;0px&#8221; inline_fonts=&#8221;Archivo Black&#8221; global_colors_info=&#8221;{}&#8221; header_2_font_size_last_edited=&#8221;on|phone&#8221; header_2_font_size_phone=&#8221;23px&#8221; sticky_enabled=&#8221;0&#8243; text_font_size_last_edited=&#8221;on|phone&#8221; text_font_size_phone=&#8221;13px&#8221;]<\/p>\n<h2><span style=\"font-family: 'Archivo Black';font-weight: normal;color: #d19500\">Transporte escolar<\/span><\/h2>\n<p data-start=\"38\" data-end=\"288\" class=\"\"><strong><span style=\"color: #000000\">Nuestro instituto ofrece un servicio de autob\u00fas escolar seguro y eficiente para garantizar el transporte puntual de nuestros estudiantes. Contamos con rutas establecidas que cubren las principales zonas, con horarios adaptados a la jornada escolar.<\/span><\/strong><\/p>\n<p data-start=\"290\" data-end=\"377\" class=\"\"><strong><span style=\"color: #000000\">\ud83d\udd52 Horarios flexibles | \ud83d\udccd Rutas seguras | \ud83d\udc68\u200d\u2708\ufe0f Conductores certificados<\/span><\/strong><\/p>\n<p data-start=\"379\" data-end=\"520\" class=\"\"><strong><span style=\"color: #000000\">Para m\u00e1s informaci\u00f3n sobre paradas y horarios os dejamos a continuaci\u00f3n la informaci\u00f3n necesaria.<\/span><\/strong><\/p>\n<p data-start=\"379\" data-end=\"520\" class=\"\"><strong><span style=\"text-decoration: underline;color: #000000\"><a href=\"https:\/\/blogsaverroes.juntadeandalucia.es\/iesbenaljatib\/files\/2025\/04\/HORARIO-PARADAS-TRANSPORTE-ESCOLAR-2024-25.pdf\" style=\"color: #000000;text-decoration: underline\">Aclaraciones.<\/a><\/span><\/strong><\/p>\n<p data-start=\"379\" data-end=\"520\" class=\"\"><strong><span style=\"color: #000000\"><a href=\"https:\/\/blogsaverroes.juntadeandalucia.es\/iesbenaljatib\/files\/2025\/04\/Transporte.png\" style=\"color: #000000\"><span style=\"text-decoration: underline\">Rutas y horarios.<\/span><\/a><\/span><\/strong><\/p>\n<p data-start=\"379\" data-end=\"520\" class=\"\">[\/et_pb_text][et_pb_image src=&#8221;https:\/\/blogsaverroes.juntadeandalucia.es\/iesbenaljatib\/files\/2025\/04\/elegante-moderna-fila-autobuses-turisticos-blancos-luz-sol_153608-92905.jpg&#8221; title_text=&#8221;elegante-moderna-fila-autobuses-turisticos-blancos-luz-sol_153608-92905&#8243; _builder_version=&#8221;4.24.2&#8243; _module_preset=&#8221;default&#8221; width=&#8221;62.6%&#8221; global_colors_info=&#8221;{}&#8221;][\/et_pb_image][\/et_pb_column][\/et_pb_row][\/et_pb_section]<\/p>\n","protected":false},"excerpt":{"rendered":"<p>Transporte escolar Nuestro instituto ofrece un servicio de autob\u00fas escolar seguro y eficiente para garantizar el transporte puntual de nuestros estudiantes. Contamos con rutas establecidas que cubren las principales zonas, con horarios adaptados a la jornada escolar. \ud83d\udd52 Horarios flexibles | \ud83d\udccd Rutas seguras | \ud83d\udc68\u200d\u2708\ufe0f Conductores certificados Para m\u00e1s informaci\u00f3n sobre paradas y horarios [&hellip;]<\/p>\n","protected":false},"author":7051,"featured_media":0,"parent":0,"menu_order":0,"comment_status":"closed","ping_status":"closed","template":"","meta":{"_et_pb_use_builder":"on","_et_pb_old_content":"","_et_gb_content_width":"","ngg_post_thumbnail":0,"footnotes":""},"aioseo_notices":[],"_links":{"self":[{"href":"https:\/\/blogsaverroes.juntadeandalucia.es\/iesbenaljatib\/wp-json\/wp\/v2\/pages\/55"}],"collection":[{"href":"https:\/\/blogsaverroes.juntadeandalucia.es\/iesbenaljatib\/wp-json\/wp\/v2\/pages"}],"about":[{"href":"https:\/\/blogsaverroes.juntadeandalucia.es\/iesbenaljatib\/wp-json\/wp\/v2\/types\/page"}],"author":[{"embeddable":true,"href":"https:\/\/blogsaverroes.juntadeandalucia.es\/iesbenaljatib\/wp-json\/wp\/v2\/users\/7051"}],"replies":[{"embeddable":true,"href":"https:\/\/blogsaverroes.juntadeandalucia.es\/iesbenaljatib\/wp-json\/wp\/v2\/comments?post=55"}],"version-history":[{"count":7,"href":"https:\/\/blogsaverroes.juntadeandalucia.es\/iesbenaljatib\/wp-json\/wp\/v2\/pages\/55\/revisions"}],"predecessor-version":[{"id":1942,"href":"https:\/\/blogsaverroes.juntadeandalucia.es\/iesbenaljatib\/wp-json\/wp\/v2\/pages\/55\/revisions\/1942"}],"wp:attachment":[{"href":"https:\/\/blogsaverroes.juntadeandalucia.es\/iesbenaljatib\/wp-json\/wp\/v2\/media?parent=55"}],"curies":[{"name":"wp","href":"https:\/\/api.w.org\/{rel}","templated":true}]}}