{"id":17,"date":"2018-04-08T20:03:07","date_gmt":"2018-04-08T20:03:07","guid":{"rendered":"https:\/\/blogsaverroes.juntadeandalucia.es\/iesbitacora\/?page_id=17"},"modified":"2022-02-24T22:43:18","modified_gmt":"2022-02-24T22:43:18","slug":"nuestro-centro","status":"publish","type":"page","link":"https:\/\/blogsaverroes.juntadeandalucia.es\/iesbitacora\/nuestro-centro\/","title":{"rendered":"CENTRO"},"content":{"rendered":"<p style=\"text-align: justify\"><span style=\"font-family: helvetica, arial, sans-serif;color: #333333;font-size: 12pt\">El IES \u201cBit\u00e1cora\u201d es un Instituto p\u00fablico situado en la localidad onubense de Punta Umbr\u00eda que abri\u00f3 sus puertas el curso 2012- 2013. Hasta esta fecha todo el alumnado cursaba la ESO en el IES \u201cSalt\u00e9s\u201d del mismo municipio, siendo necesario realizar un desdoble dado el n\u00famero de alumnado presente en la localidad.<\/span><\/p>\n<p style=\"text-align: justify\"><span style=\"font-family: helvetica, arial, sans-serif;color: #333333;font-size: 12pt\">Contamos aproximadamente con 220 alumnos\/ as, 20 profesores, 1 administrativo, 1 conserje y 2 limpiadoras.<\/span><\/p>\n<p style=\"text-align: justify\"><span style=\"font-family: helvetica, arial, sans-serif;color: #333333;font-size: 12pt\">El Centro cuenta con dos edificios, uno principal y el gimnasio.<\/span><\/p>\n<p style=\"text-align: justify\"><span style=\"font-family: helvetica, arial, sans-serif;color: #333333;font-size: 12pt\">Se trata de un Instituto con Plan de Compensaci\u00f3n Educativa. Tambi\u00e9n es un Centro Biling\u00fce en las materias de Ciencias Sociales, Educaci\u00f3n F\u00edsica y Tecnolog\u00eda. Adem\u00e1s de la labor docente ordinaria, se desarrolla una serie de proyectos destinados a la mejora de la pr\u00e1ctica educativa.<\/span><\/p>\n<p><img loading=\"lazy\" decoding=\"async\" class=\"aligncenter wp-image-355\" src=\"https:\/\/blogsaverroes.juntadeandalucia.es\/iesbitacora\/files\/2018\/04\/Foto-IES.jpg\" alt=\"\" width=\"516\" height=\"387\" srcset=\"https:\/\/blogsaverroes.juntadeandalucia.es\/iesbitacora\/files\/2018\/04\/Foto-IES.jpg 816w, https:\/\/blogsaverroes.juntadeandalucia.es\/iesbitacora\/files\/2018\/04\/Foto-IES-300x225.jpg 300w, https:\/\/blogsaverroes.juntadeandalucia.es\/iesbitacora\/files\/2018\/04\/Foto-IES-768x576.jpg 768w, https:\/\/blogsaverroes.juntadeandalucia.es\/iesbitacora\/files\/2018\/04\/Foto-IES-24x18.jpg 24w, https:\/\/blogsaverroes.juntadeandalucia.es\/iesbitacora\/files\/2018\/04\/Foto-IES-36x27.jpg 36w, https:\/\/blogsaverroes.juntadeandalucia.es\/iesbitacora\/files\/2018\/04\/Foto-IES-48x36.jpg 48w\" sizes=\"(max-width: 516px) 100vw, 516px\" \/><\/p>\n","protected":false},"excerpt":{"rendered":"<p>El IES \u201cBit\u00e1cora\u201d es un Instituto p\u00fablico situado en la localidad onubense de Punta Umbr\u00eda que abri\u00f3 sus puertas el curso 2012- 2013. Hasta esta&hellip;<\/p>\n","protected":false},"author":5897,"featured_media":0,"parent":0,"menu_order":0,"comment_status":"closed","ping_status":"closed","template":"page-template-full.php","meta":{"ngg_post_thumbnail":0,"footnotes":""},"aioseo_notices":[],"_links":{"self":[{"href":"https:\/\/blogsaverroes.juntadeandalucia.es\/iesbitacora\/wp-json\/wp\/v2\/pages\/17"}],"collection":[{"href":"https:\/\/blogsaverroes.juntadeandalucia.es\/iesbitacora\/wp-json\/wp\/v2\/pages"}],"about":[{"href":"https:\/\/blogsaverroes.juntadeandalucia.es\/iesbitacora\/wp-json\/wp\/v2\/types\/page"}],"author":[{"embeddable":true,"href":"https:\/\/blogsaverroes.juntadeandalucia.es\/iesbitacora\/wp-json\/wp\/v2\/users\/5897"}],"replies":[{"embeddable":true,"href":"https:\/\/blogsaverroes.juntadeandalucia.es\/iesbitacora\/wp-json\/wp\/v2\/comments?post=17"}],"version-history":[{"count":18,"href":"https:\/\/blogsaverroes.juntadeandalucia.es\/iesbitacora\/wp-json\/wp\/v2\/pages\/17\/revisions"}],"predecessor-version":[{"id":4177,"href":"https:\/\/blogsaverroes.juntadeandalucia.es\/iesbitacora\/wp-json\/wp\/v2\/pages\/17\/revisions\/4177"}],"wp:attachment":[{"href":"https:\/\/blogsaverroes.juntadeandalucia.es\/iesbitacora\/wp-json\/wp\/v2\/media?parent=17"}],"curies":[{"name":"wp","href":"https:\/\/api.w.org\/{rel}","templated":true}]}}