{"id":205,"date":"2018-04-08T21:45:45","date_gmt":"2018-04-08T21:45:45","guid":{"rendered":"https:\/\/blogsaverroes.juntadeandalucia.es\/iesbitacora\/?page_id=205"},"modified":"2026-02-15T18:11:53","modified_gmt":"2026-02-15T17:11:53","slug":"familias","status":"publish","type":"page","link":"https:\/\/blogsaverroes.juntadeandalucia.es\/iesbitacora\/familias\/","title":{"rendered":"FAMILIAS"},"content":{"rendered":"<p style=\"text-align: center\"><img loading=\"lazy\" decoding=\"async\" class=\"aligncenter size-full wp-image-2071\" src=\"https:\/\/blogsaverroes.juntadeandalucia.es\/iesbitacora\/files\/2018\/04\/10346566214_a4a60d1b31_m.jpg\" alt=\"\" width=\"240\" height=\"169\" srcset=\"https:\/\/blogsaverroes.juntadeandalucia.es\/iesbitacora\/files\/2018\/04\/10346566214_a4a60d1b31_m.jpg 240w, https:\/\/blogsaverroes.juntadeandalucia.es\/iesbitacora\/files\/2018\/04\/10346566214_a4a60d1b31_m-150x106.jpg 150w, https:\/\/blogsaverroes.juntadeandalucia.es\/iesbitacora\/files\/2018\/04\/10346566214_a4a60d1b31_m-24x17.jpg 24w, https:\/\/blogsaverroes.juntadeandalucia.es\/iesbitacora\/files\/2018\/04\/10346566214_a4a60d1b31_m-36x25.jpg 36w, https:\/\/blogsaverroes.juntadeandalucia.es\/iesbitacora\/files\/2018\/04\/10346566214_a4a60d1b31_m-48x34.jpg 48w\" sizes=\"(max-width: 240px) 100vw, 240px\" \/><\/p>\n<p><span style=\"font-size: 16px\"><strong><span style=\"font-family: helvetica, arial, sans-serif\"><a href=\"https:\/\/blogsaverroes.juntadeandalucia.es\/iesbitacora\/atencion-a-las-familias-2\/\">Atenci\u00f3n a las familias<\/a><\/span><\/strong><\/span><\/p>\n<p><a href=\"https:\/\/drive.google.com\/file\/d\/1ZWPE9V3e_taAUD5WSPdA4xT_sJSGOgk3\/view?usp=sharing\" target=\"_blank\" rel=\"noopener\"><span style=\"font-size: 16px\"><strong><span style=\"font-family: helvetica, arial, sans-serif\">Calendario escolar<\/span><\/strong><\/span><\/a><\/p>\n<p><span style=\"font-size: 16px\"><strong><span style=\"font-family: helvetica, arial, sans-serif\"><a href=\"https:\/\/blogsaverroes.juntadeandalucia.es\/iesbitacora\/cuaderno-de-bitacora-familias\/\">Cuaderno de Bit\u00e1cora<\/a><\/span><\/strong><\/span><\/p>\n<p><span style=\"font-size: 16px\"><strong><span style=\"font-family: helvetica, arial, sans-serif\"><a href=\"https:\/\/blogsaverroes.juntadeandalucia.es\/iesbitacora\/buzon-de-sugerencias-2\/\">Buz\u00f3n de sugerencias<\/a><\/span><\/strong><\/span><\/p>\n","protected":false},"excerpt":{"rendered":"<p>Atenci\u00f3n a las familias Calendario escolar Cuaderno de Bit\u00e1cora Buz\u00f3n de sugerencias<\/p>\n","protected":false},"author":5897,"featured_media":0,"parent":0,"menu_order":0,"comment_status":"closed","ping_status":"closed","template":"","meta":{"ngg_post_thumbnail":0,"footnotes":""},"aioseo_notices":[],"_links":{"self":[{"href":"https:\/\/blogsaverroes.juntadeandalucia.es\/iesbitacora\/wp-json\/wp\/v2\/pages\/205"}],"collection":[{"href":"https:\/\/blogsaverroes.juntadeandalucia.es\/iesbitacora\/wp-json\/wp\/v2\/pages"}],"about":[{"href":"https:\/\/blogsaverroes.juntadeandalucia.es\/iesbitacora\/wp-json\/wp\/v2\/types\/page"}],"author":[{"embeddable":true,"href":"https:\/\/blogsaverroes.juntadeandalucia.es\/iesbitacora\/wp-json\/wp\/v2\/users\/5897"}],"replies":[{"embeddable":true,"href":"https:\/\/blogsaverroes.juntadeandalucia.es\/iesbitacora\/wp-json\/wp\/v2\/comments?post=205"}],"version-history":[{"count":4,"href":"https:\/\/blogsaverroes.juntadeandalucia.es\/iesbitacora\/wp-json\/wp\/v2\/pages\/205\/revisions"}],"predecessor-version":[{"id":4818,"href":"https:\/\/blogsaverroes.juntadeandalucia.es\/iesbitacora\/wp-json\/wp\/v2\/pages\/205\/revisions\/4818"}],"wp:attachment":[{"href":"https:\/\/blogsaverroes.juntadeandalucia.es\/iesbitacora\/wp-json\/wp\/v2\/media?parent=205"}],"curies":[{"name":"wp","href":"https:\/\/api.w.org\/{rel}","templated":true}]}}