{"id":212,"date":"2018-04-08T21:47:24","date_gmt":"2018-04-08T21:47:24","guid":{"rendered":"https:\/\/blogsaverroes.juntadeandalucia.es\/iesbitacora\/?page_id=212"},"modified":"2022-10-25T11:18:23","modified_gmt":"2022-10-25T11:18:23","slug":"recursos-educativosmatematicas","status":"publish","type":"page","link":"https:\/\/blogsaverroes.juntadeandalucia.es\/iesbitacora\/recursos-educativosmatematicas\/","title":{"rendered":"MATEM\u00c1TICAS recursos"},"content":{"rendered":"<table style=\"height: 65px\" width=\"921\">\n<tbody>\n<tr>\n<td style=\"width: 452.5px\"><span style=\"font-size: 12pt;font-family: georgia, palatino, serif\"><a href=\"https:\/\/www.matematicasonline.es\">AMOLASMATES<\/a><\/span><\/td>\n<td style=\"width: 452.5px\"><span style=\"font-size: 12pt;font-family: georgia, palatino, serif\">Web con apuntes, ejercicios resueltos, videos, etc&#8230;<\/span><\/td>\n<\/tr>\n<tr>\n<td style=\"width: 452.5px\"><span style=\"font-size: 12pt;font-family: georgia, palatino, serif\"><a href=\"https:\/\/www.edu.xunta.es\/espazoAbalar\/sites\/espazoAbalar\/files\/datos\/1291360755\/contido\/index.htm\">\u00c1LGEBRA CON PAPAS<\/a><\/span><\/td>\n<td style=\"width: 452.5px\"><span style=\"font-size: 12pt;font-family: georgia, palatino, serif\">Recurso interactivo de \u00c1lgebra para Educaci\u00f3n Secundar\u00eda<\/span><\/td>\n<\/tr>\n<\/tbody>\n<\/table>\n<p>&nbsp;<\/p>\n<p>&nbsp;<\/p>\n","protected":false},"excerpt":{"rendered":"<p>AMOLASMATES Web con apuntes, ejercicios resueltos, videos, etc&#8230; \u00c1LGEBRA CON PAPAS Recurso interactivo de \u00c1lgebra para Educaci\u00f3n Secundar\u00eda &nbsp; &nbsp;<\/p>\n","protected":false},"author":5897,"featured_media":0,"parent":0,"menu_order":0,"comment_status":"closed","ping_status":"closed","template":"","meta":{"ngg_post_thumbnail":0,"footnotes":""},"aioseo_notices":[],"_links":{"self":[{"href":"https:\/\/blogsaverroes.juntadeandalucia.es\/iesbitacora\/wp-json\/wp\/v2\/pages\/212"}],"collection":[{"href":"https:\/\/blogsaverroes.juntadeandalucia.es\/iesbitacora\/wp-json\/wp\/v2\/pages"}],"about":[{"href":"https:\/\/blogsaverroes.juntadeandalucia.es\/iesbitacora\/wp-json\/wp\/v2\/types\/page"}],"author":[{"embeddable":true,"href":"https:\/\/blogsaverroes.juntadeandalucia.es\/iesbitacora\/wp-json\/wp\/v2\/users\/5897"}],"replies":[{"embeddable":true,"href":"https:\/\/blogsaverroes.juntadeandalucia.es\/iesbitacora\/wp-json\/wp\/v2\/comments?post=212"}],"version-history":[{"count":7,"href":"https:\/\/blogsaverroes.juntadeandalucia.es\/iesbitacora\/wp-json\/wp\/v2\/pages\/212\/revisions"}],"predecessor-version":[{"id":4279,"href":"https:\/\/blogsaverroes.juntadeandalucia.es\/iesbitacora\/wp-json\/wp\/v2\/pages\/212\/revisions\/4279"}],"wp:attachment":[{"href":"https:\/\/blogsaverroes.juntadeandalucia.es\/iesbitacora\/wp-json\/wp\/v2\/media?parent=212"}],"curies":[{"name":"wp","href":"https:\/\/api.w.org\/{rel}","templated":true}]}}