{"id":30,"date":"2018-04-08T20:08:42","date_gmt":"2018-04-08T20:08:42","guid":{"rendered":"https:\/\/blogsaverroes.juntadeandalucia.es\/iesbitacora\/?page_id=30"},"modified":"2024-01-23T11:25:30","modified_gmt":"2024-01-23T10:25:30","slug":"biblioteca","status":"publish","type":"page","link":"https:\/\/blogsaverroes.juntadeandalucia.es\/iesbitacora\/biblioteca\/","title":{"rendered":"BIBLIOTECA"},"content":{"rendered":"<p><span style=\"font-size: 20px\"><strong><span style=\"font-family: helvetica, arial, sans-serif;color: #3366ff\"><span style=\"color: #375da1\">Coordinador:<\/span><span style=\"color: #000000\">&nbsp;<\/span><\/span><span style=\"font-family: helvetica, arial, sans-serif;color: #000000\">Marina Dom\u00ednguez Rabad\u00e1n<\/span><\/strong><\/span><\/p>\n<p><span style=\"font-size: 20px;font-family: helvetica, arial, sans-serif\"><strong>IG: <a title=\"Instagram Biblioteca IES Bit\u00e1cora\" href=\"https:\/\/www.instagram.com\/biblioteca_bitacorina?igsh=bm8ybmVrcWgwd\" target=\"_blank\" rel=\"noopener noreferrer\">Instagram Biblioteca IES Bit\u00e1cora<\/a><\/strong><\/span><\/p>\n","protected":false},"excerpt":{"rendered":"<p>Coordinador:&nbsp;Marina Dom\u00ednguez Rabad\u00e1n IG: Instagram Biblioteca IES Bit\u00e1cora<\/p>\n","protected":false},"author":5897,"featured_media":0,"parent":0,"menu_order":0,"comment_status":"closed","ping_status":"closed","template":"","meta":{"ngg_post_thumbnail":0,"footnotes":""},"aioseo_notices":[],"_links":{"self":[{"href":"https:\/\/blogsaverroes.juntadeandalucia.es\/iesbitacora\/wp-json\/wp\/v2\/pages\/30"}],"collection":[{"href":"https:\/\/blogsaverroes.juntadeandalucia.es\/iesbitacora\/wp-json\/wp\/v2\/pages"}],"about":[{"href":"https:\/\/blogsaverroes.juntadeandalucia.es\/iesbitacora\/wp-json\/wp\/v2\/types\/page"}],"author":[{"embeddable":true,"href":"https:\/\/blogsaverroes.juntadeandalucia.es\/iesbitacora\/wp-json\/wp\/v2\/users\/5897"}],"replies":[{"embeddable":true,"href":"https:\/\/blogsaverroes.juntadeandalucia.es\/iesbitacora\/wp-json\/wp\/v2\/comments?post=30"}],"version-history":[{"count":4,"href":"https:\/\/blogsaverroes.juntadeandalucia.es\/iesbitacora\/wp-json\/wp\/v2\/pages\/30\/revisions"}],"predecessor-version":[{"id":1999,"href":"https:\/\/blogsaverroes.juntadeandalucia.es\/iesbitacora\/wp-json\/wp\/v2\/pages\/30\/revisions\/1999"}],"wp:attachment":[{"href":"https:\/\/blogsaverroes.juntadeandalucia.es\/iesbitacora\/wp-json\/wp\/v2\/media?parent=30"}],"curies":[{"name":"wp","href":"https:\/\/api.w.org\/{rel}","templated":true}]}}