{"id":34,"date":"2018-04-08T20:09:33","date_gmt":"2018-04-08T20:09:33","guid":{"rendered":"https:\/\/blogsaverroes.juntadeandalucia.es\/iesbitacora\/?page_id=34"},"modified":"2018-10-03T15:21:03","modified_gmt":"2018-10-03T15:21:03","slug":"datos-del-centro","status":"publish","type":"page","link":"https:\/\/blogsaverroes.juntadeandalucia.es\/iesbitacora\/datos-del-centro\/","title":{"rendered":"DATOS DEL CENTRO"},"content":{"rendered":"<table style=\"width: 924.734375px\">\n<tbody>\n<tr>\n<td style=\"width: 491px\"><span style=\"color: #375da1;font-size: 16px;font-family: helvetica, arial, sans-serif\"><strong>SITUACI\u00d3N<\/strong><\/span><\/td>\n<td style=\"width: 419.734375px\"><span style=\"color: #375da1;font-size: 16px;font-family: helvetica, arial, sans-serif\"><b>OFERTA EDUCATIVA<\/b><\/span><\/td>\n<\/tr>\n<tr>\n<td style=\"width: 491px\"><span style=\"font-size: 16px;font-family: helvetica, arial, sans-serif\"><strong>Direcci\u00f3n:<\/strong>&nbsp;C\/ de S\u00e9neca, S\/N, &nbsp;21100 Punta Umbr\u00eda(Huelva)&nbsp;<\/span><\/td>\n<td style=\"width: 419.734375px\"><span style=\"font-size: 16px;font-family: helvetica, arial, sans-serif\">Educaci\u00f3n Secundaria Obligatoria (ESO)<\/span><\/td>\n<\/tr>\n<tr>\n<td style=\"width: 491px\"><span style=\"font-size: 16px;font-family: helvetica, arial, sans-serif\"><strong>Tel\u00e9fono:<\/strong> (+34) 600149016<\/span><\/td>\n<td style=\"width: 419.734375px\"><span style=\"font-size: 16px;font-family: helvetica, arial, sans-serif\">Unidad de Educaci\u00f3n Especial<\/span><\/td>\n<\/tr>\n<tr>\n<td style=\"width: 491px\"><span style=\"font-size: 16px;font-family: helvetica, arial, sans-serif\"><strong>Fax: &nbsp; &nbsp; &nbsp; &nbsp; &nbsp;<\/strong>(+34) 959524832<\/span><\/td>\n<td style=\"width: 419.734375px\"><span style=\"font-size: 16px;font-family: helvetica, arial, sans-serif\">&nbsp;<\/span><\/td>\n<\/tr>\n<tr>\n<td style=\"width: 491px\"><span style=\"font-size: 16px;font-family: helvetica, arial, sans-serif\"><strong>e-mail:&nbsp;<\/strong><a href=\"mailto:21003074.edu@juntadeandalucia.es\">21003074.edu@juntadeandalucia.es<\/a><\/span><\/td>\n<td style=\"width: 419.734375px\"><span style=\"font-size: 16px;font-family: helvetica, arial, sans-serif\">&nbsp;<\/span><\/td>\n<\/tr>\n<tr>\n<td style=\"width: 491px\"><span style=\"font-size: 16px;font-family: helvetica, arial, sans-serif\"><strong>P\u00e1gina Web:&nbsp;<\/strong><a href=\"https:\/\/blogsaverroes.juntadeandalucia.es\/iesbitacora\">https:\/\/blogsaverroes.juntadeandalucia.es\/iesbitacora<\/a><\/span><\/td>\n<td style=\"width: 419.734375px\"><span style=\"font-size: 16px;font-family: helvetica, arial, sans-serif\">&nbsp;<\/span><\/td>\n<\/tr>\n<tr>\n<td style=\"width: 491px\"><span style=\"font-size: 16px;font-family: helvetica, arial, sans-serif\"><strong>Facebook:&nbsp;<\/strong><a href=\"https:\/\/www.facebook.com\/IesBitacora\/\">https:\/\/www.facebook.com\/IesBitacora\/<\/a><\/span><\/td>\n<td style=\"width: 419.734375px\">&nbsp;<\/td>\n<\/tr>\n<tr>\n<td style=\"width: 491px\"><span style=\"font-size: 16px;font-family: helvetica, arial, sans-serif\"><strong>C\u00f3digo:<\/strong> 21003074<\/span><\/td>\n<td style=\"width: 419.734375px\"><span style=\"font-size: 16px;font-family: helvetica, arial, sans-serif\">&nbsp;<\/span><\/td>\n<\/tr>\n<\/tbody>\n<\/table>\n<p><span style=\"font-family: helvetica, arial, sans-serif;font-size: 16px\"><strong>Plano de situaci\u00f3n:<\/strong><\/span><\/p>\n<p><iframe loading=\"lazy\" src=\"https:\/\/www.google.com\/maps\/embed?pb=!1m14!1m8!1m3!1d3178.430416181617!2d-6.9713752!3d37.190005!3m2!1i1024!2i768!4f13.1!3m3!1m2!1s0x0%3A0x870e1ffe9e4aaf8c!2sIES+Bit%C3%A1cora!5e0!3m2!1ses!2ses!4v1523238908154\" width=\"600\" height=\"450\" frameborder=\"0\"><\/iframe><\/p>\n","protected":false},"excerpt":{"rendered":"<p>SITUACI\u00d3N OFERTA EDUCATIVA Direcci\u00f3n:&nbsp;C\/ de S\u00e9neca, S\/N, &nbsp;21100 Punta Umbr\u00eda(Huelva)&nbsp; Educaci\u00f3n Secundaria Obligatoria (ESO) Tel\u00e9fono: (+34) 600149016 Unidad de Educaci\u00f3n Especial Fax: &nbsp; &nbsp; &nbsp;&hellip;<\/p>\n","protected":false},"author":5897,"featured_media":0,"parent":0,"menu_order":0,"comment_status":"closed","ping_status":"closed","template":"page-template-full.php","meta":{"ngg_post_thumbnail":0,"footnotes":""},"aioseo_notices":[],"_links":{"self":[{"href":"https:\/\/blogsaverroes.juntadeandalucia.es\/iesbitacora\/wp-json\/wp\/v2\/pages\/34"}],"collection":[{"href":"https:\/\/blogsaverroes.juntadeandalucia.es\/iesbitacora\/wp-json\/wp\/v2\/pages"}],"about":[{"href":"https:\/\/blogsaverroes.juntadeandalucia.es\/iesbitacora\/wp-json\/wp\/v2\/types\/page"}],"author":[{"embeddable":true,"href":"https:\/\/blogsaverroes.juntadeandalucia.es\/iesbitacora\/wp-json\/wp\/v2\/users\/5897"}],"replies":[{"embeddable":true,"href":"https:\/\/blogsaverroes.juntadeandalucia.es\/iesbitacora\/wp-json\/wp\/v2\/comments?post=34"}],"version-history":[{"count":24,"href":"https:\/\/blogsaverroes.juntadeandalucia.es\/iesbitacora\/wp-json\/wp\/v2\/pages\/34\/revisions"}],"predecessor-version":[{"id":2020,"href":"https:\/\/blogsaverroes.juntadeandalucia.es\/iesbitacora\/wp-json\/wp\/v2\/pages\/34\/revisions\/2020"}],"wp:attachment":[{"href":"https:\/\/blogsaverroes.juntadeandalucia.es\/iesbitacora\/wp-json\/wp\/v2\/media?parent=34"}],"curies":[{"name":"wp","href":"https:\/\/api.w.org\/{rel}","templated":true}]}}