{"id":382,"date":"2018-04-11T07:07:07","date_gmt":"2018-04-11T07:07:07","guid":{"rendered":"https:\/\/blogsaverroes.juntadeandalucia.es\/iesbitacora\/?page_id=382"},"modified":"2018-04-22T15:52:45","modified_gmt":"2018-04-22T15:52:45","slug":"recursos-educativos","status":"publish","type":"page","link":"https:\/\/blogsaverroes.juntadeandalucia.es\/iesbitacora\/recursos-educativos\/","title":{"rendered":"RECURSOS EDUCATIVOS"},"content":{"rendered":"<p style=\"text-align: justify\"><span style=\"font-size: 16px;font-family: helvetica, arial, sans-serif;color: #000000\">En esta secci\u00f3n encontrar\u00e1s enlaces a distintos recursos educativos generales que&nbsp; te ayudar\u00e1n en las distintas \u00e1reas, materias y y\/o asignaturas.<\/span><\/p>\n<p style=\"text-align: justify\"><span style=\"font-size: 16px;font-family: helvetica, arial, sans-serif;color: #000000\"> Aquellos recursos espec\u00edficos utilizados por alguno de tus profesores o profesoras los puedes encontrar en la p\u00e1gina del Departamento correspondiente.<\/span><\/p>\n<p><span style=\"font-size: 16px;font-family: helvetica, arial, sans-serif;color: #000000\">Peri\u00f3dicamente se actualizar\u00e1 incluyendo enlaces nuevos.<\/span><\/p>\n<ul>\n<li><span style=\"font-size: 16px\"><strong><span style=\"font-family: helvetica, arial, sans-serif\"><a href=\"https:\/\/blogsaverroes.juntadeandalucia.es\/iesbitacora\/fisica-y-quimica-2\/\">F\u00edsica y Qu\u00edmica<\/a><\/span><\/strong><\/span><\/li>\n<li><span style=\"font-size: 16px\"><strong><a href=\"https:\/\/blogsaverroes.juntadeandalucia.es\/iesbitacora\/recursos-educativosmatematicas\/\"><span style=\"font-family: helvetica, arial, sans-serif\">Matem\u00e1ticas<\/span><\/a><\/strong><\/span><\/li>\n<\/ul>\n","protected":false},"excerpt":{"rendered":"<p>En esta secci\u00f3n encontrar\u00e1s enlaces a distintos recursos educativos generales que&nbsp; te ayudar\u00e1n en las distintas \u00e1reas, materias y y\/o asignaturas. Aquellos recursos espec\u00edficos utilizados&hellip;<\/p>\n","protected":false},"author":5897,"featured_media":0,"parent":0,"menu_order":0,"comment_status":"closed","ping_status":"closed","template":"page-template-full.php","meta":{"ngg_post_thumbnail":0,"footnotes":""},"aioseo_notices":[],"_links":{"self":[{"href":"https:\/\/blogsaverroes.juntadeandalucia.es\/iesbitacora\/wp-json\/wp\/v2\/pages\/382"}],"collection":[{"href":"https:\/\/blogsaverroes.juntadeandalucia.es\/iesbitacora\/wp-json\/wp\/v2\/pages"}],"about":[{"href":"https:\/\/blogsaverroes.juntadeandalucia.es\/iesbitacora\/wp-json\/wp\/v2\/types\/page"}],"author":[{"embeddable":true,"href":"https:\/\/blogsaverroes.juntadeandalucia.es\/iesbitacora\/wp-json\/wp\/v2\/users\/5897"}],"replies":[{"embeddable":true,"href":"https:\/\/blogsaverroes.juntadeandalucia.es\/iesbitacora\/wp-json\/wp\/v2\/comments?post=382"}],"version-history":[{"count":10,"href":"https:\/\/blogsaverroes.juntadeandalucia.es\/iesbitacora\/wp-json\/wp\/v2\/pages\/382\/revisions"}],"predecessor-version":[{"id":1644,"href":"https:\/\/blogsaverroes.juntadeandalucia.es\/iesbitacora\/wp-json\/wp\/v2\/pages\/382\/revisions\/1644"}],"wp:attachment":[{"href":"https:\/\/blogsaverroes.juntadeandalucia.es\/iesbitacora\/wp-json\/wp\/v2\/media?parent=382"}],"curies":[{"name":"wp","href":"https:\/\/api.w.org\/{rel}","templated":true}]}}