{"id":4295,"date":"2022-10-26T07:54:18","date_gmt":"2022-10-26T07:54:18","guid":{"rendered":"https:\/\/blogsaverroes.juntadeandalucia.es\/iesbitacora\/?page_id=4295"},"modified":"2024-10-25T21:53:16","modified_gmt":"2024-10-25T20:53:16","slug":"criterios-de-3o-eso","status":"publish","type":"page","link":"https:\/\/blogsaverroes.juntadeandalucia.es\/iesbitacora\/criterios-de-3o-eso\/","title":{"rendered":"CRITERIOS DE  EVALUACI\u00d3N 3\u00ba ESO"},"content":{"rendered":"<p><img loading=\"lazy\" decoding=\"async\" class=\"\" src=\"https:\/\/blogsaverroes.juntadeandalucia.es\/iesbitacora\/files\/2022\/11\/seleccione-materia.jpg\" alt=\"\" width=\"505\" height=\"36\"\/><\/p>\n<ul>\n<li><a href=\"https:\/\/drive.google.com\/file\/d\/16Ed-gkrx2_mt86ZTen6ugdE3hrvjdp24\/view?usp=sharing\"><span style=\"font-family: helvetica, arial, sans-serif;font-size: 12pt\">\u00c1mbitos Cient\u00edfico-Tecnol\u00f3gico (DICU1)<\/span><\/a><\/li>\n<li><a href=\"https:\/\/drive.google.com\/file\/d\/1t2y7rwJKXPr5lH35FbHx2CeexrpvtMse\/view?usp=sharing\"><span style=\"font-family: helvetica, arial, sans-serif;font-size: 12pt\">\u00c1mbito Ling\u00fc\u00edstico y Social (DICU1)<\/span><\/a><\/li>\n<li><a href=\"https:\/\/drive.google.com\/file\/d\/1I9SHldAJptCM2XX1Nu3xml0CsLcccCrx\/view?usp=sharing\"><span style=\"font-family: helvetica, arial, sans-serif;font-size: 12pt\">Matem\u00e1ticas 3\u00ba ESO <\/span><\/a><\/li>\n<li><a href=\"https:\/\/drive.google.com\/file\/d\/1hXUZs-_3j_piYOkVRGKFNuUtOZIpjHlx\/view?usp=sharing\"><span style=\"font-family: helvetica, arial, sans-serif;font-size: 12pt\">Lengua Castellana y Literatura 3\u00ba ESO <\/span><\/a><\/li>\n<li><a href=\"https:\/\/drive.google.com\/file\/d\/1ak0IbICMphwMfRi-EEvUbIKxS0RTHgJI\/view?usp=sharing\"><span style=\"font-family: helvetica, arial, sans-serif;font-size: 12pt\">Oratoria y Debate 3\u00ba ESO<\/span><\/a><\/li>\n<li><span style=\"font-family: helvetica, arial, sans-serif;font-size: 12pt\"><a href=\"https:\/\/drive.google.com\/file\/d\/1AlBeruaf-sp7K_dVBJW5Ohk9EA_e7Xlq\/view?usp=sharing\">Biolog\u00eda y Geolog\u00eda 3\u00ba ESO<\/a>&nbsp; <\/span><\/li>\n<li><a href=\"https:\/\/drive.google.com\/file\/d\/1-N-tQtDQarYNweVl7dBnCqxQSEAwjm2I\/view?usp=sharing\"><span style=\"font-family: helvetica, arial, sans-serif;font-size: 12pt\">Geograf\u00eda e Historia 3\u00ba ESO<\/span><\/a><\/li>\n<li><a href=\"https:\/\/drive.google.com\/file\/d\/1fHo9hrhmlsr1JCdqDT5NqsT3pedBecRJ\/view?usp=sharing\"><span style=\"font-family: helvetica, arial, sans-serif;font-size: 12pt\">Ingl\u00e9s 3\u00ba ESO <\/span><\/a><\/li>\n<li><a href=\"https:\/\/drive.google.com\/file\/d\/1E4xXmob8ipW0KbrY8ZR7EQk35earf98a\/view?usp=sharing\"><span style=\"font-family: helvetica, arial, sans-serif;font-size: 12pt\">Franc\u00e9s 3\u00ba ESO <\/span><\/a><\/li>\n<li><a href=\"https:\/\/drive.google.com\/file\/d\/191drIvMXC7UARcrVR_N70_PZ9PLpZm_A\/view?usp=sharing\"><span style=\"font-family: helvetica, arial, sans-serif;font-size: 12pt\">Educaci\u00f3n F\u00edsica 3\u00ba ESO <\/span><\/a><\/li>\n<li><a href=\"https:\/\/drive.google.com\/file\/d\/1pxOJUqwAG2LmaYEAd5ejegPoLsewTesE\/view?usp=sharing\"><span style=\"font-family: helvetica, arial, sans-serif;font-size: 12pt\">Educaci\u00f3n Pl\u00e1stica, Visual y Audiovisual 3\u00ba ESO <\/span><\/a><\/li>\n<li><a href=\"https:\/\/drive.google.com\/file\/d\/1ZSWeEWYKHSjiuMq7SbDSfoocOgQU5okL\/view?usp=sharing\"><span style=\"font-family: helvetica, arial, sans-serif;font-size: 12pt\">Tecnolog\u00eda y Digitalizaci\u00f3n 3\u00ba ESO <\/span><\/a><\/li>\n<li><span style=\"font-family: helvetica, arial, sans-serif;font-size: 12pt\">Computaci\u00f3n y Rob\u00f3tica 3\u00ba ESO<\/span><\/li>\n<li><a href=\"https:\/\/drive.google.com\/file\/d\/1VVnaKh0bQOzGYV21FRC51HmNJ5trMgXk\/view?usp=sharing\"><span style=\"font-family: helvetica, arial, sans-serif;font-size: 12pt\">Religi\u00f3n Cat\u00f3lica 3\u00ba ESO<\/span><\/a><\/li>\n<\/ul>\n<p>&nbsp;<\/p>\n<table style=\"border-collapse: collapse;width: 100%\">\n<tbody>\n<tr>\n<td style=\"width: 100%\"><img loading=\"lazy\" decoding=\"async\" class=\"\" src=\"https:\/\/blogsaverroes.juntadeandalucia.es\/iesbitacora\/files\/2022\/11\/selecciones-curso.jpg\" alt=\"\" width=\"488\" height=\"20\"\/><\/p>\n<p>&nbsp; &nbsp; &nbsp; <a href=\"https:\/\/blogsaverroes.juntadeandalucia.es\/iesbitacora\/criterios-de-1o-eso\/\"><span style=\"font-family: helvetica, arial, sans-serif\">1\u00ba E.S.O.<\/span><\/a>&nbsp; &nbsp; &nbsp; &nbsp; &nbsp; &nbsp; <a href=\"https:\/\/blogsaverroes.juntadeandalucia.es\/iesbitacora\/criterios-de-2o-eso\/\"><span style=\"font-family: helvetica, arial, sans-serif\">2\u00ba E.S.O.<\/span><\/a>&nbsp; &nbsp; &nbsp; &nbsp; &nbsp; &nbsp; &nbsp;<a href=\"https:\/\/blogsaverroes.juntadeandalucia.es\/iesbitacora\/criterios-de-3o-eso\/\"><span style=\"font-family: helvetica, arial, sans-serif\">3\u00ba E.S.O.<\/span><\/a>&nbsp; &nbsp; &nbsp; &nbsp; &nbsp; &nbsp; &nbsp; &nbsp;<span style=\"font-family: helvetica, arial, sans-serif\"><a href=\"https:\/\/blogsaverroes.juntadeandalucia.es\/iesbitacora\/criterios-de-4o-eso\/\">4\u00ba E.S.O<\/a>.<\/span><\/td>\n<\/tr>\n<\/tbody>\n<\/table>\n","protected":false},"excerpt":{"rendered":"<p>\u00c1mbitos Cient\u00edfico-Tecnol\u00f3gico (DICU1) \u00c1mbito Ling\u00fc\u00edstico y Social (DICU1) Matem\u00e1ticas 3\u00ba ESO Lengua Castellana y Literatura 3\u00ba ESO Oratoria y Debate 3\u00ba ESO Biolog\u00eda y Geolog\u00eda&hellip;<\/p>\n","protected":false},"author":5897,"featured_media":0,"parent":0,"menu_order":0,"comment_status":"closed","ping_status":"closed","template":"","meta":{"ngg_post_thumbnail":0,"footnotes":""},"aioseo_notices":[],"_links":{"self":[{"href":"https:\/\/blogsaverroes.juntadeandalucia.es\/iesbitacora\/wp-json\/wp\/v2\/pages\/4295"}],"collection":[{"href":"https:\/\/blogsaverroes.juntadeandalucia.es\/iesbitacora\/wp-json\/wp\/v2\/pages"}],"about":[{"href":"https:\/\/blogsaverroes.juntadeandalucia.es\/iesbitacora\/wp-json\/wp\/v2\/types\/page"}],"author":[{"embeddable":true,"href":"https:\/\/blogsaverroes.juntadeandalucia.es\/iesbitacora\/wp-json\/wp\/v2\/users\/5897"}],"replies":[{"embeddable":true,"href":"https:\/\/blogsaverroes.juntadeandalucia.es\/iesbitacora\/wp-json\/wp\/v2\/comments?post=4295"}],"version-history":[{"count":24,"href":"https:\/\/blogsaverroes.juntadeandalucia.es\/iesbitacora\/wp-json\/wp\/v2\/pages\/4295\/revisions"}],"predecessor-version":[{"id":4569,"href":"https:\/\/blogsaverroes.juntadeandalucia.es\/iesbitacora\/wp-json\/wp\/v2\/pages\/4295\/revisions\/4569"}],"wp:attachment":[{"href":"https:\/\/blogsaverroes.juntadeandalucia.es\/iesbitacora\/wp-json\/wp\/v2\/media?parent=4295"}],"curies":[{"name":"wp","href":"https:\/\/api.w.org\/{rel}","templated":true}]}}