{"id":4298,"date":"2022-10-26T07:54:45","date_gmt":"2022-10-26T07:54:45","guid":{"rendered":"https:\/\/blogsaverroes.juntadeandalucia.es\/iesbitacora\/?page_id=4298"},"modified":"2024-10-25T22:17:13","modified_gmt":"2024-10-25T21:17:13","slug":"criterios-de-4o-eso","status":"publish","type":"page","link":"https:\/\/blogsaverroes.juntadeandalucia.es\/iesbitacora\/criterios-de-4o-eso\/","title":{"rendered":"CRITERIOS DE 4\u00ba ESO"},"content":{"rendered":"<p><img loading=\"lazy\" decoding=\"async\" class=\"\" src=\"https:\/\/blogsaverroes.juntadeandalucia.es\/iesbitacora\/files\/2022\/11\/seleccione-materia.jpg\" alt=\"\" width=\"505\" height=\"36\"\/><\/p>\n<ul>\n<li><span style=\"font-family: helvetica, arial, sans-serif;font-size: 12pt\"><a href=\"https:\/\/drive.google.com\/file\/d\/1EIejwfFCW75NyNjEuG5l2SKPz2rgpPgP\/view?usp=sharing\">\u00c1mbitos Cient\u00edco-Tecnol\u00f3gico (DICU2)<\/a>&nbsp;<\/span><\/li>\n<li><span style=\"font-family: helvetica, arial, sans-serif;font-size: 12pt\"><a href=\"https:\/\/drive.google.com\/file\/d\/1T4OK71JYDPDc5uoHJ3hoi823znLwP3Xg\/view?usp=sharing\">\u00c1mbito Ling\u00fc\u00edstico y Social (DICU2)<\/a>.<\/span><\/li>\n<li><a href=\"https:\/\/drive.google.com\/file\/d\/1AbyUbzRJFfUvNuUfyO9uYBYxOUV0UhNF\/view?usp=sharing\"><span style=\"font-family: helvetica, arial, sans-serif;font-size: 12pt\">Matem\u00e1ticas A 4\u00ba ESO <\/span><\/a><\/li>\n<li><a href=\"https:\/\/drive.google.com\/file\/d\/1fbqIZakHk38y6-LhCuHhMgzaKGA4GnC2\/view?usp=sharing\"><span style=\"font-family: helvetica, arial, sans-serif;font-size: 12pt\">Matem\u00e1ticas B 4\u00ba ESO<\/span><\/a><\/li>\n<li><a href=\"https:\/\/drive.google.com\/file\/d\/1BtHfueebijOjXnO1eP0l0M0mJYXa7kvE\/view?usp=sharing\"><span style=\"font-family: helvetica, arial, sans-serif;font-size: 12pt\">Lengua Castellana y Literatura 4\u00ba ESO <\/span><\/a><\/li>\n<li><a href=\"https:\/\/drive.google.com\/file\/d\/1HtbQe246y1YnF2BDjlEFVE5T_K9GRhMx\/view?usp=sharing\"><span style=\"font-family: helvetica, arial, sans-serif;font-size: 12pt\">F\u00edsica y Qu\u00edmica 4\u00ba ESO<\/span><\/a><\/li>\n<li><a href=\"https:\/\/drive.google.com\/file\/d\/1oo9yDu_Mu4UjeQ0Q9hrfXBxiOQbS4Pro\/view?usp=sharing\"><span style=\"font-family: helvetica, arial, sans-serif;font-size: 12pt\">Biolog\u00eda y Geolog\u00eda 4\u00ba ESO<\/span><\/a><\/li>\n<li><a href=\"https:\/\/drive.google.com\/file\/d\/178Y16KXExmUtENWHUwaUKj6ypPPCN2va\/view?usp=sharing\"><span style=\"font-family: helvetica, arial, sans-serif;font-size: 12pt\">Cultura Cient\u00edfica 4\u00ba ESO <\/span><\/a><\/li>\n<li><a href=\"https:\/\/drive.google.com\/file\/d\/1YYZqbhTshCGEhWl-HYICaUKZeqUsGc3c\/view?usp=sharing\"><span style=\"font-family: helvetica, arial, sans-serif;font-size: 12pt\">Geograf\u00eda e Historia 4\u00ba ESO <\/span><\/a><\/li>\n<li><a href=\"https:\/\/drive.google.com\/file\/d\/1a3syKZ2svP0-RmNFgTOVHSj_8s-752mK\/view?usp=sharing\"><span style=\"font-family: helvetica, arial, sans-serif;font-size: 12pt\">Econom\u00eda y Emprendimiento 4\u00ba ESO<\/span><\/a><\/li>\n<li><span style=\"font-family: helvetica, arial, sans-serif;font-size: 12pt\">Educaci\u00f3n F\u00edsica 4\u00ba ESO <\/span><\/li>\n<li><a href=\"https:\/\/drive.google.com\/file\/d\/19aRNTWqwqx7dXQyc-uaaKIi7ZOqdE0Bn\/view?usp=sharing\"><span style=\"font-family: helvetica, arial, sans-serif;font-size: 12pt\">Ingl\u00e9s 4\u00ba ESO <\/span><\/a><\/li>\n<li><a href=\"https:\/\/drive.google.com\/file\/d\/1DYGccochIQbMTPoBZ31zg_UtT6TKKkv3\/view?usp=sharing\"><span style=\"font-family: helvetica, arial, sans-serif;font-size: 12pt\">Franc\u00e9s 4\u00ba ESO <\/span><\/a><\/li>\n<li><a href=\"https:\/\/drive.google.com\/file\/d\/1rZOSK3oSkAfsFnDZaRVs_Ki4Wp-bVmEX\/view?usp=sharing\"><span style=\"font-family: helvetica, arial, sans-serif;font-size: 12pt\">Lat\u00edn 4\u00ba ESO<\/span><\/a><\/li>\n<li><a href=\"https:\/\/drive.google.com\/file\/d\/1AE3IaxoCUVdQ0JROqRToTpP5-FpS7EwP\/view?usp=sharing\"><span style=\"font-family: helvetica, arial, sans-serif;font-size: 12pt\">Dibujo T\u00e9cnico 4\u00ba ESO<\/span><\/a><\/li>\n<li><span style=\"font-family: helvetica, arial, sans-serif;font-size: 12pt\">Digitalizaci\u00f3n 4\u00ba ESO <\/span><\/li>\n<li><span style=\"font-family: helvetica, arial, sans-serif;font-size: 12pt\">Tecnolog\u00eda 4\u00ba ESO<\/span><\/li>\n<li><a href=\"https:\/\/drive.google.com\/file\/d\/1Fpus9LGLk598YvDt6YefkKVYTzuAR8f1\/view?usp=sharing\"><span style=\"font-family: helvetica, arial, sans-serif;font-size: 12pt\">Filosof\u00eda 4\u00ba ESO <\/span><\/a><\/li>\n<li><a href=\"https:\/\/drive.google.com\/file\/d\/1femBjwGemaLgOs-l7IHv_EYc7iOYnPEE\/view?usp=sharing\"><span style=\"font-family: helvetica, arial, sans-serif;font-size: 12pt\">M\u00fasica 4\u00ba ESO <\/span><\/a><\/li>\n<li><a href=\"https:\/\/drive.google.com\/file\/d\/1femBjwGemaLgOs-l7IHv_EYc7iOYnPEE\/view?usp=sharing\"><span style=\"font-family: helvetica, arial, sans-serif;font-size: 12pt\">Expresi\u00f3n Art\u00edstica<\/span><\/a><\/li>\n<li><a href=\"https:\/\/drive.google.com\/file\/d\/1wyf2I3y-Zeuo1p7DsHOyFctNrpPaJGP-\/view?usp=sharing\"><span style=\"font-family: helvetica, arial, sans-serif;font-size: 12pt\">Religi\u00f3n Cat\u00f3lica 4\u00ba ESO<\/span><\/a><\/li>\n<\/ul>\n<table style=\"border-collapse: collapse;width: 100%\">\n<tbody>\n<tr>\n<td style=\"width: 100%\"><img loading=\"lazy\" decoding=\"async\" class=\"\" src=\"https:\/\/blogsaverroes.juntadeandalucia.es\/iesbitacora\/files\/2022\/11\/selecciones-curso.jpg\" alt=\"\" width=\"488\" height=\"20\"\/><\/p>\n<p>&nbsp; &nbsp; &nbsp; <a href=\"https:\/\/blogsaverroes.juntadeandalucia.es\/iesbitacora\/criterios-de-1o-eso\/\"><span style=\"font-family: helvetica, arial, sans-serif\">1\u00ba E.S.O.<\/span><\/a>&nbsp; &nbsp; &nbsp; &nbsp; &nbsp; &nbsp; <a href=\"https:\/\/blogsaverroes.juntadeandalucia.es\/iesbitacora\/criterios-de-2o-eso\/\"><span style=\"font-family: helvetica, arial, sans-serif\">2\u00ba E.S.O.<\/span><\/a>&nbsp; &nbsp; &nbsp; &nbsp; &nbsp; &nbsp; &nbsp;<a href=\"https:\/\/blogsaverroes.juntadeandalucia.es\/iesbitacora\/criterios-de-3o-eso\/\"><span style=\"font-family: helvetica, arial, sans-serif\">3\u00ba E.S.O.<\/span><\/a>&nbsp; &nbsp; &nbsp; &nbsp; &nbsp; &nbsp; &nbsp; &nbsp;<span style=\"font-family: helvetica, arial, sans-serif\"><a href=\"https:\/\/blogsaverroes.juntadeandalucia.es\/iesbitacora\/criterios-de-4o-eso\/\">4\u00ba E.S.O<\/a>.<\/span><\/td>\n<\/tr>\n<\/tbody>\n<\/table>\n","protected":false},"excerpt":{"rendered":"<p>\u00c1mbitos Cient\u00edco-Tecnol\u00f3gico (DICU2)&nbsp; \u00c1mbito Ling\u00fc\u00edstico y Social (DICU2). Matem\u00e1ticas A 4\u00ba ESO Matem\u00e1ticas B 4\u00ba ESO Lengua Castellana y Literatura 4\u00ba ESO F\u00edsica y Qu\u00edmica&hellip;<\/p>\n","protected":false},"author":5897,"featured_media":0,"parent":0,"menu_order":0,"comment_status":"closed","ping_status":"closed","template":"","meta":{"ngg_post_thumbnail":0,"footnotes":""},"aioseo_notices":[],"_links":{"self":[{"href":"https:\/\/blogsaverroes.juntadeandalucia.es\/iesbitacora\/wp-json\/wp\/v2\/pages\/4298"}],"collection":[{"href":"https:\/\/blogsaverroes.juntadeandalucia.es\/iesbitacora\/wp-json\/wp\/v2\/pages"}],"about":[{"href":"https:\/\/blogsaverroes.juntadeandalucia.es\/iesbitacora\/wp-json\/wp\/v2\/types\/page"}],"author":[{"embeddable":true,"href":"https:\/\/blogsaverroes.juntadeandalucia.es\/iesbitacora\/wp-json\/wp\/v2\/users\/5897"}],"replies":[{"embeddable":true,"href":"https:\/\/blogsaverroes.juntadeandalucia.es\/iesbitacora\/wp-json\/wp\/v2\/comments?post=4298"}],"version-history":[{"count":21,"href":"https:\/\/blogsaverroes.juntadeandalucia.es\/iesbitacora\/wp-json\/wp\/v2\/pages\/4298\/revisions"}],"predecessor-version":[{"id":4570,"href":"https:\/\/blogsaverroes.juntadeandalucia.es\/iesbitacora\/wp-json\/wp\/v2\/pages\/4298\/revisions\/4570"}],"wp:attachment":[{"href":"https:\/\/blogsaverroes.juntadeandalucia.es\/iesbitacora\/wp-json\/wp\/v2\/media?parent=4298"}],"curies":[{"name":"wp","href":"https:\/\/api.w.org\/{rel}","templated":true}]}}