{"id":43,"date":"2018-04-08T20:11:11","date_gmt":"2018-04-08T20:11:11","guid":{"rendered":"https:\/\/blogsaverroes.juntadeandalucia.es\/iesbitacora\/?page_id=43"},"modified":"2022-01-11T09:48:45","modified_gmt":"2022-01-11T09:48:45","slug":"consejo-escolar","status":"publish","type":"page","link":"https:\/\/blogsaverroes.juntadeandalucia.es\/iesbitacora\/consejo-escolar\/","title":{"rendered":"CONSEJO ESCOLAR"},"content":{"rendered":"<table style=\"width: 917px;height: 411px\">\n<tbody>\n<tr style=\"height: 6px\">\n<td style=\"width: 449px;height: 6px\"><span style=\"font-size: 16px;font-family: helvetica, arial, sans-serif;color: #375da1\"><strong>Equipo Directivo<\/strong><\/span><\/p>\n<ul>\n<li><span style=\"font-size: 16px;font-family: helvetica, arial, sans-serif\">M\u00aa Eugenia Gonz\u00e1lez Gallardo<\/span><\/li>\n<li><span style=\"font-size: 16px;font-family: helvetica, arial, sans-serif\">M\u00aa del Carmen Ria\u00f1o Delgado<\/span><\/li>\n<li><span style=\"font-family: helvetica, arial, sans-serif\">Fernando Barbosa Garc\u00eda<\/span><\/li>\n<\/ul>\n<p><span style=\"font-size: 16px;font-family: helvetica, arial, sans-serif;color: #375da1\"><strong>Profesorado<\/strong><\/span><\/p>\n<ul>\n<li><span style=\"font-size: 16px;font-family: helvetica, arial, sans-serif\">Angelines Casta\u00f1era Rovira<\/span><\/li>\n<li><span style=\"font-family: helvetica,arial,sans-serif;font-size: 16px\">M\u00aa Jos\u00e9&nbsp; Rodr\u00edguez Gonz\u00e1lez<\/span><\/li>\n<li><span style=\"font-size: 16px;font-family: helvetica, arial, sans-serif\">Araceli S\u00e1nchez L\u00f3pez <\/span><\/li>\n<li><span style=\"font-size: 16px;font-family: helvetica, arial, sans-serif\">Alicia Zamorano Acosta<\/span><\/li>\n<\/ul>\n<p><span style=\"font-size: 16px;font-family: helvetica, arial, sans-serif;color: #375da1\"><strong>Madres\/padres<\/strong><\/span><\/p>\n<ul>\n<li><span style=\"font-family: Helvetica;font-size: 16px\">Juan Manuel De la Corte Lirola<\/span><\/li>\n<li><span style=\"font-size: 16px;font-family: helvetica, arial, sans-serif\">Dolores Orta Ferrer<\/span><\/li>\n<li><span style=\"font-size: 16px;font-family: helvetica, arial, sans-serif\">Manuela Pomares Morgado<\/span><\/li>\n<\/ul>\n<\/td>\n<td style=\"width: 452px;height: 6px\"><span style=\"font-size: 16px;font-family: helvetica, arial, sans-serif;color: #375da1\"><strong>Alumnado<\/strong><\/span><\/p>\n<ul>\n<li><span style=\"font-family: helvetica,arial,sans-serif;font-size: 16px\"><span style=\"font-family: Helvetica\">Marta Albarrac\u00edn Rodr\u00edguez <\/span><\/span><\/li>\n<li><span style=\"font-family: helvetica,arial,sans-serif;font-size: 16px\"><span style=\"font-family: Helvetica\">Adriana Tarri\u00f1o Mill\u00e1n<\/span><\/span><\/li>\n<li><span style=\"font-family: helvetica,arial,sans-serif;font-size: 16px\"><span style=\"font-family: Helvetica\">Luis Villegas Ferrera<\/span><\/span><\/li>\n<\/ul>\n<p><span style=\"font-size: 16px;font-family: helvetica, arial, sans-serif;color: #375da1\"><strong>Personal de Administraci\u00f3n y Servicios<\/strong><\/span><\/p>\n<ul>\n<li><span style=\"font-family: helvetica,arial,sans-serif;font-size: 16px\"><span style=\"font-family: Helvetica\">M\u00aa del Carmen Longo Torres<\/span><\/span><\/li>\n<\/ul>\n<p><span style=\"font-size: 16px;font-family: helvetica, arial, sans-serif;color: #375da1\"><strong>Ayuntamiento<\/strong><\/span><\/p>\n<ul>\n<li><span style=\"font-size: 16px;font-family: helvetica, arial, sans-serif\">Melisa Fern\u00e1ndez Ferrera<\/span><\/li>\n<\/ul>\n<p><span style=\"font-size: 16px;font-family: helvetica, arial, sans-serif;color: #375da1\"><strong>Fomento Igualdad<\/strong><\/span><\/p>\n<ul>\n<li><span style=\"font-family: Helvetica;font-size: 16px\">David Guerrero Moyano<\/span><\/li>\n<\/ul>\n<\/td>\n<\/tr>\n<\/tbody>\n<\/table>\n<p>&nbsp;<\/p>\n","protected":false},"excerpt":{"rendered":"<p>Equipo Directivo M\u00aa Eugenia Gonz\u00e1lez Gallardo M\u00aa del Carmen Ria\u00f1o Delgado Fernando Barbosa Garc\u00eda Profesorado Angelines Casta\u00f1era Rovira M\u00aa Jos\u00e9&nbsp; Rodr\u00edguez Gonz\u00e1lez Araceli S\u00e1nchez L\u00f3pez&hellip;<\/p>\n","protected":false},"author":5897,"featured_media":0,"parent":0,"menu_order":0,"comment_status":"closed","ping_status":"closed","template":"page-template-full.php","meta":{"ngg_post_thumbnail":0,"footnotes":""},"aioseo_notices":[],"_links":{"self":[{"href":"https:\/\/blogsaverroes.juntadeandalucia.es\/iesbitacora\/wp-json\/wp\/v2\/pages\/43"}],"collection":[{"href":"https:\/\/blogsaverroes.juntadeandalucia.es\/iesbitacora\/wp-json\/wp\/v2\/pages"}],"about":[{"href":"https:\/\/blogsaverroes.juntadeandalucia.es\/iesbitacora\/wp-json\/wp\/v2\/types\/page"}],"author":[{"embeddable":true,"href":"https:\/\/blogsaverroes.juntadeandalucia.es\/iesbitacora\/wp-json\/wp\/v2\/users\/5897"}],"replies":[{"embeddable":true,"href":"https:\/\/blogsaverroes.juntadeandalucia.es\/iesbitacora\/wp-json\/wp\/v2\/comments?post=43"}],"version-history":[{"count":23,"href":"https:\/\/blogsaverroes.juntadeandalucia.es\/iesbitacora\/wp-json\/wp\/v2\/pages\/43\/revisions"}],"predecessor-version":[{"id":4134,"href":"https:\/\/blogsaverroes.juntadeandalucia.es\/iesbitacora\/wp-json\/wp\/v2\/pages\/43\/revisions\/4134"}],"wp:attachment":[{"href":"https:\/\/blogsaverroes.juntadeandalucia.es\/iesbitacora\/wp-json\/wp\/v2\/media?parent=43"}],"curies":[{"name":"wp","href":"https:\/\/api.w.org\/{rel}","templated":true}]}}