{"id":433,"date":"2018-04-11T15:17:24","date_gmt":"2018-04-11T15:17:24","guid":{"rendered":"https:\/\/blogsaverroes.juntadeandalucia.es\/iesbitacora\/?page_id=433"},"modified":"2025-12-03T21:00:02","modified_gmt":"2025-12-03T20:00:02","slug":"ciencias-naturales","status":"publish","type":"page","link":"https:\/\/blogsaverroes.juntadeandalucia.es\/iesbitacora\/ciencias-naturales\/","title":{"rendered":"CIENCIAS"},"content":{"rendered":"<p><strong><img loading=\"lazy\" decoding=\"async\" class=\"size-medium wp-image-531 aligncenter\" src=\"https:\/\/blogsaverroes.juntadeandalucia.es\/iesbitacora\/files\/2018\/04\/tumblr_static_tumblr_static_94grq00ugxcso04ooo0gwg0cc_640-300x169.jpg\" alt=\"\" width=\"300\" height=\"169\" srcset=\"https:\/\/blogsaverroes.juntadeandalucia.es\/iesbitacora\/files\/2018\/04\/tumblr_static_tumblr_static_94grq00ugxcso04ooo0gwg0cc_640-300x169.jpg 300w, https:\/\/blogsaverroes.juntadeandalucia.es\/iesbitacora\/files\/2018\/04\/tumblr_static_tumblr_static_94grq00ugxcso04ooo0gwg0cc_640-24x14.jpg 24w, https:\/\/blogsaverroes.juntadeandalucia.es\/iesbitacora\/files\/2018\/04\/tumblr_static_tumblr_static_94grq00ugxcso04ooo0gwg0cc_640-36x20.jpg 36w, https:\/\/blogsaverroes.juntadeandalucia.es\/iesbitacora\/files\/2018\/04\/tumblr_static_tumblr_static_94grq00ugxcso04ooo0gwg0cc_640-48x27.jpg 48w, https:\/\/blogsaverroes.juntadeandalucia.es\/iesbitacora\/files\/2018\/04\/tumblr_static_tumblr_static_94grq00ugxcso04ooo0gwg0cc_640.jpg 640w\" sizes=\"(max-width: 300px) 100vw, 300px\" \/><\/strong><\/p>\n<table style=\"width: 725px\">\n<tbody>\n<tr>\n<td style=\"width: 159.109375px\"><span style=\"font-family: helvetica, arial, sans-serif;font-size: 16px\">&nbsp;<\/span><\/td>\n<td style=\"width: 469.890625px\"><span style=\"font-family: helvetica, arial, sans-serif;font-size: 16px\"><strong>Jefa del&nbsp;Dpto.:<\/strong>&nbsp;<\/span><\/p>\n<p><span style=\"font-family: helvetica, arial, sans-serif;font-size: 16px\"><strong>Componentes&nbsp; &nbsp;2025-20263: &nbsp;<\/strong><\/span><\/p>\n<ul>\n<li><strong><span style=\"font-family: helvetica, arial, sans-serif\">Profesora de Biolog\u00eda y Geolog\u00eda<\/span><\/strong><\/li>\n<li><strong><span style=\"font-family: helvetica, arial, sans-serif\">Profesor de Biolog\u00eda y Geolog\u00eda. <\/span><\/strong><\/li>\n<li><strong><span style=\"font-family: helvetica, arial, sans-serif\">Profesora de F\u00edsica y Qu\u00edmica<\/span><\/strong><\/li>\n<\/ul>\n<p><span style=\"font-family: helvetica, arial, sans-serif;font-size: 16px\"><strong>\u00c1reas adscritas<\/strong><\/span><\/p>\n<ul>\n<li><span style=\"font-family: helvetica, arial, sans-serif;font-size: 16px\"><a href=\"https:\/\/blogsaverroes.juntadeandalucia.es\/iesbitacora\/biologia-y-geologia\/\">Biolog\u00eda y Geolog\u00eda<\/a><\/span><\/li>\n<li><span style=\"font-family: helvetica, arial, sans-serif;font-size: 16px\"><a href=\"https:\/\/blogsaverroes.juntadeandalucia.es\/iesbitacora\/fisica-y-quimica\/\">F\u00edsica y Qu\u00edmica<\/a><\/span><\/li>\n<\/ul>\n<\/td>\n<td style=\"width: 160px\">&nbsp;<\/td>\n<\/tr>\n<\/tbody>\n<\/table>\n<p>&nbsp;<\/p>\n<p>&nbsp;<\/p>\n<p>&nbsp;<\/p>\n<p style=\"text-align: left\">&nbsp;<\/p>\n","protected":false},"excerpt":{"rendered":"<p>&nbsp; Jefa del&nbsp;Dpto.:&nbsp; Componentes&nbsp; &nbsp;2025-20263: &nbsp; Profesora de Biolog\u00eda y Geolog\u00eda Profesor de Biolog\u00eda y Geolog\u00eda. Profesora de F\u00edsica y Qu\u00edmica \u00c1reas adscritas Biolog\u00eda y&hellip;<\/p>\n","protected":false},"author":5897,"featured_media":0,"parent":0,"menu_order":0,"comment_status":"closed","ping_status":"closed","template":"","meta":{"ngg_post_thumbnail":0,"footnotes":""},"aioseo_notices":[],"_links":{"self":[{"href":"https:\/\/blogsaverroes.juntadeandalucia.es\/iesbitacora\/wp-json\/wp\/v2\/pages\/433"}],"collection":[{"href":"https:\/\/blogsaverroes.juntadeandalucia.es\/iesbitacora\/wp-json\/wp\/v2\/pages"}],"about":[{"href":"https:\/\/blogsaverroes.juntadeandalucia.es\/iesbitacora\/wp-json\/wp\/v2\/types\/page"}],"author":[{"embeddable":true,"href":"https:\/\/blogsaverroes.juntadeandalucia.es\/iesbitacora\/wp-json\/wp\/v2\/users\/5897"}],"replies":[{"embeddable":true,"href":"https:\/\/blogsaverroes.juntadeandalucia.es\/iesbitacora\/wp-json\/wp\/v2\/comments?post=433"}],"version-history":[{"count":23,"href":"https:\/\/blogsaverroes.juntadeandalucia.es\/iesbitacora\/wp-json\/wp\/v2\/pages\/433\/revisions"}],"predecessor-version":[{"id":4773,"href":"https:\/\/blogsaverroes.juntadeandalucia.es\/iesbitacora\/wp-json\/wp\/v2\/pages\/433\/revisions\/4773"}],"wp:attachment":[{"href":"https:\/\/blogsaverroes.juntadeandalucia.es\/iesbitacora\/wp-json\/wp\/v2\/media?parent=433"}],"curies":[{"name":"wp","href":"https:\/\/api.w.org\/{rel}","templated":true}]}}