{"id":4546,"date":"2024-05-28T10:10:20","date_gmt":"2024-05-28T09:10:20","guid":{"rendered":"https:\/\/blogsaverroes.juntadeandalucia.es\/iesbitacora\/?page_id=4546"},"modified":"2024-06-15T13:43:05","modified_gmt":"2024-06-15T12:43:05","slug":"bilinguismo","status":"publish","type":"page","link":"https:\/\/blogsaverroes.juntadeandalucia.es\/iesbitacora\/planes-y-proyectos\/bilinguismo\/","title":{"rendered":"BILING\u00dcISMO \/ BILINGUALISM"},"content":{"rendered":"<p><img loading=\"lazy\" decoding=\"async\" class=\"aligncenter size-full wp-image-4691\" src=\"https:\/\/blogsaverroes.juntadeandalucia.es\/iesbitacora\/files\/2025\/05\/logos-proa.png\" alt=\"\" width=\"1785\" height=\"113\" srcset=\"https:\/\/blogsaverroes.juntadeandalucia.es\/iesbitacora\/files\/2025\/05\/logos-proa.png 1785w, https:\/\/blogsaverroes.juntadeandalucia.es\/iesbitacora\/files\/2025\/05\/logos-proa-300x19.png 300w, https:\/\/blogsaverroes.juntadeandalucia.es\/iesbitacora\/files\/2025\/05\/logos-proa-1024x65.png 1024w, https:\/\/blogsaverroes.juntadeandalucia.es\/iesbitacora\/files\/2025\/05\/logos-proa-150x9.png 150w, https:\/\/blogsaverroes.juntadeandalucia.es\/iesbitacora\/files\/2025\/05\/logos-proa-768x49.png 768w, https:\/\/blogsaverroes.juntadeandalucia.es\/iesbitacora\/files\/2025\/05\/logos-proa-1536x97.png 1536w\" sizes=\"(max-width: 1785px) 100vw, 1785px\" \/><\/p>\n<p style=\"text-align: justify\"><span style=\"font-family: helvetica, arial, sans-serif;color: #000000\">El I.E.S Bit\u00e1cora participa dentro del Plan de Fomento del Pluriling\u00fcismo como Centro Biling\u00fce en Ingl\u00e9s, desde el curso 2012 \/2013. Dicho Plan obedece al dise\u00f1o de la pol\u00edtica ling\u00fc\u00edstica en Andaluc\u00eda, uno de cuyos objetivos es que el alumnado adquiera la destreza de comunicarse en diferentes lenguas.<\/span><\/p>\n<p style=\"text-align: justify\"><span style=\"font-family: helvetica, arial, sans-serif;color: #000000\">El alumnado que titula en ESO en nuestro centro tendr\u00e1 la certificaci\u00f3n de haber cursado la modalidad biling\u00fce desde 1\u00ba ESO a 4\u00ba ESO.<\/span><\/p>\n<p><a href=\"https:\/\/drive.google.com\/file\/d\/1_6DcGoCyYC_dnxct4A-CkTZGhnLUhBCb\/view?usp=sharing\" target=\"_blank\" rel=\"noopener\"><img loading=\"lazy\" decoding=\"async\" class=\"aligncenter wp-image-4557\" src=\"https:\/\/blogsaverroes.juntadeandalucia.es\/iesbitacora\/files\/2024\/06\/Informacion-Auxiliares-Conversaciones.png\" alt=\"\" width=\"731\" height=\"411\" srcset=\"https:\/\/blogsaverroes.juntadeandalucia.es\/iesbitacora\/files\/2024\/06\/Informacion-Auxiliares-Conversaciones.png 1025w, https:\/\/blogsaverroes.juntadeandalucia.es\/iesbitacora\/files\/2024\/06\/Informacion-Auxiliares-Conversaciones-300x169.png 300w, https:\/\/blogsaverroes.juntadeandalucia.es\/iesbitacora\/files\/2024\/06\/Informacion-Auxiliares-Conversaciones-150x84.png 150w, https:\/\/blogsaverroes.juntadeandalucia.es\/iesbitacora\/files\/2024\/06\/Informacion-Auxiliares-Conversaciones-768x432.png 768w\" sizes=\"(max-width: 731px) 100vw, 731px\" \/><\/a><\/p>\n<p>&nbsp;<\/p>\n<p><span style=\"color: #003300\"><strong><span style=\"font-family: helvetica, arial, sans-serif\">CURSO 2024- 2025<\/span><\/strong><\/span><\/p>\n<table style=\"border-collapse: collapse;width: 100%;height: 210px\">\n<tbody>\n<tr style=\"height: 24px\">\n<td style=\"width: 34.1597%;vertical-align: middle;height: 24px\"><span style=\"color: #000000\"><strong><span style=\"font-family: helvetica, arial, sans-serif\">Coordinadora del Programa<\/span><\/strong><\/span><\/td>\n<td style=\"width: 65.8403%;height: 24px\"><span style=\"font-family: helvetica, arial, sans-serif;color: #000000\">Sara Cordero Giraldo<\/span><\/td>\n<\/tr>\n<tr style=\"height: 104px\">\n<td style=\"width: 34.1597%;vertical-align: middle;height: 73px\"><span style=\"color: #000000\"><strong><span style=\"font-family: helvetica, arial, sans-serif\">Asignaturas biling\u00fces<\/span><\/strong><\/span><\/td>\n<td style=\"width: 65.8403%;height: 73px\">\n<ul>\n<li><span style=\"font-family: helvetica, arial, sans-serif;color: #000000\">Geograf\u00eda e Historia<\/span><\/li>\n<li><span style=\"font-family: helvetica, arial, sans-serif;color: #000000\">Educaci\u00f3n F\u00edsica<\/span><\/li>\n<li><span style=\"font-family: helvetica, arial, sans-serif;color: #000000\">Tecnolog\u00eda y Digitalizaci\u00f3n<\/span><\/li>\n<\/ul>\n<\/td>\n<\/tr>\n<tr style=\"height: 128px\">\n<td style=\"width: 34.1597%;vertical-align: middle;height: 113px\"><span style=\"color: #000000\"><strong><span style=\"font-family: helvetica, arial, sans-serif\">Profesorado con docencia biling\u00fce<\/span><\/strong><\/span><\/td>\n<td style=\"width: 65.8403%;height: 113px\">\n<ul>\n<li><span style=\"font-family: helvetica, arial, sans-serif;color: #000000\">Gonz\u00e1lez Del R\u00edo, Vanessa (Geograf\u00eda e Historia) <\/span><\/li>\n<li><span style=\"font-family: helvetica, arial, sans-serif;color: #000000\">Mar\u00edn Rueda, Francisco (Geograf\u00eda e Historia) <\/span><\/li>\n<li><span style=\"font-family: helvetica, arial, sans-serif;color: #000000\">Navarro Mac\u00edas, Pablo (Educaci\u00f3n F\u00edsica) <\/span><\/li>\n<li><span style=\"font-family: helvetica, arial, sans-serif;color: #000000\">Suero Castillas, Manuel Jos\u00e9 (Tecnolog\u00eda y Digitalizaci\u00f3n)<\/span><\/li>\n<\/ul>\n<\/td>\n<\/tr>\n<\/tbody>\n<\/table>\n","protected":false},"excerpt":{"rendered":"<p>El I.E.S Bit\u00e1cora participa dentro del Plan de Fomento del Pluriling\u00fcismo como Centro Biling\u00fce en Ingl\u00e9s, desde el curso 2012 \/2013. Dicho Plan obedece al&hellip;<\/p>\n","protected":false},"author":5897,"featured_media":0,"parent":26,"menu_order":0,"comment_status":"closed","ping_status":"closed","template":"","meta":{"ngg_post_thumbnail":0,"footnotes":""},"aioseo_notices":[],"_links":{"self":[{"href":"https:\/\/blogsaverroes.juntadeandalucia.es\/iesbitacora\/wp-json\/wp\/v2\/pages\/4546"}],"collection":[{"href":"https:\/\/blogsaverroes.juntadeandalucia.es\/iesbitacora\/wp-json\/wp\/v2\/pages"}],"about":[{"href":"https:\/\/blogsaverroes.juntadeandalucia.es\/iesbitacora\/wp-json\/wp\/v2\/types\/page"}],"author":[{"embeddable":true,"href":"https:\/\/blogsaverroes.juntadeandalucia.es\/iesbitacora\/wp-json\/wp\/v2\/users\/5897"}],"replies":[{"embeddable":true,"href":"https:\/\/blogsaverroes.juntadeandalucia.es\/iesbitacora\/wp-json\/wp\/v2\/comments?post=4546"}],"version-history":[{"count":7,"href":"https:\/\/blogsaverroes.juntadeandalucia.es\/iesbitacora\/wp-json\/wp\/v2\/pages\/4546\/revisions"}],"predecessor-version":[{"id":4713,"href":"https:\/\/blogsaverroes.juntadeandalucia.es\/iesbitacora\/wp-json\/wp\/v2\/pages\/4546\/revisions\/4713"}],"up":[{"embeddable":true,"href":"https:\/\/blogsaverroes.juntadeandalucia.es\/iesbitacora\/wp-json\/wp\/v2\/pages\/26"}],"wp:attachment":[{"href":"https:\/\/blogsaverroes.juntadeandalucia.es\/iesbitacora\/wp-json\/wp\/v2\/media?parent=4546"}],"curies":[{"name":"wp","href":"https:\/\/api.w.org\/{rel}","templated":true}]}}