{"id":4689,"date":"2024-09-23T13:00:26","date_gmt":"2024-09-23T12:00:26","guid":{"rendered":"https:\/\/blogsaverroes.juntadeandalucia.es\/iesbitacora\/?page_id=4689"},"modified":"2025-05-14T13:03:58","modified_gmt":"2025-05-14T12:03:58","slug":"proa","status":"publish","type":"page","link":"https:\/\/blogsaverroes.juntadeandalucia.es\/iesbitacora\/planes-y-proyectos\/proa\/","title":{"rendered":"PROGRAMA DE REFUERZO, ORIENTACI\u00d3N Y APOYO (PROA Andaluc\u00eda)"},"content":{"rendered":"<p><img loading=\"lazy\" decoding=\"async\" class=\"aligncenter size-full wp-image-4691\" src=\"https:\/\/blogsaverroes.juntadeandalucia.es\/iesbitacora\/files\/2025\/05\/logos-proa.png\" alt=\"\" width=\"1785\" height=\"113\" srcset=\"https:\/\/blogsaverroes.juntadeandalucia.es\/iesbitacora\/files\/2025\/05\/logos-proa.png 1785w, https:\/\/blogsaverroes.juntadeandalucia.es\/iesbitacora\/files\/2025\/05\/logos-proa-300x19.png 300w, https:\/\/blogsaverroes.juntadeandalucia.es\/iesbitacora\/files\/2025\/05\/logos-proa-1024x65.png 1024w, https:\/\/blogsaverroes.juntadeandalucia.es\/iesbitacora\/files\/2025\/05\/logos-proa-150x9.png 150w, https:\/\/blogsaverroes.juntadeandalucia.es\/iesbitacora\/files\/2025\/05\/logos-proa-768x49.png 768w, https:\/\/blogsaverroes.juntadeandalucia.es\/iesbitacora\/files\/2025\/05\/logos-proa-1536x97.png 1536w\" sizes=\"(max-width: 1785px) 100vw, 1785px\" \/><\/p>\n<p style=\"text-align: justify\"><span style=\"font-family: helvetica, arial, sans-serif;color: #000000\">El IES Bit\u00e1cora participa un curso m\u00e1s en el desarrollo del Programa de Refuerzo, Orientaci\u00f3n y Apoyo. Dicho programa, que se desarrolla fuera del horario lectivo, est\u00e1 dirigido al alumnado con necesidades espec\u00edficas de apoyo educativo y ser\u00e1 desarrollado por docentes de nuestro Centro.<\/span><\/p>\n<p><img loading=\"lazy\" decoding=\"async\" class=\"wp-image-4690 alignleft\" src=\"https:\/\/blogsaverroes.juntadeandalucia.es\/iesbitacora\/files\/2025\/05\/Carteleria_FSE-2021-27.-Prioridad-3.-PT-PROA-Refuerzo-Estival.jpg\" alt=\"\" width=\"239\" height=\"338\" srcset=\"https:\/\/blogsaverroes.juntadeandalucia.es\/iesbitacora\/files\/2025\/05\/Carteleria_FSE-2021-27.-Prioridad-3.-PT-PROA-Refuerzo-Estival.jpg 1131w, https:\/\/blogsaverroes.juntadeandalucia.es\/iesbitacora\/files\/2025\/05\/Carteleria_FSE-2021-27.-Prioridad-3.-PT-PROA-Refuerzo-Estival-212x300.jpg 212w, https:\/\/blogsaverroes.juntadeandalucia.es\/iesbitacora\/files\/2025\/05\/Carteleria_FSE-2021-27.-Prioridad-3.-PT-PROA-Refuerzo-Estival-724x1024.jpg 724w, https:\/\/blogsaverroes.juntadeandalucia.es\/iesbitacora\/files\/2025\/05\/Carteleria_FSE-2021-27.-Prioridad-3.-PT-PROA-Refuerzo-Estival-106x150.jpg 106w, https:\/\/blogsaverroes.juntadeandalucia.es\/iesbitacora\/files\/2025\/05\/Carteleria_FSE-2021-27.-Prioridad-3.-PT-PROA-Refuerzo-Estival-768x1086.jpg 768w, https:\/\/blogsaverroes.juntadeandalucia.es\/iesbitacora\/files\/2025\/05\/Carteleria_FSE-2021-27.-Prioridad-3.-PT-PROA-Refuerzo-Estival-1086x1536.jpg 1086w, https:\/\/blogsaverroes.juntadeandalucia.es\/iesbitacora\/files\/2025\/05\/Carteleria_FSE-2021-27.-Prioridad-3.-PT-PROA-Refuerzo-Estival-1448x2048.jpg 1448w\" sizes=\"(max-width: 239px) 100vw, 239px\" \/><\/p>\n<table style=\"border-collapse: collapse;width: 68.3797%;height: 113px\">\n<tbody>\n<tr style=\"height: 24px\">\n<td style=\"width: 39.818%;height: 24px;text-align: left\"><span style=\"font-family: helvetica, arial, sans-serif;color: #000000\"><strong>Coordinador<\/strong><\/span><\/td>\n<td style=\"width: 426.229%;height: 24px\"><span style=\"font-family: helvetica, arial, sans-serif;color: #000000\">\u00c1ngel L\u00f3pez Jim\u00e9nez<\/span><\/td>\n<\/tr>\n<tr style=\"height: 136px\">\n<td style=\"width: 39.818%;height: 89px;text-align: justify;vertical-align: middle\"><span style=\"font-family: helvetica, arial, sans-serif;color: #000000\"><strong>Docentes que&nbsp;<\/strong><\/span><span style=\"font-family: helvetica, arial, sans-serif;color: #000000\"><strong>lo imparten<\/strong><\/span><\/td>\n<td style=\"width: 426.229%;height: 89px\"><span style=\"font-family: helvetica, arial, sans-serif;color: #000000\">Carmona Esp\u00ednola, Carmen<\/span><\/p>\n<p><span style=\"font-family: helvetica, arial, sans-serif;color: #000000\">Campoy D\u00edaz, Carmen <\/span><\/p>\n<p><span style=\"font-family: helvetica, arial, sans-serif;color: #000000\">L\u00f3pez Jim\u00e9nez, \u00c1ngel<\/span><\/td>\n<\/tr>\n<\/tbody>\n<\/table>\n<p><strong><a href=\"https:\/\/blogsaverroes.juntadeandalucia.es\/iesbitacora\/2024\/10\/\"><span style=\"font-family: helvetica, arial, sans-serif\">Horario 2024-2025<\/span><\/a><\/strong><\/p>\n<p><a href=\"https:\/\/www.juntadeandalucia.es\/educacion\/portales\/web\/planes-y-programas\/programas-desarrollo-educativo\/proa\/presentacion?redirect=\/educacion\/portales\/web\/planes-y-programas\/programas-desarrollo-educativo\/inicio\"><strong><span style=\"font-family: helvetica, arial, sans-serif\">M\u00e1s informaci\u00f3n<\/span><\/strong><\/a><\/p>\n","protected":false},"excerpt":{"rendered":"<p>El IES Bit\u00e1cora participa un curso m\u00e1s en el desarrollo del Programa de Refuerzo, Orientaci\u00f3n y Apoyo. Dicho programa, que se desarrolla fuera del horario&hellip;<\/p>\n","protected":false},"author":5897,"featured_media":0,"parent":26,"menu_order":0,"comment_status":"closed","ping_status":"closed","template":"","meta":{"ngg_post_thumbnail":0,"footnotes":""},"aioseo_notices":[],"_links":{"self":[{"href":"https:\/\/blogsaverroes.juntadeandalucia.es\/iesbitacora\/wp-json\/wp\/v2\/pages\/4689"}],"collection":[{"href":"https:\/\/blogsaverroes.juntadeandalucia.es\/iesbitacora\/wp-json\/wp\/v2\/pages"}],"about":[{"href":"https:\/\/blogsaverroes.juntadeandalucia.es\/iesbitacora\/wp-json\/wp\/v2\/types\/page"}],"author":[{"embeddable":true,"href":"https:\/\/blogsaverroes.juntadeandalucia.es\/iesbitacora\/wp-json\/wp\/v2\/users\/5897"}],"replies":[{"embeddable":true,"href":"https:\/\/blogsaverroes.juntadeandalucia.es\/iesbitacora\/wp-json\/wp\/v2\/comments?post=4689"}],"version-history":[{"count":9,"href":"https:\/\/blogsaverroes.juntadeandalucia.es\/iesbitacora\/wp-json\/wp\/v2\/pages\/4689\/revisions"}],"predecessor-version":[{"id":4715,"href":"https:\/\/blogsaverroes.juntadeandalucia.es\/iesbitacora\/wp-json\/wp\/v2\/pages\/4689\/revisions\/4715"}],"up":[{"embeddable":true,"href":"https:\/\/blogsaverroes.juntadeandalucia.es\/iesbitacora\/wp-json\/wp\/v2\/pages\/26"}],"wp:attachment":[{"href":"https:\/\/blogsaverroes.juntadeandalucia.es\/iesbitacora\/wp-json\/wp\/v2\/media?parent=4689"}],"curies":[{"name":"wp","href":"https:\/\/api.w.org\/{rel}","templated":true}]}}