{"id":4718,"date":"2025-10-16T19:33:22","date_gmt":"2025-10-16T18:33:22","guid":{"rendered":"https:\/\/blogsaverroes.juntadeandalucia.es\/iesbitacora\/?page_id=4718"},"modified":"2026-02-06T22:09:00","modified_gmt":"2026-02-06T21:09:00","slug":"erasmus","status":"publish","type":"page","link":"https:\/\/blogsaverroes.juntadeandalucia.es\/iesbitacora\/erasmus\/","title":{"rendered":"ERASMUS+ KA1"},"content":{"rendered":"<p style=\"text-align: center\"><span style=\"color: #53a8fc;font-size: 18pt\"><strong><span style=\"font-family: helvetica, arial, sans-serif\">CURSO 2025-2026<\/span><\/strong><\/span><\/p>\n<p><img loading=\"lazy\" decoding=\"async\" class=\"aligncenter wp-image-4722\" src=\"https:\/\/blogsaverroes.juntadeandalucia.es\/iesbitacora\/files\/2025\/10\/Erasmus.png\" alt=\"\" width=\"365\" height=\"306\"\/><\/p>\n<table style=\"border-collapse: collapse;width: 100%;height: 48px\">\n<tbody>\n<tr style=\"height: 24px\">\n<td style=\"width: 22.16%;height: 48px\" rowspan=\"2\">&nbsp;<\/p>\n<p><span style=\"font-family: helvetica, arial, sans-serif\">\u00bfQu\u00e9 es KA1?<\/span><\/td>\n<td style=\"width: 77.84%;height: 24px\"><span style=\"font-family: helvetica, arial, sans-serif\">Movilidad para el Aprendizaje de las personas&nbsp;<span style=\"font-size: 12pt\"> <a href=\"https:\/\/erasmus-plus.ec.europa.eu\/es\/programme-guide\/part-b\/key-action-1\/key-action-1-learning-mobility-of-individuals\">+info<\/a><\/span><\/span><\/td>\n<\/tr>\n<tr style=\"height: 24px\">\n<td style=\"width: 77.84%;height: 24px\"><span style=\"font-family: helvetica, arial, sans-serif\">\u00bfQu\u00e9 es el proyecto de movilidad? <a href=\"https:\/\/erasmus-plus.ec.europa.eu\/es\/programme-guide\/part-b\/key-action-1\/what-is-a-mobility-project\">+info<\/a><\/span><\/td>\n<\/tr>\n<\/tbody>\n<\/table>\n<p style=\"text-align: justify\" data-start=\"307\" data-end=\"486\"><span style=\"font-family: helvetica, arial, sans-serif\"><strong>Nuestro objetivo:<\/strong>&nbsp;seguir avanzando hacia una escuela m\u00e1s <span style=\"color: #53a8fc\"><strong data-start=\"433\" data-end=\"483\">internacional, inclusiva, innovadora y digital<\/strong>.<\/span><\/span><\/p>\n<p data-start=\"488\" data-end=\"711\"><span style=\"font-family: helvetica, arial, sans-serif\"><strong>\u00bfQu\u00e9 pretende?<\/strong><\/span><\/p>\n<ul>\n<li style=\"text-align: justify\" data-start=\"488\" data-end=\"711\"><span style=\"font-family: helvetica, arial, sans-serif\">Reforzar las <span style=\"color: #53a8fc\"><strong data-start=\"524\" data-end=\"565\">competencias digitales y ling\u00fc\u00edsticas<\/strong><\/span> del alumnado y del profesorado.<\/span><\/li>\n<li style=\"text-align: justify\" data-start=\"488\" data-end=\"711\"><span style=\"font-family: helvetica, arial, sans-serif\">Fomentar el conocimiento de <span style=\"color: #53a8fc\"><strong data-start=\"639\" data-end=\"708\">buenas pr\u00e1cticas docentes en inclusi\u00f3n y atenci\u00f3n a la diversidad<\/strong>.<\/span><\/span><\/li>\n<\/ul>\n<p style=\"text-align: justify\" data-start=\"713\" data-end=\"924\"><span style=\"font-family: helvetica, arial, sans-serif\"><strong>\u00bfC\u00f3mo? <\/strong>con&nbsp;diferentes <span style=\"color: #53a8fc\"><strong data-start=\"770\" data-end=\"801\">movilidades internacionales<\/strong><\/span> que permitir\u00e1n el intercambio de experiencias educativas enriquecedoras tanto para el profesorado como para el alumnado.<\/span><\/p>\n<p data-start=\"926\" data-end=\"965\"><span style=\"font-family: helvetica, arial, sans-serif\"><strong data-start=\"926\" data-end=\"965\">Objetivos principales del proyecto:<\/strong><\/span><\/p>\n<ol data-start=\"966\" data-end=\"1173\">\n<li data-start=\"966\" data-end=\"1033\">\n<p data-start=\"969\" data-end=\"1033\"><span style=\"font-family: helvetica, arial, sans-serif\">Mejorar la competencia digital del alumnado y del profesorado.<\/span><\/p>\n<\/li>\n<li data-start=\"1034\" data-end=\"1093\">\n<p data-start=\"1037\" data-end=\"1093\"><span style=\"font-family: helvetica, arial, sans-serif\">Potenciar el aprendizaje y uso de lenguas extranjeras.<\/span><\/p>\n<\/li>\n<li data-start=\"1094\" data-end=\"1173\">\n<p data-start=\"1097\" data-end=\"1173\"><span style=\"font-family: helvetica, arial, sans-serif\">Conocer buenas pr\u00e1cticas docentes en inclusi\u00f3n y atenci\u00f3n a la diversidad.<\/span><\/p>\n<\/li>\n<\/ol>\n<p style=\"text-align: justify\" data-start=\"1175\" data-end=\"1458\"><span style=\"font-family: helvetica, arial, sans-serif\">El <strong data-start=\"1178\" data-end=\"1196\">Equipo Erasmus<\/strong> est\u00e1 integrado por profesorado de diversos departamentos \u2014Idiomas, Tecnolog\u00eda, Matem\u00e1ticas, M\u00fasica, entre otros\u2014 y cuenta con la colaboraci\u00f3n del <strong data-start=\"1343\" data-end=\"1403\">coordinador del Plan de Transformaci\u00f3n Digital Educativa<\/strong>, encargado de promover la digitalizaci\u00f3n en el centro.<\/span><\/p>\n<p data-start=\"1460\" data-end=\"1486\"><span style=\"font-family: helvetica, arial, sans-serif\"><strong data-start=\"1460\" data-end=\"1486\">Actividades previstas:<\/strong><\/span><\/p>\n<ul data-start=\"1488\" data-end=\"2510\">\n<li data-start=\"1488\" data-end=\"1864\">\n<p style=\"text-align: justify\" data-start=\"1490\" data-end=\"1864\"><span style=\"font-family: helvetica, arial, sans-serif;color: #53a8fc\"><strong data-start=\"1490\" data-end=\"1531\">Job Shadowing (septiembre-diciembre):<\/strong><\/span><br data-start=\"1531\" data-end=\"1534\"\/><span style=\"font-family: helvetica, arial, sans-serif\">Movilidades de observaci\u00f3n docente en <strong data-start=\"1574\" data-end=\"1604\">Portugal, Italia y Finlandia<\/strong>, donde el profesorado conocer\u00e1 centros que destacan por sus buenas pr\u00e1cticas inclusivas. Este proceso de aprendizaje se desarrollar\u00e1 apostando por la <strong data-start=\"1755\" data-end=\"1773\">sostenibilidad<\/strong>, mediante el uso de medios de transporte ecol\u00f3gicos y la reducci\u00f3n del consumo de papel.<\/span><\/p>\n<\/li>\n<li data-start=\"1866\" data-end=\"2192\">\n<p style=\"text-align: justify\" data-start=\"1868\" data-end=\"2192\"><span style=\"font-family: helvetica, arial, sans-serif;color: #53a8fc\"><strong data-start=\"1868\" data-end=\"1911\">Movilidad del alumnado (febrero-marzo):<\/strong><\/span><br data-start=\"1911\" data-end=\"1914\"\/><span style=\"font-family: helvetica, arial, sans-serif\">Un grupo de <strong data-start=\"1928\" data-end=\"1948\">ocho estudiantes<\/strong>, la mitad de ellos con menos oportunidades, participar\u00e1 en una movilidad a <strong data-start=\"2024\" data-end=\"2034\">Italia<\/strong> dentro de un proyecto <strong data-start=\"2057\" data-end=\"2070\">eTwinning<\/strong> compartido con dicho pa\u00eds. Ser\u00e1 una oportunidad \u00fanica para fortalecer competencias ling\u00fc\u00edsticas, sociales y culturales.<\/span><\/p>\n<\/li>\n<li data-start=\"2194\" data-end=\"2510\">\n<p style=\"text-align: justify\" data-start=\"2196\" data-end=\"2510\"><span style=\"font-family: helvetica, arial, sans-serif;color: #53a8fc\"><strong data-start=\"2196\" data-end=\"2240\">Formaci\u00f3n del profesorado (enero-junio):<\/strong><\/span><br data-start=\"2240\" data-end=\"2243\"\/><span style=\"font-family: helvetica, arial, sans-serif\">Se desarrollar\u00e1n formaciones sobre <strong data-start=\"2280\" data-end=\"2342\">metodolog\u00edas digitales aplicadas a la ense\u00f1anza de idiomas<\/strong>, <strong data-start=\"2344\" data-end=\"2365\">metodolog\u00eda AICLE<\/strong> e <strong data-start=\"2368\" data-end=\"2431\">inteligencia artificial aplicada al aprendizaje ling\u00fc\u00edstico<\/strong>, con el fin de mejorar la pr\u00e1ctica docente e impulsar la innovaci\u00f3n educativa.<\/span><\/p>\n<\/li>\n<\/ul>\n<p data-start=\"2672\" data-end=\"2830\"><span style=\"font-family: helvetica, arial, sans-serif\">Con este proyecto, nuestro centro contin\u00faa apostando por una <strong data-start=\"2733\" data-end=\"2827\">educaci\u00f3n de calidad, abierta a Europa y comprometida con la inclusi\u00f3n y la sostenibilidad<\/strong>.<\/span><\/p>\n<p style=\"text-align: center\"><span style=\"font-family: helvetica, arial, sans-serif\"><strong>M\u00c1S<\/strong> <strong>INFORMACI\u00d3N<\/strong>:<\/span><br \/>\n<span style=\"font-family: helvetica, arial, sans-serif\">Accede desde aqu\u00ed a las distintas entradas publicadas en relaci\u00f3n al programa.<\/span><\/p>\n<table style=\"border-collapse: collapse;width: 100%;height: 430px\">\n<tbody>\n<tr style=\"height: 182px\">\n<td style=\"width: 50%;text-align: center;height: 182px\"><span style=\"color: #072787\"><strong><span style=\"font-family: helvetica, arial, sans-serif;font-size: 10pt\">Nuestro logo curso 2025-2026<\/span><\/strong><\/span><a href=\"https:\/\/blogsaverroes.juntadeandalucia.es\/iesbitacora\/logo-para-el-programa-erasmus-25-26\/\"><img loading=\"lazy\" decoding=\"async\" class=\"aligncenter wp-image-4801\" src=\"https:\/\/blogsaverroes.juntadeandalucia.es\/iesbitacora\/files\/2026\/02\/Logo-IES-Erasmus_sin-fondo-1024x1024.png\" alt=\"\" width=\"138\" height=\"138\" srcset=\"https:\/\/blogsaverroes.juntadeandalucia.es\/iesbitacora\/files\/2026\/02\/Logo-IES-Erasmus_sin-fondo-1024x1024.png 1024w, https:\/\/blogsaverroes.juntadeandalucia.es\/iesbitacora\/files\/2026\/02\/Logo-IES-Erasmus_sin-fondo-300x300.png 300w, https:\/\/blogsaverroes.juntadeandalucia.es\/iesbitacora\/files\/2026\/02\/Logo-IES-Erasmus_sin-fondo-150x150.png 150w, https:\/\/blogsaverroes.juntadeandalucia.es\/iesbitacora\/files\/2026\/02\/Logo-IES-Erasmus_sin-fondo-768x768.png 768w, https:\/\/blogsaverroes.juntadeandalucia.es\/iesbitacora\/files\/2026\/02\/Logo-IES-Erasmus_sin-fondo.png 1181w\" sizes=\"(max-width: 138px) 100vw, 138px\" \/><\/a><\/td>\n<td style=\"width: 50%;text-align: center;height: 182px\"><span style=\"color: #072787\"><strong><span style=\"font-family: helvetica, arial, sans-serif;font-size: 10pt\">Inscripci\u00f3n alumnado<\/span><\/strong><\/span><br \/>\n<a href=\"https:\/\/blogsaverroes.juntadeandalucia.es\/iesbitacora\/proceso-de-inscripcion-erasmus\/\"><img loading=\"lazy\" decoding=\"async\" class=\"aligncenter wp-image-4750\" src=\"https:\/\/blogsaverroes.juntadeandalucia.es\/iesbitacora\/files\/2025\/10\/Presentacion-Proceso-de-Inscripcion-Erasmus-300x169.png\" alt=\"\" width=\"282\" height=\"159\" srcset=\"https:\/\/blogsaverroes.juntadeandalucia.es\/iesbitacora\/files\/2025\/10\/Presentacion-Proceso-de-Inscripcion-Erasmus-300x169.png 300w, https:\/\/blogsaverroes.juntadeandalucia.es\/iesbitacora\/files\/2025\/10\/Presentacion-Proceso-de-Inscripcion-Erasmus-1024x576.png 1024w, https:\/\/blogsaverroes.juntadeandalucia.es\/iesbitacora\/files\/2025\/10\/Presentacion-Proceso-de-Inscripcion-Erasmus-150x84.png 150w, https:\/\/blogsaverroes.juntadeandalucia.es\/iesbitacora\/files\/2025\/10\/Presentacion-Proceso-de-Inscripcion-Erasmus-768x432.png 768w, https:\/\/blogsaverroes.juntadeandalucia.es\/iesbitacora\/files\/2025\/10\/Presentacion-Proceso-de-Inscripcion-Erasmus-1536x864.png 1536w, https:\/\/blogsaverroes.juntadeandalucia.es\/iesbitacora\/files\/2025\/10\/Presentacion-Proceso-de-Inscripcion-Erasmus.png 1600w\" sizes=\"(max-width: 282px) 100vw, 282px\" \/><\/a><\/td>\n<\/tr>\n<tr style=\"height: 225px\">\n<td style=\"width: 50%;height: 225px\">\n<p style=\"text-align: center\"><span style=\"color: #072787\"><strong><span style=\"font-family: helvetica, arial, sans-serif;font-size: 10pt\">Protagonistas en Onda Punta Radio<\/span><\/strong><\/span><\/p>\n<p><a href=\"https:\/\/blogsaverroes.juntadeandalucia.es\/iesbitacora\/erasmus-en-onda-punta-radio\/\"><img loading=\"lazy\" decoding=\"async\" class=\"aligncenter wp-image-4798\" src=\"https:\/\/blogsaverroes.juntadeandalucia.es\/iesbitacora\/files\/2026\/02\/Entrevista-en-300x251.png\" alt=\"\" width=\"184\" height=\"154\" srcset=\"https:\/\/blogsaverroes.juntadeandalucia.es\/iesbitacora\/files\/2026\/02\/Entrevista-en-300x251.png 300w, https:\/\/blogsaverroes.juntadeandalucia.es\/iesbitacora\/files\/2026\/02\/Entrevista-en-150x126.png 150w, https:\/\/blogsaverroes.juntadeandalucia.es\/iesbitacora\/files\/2026\/02\/Entrevista-en-768x644.png 768w, https:\/\/blogsaverroes.juntadeandalucia.es\/iesbitacora\/files\/2026\/02\/Entrevista-en.png 940w\" sizes=\"(max-width: 184px) 100vw, 184px\" \/><\/a><\/td>\n<td style=\"width: 50%;height: 225px\">\n<p style=\"text-align: center\"><span style=\"color: #072787\"><strong><span style=\"font-family: helvetica, arial, sans-serif;font-size: 10pt\">Informaci\u00f3n sobre movilidad del alumnado<\/span><\/strong><\/span><\/p>\n<p><a href=\"https:\/\/blogsaverroes.juntadeandalucia.es\/iesbitacora\/reunion-erasmus-movilidad-alumnado\/\"><img loading=\"lazy\" decoding=\"async\" class=\"aligncenter wp-image-4785 size-medium\" src=\"https:\/\/blogsaverroes.juntadeandalucia.es\/iesbitacora\/files\/2026\/01\/Web-Reun-informativa-Erasmus--300x169.png\" alt=\"\" width=\"300\" height=\"169\" srcset=\"https:\/\/blogsaverroes.juntadeandalucia.es\/iesbitacora\/files\/2026\/01\/Web-Reun-informativa-Erasmus--300x169.png 300w, https:\/\/blogsaverroes.juntadeandalucia.es\/iesbitacora\/files\/2026\/01\/Web-Reun-informativa-Erasmus--1024x576.png 1024w, https:\/\/blogsaverroes.juntadeandalucia.es\/iesbitacora\/files\/2026\/01\/Web-Reun-informativa-Erasmus--150x84.png 150w, https:\/\/blogsaverroes.juntadeandalucia.es\/iesbitacora\/files\/2026\/01\/Web-Reun-informativa-Erasmus--768x432.png 768w, https:\/\/blogsaverroes.juntadeandalucia.es\/iesbitacora\/files\/2026\/01\/Web-Reun-informativa-Erasmus--1536x864.png 1536w, https:\/\/blogsaverroes.juntadeandalucia.es\/iesbitacora\/files\/2026\/01\/Web-Reun-informativa-Erasmus-.png 1600w\" sizes=\"(max-width: 300px) 100vw, 300px\" \/><\/a><\/td>\n<\/tr>\n<tr style=\"height: 23px\">\n<td style=\"width: 50%;height: 23px;text-align: center\"><span style=\"color: #072787\"><strong><span style=\"font-family: helvetica, arial, sans-serif;font-size: 10pt\">Movilidad Profesorado<\/span><\/strong><\/span><a href=\"https:\/\/blogsaverroes.juntadeandalucia.es\/iesbitacora\/movilidad-erasmus-del-profesorado-en-italia\/\"><img loading=\"lazy\" decoding=\"async\" class=\"aligncenter wp-image-4844\" src=\"https:\/\/blogsaverroes.juntadeandalucia.es\/iesbitacora\/files\/2026\/02\/Movilidad-Profesorado-1024x768.jpg\" alt=\"\" width=\"198\" height=\"148\" srcset=\"https:\/\/blogsaverroes.juntadeandalucia.es\/iesbitacora\/files\/2026\/02\/Movilidad-Profesorado-1024x768.jpg 1024w, https:\/\/blogsaverroes.juntadeandalucia.es\/iesbitacora\/files\/2026\/02\/Movilidad-Profesorado-300x225.jpg 300w, https:\/\/blogsaverroes.juntadeandalucia.es\/iesbitacora\/files\/2026\/02\/Movilidad-Profesorado-150x113.jpg 150w, https:\/\/blogsaverroes.juntadeandalucia.es\/iesbitacora\/files\/2026\/02\/Movilidad-Profesorado-768x576.jpg 768w, https:\/\/blogsaverroes.juntadeandalucia.es\/iesbitacora\/files\/2026\/02\/Movilidad-Profesorado-1536x1152.jpg 1536w, https:\/\/blogsaverroes.juntadeandalucia.es\/iesbitacora\/files\/2026\/02\/Movilidad-Profesorado.jpg 1600w\" sizes=\"(max-width: 198px) 100vw, 198px\" \/><\/a><\/td>\n<td style=\"width: 50%;height: 23px;text-align: center\"><span style=\"color: #072787\"><strong><span style=\"font-family: helvetica, arial, sans-serif;font-size: 10pt\">Movilidad Alumnado<\/span><\/strong><\/span><a href=\"https:\/\/blogsaverroes.juntadeandalucia.es\/iesbitacora\/movilidad-erasmus-alumnado\/\"><img loading=\"lazy\" decoding=\"async\" class=\"aligncenter wp-image-4845 \" src=\"https:\/\/blogsaverroes.juntadeandalucia.es\/iesbitacora\/files\/2026\/02\/Movilidad-alumnado-1024x768.jpg\" alt=\"\" width=\"200\" height=\"150\" srcset=\"https:\/\/blogsaverroes.juntadeandalucia.es\/iesbitacora\/files\/2026\/02\/Movilidad-alumnado-1024x768.jpg 1024w, https:\/\/blogsaverroes.juntadeandalucia.es\/iesbitacora\/files\/2026\/02\/Movilidad-alumnado-300x225.jpg 300w, https:\/\/blogsaverroes.juntadeandalucia.es\/iesbitacora\/files\/2026\/02\/Movilidad-alumnado-150x113.jpg 150w, https:\/\/blogsaverroes.juntadeandalucia.es\/iesbitacora\/files\/2026\/02\/Movilidad-alumnado-768x576.jpg 768w, https:\/\/blogsaverroes.juntadeandalucia.es\/iesbitacora\/files\/2026\/02\/Movilidad-alumnado-1536x1152.jpg 1536w, https:\/\/blogsaverroes.juntadeandalucia.es\/iesbitacora\/files\/2026\/02\/Movilidad-alumnado.jpg 1600w\" sizes=\"(max-width: 200px) 100vw, 200px\" \/><\/a><\/td>\n<\/tr>\n<tr>\n<td style=\"width: 50%;text-align: center\"><span style=\"color: #072787\"><strong><span style=\"font-family: helvetica, arial, sans-serif;font-size: 10pt\">2\u00aa Movilidad Alumnado<\/span><\/strong><\/span><\/p>\n<p><a href=\"https:\/\/blogsaverroes.juntadeandalucia.es\/iesbitacora\/2a-movilidad-erasmus-para-el-alumnado\/\"><img loading=\"lazy\" decoding=\"async\" class=\"aligncenter wp-image-4851\" src=\"https:\/\/blogsaverroes.juntadeandalucia.es\/iesbitacora\/files\/2026\/05\/Portada-Movilidad-2-1024x538.png\" alt=\"\" width=\"280\" height=\"147\" srcset=\"https:\/\/blogsaverroes.juntadeandalucia.es\/iesbitacora\/files\/2026\/05\/Portada-Movilidad-2-1024x538.png 1024w, https:\/\/blogsaverroes.juntadeandalucia.es\/iesbitacora\/files\/2026\/05\/Portada-Movilidad-2-300x158.png 300w, https:\/\/blogsaverroes.juntadeandalucia.es\/iesbitacora\/files\/2026\/05\/Portada-Movilidad-2-150x79.png 150w, https:\/\/blogsaverroes.juntadeandalucia.es\/iesbitacora\/files\/2026\/05\/Portada-Movilidad-2-768x403.png 768w, https:\/\/blogsaverroes.juntadeandalucia.es\/iesbitacora\/files\/2026\/05\/Portada-Movilidad-2.png 1200w\" sizes=\"(max-width: 280px) 100vw, 280px\" \/><\/a><\/p>\n<p>&nbsp;<\/td>\n<td style=\"width: 50%;text-align: center\"><span style=\"color: #072787\"><strong><span style=\"font-family: helvetica, arial, sans-serif;font-size: 10pt\">Bienvenida Institucional<\/span><\/strong><\/span><a href=\"https:\/\/blogsaverroes.juntadeandalucia.es\/iesbitacora\/bienvenida-institucional-erasmus\/\"><img loading=\"lazy\" decoding=\"async\" class=\"aligncenter wp-image-4870\" src=\"https:\/\/blogsaverroes.juntadeandalucia.es\/iesbitacora\/files\/2026\/05\/Captura-de-pantalla-2026-05-06-233149-941x1024.png\" alt=\"\" width=\"157\" height=\"171\" srcset=\"https:\/\/blogsaverroes.juntadeandalucia.es\/iesbitacora\/files\/2026\/05\/Captura-de-pantalla-2026-05-06-233149-941x1024.png 941w, https:\/\/blogsaverroes.juntadeandalucia.es\/iesbitacora\/files\/2026\/05\/Captura-de-pantalla-2026-05-06-233149-276x300.png 276w, https:\/\/blogsaverroes.juntadeandalucia.es\/iesbitacora\/files\/2026\/05\/Captura-de-pantalla-2026-05-06-233149-138x150.png 138w, https:\/\/blogsaverroes.juntadeandalucia.es\/iesbitacora\/files\/2026\/05\/Captura-de-pantalla-2026-05-06-233149-768x836.png 768w, https:\/\/blogsaverroes.juntadeandalucia.es\/iesbitacora\/files\/2026\/05\/Captura-de-pantalla-2026-05-06-233149.png 1282w\" sizes=\"(max-width: 157px) 100vw, 157px\" \/><\/a><\/td>\n<\/tr>\n<\/tbody>\n<\/table>\n<p data-start=\"2672\" data-end=\"2830\">&nbsp;<\/p>\n","protected":false},"excerpt":{"rendered":"<p>CURSO 2025-2026 &nbsp; \u00bfQu\u00e9 es KA1? Movilidad para el Aprendizaje de las personas&nbsp; +info \u00bfQu\u00e9 es el proyecto de movilidad? +info Nuestro objetivo:&nbsp;seguir avanzando hacia&hellip;<\/p>\n","protected":false},"author":5897,"featured_media":0,"parent":0,"menu_order":0,"comment_status":"closed","ping_status":"closed","template":"","meta":{"ngg_post_thumbnail":0,"footnotes":""},"aioseo_notices":[],"_links":{"self":[{"href":"https:\/\/blogsaverroes.juntadeandalucia.es\/iesbitacora\/wp-json\/wp\/v2\/pages\/4718"}],"collection":[{"href":"https:\/\/blogsaverroes.juntadeandalucia.es\/iesbitacora\/wp-json\/wp\/v2\/pages"}],"about":[{"href":"https:\/\/blogsaverroes.juntadeandalucia.es\/iesbitacora\/wp-json\/wp\/v2\/types\/page"}],"author":[{"embeddable":true,"href":"https:\/\/blogsaverroes.juntadeandalucia.es\/iesbitacora\/wp-json\/wp\/v2\/users\/5897"}],"replies":[{"embeddable":true,"href":"https:\/\/blogsaverroes.juntadeandalucia.es\/iesbitacora\/wp-json\/wp\/v2\/comments?post=4718"}],"version-history":[{"count":10,"href":"https:\/\/blogsaverroes.juntadeandalucia.es\/iesbitacora\/wp-json\/wp\/v2\/pages\/4718\/revisions"}],"predecessor-version":[{"id":4873,"href":"https:\/\/blogsaverroes.juntadeandalucia.es\/iesbitacora\/wp-json\/wp\/v2\/pages\/4718\/revisions\/4873"}],"wp:attachment":[{"href":"https:\/\/blogsaverroes.juntadeandalucia.es\/iesbitacora\/wp-json\/wp\/v2\/media?parent=4718"}],"curies":[{"name":"wp","href":"https:\/\/api.w.org\/{rel}","templated":true}]}}