{"id":60,"date":"2018-04-08T20:22:34","date_gmt":"2018-04-08T20:22:34","guid":{"rendered":"https:\/\/blogsaverroes.juntadeandalucia.es\/iesbitacora\/?page_id=60"},"modified":"2018-04-18T19:33:06","modified_gmt":"2018-04-18T19:33:06","slug":"departamentos","status":"publish","type":"page","link":"https:\/\/blogsaverroes.juntadeandalucia.es\/iesbitacora\/departamentos\/","title":{"rendered":"DEPARTAMENTOS"},"content":{"rendered":"<table style=\"height: 108px;width: 925px\">\n<tbody>\n<tr style=\"height: 56px\">\n<td style=\"width: 917px;height: 56px\"><span style=\"font-size: 16px\"><strong><span style=\"font-family: helvetica, arial, sans-serif\"><a href=\"https:\/\/blogsaverroes.juntadeandalucia.es\/iesbitacora\/departamentos-didacticos\/\">Departamentos de&nbsp; Coordinaci\u00f3n Did\u00e1ctica<\/a>.<\/span><\/strong><\/span><\/td>\n<\/tr>\n<tr style=\"height: 54px\">\n<td style=\"width: 917px;height: 54px\"><span style=\"font-size: 16px\"><strong><span style=\"font-family: helvetica, arial, sans-serif\"><a href=\"https:\/\/blogsaverroes.juntadeandalucia.es\/iesbitacora\/departamento-de-orientacion\/\" target=\"_blank\" rel=\"noopener\">Departamento de Orientaci\u00f3n<\/a><\/span><\/strong><\/span><\/td>\n<\/tr>\n<tr style=\"height: 54px\">\n<td style=\"width: 917px;height: 54px\"><span style=\"font-size: 16px\"><strong><span style=\"font-family: helvetica, arial, sans-serif\"><a href=\"https:\/\/blogsaverroes.juntadeandalucia.es\/iesbitacora\/actividades-extraescolares-y-complementarias\/\" target=\"_blank\" rel=\"noopener\">Departamento de Actividades Complementarias y Extraescolares.<\/a><\/span><\/strong><\/span><\/td>\n<\/tr>\n<tr style=\"height: 56px\">\n<td style=\"width: 917px;height: 56px\"><span style=\"font-size: 16px\"><strong><span style=\"font-family: helvetica, arial, sans-serif\"><a href=\"https:\/\/blogsaverroes.juntadeandalucia.es\/iesbitacora\/formacion-evaluacion-e-innovacion-educativa\/\" target=\"_blank\" rel=\"noopener\">Formaci\u00f3n, Evaluaci\u00f3n e Innovaci\u00f3n Educativa.<\/a><\/span><\/strong><\/span><\/td>\n<\/tr>\n<\/tbody>\n<\/table>\n","protected":false},"excerpt":{"rendered":"<p>Departamentos de&nbsp; Coordinaci\u00f3n Did\u00e1ctica. Departamento de Orientaci\u00f3n Departamento de Actividades Complementarias y Extraescolares. Formaci\u00f3n, Evaluaci\u00f3n e Innovaci\u00f3n Educativa.<\/p>\n","protected":false},"author":5897,"featured_media":0,"parent":0,"menu_order":0,"comment_status":"closed","ping_status":"closed","template":"page-template-full.php","meta":{"ngg_post_thumbnail":0,"footnotes":""},"aioseo_notices":[],"_links":{"self":[{"href":"https:\/\/blogsaverroes.juntadeandalucia.es\/iesbitacora\/wp-json\/wp\/v2\/pages\/60"}],"collection":[{"href":"https:\/\/blogsaverroes.juntadeandalucia.es\/iesbitacora\/wp-json\/wp\/v2\/pages"}],"about":[{"href":"https:\/\/blogsaverroes.juntadeandalucia.es\/iesbitacora\/wp-json\/wp\/v2\/types\/page"}],"author":[{"embeddable":true,"href":"https:\/\/blogsaverroes.juntadeandalucia.es\/iesbitacora\/wp-json\/wp\/v2\/users\/5897"}],"replies":[{"embeddable":true,"href":"https:\/\/blogsaverroes.juntadeandalucia.es\/iesbitacora\/wp-json\/wp\/v2\/comments?post=60"}],"version-history":[{"count":24,"href":"https:\/\/blogsaverroes.juntadeandalucia.es\/iesbitacora\/wp-json\/wp\/v2\/pages\/60\/revisions"}],"predecessor-version":[{"id":449,"href":"https:\/\/blogsaverroes.juntadeandalucia.es\/iesbitacora\/wp-json\/wp\/v2\/pages\/60\/revisions\/449"}],"wp:attachment":[{"href":"https:\/\/blogsaverroes.juntadeandalucia.es\/iesbitacora\/wp-json\/wp\/v2\/media?parent=60"}],"curies":[{"name":"wp","href":"https:\/\/api.w.org\/{rel}","templated":true}]}}