{"id":62,"date":"2018-04-08T20:23:04","date_gmt":"2018-04-08T20:23:04","guid":{"rendered":"https:\/\/blogsaverroes.juntadeandalucia.es\/iesbitacora\/?page_id=62"},"modified":"2022-10-25T11:27:53","modified_gmt":"2022-10-25T11:27:53","slug":"departamentos-didacticos","status":"publish","type":"page","link":"https:\/\/blogsaverroes.juntadeandalucia.es\/iesbitacora\/departamentos-didacticos\/","title":{"rendered":"DEPARTAMENTOS DE COORDINACI\u00d3N DID\u00c1CTICA"},"content":{"rendered":"<p><span style=\"font-family: helvetica, arial, sans-serif;font-size: 16px\">Para acceder a cada Departamento o \u00e1rea, pincha sobre su nombre.<\/span><\/p>\n<table style=\"height: 193px;width: 812px\">\n<tbody>\n<tr style=\"height: 56px\">\n<td style=\"width: 322px;height: 56px\"><span style=\"color: #375da1;font-family: helvetica, arial, sans-serif;font-size: 16px\"><strong>DEPARTAMENTOS<\/strong><\/span><\/td>\n<td style=\"width: 484px;height: 56px\"><span style=\"color: #375da1;font-family: helvetica, arial, sans-serif;font-size: 16px\"><strong>&nbsp; &nbsp; &nbsp;\u00c1REAS QUE ENGLOBA<\/strong><\/span><\/td>\n<\/tr>\n<tr style=\"height: 55px\">\n<td style=\"width: 322px;height: 55px;vertical-align: top\"><span style=\"font-family: helvetica, arial, sans-serif;font-size: 16px\"><a href=\"https:\/\/blogsaverroes.juntadeandalucia.es\/iesbitacora\/artistico\/\">ART\u00cdSTICO<\/a><\/span><\/p>\n<p>&nbsp;<\/td>\n<td style=\"width: 484px;height: 55px\">\n<ul style=\"list-style-type: circle\">\n<li><span style=\"font-family: helvetica, arial, sans-serif;font-size: 16px\"><a href=\"https:\/\/blogsaverroes.juntadeandalucia.es\/iesbitacora\/educacion-fisica\/\">Educaci\u00f3n F\u00edsica<\/a><\/span><\/li>\n<li><span style=\"font-family: helvetica, arial, sans-serif;font-size: 16px\"><a href=\"https:\/\/blogsaverroes.juntadeandalucia.es\/iesbitacora\/educacion-plastica-visual-y-audiovisual\/\">Educaci\u00f3n Pl\u00e1stica y Visual<\/a><\/span><\/li>\n<li><span style=\"font-family: helvetica, arial, sans-serif;font-size: 16px\"><a href=\"https:\/\/blogsaverroes.juntadeandalucia.es\/iesbitacora\/musica\/\">M\u00fasica<\/a><\/span><\/li>\n<li><span style=\"font-family: helvetica, arial, sans-serif;font-size: 16px\"><a href=\"https:\/\/blogsaverroes.juntadeandalucia.es\/iesbitacora\/tecnologia\/\">Tecnolog\u00eda<\/a><\/span><\/li>\n<\/ul>\n<\/td>\n<\/tr>\n<tr style=\"height: 21px\">\n<td style=\"width: 322px;height: 21px;vertical-align: top\"><span style=\"font-family: helvetica, arial, sans-serif;font-size: 16px\"><a href=\"https:\/\/blogsaverroes.juntadeandalucia.es\/iesbitacora\/ciencias-naturales\">CIENCIAS NATURALES<\/a><\/span><\/p>\n<p>&nbsp;<\/td>\n<td style=\"width: 484px;height: 21px\">\n<ul style=\"list-style-type: circle\">\n<li><span style=\"font-family: helvetica, arial, sans-serif;font-size: 16px\"><a href=\"https:\/\/blogsaverroes.juntadeandalucia.es\/iesbitacora\/biologia-y-geologia\/\">Biolog\u00eda y Geolog\u00eda<\/a><\/span><\/li>\n<li><span style=\"font-family: helvetica, arial, sans-serif;font-size: 16px\"><a href=\"https:\/\/blogsaverroes.juntadeandalucia.es\/iesbitacora\/fisica-y-quimica\/\">F\u00edsica y Qu\u00edmica<\/a><\/span><\/li>\n<\/ul>\n<\/td>\n<\/tr>\n<tr style=\"height: 21px\">\n<td style=\"width: 322px;height: 21px\"><span style=\"font-family: helvetica, arial, sans-serif;font-size: 16px\"><a href=\"https:\/\/blogsaverroes.juntadeandalucia.es\/iesbitacora\/frances\/\">FRANC\u00c9S<\/a><\/span><\/td>\n<td style=\"width: 484px;height: 21px\">\n<ul style=\"list-style-type: circle\">\n<li><span style=\"font-family: helvetica, arial, sans-serif;font-size: 16px\"><a href=\"https:\/\/blogsaverroes.juntadeandalucia.es\/iesbitacora\/frances\/\">Franc\u00e9s<\/a><\/span><\/li>\n<\/ul>\n<\/td>\n<\/tr>\n<tr style=\"height: 21px\">\n<td style=\"width: 322px;height: 21px\"><span style=\"font-family: helvetica, arial, sans-serif;font-size: 16px\"><a href=\"https:\/\/blogsaverroes.juntadeandalucia.es\/iesbitacora\/geografia-e-historia\/\">GEOGRAF\u00cdA E HISTORIA<\/a><\/span><\/td>\n<td style=\"width: 484px;height: 21px\">\n<ul style=\"list-style-type: circle\">\n<li><span style=\"font-family: helvetica, arial, sans-serif;font-size: 16px\"><a href=\"https:\/\/blogsaverroes.juntadeandalucia.es\/iesbitacora\/geografia-e-historia\/\">Geograf\u00eda e Historia <\/a><\/span><\/li>\n<li><span style=\"font-family: helvetica, arial, sans-serif;font-size: 16px\">Religi\u00f3n<\/span><\/li>\n<\/ul>\n<\/td>\n<\/tr>\n<tr style=\"height: 21px\">\n<td style=\"width: 322px;height: 21px\"><span style=\"font-family: helvetica, arial, sans-serif;font-size: 16px\"><a href=\"https:\/\/blogsaverroes.juntadeandalucia.es\/iesbitacora\/ingles\/\">INGL\u00c9S<\/a><\/span><\/td>\n<td style=\"width: 484px;height: 21px\">\n<ul style=\"list-style-type: circle\">\n<li><span style=\"font-family: helvetica, arial, sans-serif;font-size: 16px\"><a href=\"https:\/\/blogsaverroes.juntadeandalucia.es\/iesbitacora\/ingles\/\">Ingl\u00e9s<\/a><\/span><\/li>\n<\/ul>\n<\/td>\n<\/tr>\n<tr style=\"height: 21px\">\n<td style=\"width: 322px;height: 21px\"><span style=\"font-family: helvetica, arial, sans-serif;font-size: 16px\"><a href=\"https:\/\/blogsaverroes.juntadeandalucia.es\/iesbitacora\/lengua-castellana-y-literatura\/\">LENGUA CASTELLANA Y LITERATURA<\/a><\/span><\/td>\n<td style=\"width: 484px;height: 21px\">\n<ul style=\"list-style-type: circle\">\n<li><span style=\"font-family: helvetica, arial, sans-serif;font-size: 16px\"><a href=\"https:\/\/blogsaverroes.juntadeandalucia.es\/iesbitacora\/lengua-castellana-y-literatura\/\">Lengua Castellana y Literatura<\/a><\/span><\/li>\n<\/ul>\n<\/td>\n<\/tr>\n<tr style=\"height: 21px\">\n<td style=\"width: 322px;height: 21px\"><span style=\"font-family: helvetica, arial, sans-serif;font-size: 16px\"><a href=\"https:\/\/blogsaverroes.juntadeandalucia.es\/iesbitacora\/matematicas\/\">MATEM\u00c1TICAS<\/a><\/span><\/td>\n<td style=\"width: 484px;height: 21px\">\n<ul style=\"list-style-type: circle\">\n<li><span style=\"font-family: helvetica, arial, sans-serif\"><a href=\"https:\/\/blogsaverroes.juntadeandalucia.es\/iesbitacora\/matematicascomponentes\/\">Componentes<\/a><\/span><\/li>\n<\/ul>\n<\/td>\n<\/tr>\n<\/tbody>\n<\/table>\n","protected":false},"excerpt":{"rendered":"<p>Para acceder a cada Departamento o \u00e1rea, pincha sobre su nombre. DEPARTAMENTOS &nbsp; &nbsp; &nbsp;\u00c1REAS QUE ENGLOBA ART\u00cdSTICO &nbsp; Educaci\u00f3n F\u00edsica Educaci\u00f3n Pl\u00e1stica y Visual&hellip;<\/p>\n","protected":false},"author":5897,"featured_media":0,"parent":0,"menu_order":0,"comment_status":"closed","ping_status":"closed","template":"page-template-full.php","meta":{"ngg_post_thumbnail":0,"footnotes":""},"aioseo_notices":[],"_links":{"self":[{"href":"https:\/\/blogsaverroes.juntadeandalucia.es\/iesbitacora\/wp-json\/wp\/v2\/pages\/62"}],"collection":[{"href":"https:\/\/blogsaverroes.juntadeandalucia.es\/iesbitacora\/wp-json\/wp\/v2\/pages"}],"about":[{"href":"https:\/\/blogsaverroes.juntadeandalucia.es\/iesbitacora\/wp-json\/wp\/v2\/types\/page"}],"author":[{"embeddable":true,"href":"https:\/\/blogsaverroes.juntadeandalucia.es\/iesbitacora\/wp-json\/wp\/v2\/users\/5897"}],"replies":[{"embeddable":true,"href":"https:\/\/blogsaverroes.juntadeandalucia.es\/iesbitacora\/wp-json\/wp\/v2\/comments?post=62"}],"version-history":[{"count":17,"href":"https:\/\/blogsaverroes.juntadeandalucia.es\/iesbitacora\/wp-json\/wp\/v2\/pages\/62\/revisions"}],"predecessor-version":[{"id":4283,"href":"https:\/\/blogsaverroes.juntadeandalucia.es\/iesbitacora\/wp-json\/wp\/v2\/pages\/62\/revisions\/4283"}],"wp:attachment":[{"href":"https:\/\/blogsaverroes.juntadeandalucia.es\/iesbitacora\/wp-json\/wp\/v2\/media?parent=62"}],"curies":[{"name":"wp","href":"https:\/\/api.w.org\/{rel}","templated":true}]}}