{"id":716,"date":"2018-04-12T21:49:37","date_gmt":"2018-04-12T21:49:37","guid":{"rendered":"https:\/\/blogsaverroes.juntadeandalucia.es\/iesbitacora\/?page_id=716"},"modified":"2022-10-06T08:48:26","modified_gmt":"2022-10-06T08:48:26","slug":"equipo-directivo","status":"publish","type":"page","link":"https:\/\/blogsaverroes.juntadeandalucia.es\/iesbitacora\/equipo-directivo\/","title":{"rendered":"EQUIPO DIRECTIVO"},"content":{"rendered":"<table style=\"width: 924px\">\n<tbody>\n<tr style=\"height: 119px\">\n<td style=\"height: 119px;width: 242.125px\"><span style=\"font-size: 16px;color: #375da1;font-family: helvetica, arial, sans-serif\"><strong>DIRECTORA<\/strong><\/span><\/p>\n<p><a href=\"https:\/\/blogsaverroes.juntadeandalucia.es\/iesbitacora\/files\/2018\/04\/IMG_0922-e1524245840486.jpg\"><img loading=\"lazy\" decoding=\"async\" class=\"alignnone wp-image-1514\" src=\"https:\/\/blogsaverroes.juntadeandalucia.es\/iesbitacora\/files\/2018\/04\/IMG_0922-e1524245840486-225x300.jpg\" alt=\"\" width=\"130\" height=\"173\" srcset=\"https:\/\/blogsaverroes.juntadeandalucia.es\/iesbitacora\/files\/2018\/04\/IMG_0922-e1524245840486-225x300.jpg 225w, https:\/\/blogsaverroes.juntadeandalucia.es\/iesbitacora\/files\/2018\/04\/IMG_0922-e1524245840486-768x1024.jpg 768w, https:\/\/blogsaverroes.juntadeandalucia.es\/iesbitacora\/files\/2018\/04\/IMG_0922-e1524245840486-18x24.jpg 18w, https:\/\/blogsaverroes.juntadeandalucia.es\/iesbitacora\/files\/2018\/04\/IMG_0922-e1524245840486-27x36.jpg 27w, https:\/\/blogsaverroes.juntadeandalucia.es\/iesbitacora\/files\/2018\/04\/IMG_0922-e1524245840486-36x48.jpg 36w, https:\/\/blogsaverroes.juntadeandalucia.es\/iesbitacora\/files\/2018\/04\/IMG_0922-e1524245840486.jpg 1200w\" sizes=\"(max-width: 130px) 100vw, 130px\" \/><\/a><\/td>\n<td style=\"height: 119px;width: 666.875px;vertical-align: top\">&nbsp;<\/p>\n<p><span style=\"font-size: 16px\"><em><span style=\"font-family: helvetica, arial, sans-serif\">D\u00aa. M\u00aa Eugenia Gonz\u00e1lez Gallardo.<\/span><\/em><\/span><\/p>\n<p><span style=\"font-size: 16px;font-family: helvetica, arial, sans-serif\">L\u00edneas de trabajo: Convivencia, Compensaci\u00f3n Educativa y Programa de Acompa\u00f1amiento Escolar.<\/span><\/td>\n<\/tr>\n<tr style=\"height: 125px\">\n<td style=\"height: 125px;vertical-align: top;width: 242.125px\"><span style=\"font-size: 16px;color: #375da1;font-family: helvetica, arial, sans-serif\"><strong>JEFE DE ESTUDIOS<\/strong><\/span><\/p>\n<p>&nbsp;<\/td>\n<td style=\"height: 125px;width: 666.875px;vertical-align: top\">&nbsp;<\/p>\n<p><span style=\"font-size: 16px\"><em><span style=\"font-family: helvetica, arial, sans-serif\">D Fernando Barbosa Garc\u00eda.<\/span><\/em><\/span><\/p>\n<p><span style=\"font-size: 16px;font-family: helvetica, arial, sans-serif\">L\u00edneas de trabajo: Absentismo Escolar y Plan de Autoprotecci\u00f3n.<\/span><\/td>\n<\/tr>\n<tr style=\"height: 96px\">\n<td style=\"height: 96px;width: 242.125px;vertical-align: top\"><span style=\"font-size: 16px;color: #375da1;font-family: helvetica, arial, sans-serif\"><strong>SECRETARIA<\/strong><\/span><\/p>\n<p>&nbsp;<\/td>\n<td style=\"height: 96px;width: 666.875px;vertical-align: top\">&nbsp;<\/p>\n<p><span style=\"font-size: 16px\"><em><span style=\"font-family: helvetica, arial, sans-serif\">D. Mar\u00eda Jos\u00e9 Rodr\u00edguez Gonz\u00e1lez<\/span><\/em><\/span><\/p>\n<p><span style=\"font-size: 16px;font-family: helvetica, arial, sans-serif\">L\u00edneas de trabajo: Proyecto de Gesti\u00f3n y Jefatura de Formaci\u00f3n e Innovaci\u00f3n <\/span><\/td>\n<\/tr>\n<\/tbody>\n<\/table>\n","protected":false},"excerpt":{"rendered":"<p>DIRECTORA &nbsp; D\u00aa. M\u00aa Eugenia Gonz\u00e1lez Gallardo. L\u00edneas de trabajo: Convivencia, Compensaci\u00f3n Educativa y Programa de Acompa\u00f1amiento Escolar. JEFE DE ESTUDIOS &nbsp; &nbsp; D Fernando&hellip;<\/p>\n","protected":false},"author":5897,"featured_media":0,"parent":0,"menu_order":0,"comment_status":"closed","ping_status":"closed","template":"page-template-full.php","meta":{"ngg_post_thumbnail":0,"footnotes":""},"aioseo_notices":[],"_links":{"self":[{"href":"https:\/\/blogsaverroes.juntadeandalucia.es\/iesbitacora\/wp-json\/wp\/v2\/pages\/716"}],"collection":[{"href":"https:\/\/blogsaverroes.juntadeandalucia.es\/iesbitacora\/wp-json\/wp\/v2\/pages"}],"about":[{"href":"https:\/\/blogsaverroes.juntadeandalucia.es\/iesbitacora\/wp-json\/wp\/v2\/types\/page"}],"author":[{"embeddable":true,"href":"https:\/\/blogsaverroes.juntadeandalucia.es\/iesbitacora\/wp-json\/wp\/v2\/users\/5897"}],"replies":[{"embeddable":true,"href":"https:\/\/blogsaverroes.juntadeandalucia.es\/iesbitacora\/wp-json\/wp\/v2\/comments?post=716"}],"version-history":[{"count":23,"href":"https:\/\/blogsaverroes.juntadeandalucia.es\/iesbitacora\/wp-json\/wp\/v2\/pages\/716\/revisions"}],"predecessor-version":[{"id":4216,"href":"https:\/\/blogsaverroes.juntadeandalucia.es\/iesbitacora\/wp-json\/wp\/v2\/pages\/716\/revisions\/4216"}],"wp:attachment":[{"href":"https:\/\/blogsaverroes.juntadeandalucia.es\/iesbitacora\/wp-json\/wp\/v2\/media?parent=716"}],"curies":[{"name":"wp","href":"https:\/\/api.w.org\/{rel}","templated":true}]}}