{"id":760,"date":"2018-04-13T12:34:15","date_gmt":"2018-04-13T12:34:15","guid":{"rendered":"https:\/\/blogsaverroes.juntadeandalucia.es\/iesbitacora\/?page_id=760"},"modified":"2025-10-28T17:28:39","modified_gmt":"2025-10-28T16:28:39","slug":"pendientes_mat","status":"publish","type":"page","link":"https:\/\/blogsaverroes.juntadeandalucia.es\/iesbitacora\/pendientes_mat\/","title":{"rendered":"MATERIAS PENDIENTES 25-26"},"content":{"rendered":"<p><span style=\"font-family: helvetica,arial,sans-serif;font-size: 16px\">Si tienes pendiente la materia de Matem\u00e1ticas del curso pasado, debes recuperarla este a\u00f1o.<\/span><\/p>\n<p style=\"text-align: justify\"><span style=\"font-family: helvetica,arial,sans-serif;font-size: 16px\">En el enlace que publicamos bajo este mensaje, podr\u00e1s descargar el cuadernillo con las actividades a realizar.<\/span><\/p>\n<p><span style=\"font-family: helvetica,arial,sans-serif;font-size: 16px\">\u00a1\u00c1nimo! <\/span><\/p>\n<p>&nbsp;<\/p>\n<table style=\"border-collapse: collapse;width: 37.8175%;height: 172px\">\n<tbody>\n<tr style=\"height: 24px\">\n<td style=\"width: 16.4974%;text-align: center;height: 24px\"><span style=\"font-size: 12pt\"><strong><span style=\"font-family: helvetica, arial, sans-serif;color: #3366ff\">1\u00ba ESO<\/span><\/strong><\/span><\/td>\n<td style=\"width: 2.11864%;text-align: center;height: 24px\">&nbsp;<\/td>\n<td style=\"width: 3.10559%;text-align: center;height: 24px\"><a href=\"https:\/\/drive.google.com\/file\/d\/1NZaRa7CBR4AN7j3j5htuoSWDkll0BmL1\/view?usp=sharing\"><span style=\"font-size: 12pt\"><span style=\"color: #000000\"><span style=\"font-family: helvetica, arial, sans-serif\">Cua<\/span><\/span><\/span><span style=\"font-size: 12pt\"><span style=\"color: #000000\"><span style=\"font-family: helvetica, arial, sans-serif\">d<\/span><\/span><\/span><span style=\"font-size: 12pt\"><span style=\"color: #000000\"><span style=\"font-family: helvetica, arial, sans-serif\">ernillo<\/span><\/span><\/span><\/a><\/td>\n<\/tr>\n<tr style=\"height: 24px\">\n<td style=\"width: 16.4974%;height: 24px;text-align: center\"><span style=\"font-size: 12pt\"><strong><span style=\"font-family: helvetica, arial, sans-serif;color: #3366ff\">2\u00ba ESO<\/span><\/strong><\/span><\/td>\n<td style=\"width: 2.11864%;height: 24px;text-align: center\">&nbsp;<\/td>\n<td style=\"width: 3.10559%;height: 24px;text-align: center\"><a href=\"https:\/\/drive.google.com\/file\/d\/1IyVl80c7rp9a2AzVZlEyEPj0Kjq8YyC3\/view?usp=sharing\"><span style=\"font-size: 12pt\"><span style=\"color: #000000\"><span style=\"font-family: helvetica, arial, sans-serif\">Cuadernillo<\/span><\/span><\/span><\/a><\/td>\n<\/tr>\n<tr style=\"height: 24px\">\n<td style=\"width: 16.4974%;height: 24px;text-align: center\"><span style=\"font-size: 12pt\"><strong><span style=\"font-family: helvetica, arial, sans-serif;color: #3366ff\">3\u00ba ESO<\/span><\/strong><\/span><\/td>\n<td style=\"width: 2.11864%;height: 24px;text-align: center\">&nbsp;<\/td>\n<td style=\"width: 3.10559%;height: 24px;text-align: center\"><a href=\"https:\/\/drive.google.com\/file\/d\/1pvG9lBaisfWNhZHEwUWbk-L8yQ03uerx\/view?usp=sharing\"><span style=\"font-size: 12pt\"><span style=\"color: #000000\"><span style=\"font-family: helvetica, arial, sans-serif\">Cuadernillo<\/span><\/span><\/span><\/a><\/td>\n<\/tr>\n<\/tbody>\n<\/table>\n<p>&nbsp;<\/p>\n<p>&nbsp;<\/p>\n<p>&nbsp;<\/p>\n","protected":false},"excerpt":{"rendered":"<p>Si tienes pendiente la materia de Matem\u00e1ticas del curso pasado, debes recuperarla este a\u00f1o. En el enlace que publicamos bajo este mensaje, podr\u00e1s descargar el&hellip;<\/p>\n","protected":false},"author":5897,"featured_media":0,"parent":0,"menu_order":0,"comment_status":"closed","ping_status":"closed","template":"","meta":{"ngg_post_thumbnail":0,"footnotes":""},"aioseo_notices":[],"_links":{"self":[{"href":"https:\/\/blogsaverroes.juntadeandalucia.es\/iesbitacora\/wp-json\/wp\/v2\/pages\/760"}],"collection":[{"href":"https:\/\/blogsaverroes.juntadeandalucia.es\/iesbitacora\/wp-json\/wp\/v2\/pages"}],"about":[{"href":"https:\/\/blogsaverroes.juntadeandalucia.es\/iesbitacora\/wp-json\/wp\/v2\/types\/page"}],"author":[{"embeddable":true,"href":"https:\/\/blogsaverroes.juntadeandalucia.es\/iesbitacora\/wp-json\/wp\/v2\/users\/5897"}],"replies":[{"embeddable":true,"href":"https:\/\/blogsaverroes.juntadeandalucia.es\/iesbitacora\/wp-json\/wp\/v2\/comments?post=760"}],"version-history":[{"count":44,"href":"https:\/\/blogsaverroes.juntadeandalucia.es\/iesbitacora\/wp-json\/wp\/v2\/pages\/760\/revisions"}],"predecessor-version":[{"id":4758,"href":"https:\/\/blogsaverroes.juntadeandalucia.es\/iesbitacora\/wp-json\/wp\/v2\/pages\/760\/revisions\/4758"}],"wp:attachment":[{"href":"https:\/\/blogsaverroes.juntadeandalucia.es\/iesbitacora\/wp-json\/wp\/v2\/media?parent=760"}],"curies":[{"name":"wp","href":"https:\/\/api.w.org\/{rel}","templated":true}]}}