{"id":80,"date":"2018-04-08T20:29:42","date_gmt":"2018-04-08T20:29:42","guid":{"rendered":"https:\/\/blogsaverroes.juntadeandalucia.es\/iesbitacora\/?page_id=80"},"modified":"2025-12-03T21:04:03","modified_gmt":"2025-12-03T20:04:03","slug":"ingles","status":"publish","type":"page","link":"https:\/\/blogsaverroes.juntadeandalucia.es\/iesbitacora\/ingles\/","title":{"rendered":"IDIOMAS"},"content":{"rendered":"<p><strong><img loading=\"lazy\" decoding=\"async\" class=\"size-medium wp-image-483 alignright\" src=\"https:\/\/blogsaverroes.juntadeandalucia.es\/iesbitacora\/files\/2018\/04\/images-300x159.png\" alt=\"\" width=\"300\" height=\"159\" srcset=\"https:\/\/blogsaverroes.juntadeandalucia.es\/iesbitacora\/files\/2018\/04\/images-300x159.png 300w, https:\/\/blogsaverroes.juntadeandalucia.es\/iesbitacora\/files\/2018\/04\/images-24x13.png 24w, https:\/\/blogsaverroes.juntadeandalucia.es\/iesbitacora\/files\/2018\/04\/images-36x19.png 36w, https:\/\/blogsaverroes.juntadeandalucia.es\/iesbitacora\/files\/2018\/04\/images-48x25.png 48w, https:\/\/blogsaverroes.juntadeandalucia.es\/iesbitacora\/files\/2018\/04\/images.png 308w\" sizes=\"(max-width: 300px) 100vw, 300px\" \/><img loading=\"lazy\" decoding=\"async\" class=\"wp-image-489 aligncenter\" src=\"https:\/\/blogsaverroes.juntadeandalucia.es\/iesbitacora\/files\/2018\/04\/SecAcFrances2-300x300.jpg\" alt=\"\" width=\"193\" height=\"193\" srcset=\"https:\/\/blogsaverroes.juntadeandalucia.es\/iesbitacora\/files\/2018\/04\/SecAcFrances2-300x300.jpg 300w, https:\/\/blogsaverroes.juntadeandalucia.es\/iesbitacora\/files\/2018\/04\/SecAcFrances2-150x150.jpg 150w, https:\/\/blogsaverroes.juntadeandalucia.es\/iesbitacora\/files\/2018\/04\/SecAcFrances2-100x100.jpg 100w, https:\/\/blogsaverroes.juntadeandalucia.es\/iesbitacora\/files\/2018\/04\/SecAcFrances2-24x24.jpg 24w, https:\/\/blogsaverroes.juntadeandalucia.es\/iesbitacora\/files\/2018\/04\/SecAcFrances2-36x36.jpg 36w, https:\/\/blogsaverroes.juntadeandalucia.es\/iesbitacora\/files\/2018\/04\/SecAcFrances2-48x48.jpg 48w, https:\/\/blogsaverroes.juntadeandalucia.es\/iesbitacora\/files\/2018\/04\/SecAcFrances2.jpg 579w\" sizes=\"(max-width: 193px) 100vw, 193px\" \/><\/strong><\/p>\n<table style=\"height: 49px;width: 917px\">\n<tbody>\n<tr>\n<td style=\"width: 146.671875px\">&nbsp;<\/td>\n<td style=\"width: 450.328125px\"><span style=\"font-family: helvetica, arial, sans-serif;font-size: 16px\"><strong>Jefatura del Dpto.:<\/strong>&nbsp;<\/span><\/p>\n<p><span style=\"font-family: helvetica, arial, sans-serif;font-size: 16px\"><strong>Componentes 2025-2026:&nbsp;<\/strong><\/span><\/p>\n<ul>\n<li><strong><span style=\"font-family: helvetica, arial, sans-serif\">Profesora de Ingl\u00e9s <\/span><\/strong><\/li>\n<li><strong><span style=\"font-family: helvetica, arial, sans-serif\">Profesor de Ingl\u00e9s <\/span><\/strong><\/li>\n<li><strong><span style=\"font-family: helvetica, arial, sans-serif\">Profesora de Franc\u00e9s<\/span><\/strong><\/li>\n<\/ul>\n<p><span style=\"font-family: helvetica, arial, sans-serif;font-size: 16px\"><strong>\u00c1reas Adscritas:<\/strong><\/span><\/p>\n<ul>\n<li><span style=\"font-family: helvetica, arial, sans-serif\">Ingl\u00e9s <\/span><\/li>\n<li><span style=\"font-family: helvetica, arial, sans-serif\">Franc\u00e9s <\/span><\/li>\n<li><span style=\"font-family: helvetica, arial, sans-serif\">Lat\u00edn<\/span><\/li>\n<\/ul>\n<\/td>\n<td style=\"width: 299px\">&nbsp;<\/td>\n<\/tr>\n<\/tbody>\n<\/table>\n<p>&nbsp;<\/p>\n","protected":false},"excerpt":{"rendered":"<p>&nbsp; Jefatura del Dpto.:&nbsp; Componentes 2025-2026:&nbsp; Profesora de Ingl\u00e9s Profesor de Ingl\u00e9s Profesora de Franc\u00e9s \u00c1reas Adscritas: Ingl\u00e9s Franc\u00e9s Lat\u00edn &nbsp; &nbsp;<\/p>\n","protected":false},"author":5897,"featured_media":0,"parent":0,"menu_order":0,"comment_status":"closed","ping_status":"closed","template":"","meta":{"ngg_post_thumbnail":0,"footnotes":""},"aioseo_notices":[],"_links":{"self":[{"href":"https:\/\/blogsaverroes.juntadeandalucia.es\/iesbitacora\/wp-json\/wp\/v2\/pages\/80"}],"collection":[{"href":"https:\/\/blogsaverroes.juntadeandalucia.es\/iesbitacora\/wp-json\/wp\/v2\/pages"}],"about":[{"href":"https:\/\/blogsaverroes.juntadeandalucia.es\/iesbitacora\/wp-json\/wp\/v2\/types\/page"}],"author":[{"embeddable":true,"href":"https:\/\/blogsaverroes.juntadeandalucia.es\/iesbitacora\/wp-json\/wp\/v2\/users\/5897"}],"replies":[{"embeddable":true,"href":"https:\/\/blogsaverroes.juntadeandalucia.es\/iesbitacora\/wp-json\/wp\/v2\/comments?post=80"}],"version-history":[{"count":23,"href":"https:\/\/blogsaverroes.juntadeandalucia.es\/iesbitacora\/wp-json\/wp\/v2\/pages\/80\/revisions"}],"predecessor-version":[{"id":4775,"href":"https:\/\/blogsaverroes.juntadeandalucia.es\/iesbitacora\/wp-json\/wp\/v2\/pages\/80\/revisions\/4775"}],"wp:attachment":[{"href":"https:\/\/blogsaverroes.juntadeandalucia.es\/iesbitacora\/wp-json\/wp\/v2\/media?parent=80"}],"curies":[{"name":"wp","href":"https:\/\/api.w.org\/{rel}","templated":true}]}}