{"id":87,"date":"2018-04-08T20:31:42","date_gmt":"2018-04-08T20:31:42","guid":{"rendered":"https:\/\/blogsaverroes.juntadeandalucia.es\/iesbitacora\/?page_id=87"},"modified":"2025-12-03T21:08:53","modified_gmt":"2025-12-03T20:08:53","slug":"matematicascomponentes","status":"publish","type":"page","link":"https:\/\/blogsaverroes.juntadeandalucia.es\/iesbitacora\/matematicascomponentes\/","title":{"rendered":"Componentes:"},"content":{"rendered":"<p><img loading=\"lazy\" decoding=\"async\" class=\"size-medium wp-image-487 aligncenter\" src=\"https:\/\/blogsaverroes.juntadeandalucia.es\/iesbitacora\/files\/2018\/04\/pssa-mathematics-grade-7-test-prep-practice_241039_large-300x169.jpg\" alt=\"\" width=\"300\" height=\"169\" srcset=\"https:\/\/blogsaverroes.juntadeandalucia.es\/iesbitacora\/files\/2018\/04\/pssa-mathematics-grade-7-test-prep-practice_241039_large-300x169.jpg 300w, https:\/\/blogsaverroes.juntadeandalucia.es\/iesbitacora\/files\/2018\/04\/pssa-mathematics-grade-7-test-prep-practice_241039_large-768x432.jpg 768w, https:\/\/blogsaverroes.juntadeandalucia.es\/iesbitacora\/files\/2018\/04\/pssa-mathematics-grade-7-test-prep-practice_241039_large-24x14.jpg 24w, https:\/\/blogsaverroes.juntadeandalucia.es\/iesbitacora\/files\/2018\/04\/pssa-mathematics-grade-7-test-prep-practice_241039_large-36x20.jpg 36w, https:\/\/blogsaverroes.juntadeandalucia.es\/iesbitacora\/files\/2018\/04\/pssa-mathematics-grade-7-test-prep-practice_241039_large-48x27.jpg 48w, https:\/\/blogsaverroes.juntadeandalucia.es\/iesbitacora\/files\/2018\/04\/pssa-mathematics-grade-7-test-prep-practice_241039_large.jpg 800w\" sizes=\"(max-width: 300px) 100vw, 300px\" \/><\/p>\n<table style=\"height: 32px;width: 145.955%\">\n<tbody>\n<tr>\n<td style=\"width: 15.5531%\">&nbsp;<\/td>\n<td style=\"width: 50.3834%\"><span style=\"font-family: helvetica, arial, sans-serif;font-size: 16px\"><strong>Jefatura del Dpto.:<\/strong>&nbsp;<\/span><\/p>\n<p><span style=\"font-family: helvetica, arial, sans-serif;font-size: 16px\"><strong>Componentes 2025-2026:&nbsp;<\/strong><\/span><\/p>\n<ul>\n<li><strong><span style=\"font-family: helvetica, arial, sans-serif\">Profesor de Matem\u00e1ticas <\/span><\/strong><\/li>\n<li><strong><span style=\"font-family: helvetica, arial, sans-serif\">Profesora de Matem\u00e1ticas <\/span><\/strong><\/li>\n<li><strong><span style=\"font-family: helvetica, arial, sans-serif\">Profesor de Inform\u00e1tica<\/span><\/strong><\/li>\n<\/ul>\n<\/td>\n<td style=\"width: 32.9682%\">&nbsp;<\/td>\n<\/tr>\n<\/tbody>\n<\/table>\n<p>&nbsp;<\/p>\n<p>&nbsp;<\/p>\n<p>&nbsp;<\/p>\n<p>&nbsp;<\/p>\n<p>&nbsp;<\/p>\n","protected":false},"excerpt":{"rendered":"<p>&nbsp; Jefatura del Dpto.:&nbsp; Componentes 2025-2026:&nbsp; Profesor de Matem\u00e1ticas Profesora de Matem\u00e1ticas Profesor de Inform\u00e1tica &nbsp; &nbsp; &nbsp; &nbsp; &nbsp; &nbsp;<\/p>\n","protected":false},"author":5897,"featured_media":0,"parent":0,"menu_order":0,"comment_status":"closed","ping_status":"closed","template":"","meta":{"ngg_post_thumbnail":0,"footnotes":""},"aioseo_notices":[],"_links":{"self":[{"href":"https:\/\/blogsaverroes.juntadeandalucia.es\/iesbitacora\/wp-json\/wp\/v2\/pages\/87"}],"collection":[{"href":"https:\/\/blogsaverroes.juntadeandalucia.es\/iesbitacora\/wp-json\/wp\/v2\/pages"}],"about":[{"href":"https:\/\/blogsaverroes.juntadeandalucia.es\/iesbitacora\/wp-json\/wp\/v2\/types\/page"}],"author":[{"embeddable":true,"href":"https:\/\/blogsaverroes.juntadeandalucia.es\/iesbitacora\/wp-json\/wp\/v2\/users\/5897"}],"replies":[{"embeddable":true,"href":"https:\/\/blogsaverroes.juntadeandalucia.es\/iesbitacora\/wp-json\/wp\/v2\/comments?post=87"}],"version-history":[{"count":34,"href":"https:\/\/blogsaverroes.juntadeandalucia.es\/iesbitacora\/wp-json\/wp\/v2\/pages\/87\/revisions"}],"predecessor-version":[{"id":4777,"href":"https:\/\/blogsaverroes.juntadeandalucia.es\/iesbitacora\/wp-json\/wp\/v2\/pages\/87\/revisions\/4777"}],"wp:attachment":[{"href":"https:\/\/blogsaverroes.juntadeandalucia.es\/iesbitacora\/wp-json\/wp\/v2\/media?parent=87"}],"curies":[{"name":"wp","href":"https:\/\/api.w.org\/{rel}","templated":true}]}}