{"id":954,"date":"2018-04-14T15:20:04","date_gmt":"2018-04-14T15:20:04","guid":{"rendered":"https:\/\/blogsaverroes.juntadeandalucia.es\/iesbitacora\/?page_id=954"},"modified":"2020-03-23T16:15:39","modified_gmt":"2020-03-23T16:15:39","slug":"materia-y-libro-3","status":"publish","type":"page","link":"https:\/\/blogsaverroes.juntadeandalucia.es\/iesbitacora\/materia-y-libro-3\/","title":{"rendered":"MATERIA Y LIBRO 19-20"},"content":{"rendered":"<table class=\" alignleft\" style=\"width: 921px\">\n<tbody>\n<tr style=\"height: 24px\">\n<td style=\"width: 192.015625px;height: 24px\"><span style=\"font-family: helvetica, arial, sans-serif;font-size: 16px\"><strong>MATERIA<\/strong><\/span><\/td>\n<td style=\"width: 716.984375px;height: 24px\"><span style=\"font-family: helvetica, arial, sans-serif;font-size: 16px\"><strong>LIBRO<\/strong><\/span><\/td>\n<\/tr>\n<tr style=\"height: 40px\">\n<td style=\"width: 192.015625px;height: 40px\"><span style=\"font-family: helvetica, arial, sans-serif;font-size: 16px\">4\u00ba ESO<\/span><\/td>\n<td style=\"width: 716.984375px;height: 40px\"><span style=\"font-family: helvetica, arial, sans-serif;font-size: 16px\">Filosof\u00eda 4\u00ba ESO. Editorial Editex.<\/span><\/td>\n<\/tr>\n<tr style=\"height: 160px\">\n<td style=\"width: 909px;height: 160px\" colspan=\"2\"><span style=\"font-family: helvetica, arial, sans-serif;font-size: 16px\"><strong>RECURSOS DID\u00c1CTICOS: FERNANDO BARBOSA<\/strong>&nbsp;<\/span><\/p>\n<p><span style=\"font-family: helvetica, arial, sans-serif;font-size: 16px\">4\u00baESO<\/span><\/p>\n<ul>\n<li><span style=\"font-family: helvetica, arial, sans-serif;font-size: 16px\"><a href=\"https:\/\/blogsaverroes.juntadeandalucia.es\/iesbitacora\/files\/2018\/04\/Apuntes-descartes.pdf\" target=\"_blank\" rel=\"noopener noreferrer\">APUNTES DESCARTES<\/a><\/span><\/li>\n<li><span style=\"font-family: helvetica, arial, sans-serif;font-size: 16px\"><a href=\"https:\/\/blogsaverroes.juntadeandalucia.es\/iesbitacora\/files\/2018\/04\/RACIONALISMO.pptx\" target=\"_blank\" rel=\"noopener noreferrer\">PRESENTACI\u00d3N DE DESCARTES Y EL DISCURSO DEL M\u00c9TODO<\/a><\/span><\/li>\n<li><span style=\"font-family: helvetica, arial, sans-serif;font-size: 16px\">V\u00cdDEOS SOBRE DESCARTES:<\/span><\/li>\n<\/ul>\n<p><span style=\"font-family: helvetica, arial, sans-serif;font-size: 16px\">&nbsp; &nbsp; &nbsp; &nbsp; &nbsp; &nbsp;&#8211; <a href=\"https:\/\/www.youtube.com\/watch?v=9BMXwjKOSyk\" target=\"_blank\" rel=\"noopener noreferrer\">Pimera parte<\/a><\/span><\/p>\n<p><span style=\"font-family: helvetica, arial, sans-serif;font-size: 16px\">&nbsp; &nbsp; &nbsp; &nbsp; &nbsp; &nbsp;&#8211; <a href=\"https:\/\/www.youtube.com\/watch?v=ScAQqBUAdfY\" target=\"_blank\" rel=\"noopener noreferrer\">Segunda parte&nbsp;<\/a><\/span><\/p>\n<p><span style=\"font-family: helvetica, arial, sans-serif;font-size: 16px\">&nbsp; &nbsp; &nbsp; &nbsp; &nbsp; &nbsp;&#8211; <a href=\"https:\/\/www.youtube.com\/watch?v=Ol42yd_Py9I\" target=\"_blank\" rel=\"noopener noreferrer\">Descartes en 3 minutos<\/a><\/span><\/p>\n<ul>\n<li><span style=\"font-family: helvetica, arial, sans-serif;font-size: 16px\"><a href=\"https:\/\/blogsaverroes.juntadeandalucia.es\/iesbitacora\/files\/2020\/03\/Raz\u00f3n_racionalidad_inteligencia-emocional.pdf\" target=\"_blank\" rel=\"noopener noreferrer\">TEMA 6: RAZ\u00d3N, RACIONALIDAD, INTELIGENCIA EMOCIONAL<\/a><\/span><\/li>\n<li><span style=\"font-family: helvetica, arial, sans-serif;font-size: 16px\"><a href=\"https:\/\/blogsaverroes.juntadeandalucia.es\/iesbitacora\/files\/2018\/05\/LA-LIBERTAD.pdf\">TEMA 7: LA LIBERTAD<\/a><\/span><\/li>\n<li><span style=\"font-family: helvetica, arial, sans-serif;font-size: 16px\"><a href=\"https:\/\/blogsaverroes.juntadeandalucia.es\/iesbitacora\/files\/2018\/05\/LA-CREATIVIDAD.pdf\">TEMA 8: LA CREATIVIDAD<\/a><\/span><\/li>\n<li><span style=\"font-family: helvetica, arial, sans-serif;font-size: 16px\"><a href=\"https:\/\/blogsaverroes.juntadeandalucia.es\/iesbitacora\/files\/2018\/06\/el-pensamiento-de-ortega-y-gasset-CatiRojas.ppt\">TEMA 9: ORTEGA Y GASSET. RAZ\u00d3N VITAL E HIST\u00d3RICA (presentaci\u00f3n).<\/a><\/span><\/li>\n<\/ul>\n<\/td>\n<\/tr>\n<\/tbody>\n<\/table>\n<p>&nbsp;<\/p>\n","protected":false},"excerpt":{"rendered":"<p>MATERIA LIBRO 4\u00ba ESO Filosof\u00eda 4\u00ba ESO. Editorial Editex. RECURSOS DID\u00c1CTICOS: FERNANDO BARBOSA&nbsp; 4\u00baESO APUNTES DESCARTES PRESENTACI\u00d3N DE DESCARTES Y EL DISCURSO DEL M\u00c9TODO V\u00cdDEOS&hellip;<\/p>\n","protected":false},"author":5897,"featured_media":0,"parent":0,"menu_order":0,"comment_status":"closed","ping_status":"closed","template":"page-template-full.php","meta":{"ngg_post_thumbnail":0,"footnotes":""},"aioseo_notices":[],"_links":{"self":[{"href":"https:\/\/blogsaverroes.juntadeandalucia.es\/iesbitacora\/wp-json\/wp\/v2\/pages\/954"}],"collection":[{"href":"https:\/\/blogsaverroes.juntadeandalucia.es\/iesbitacora\/wp-json\/wp\/v2\/pages"}],"about":[{"href":"https:\/\/blogsaverroes.juntadeandalucia.es\/iesbitacora\/wp-json\/wp\/v2\/types\/page"}],"author":[{"embeddable":true,"href":"https:\/\/blogsaverroes.juntadeandalucia.es\/iesbitacora\/wp-json\/wp\/v2\/users\/5897"}],"replies":[{"embeddable":true,"href":"https:\/\/blogsaverroes.juntadeandalucia.es\/iesbitacora\/wp-json\/wp\/v2\/comments?post=954"}],"version-history":[{"count":21,"href":"https:\/\/blogsaverroes.juntadeandalucia.es\/iesbitacora\/wp-json\/wp\/v2\/pages\/954\/revisions"}],"predecessor-version":[{"id":3536,"href":"https:\/\/blogsaverroes.juntadeandalucia.es\/iesbitacora\/wp-json\/wp\/v2\/pages\/954\/revisions\/3536"}],"wp:attachment":[{"href":"https:\/\/blogsaverroes.juntadeandalucia.es\/iesbitacora\/wp-json\/wp\/v2\/media?parent=954"}],"curies":[{"name":"wp","href":"https:\/\/api.w.org\/{rel}","templated":true}]}}