{"id":1702,"date":"2020-09-24T20:29:19","date_gmt":"2020-09-24T18:29:19","guid":{"rendered":"https:\/\/blogsaverroes.juntadeandalucia.es\/iesblasinfante\/?page_id=1702"},"modified":"2020-09-27T10:34:45","modified_gmt":"2020-09-27T08:34:45","slug":"actividades-2015-2016","status":"publish","type":"page","link":"https:\/\/blogsaverroes.juntadeandalucia.es\/iesblasinfante\/actividades\/actividades-2015-2016\/","title":{"rendered":"Actividades 2015-2016"},"content":{"rendered":"<h1>DEPORTES DE VERANO<\/h1>\n<p>El Departamento de Educaci\u00f3n F\u00edsica organiza diferentes actividades deportivas muy divertidas. Gracias Chema, lo pasamos muy bien:<\/p>\nngg_shortcode_0_placeholder\n<h1>Visita ROA de 4\u00ba ESO<\/h1>\n<p style=\"text-align: center\"><img fetchpriority=\"high\" decoding=\"async\" class=\"alignnone size-medium wp-image-2557\" src=\"https:\/\/blogsaverroes.juntadeandalucia.es\/iesblasinfante\/files\/2020\/09\/IMG_20160406_133354924-300x169.jpg\" alt=\"\" width=\"300\" height=\"169\" srcset=\"https:\/\/blogsaverroes.juntadeandalucia.es\/iesblasinfante\/files\/2020\/09\/IMG_20160406_133354924-300x169.jpg 300w, https:\/\/blogsaverroes.juntadeandalucia.es\/iesblasinfante\/files\/2020\/09\/IMG_20160406_133354924-1024x576.jpg 1024w, https:\/\/blogsaverroes.juntadeandalucia.es\/iesblasinfante\/files\/2020\/09\/IMG_20160406_133354924-768x432.jpg 768w, https:\/\/blogsaverroes.juntadeandalucia.es\/iesblasinfante\/files\/2020\/09\/IMG_20160406_133354924-1536x864.jpg 1536w, https:\/\/blogsaverroes.juntadeandalucia.es\/iesblasinfante\/files\/2020\/09\/IMG_20160406_133354924-2048x1152.jpg 2048w, https:\/\/blogsaverroes.juntadeandalucia.es\/iesblasinfante\/files\/2020\/09\/IMG_20160406_133354924-24x14.jpg 24w, https:\/\/blogsaverroes.juntadeandalucia.es\/iesblasinfante\/files\/2020\/09\/IMG_20160406_133354924-36x20.jpg 36w, https:\/\/blogsaverroes.juntadeandalucia.es\/iesblasinfante\/files\/2020\/09\/IMG_20160406_133354924-48x27.jpg 48w\" sizes=\"(max-width: 300px) 100vw, 300px\" \/>&nbsp; &nbsp; &nbsp; &nbsp; &nbsp; &nbsp; &nbsp; &nbsp; &nbsp; &nbsp; &nbsp; &nbsp; &nbsp; &nbsp; &nbsp; &nbsp; &nbsp; &nbsp; &nbsp; &nbsp; <img decoding=\"async\" class=\"alignnone size-medium wp-image-2556\" src=\"https:\/\/blogsaverroes.juntadeandalucia.es\/iesblasinfante\/files\/2020\/09\/IMG_20160406_133414085-169x300.jpg\" alt=\"\" width=\"169\" height=\"300\" srcset=\"https:\/\/blogsaverroes.juntadeandalucia.es\/iesblasinfante\/files\/2020\/09\/IMG_20160406_133414085-169x300.jpg 169w, https:\/\/blogsaverroes.juntadeandalucia.es\/iesblasinfante\/files\/2020\/09\/IMG_20160406_133414085-576x1024.jpg 576w, https:\/\/blogsaverroes.juntadeandalucia.es\/iesblasinfante\/files\/2020\/09\/IMG_20160406_133414085-768x1365.jpg 768w, https:\/\/blogsaverroes.juntadeandalucia.es\/iesblasinfante\/files\/2020\/09\/IMG_20160406_133414085-864x1536.jpg 864w, https:\/\/blogsaverroes.juntadeandalucia.es\/iesblasinfante\/files\/2020\/09\/IMG_20160406_133414085-1152x2048.jpg 1152w, https:\/\/blogsaverroes.juntadeandalucia.es\/iesblasinfante\/files\/2020\/09\/IMG_20160406_133414085-14x24.jpg 14w, https:\/\/blogsaverroes.juntadeandalucia.es\/iesblasinfante\/files\/2020\/09\/IMG_20160406_133414085-20x36.jpg 20w, https:\/\/blogsaverroes.juntadeandalucia.es\/iesblasinfante\/files\/2020\/09\/IMG_20160406_133414085-27x48.jpg 27w, https:\/\/blogsaverroes.juntadeandalucia.es\/iesblasinfante\/files\/2020\/09\/IMG_20160406_133414085-scaled.jpg 1440w\" sizes=\"(max-width: 169px) 100vw, 169px\" \/><\/p>\n<h1>CONCURSO DE FOTOGRAF\u00cdA MATEM\u00c1TICA<\/h1>\n<p><a href=\"https:\/\/blogsaverroes.juntadeandalucia.es\/iesblasinfante\/files\/2020\/09\/Fotos-curso-2015-2016.pdf\" target=\"_blank\" rel=\"noopener noreferrer\"><strong>Pincha aqu\u00ed<\/strong> para ver los trabajos del alumnado que participa en el concurso de foto matem\u00e1tica<\/a>.<\/p>\nngg_shortcode_1_placeholder\n<h1>D\u00cdA DE ANDALUC\u00cdA<\/h1>\n<p>V\u00eddeo resumen del d\u00eda festivo que celebramos el pasado 25 de febrero.<\/p>\n<p><iframe title=\"D\u00eda Andaluc\u00eda 2016\" width=\"843\" height=\"474\" src=\"https:\/\/www.youtube.com\/embed\/miKzLsrvfm0?feature=oembed\" frameborder=\"0\" allow=\"accelerometer; autoplay; clipboard-write; encrypted-media; gyroscope; picture-in-picture\" allowfullscreen><\/iframe><\/p>\n<h1>CELEBRACI\u00d3N DE LA NAVIDAD<\/h1>\n<p>El pasado 23 de Diciembre celebramos en el IES una jornada l\u00fadica con actividades variadas en la que todos disfrutamos mucho. Os dejo fotos de los mejores momentos.<\/p>\nngg_shortcode_2_placeholder\n<h1>PREMIOS DEL CONCURSO DE TARJETA DE FELICITACI\u00d3N MATEM\u00c1TICA<\/h1>\n<div id='gallery-1' class='gallery galleryid-1702 gallery-columns-3 gallery-size-thumbnail'><figure class='gallery-item'>\n\t\t\t<div class='gallery-icon landscape'>\n\t\t\t\t<a href='https:\/\/blogsaverroes.juntadeandalucia.es\/iesblasinfante\/2o-premio-bi-15-16\/'><img decoding=\"async\" width=\"150\" height=\"150\" src=\"https:\/\/blogsaverroes.juntadeandalucia.es\/iesblasinfante\/files\/2020\/09\/2\u00ba-Premio-BI-15-16-150x150.jpg\" class=\"attachment-thumbnail size-thumbnail\" alt=\"\" srcset=\"https:\/\/blogsaverroes.juntadeandalucia.es\/iesblasinfante\/files\/2020\/09\/2\u00ba-Premio-BI-15-16-150x150.jpg 150w, https:\/\/blogsaverroes.juntadeandalucia.es\/iesblasinfante\/files\/2020\/09\/2\u00ba-Premio-BI-15-16-100x100.jpg 100w, https:\/\/blogsaverroes.juntadeandalucia.es\/iesblasinfante\/files\/2020\/09\/2\u00ba-Premio-BI-15-16-50x50.jpg 50w\" sizes=\"(max-width: 150px) 100vw, 150px\" \/><\/a>\n\t\t\t<\/div><\/figure><figure class='gallery-item'>\n\t\t\t<div class='gallery-icon portrait'>\n\t\t\t\t<a href='https:\/\/blogsaverroes.juntadeandalucia.es\/iesblasinfante\/1o-premio-bi-15-16\/'><img loading=\"lazy\" decoding=\"async\" width=\"150\" height=\"150\" src=\"https:\/\/blogsaverroes.juntadeandalucia.es\/iesblasinfante\/files\/2020\/09\/1\u00ba-Premio-BI-15-16-150x150.jpg\" class=\"attachment-thumbnail size-thumbnail\" alt=\"\" srcset=\"https:\/\/blogsaverroes.juntadeandalucia.es\/iesblasinfante\/files\/2020\/09\/1\u00ba-Premio-BI-15-16-150x150.jpg 150w, https:\/\/blogsaverroes.juntadeandalucia.es\/iesblasinfante\/files\/2020\/09\/1\u00ba-Premio-BI-15-16-100x100.jpg 100w, https:\/\/blogsaverroes.juntadeandalucia.es\/iesblasinfante\/files\/2020\/09\/1\u00ba-Premio-BI-15-16-50x50.jpg 50w\" sizes=\"(max-width: 150px) 100vw, 150px\" \/><\/a>\n\t\t\t<\/div><\/figure><figure class='gallery-item'>\n\t\t\t<div class='gallery-icon portrait'>\n\t\t\t\t<a href='https:\/\/blogsaverroes.juntadeandalucia.es\/iesblasinfante\/3o-premio-bi-15-16\/'><img loading=\"lazy\" decoding=\"async\" width=\"150\" height=\"150\" src=\"https:\/\/blogsaverroes.juntadeandalucia.es\/iesblasinfante\/files\/2020\/09\/3\u00ba-Premio-BI-15-16-150x150.jpg\" class=\"attachment-thumbnail size-thumbnail\" alt=\"\" srcset=\"https:\/\/blogsaverroes.juntadeandalucia.es\/iesblasinfante\/files\/2020\/09\/3\u00ba-Premio-BI-15-16-150x150.jpg 150w, https:\/\/blogsaverroes.juntadeandalucia.es\/iesblasinfante\/files\/2020\/09\/3\u00ba-Premio-BI-15-16-100x100.jpg 100w, https:\/\/blogsaverroes.juntadeandalucia.es\/iesblasinfante\/files\/2020\/09\/3\u00ba-Premio-BI-15-16-50x50.jpg 50w\" sizes=\"(max-width: 150px) 100vw, 150px\" \/><\/a>\n\t\t\t<\/div><\/figure>\n\t\t<\/div>\n\n<h1>PREMIO AL MEJOR EXPEDIENTE<\/h1>\n<p>FELICITACIONES DE TODO EL PROFESORADO Y ALUMNADO DEL IES BLAS INFANTE A YITING WU POR EL MERECIDO PREMIO.<\/p>\n<p style=\"text-align: center\"><img loading=\"lazy\" decoding=\"async\" class=\"alignnone size-medium wp-image-2470\" src=\"https:\/\/blogsaverroes.juntadeandalucia.es\/iesblasinfante\/files\/2020\/09\/IMG-20151204-WA0001-300x168.jpg\" alt=\"\" width=\"300\" height=\"168\" srcset=\"https:\/\/blogsaverroes.juntadeandalucia.es\/iesblasinfante\/files\/2020\/09\/IMG-20151204-WA0001-300x168.jpg 300w, https:\/\/blogsaverroes.juntadeandalucia.es\/iesblasinfante\/files\/2020\/09\/IMG-20151204-WA0001-1024x575.jpg 1024w, https:\/\/blogsaverroes.juntadeandalucia.es\/iesblasinfante\/files\/2020\/09\/IMG-20151204-WA0001-768x431.jpg 768w, https:\/\/blogsaverroes.juntadeandalucia.es\/iesblasinfante\/files\/2020\/09\/IMG-20151204-WA0001-1536x862.jpg 1536w, https:\/\/blogsaverroes.juntadeandalucia.es\/iesblasinfante\/files\/2020\/09\/IMG-20151204-WA0001-24x13.jpg 24w, https:\/\/blogsaverroes.juntadeandalucia.es\/iesblasinfante\/files\/2020\/09\/IMG-20151204-WA0001-36x20.jpg 36w, https:\/\/blogsaverroes.juntadeandalucia.es\/iesblasinfante\/files\/2020\/09\/IMG-20151204-WA0001-48x27.jpg 48w, https:\/\/blogsaverroes.juntadeandalucia.es\/iesblasinfante\/files\/2020\/09\/IMG-20151204-WA0001.jpg 1600w\" sizes=\"(max-width: 300px) 100vw, 300px\" \/>&nbsp; &nbsp; &nbsp; &nbsp; &nbsp; &nbsp; &nbsp; &nbsp; &nbsp; &nbsp; &nbsp; &nbsp; &nbsp; &nbsp; &nbsp; &nbsp;<img loading=\"lazy\" decoding=\"async\" class=\"alignnone size-medium wp-image-2469\" src=\"https:\/\/blogsaverroes.juntadeandalucia.es\/iesblasinfante\/files\/2020\/09\/IMG-20151204-WA0000-300x168.jpg\" alt=\"\" width=\"300\" height=\"168\" srcset=\"https:\/\/blogsaverroes.juntadeandalucia.es\/iesblasinfante\/files\/2020\/09\/IMG-20151204-WA0000-300x168.jpg 300w, https:\/\/blogsaverroes.juntadeandalucia.es\/iesblasinfante\/files\/2020\/09\/IMG-20151204-WA0000-1024x575.jpg 1024w, https:\/\/blogsaverroes.juntadeandalucia.es\/iesblasinfante\/files\/2020\/09\/IMG-20151204-WA0000-768x431.jpg 768w, https:\/\/blogsaverroes.juntadeandalucia.es\/iesblasinfante\/files\/2020\/09\/IMG-20151204-WA0000-1536x862.jpg 1536w, https:\/\/blogsaverroes.juntadeandalucia.es\/iesblasinfante\/files\/2020\/09\/IMG-20151204-WA0000-24x13.jpg 24w, https:\/\/blogsaverroes.juntadeandalucia.es\/iesblasinfante\/files\/2020\/09\/IMG-20151204-WA0000-36x20.jpg 36w, https:\/\/blogsaverroes.juntadeandalucia.es\/iesblasinfante\/files\/2020\/09\/IMG-20151204-WA0000-48x27.jpg 48w, https:\/\/blogsaverroes.juntadeandalucia.es\/iesblasinfante\/files\/2020\/09\/IMG-20151204-WA0000.jpg 1600w\" sizes=\"(max-width: 300px) 100vw, 300px\" \/><\/p>\n<h1>1\u00ba ESO D\u00cdA DE CIENCIAS NATURALES EN NUESTRO ENTORNO.<\/h1>\nngg_shortcode_3_placeholder\n<h1>25 N CONMEMORAMOS EL D\u00cdA CONTRA LA VIOLENCIA DE G\u00c9NERO<\/h1>\n<p>Lamentablemente la triste realidad nos obliga a conmemorar a\u00f1o tras a\u00f1o este 25 N. Este a\u00f1o todo el alumnado del IES Blas Infante puso su granito de arena para acabar con esta lacra de nuestra sociedad.<img decoding=\"async\" class=\"wpGallery mceItem\" title=\"gallery columns=&quot;4&quot; ids=&quot;2337,2338,2339,2340,2341,2342,2343,2344,2345,2346,2347,2348&quot;\" src=\"http:\/\/iesblasinfante.com\/wp-includes\/js\/tinymce\/plugins\/wpgallery\/img\/t.gif\" alt=\"\"><\/p>\n<p><iframe title=\"25N2015\" width=\"843\" height=\"632\" src=\"https:\/\/www.youtube.com\/embed\/7rqFAxbmXn0?feature=oembed\" frameborder=\"0\" allow=\"accelerometer; autoplay; clipboard-write; encrypted-media; gyroscope; picture-in-picture\" allowfullscreen><\/iframe><\/p>\nngg_shortcode_4_placeholder\n<h4>El alumnado de 4\u00ba ESO DIVER nos deja alucinados con la elaboraci\u00f3n del siguiente v\u00eddeo, felicidades por el trabajo realizado.<\/h4>\n<p><iframe title=\"IES Blas Infante de San Fernando-25N-Violencia de Genero\" width=\"843\" height=\"632\" src=\"https:\/\/www.youtube.com\/embed\/-UlMHWC3YO4?feature=oembed\" frameborder=\"0\" allow=\"accelerometer; autoplay; clipboard-write; encrypted-media; gyroscope; picture-in-picture\" allowfullscreen><\/iframe><\/p>\n<h1>4\u00ba ESO VISITA LA UCA<\/h1>\n<p>El alumnado de 4\u00ba ESO visita la UCA dentro de las jornadas de las ciencias:<img decoding=\"async\" class=\"wpGallery mceItem\" title=\"gallery ids=&quot;2355,2356,2357&quot;\" src=\"http:\/\/iesblasinfante.com\/wp-includes\/js\/tinymce\/plugins\/wpgallery\/img\/t.gif\" alt=\"\"><\/p>\nngg_shortcode_5_placeholder\n<h1>CAF\u00c9 CON CIENCIAS EN EL REAL OBSERVATORIO DE LA ARMADA DE SAN FERNANDO<\/h1>\n<h2 style=\"text-align: left\"><span style=\"font-size: 16px\">Este a\u00f1o tenemos el honor de ser invitados a la actividad Caf\u00e9 con Ciencias en el ROA, una selecci\u00f3n del alumnado de 3\u00ba ESO entrevist\u00f3 al&nbsp;CF Fco. Javier Montojo Salazar acerca de su trabajo sobre la Basura Espacial.<\/span><\/h2>\nngg_shortcode_6_placeholder\n<h2 style=\"text-align: left\"><span style=\"color: #ff0000\"><img decoding=\"async\" class=\"wpGallery mceItem\" title=\"gallery columns=&quot;4&quot; ids=&quot;2388,2391,2390,2389,2383,2384,2385,2386,2387,2382,2381,2380,2379,2378&quot;\" src=\"http:\/\/iesblasinfante.com\/wp-includes\/js\/tinymce\/plugins\/wpgallery\/img\/t.gif\" alt=\"\"><\/span>SALIDA A C\u00c1DIZ INICIO DE CURSO<\/h2>\n<p>Este a\u00f1o empezamos con ganas de movernos y pasarlo bien aprendiendo de nuestro entorno m\u00e1s cercano, por ello el 27 de octubre de 2015 casi la totalidad del alumnado y profesorado del IES &nbsp;nos vamos de excursi\u00f3n a C\u00e1diz.<\/p>\nngg_shortcode_7_placeholder\n","protected":false},"excerpt":{"rendered":"<p>DEPORTES DE VERANO El Departamento de Educaci\u00f3n F\u00edsica organiza diferentes actividades deportivas muy divertidas. Gracias Chema, lo pasamos muy bien: Visita ROA de 4\u00ba ESO&hellip;<\/p>\n","protected":false},"author":10359,"featured_media":0,"parent":214,"menu_order":0,"comment_status":"closed","ping_status":"closed","template":"","meta":{"ngg_post_thumbnail":0,"footnotes":""},"aioseo_notices":[],"_links":{"self":[{"href":"https:\/\/blogsaverroes.juntadeandalucia.es\/iesblasinfante\/wp-json\/wp\/v2\/pages\/1702"}],"collection":[{"href":"https:\/\/blogsaverroes.juntadeandalucia.es\/iesblasinfante\/wp-json\/wp\/v2\/pages"}],"about":[{"href":"https:\/\/blogsaverroes.juntadeandalucia.es\/iesblasinfante\/wp-json\/wp\/v2\/types\/page"}],"author":[{"embeddable":true,"href":"https:\/\/blogsaverroes.juntadeandalucia.es\/iesblasinfante\/wp-json\/wp\/v2\/users\/10359"}],"replies":[{"embeddable":true,"href":"https:\/\/blogsaverroes.juntadeandalucia.es\/iesblasinfante\/wp-json\/wp\/v2\/comments?post=1702"}],"version-history":[{"count":15,"href":"https:\/\/blogsaverroes.juntadeandalucia.es\/iesblasinfante\/wp-json\/wp\/v2\/pages\/1702\/revisions"}],"predecessor-version":[{"id":2558,"href":"https:\/\/blogsaverroes.juntadeandalucia.es\/iesblasinfante\/wp-json\/wp\/v2\/pages\/1702\/revisions\/2558"}],"up":[{"embeddable":true,"href":"https:\/\/blogsaverroes.juntadeandalucia.es\/iesblasinfante\/wp-json\/wp\/v2\/pages\/214"}],"wp:attachment":[{"href":"https:\/\/blogsaverroes.juntadeandalucia.es\/iesblasinfante\/wp-json\/wp\/v2\/media?parent=1702"}],"curies":[{"name":"wp","href":"https:\/\/api.w.org\/{rel}","templated":true}]}}