{"id":2,"date":"2020-07-30T12:03:43","date_gmt":"2020-07-30T10:03:43","guid":{"rendered":"https:\/\/blogsaverroes.juntadeandalucia.es\/iesblasinfante\/?page_id=2"},"modified":"2020-09-28T21:01:22","modified_gmt":"2020-09-28T19:01:22","slug":"pagina-ejemplo","status":"publish","type":"page","link":"https:\/\/blogsaverroes.juntadeandalucia.es\/iesblasinfante\/pagina-ejemplo\/","title":{"rendered":"Nuestro Centro"},"content":{"rendered":"<p><strong>&nbsp;ENSE\u00d1ANZAS<\/strong><\/p>\n<ul>\n<li>Educaci\u00f3n Secundaria Obligatoria, de primero a cuarto.<\/li>\n<li>Formaci\u00f3n Profesional B\u00e1sica Espec\u00edfica I y II, Lavander\u00eda y Alojamiento.<\/li>\n<li>Educaci\u00f3n especial unidad espec\u00edfica<\/li>\n<\/ul>\n<p><strong>CONTACTO<\/strong><\/p>\n<ul>\n<li>TEL\u00c9FONO: 956243644<\/li>\n<li>FAX: 956243650<\/li>\n<li>EMAIL:&nbsp;11700721.edu@juntadeandalucia.es<\/li>\n<li>DIRECCI\u00d3N: Plaza de Blas Infante s\/n. 11100. San Fernando, C\u00e1diz.<\/li>\n<\/ul>\n<p><iframe src=\"https:\/\/www.google.com\/maps\/embed?pb=!1m14!1m8!1m3!1d12835.581542283348!2d-6.2097926!3d36.4600844!3m2!1i1024!2i768!4f13.1!3m3!1m2!1s0x0%3A0x28fea7b9877b1ec2!2sIES%20Blas%20Infante!5e0!3m2!1ses!2ses!4v1601319430561!5m2!1ses!2ses\" width=\"600\" height=\"450\" frameborder=\"0\"><\/iframe><br \/>\n&nbsp;<\/p>\n","protected":false},"excerpt":{"rendered":"<p>&nbsp;ENSE\u00d1ANZAS Educaci\u00f3n Secundaria Obligatoria, de primero a cuarto. Formaci\u00f3n Profesional B\u00e1sica Espec\u00edfica I y II, Lavander\u00eda y Alojamiento. Educaci\u00f3n especial unidad espec\u00edfica CONTACTO TEL\u00c9FONO: 956243644&hellip;<\/p>\n","protected":false},"author":10359,"featured_media":0,"parent":0,"menu_order":0,"comment_status":"closed","ping_status":"open","template":"","meta":{"ngg_post_thumbnail":0,"footnotes":""},"aioseo_notices":[],"_links":{"self":[{"href":"https:\/\/blogsaverroes.juntadeandalucia.es\/iesblasinfante\/wp-json\/wp\/v2\/pages\/2"}],"collection":[{"href":"https:\/\/blogsaverroes.juntadeandalucia.es\/iesblasinfante\/wp-json\/wp\/v2\/pages"}],"about":[{"href":"https:\/\/blogsaverroes.juntadeandalucia.es\/iesblasinfante\/wp-json\/wp\/v2\/types\/page"}],"author":[{"embeddable":true,"href":"https:\/\/blogsaverroes.juntadeandalucia.es\/iesblasinfante\/wp-json\/wp\/v2\/users\/10359"}],"replies":[{"embeddable":true,"href":"https:\/\/blogsaverroes.juntadeandalucia.es\/iesblasinfante\/wp-json\/wp\/v2\/comments?post=2"}],"version-history":[{"count":10,"href":"https:\/\/blogsaverroes.juntadeandalucia.es\/iesblasinfante\/wp-json\/wp\/v2\/pages\/2\/revisions"}],"predecessor-version":[{"id":2590,"href":"https:\/\/blogsaverroes.juntadeandalucia.es\/iesblasinfante\/wp-json\/wp\/v2\/pages\/2\/revisions\/2590"}],"wp:attachment":[{"href":"https:\/\/blogsaverroes.juntadeandalucia.es\/iesblasinfante\/wp-json\/wp\/v2\/media?parent=2"}],"curies":[{"name":"wp","href":"https:\/\/api.w.org\/{rel}","templated":true}]}}