{"id":3870,"date":"2022-01-20T12:17:34","date_gmt":"2022-01-20T11:17:34","guid":{"rendered":"https:\/\/blogsaverroes.juntadeandalucia.es\/iesblasinfante\/?page_id=3870"},"modified":"2023-01-04T14:29:34","modified_gmt":"2023-01-04T13:29:34","slug":"formacion-para-familias","status":"publish","type":"page","link":"https:\/\/blogsaverroes.juntadeandalucia.es\/iesblasinfante\/pagina-ejemplo\/formacion-para-familias\/","title":{"rendered":"Formaci\u00f3n para familias"},"content":{"rendered":"<h1>CURSO 2022-2023<\/h1>\n<p>Siguiendo con el trabajo iniciado el curso pasado, se seguir\u00e1n elaborando materiales para que las familias puedan desarrollar la competencia digital que les permita un seguimiento del procesos de aprendizaje.<\/p>\n<h3>Consulta de calificaciones, PRA, PRO&#8230; toda la documentaci\u00f3n del punto de recogida<\/h3>\n<p><a href=\"https:\/\/drive.google.com\/file\/d\/11uA74UyvEiscbk6pHzGWv5PFkxlx5ITq\/view?usp=share_link\">PINCHA AQU\u00cd PARA VER EL TUTORIAL<\/a><\/p>\n<h3>Consulta de informe de evaluaci\u00f3n intermedia (Prenotas)<\/h3>\n<div style=\"width: 843px;\" class=\"wp-video\"><!--[if lt IE 9]><script>document.createElement('video');<\/script><![endif]-->\n<video class=\"wp-video-shortcode\" id=\"video-3870-1\" width=\"843\" height=\"474\" preload=\"metadata\" controls=\"controls\"><source type=\"video\/mp4\" src=\"https:\/\/blogsaverroes.juntadeandalucia.es\/iesblasinfante\/files\/2022\/11\/Tutorial-Punto-de-recogida.mp4?_=1\" \/><a href=\"https:\/\/blogsaverroes.juntadeandalucia.es\/iesblasinfante\/files\/2022\/11\/Tutorial-Punto-de-recogida.mp4\">https:\/\/blogsaverroes.juntadeandalucia.es\/iesblasinfante\/files\/2022\/11\/Tutorial-Punto-de-recogida.mp4<\/a><\/video><\/div>\n<h1>CURSO 2021-2022<\/h1>\n<p>A comienzos del curso 2021\/22 se ha realizado una encuesta a las familias (<a href=\"https:\/\/docs.google.com\/forms\/d\/e\/1FAIpQLSeKS5-vg2uUQsuNAhayztRFz6voOpF5qWZeVNhu0qOfsdXPaA\/viewform?usp=sf_link\">enlace a encuesta<\/a>) para conocer las necesidades formativas en nuevas tecnolog\u00edas y aplicaciones que estamos usando en el instituto. Los resultados han sido mayoritariamente eligiendo las aplicaciones Moodle (83,3%), IPasen (47,6%) y Webex (33,3%) . Es por ello que a continuaci\u00f3n exponemos unos breves tutoriales sobre estas aplicaciones para que puedan comenzar a utilizarlos sin problema.<\/p>\n<p>Si tuvieran alguna duda o quisieran m\u00e1s informaci\u00f3n en este apartado, no duden en escribirme en este email: ehersal648@g.educaand.es<\/p>\n<h3><img decoding=\"async\" class=\"alignnone \" src=\"https:\/\/i1.wp.com\/blogsaverroes.juntadeandalucia.es\/fglorca\/files\/2022\/01\/ipasen-logo.jpg?ssl=1\" width=\"191\" height=\"140\"><\/h3>\n<ul>\n<li>\n<h3>Acceso a IPasen. Justificar faltas y ver calificaciones del alumnado:<\/h3>\n<\/li>\n<\/ul>\n<p><iframe src=\"\/\/www.youtube.com\/embed\/bC4ZiW3v1ns\" width=\"560\" height=\"315\" frameborder=\"0\"><\/iframe><\/p>\n<ul>\n<li>\n<h3>Enviar un mensaje a un docente:<\/h3>\n<\/li>\n<\/ul>\n<p><iframe src=\"\/\/www.youtube.com\/embed\/t-nwRMAHvTU\" width=\"560\" height=\"315\" frameborder=\"0\"><\/iframe><\/p>\n<h3><img decoding=\"async\" class=\"alignleft\" src=\"https:\/\/blogs.upm.es\/observatoriogate\/wp-content\/uploads\/sites\/13\/2016\/12\/Moodle-logo-large.jpg\" alt=\"\" width=\"311\" height=\"77\"><\/h3>\n<p>&nbsp;<\/p>\n<p>&nbsp;<\/p>\n<ul>\n<li>\n<h3>Acceso a Moodle. Olvid\u00e9 la contrase\u00f1a de Moodle\/Pasen:<\/h3>\n<\/li>\n<\/ul>\n<p><iframe src=\"\/\/www.youtube.com\/embed\/s5S1So3tmrc\" width=\"560\" height=\"315\" frameborder=\"0\"><\/iframe><\/p>\n<ul>\n<li>\n<h3>Realizar la entrega de una tarea:<\/h3>\n<\/li>\n<\/ul>\n<p><iframe src=\"\/\/www.youtube.com\/embed\/lgbYKneoa50\" width=\"560\" height=\"315\" frameborder=\"0\"><\/iframe><\/p>\n<p><img decoding=\"async\" class=\"alignnone wp-image-3975\" src=\"https:\/\/blogsaverroes.juntadeandalucia.es\/iesblasinfante\/files\/2022\/02\/descarga.jpeg\" alt=\"\" width=\"201\" height=\"147\"><\/p>\n<p>Para usar Webex, se puede a trav\u00e9s del navegador del ordenador, o utilizando la aplicaci\u00f3n de escritorio. Para ello, desc\u00e1rguela seg\u00fan el sistema desde el que entre a la reuni\u00f3n:<\/p>\n<ul>\n<li><a href=\"https:\/\/www.webex.com\/es\/downloads.html\">Descargar Webex para ordenador: https:\/\/www.webex.com\/es\/downloads.html<\/a><\/li>\n<li><a href=\"https:\/\/play.google.com\/store\/apps\/details?id=com.cisco.webex.meetings&amp;hl=es&amp;gl=US\">Descargar Webex para m\u00f3vil Android: https:\/\/play.google.com\/store\/apps\/details?id=com.cisco.webex.meetings&amp;hl=es&amp;gl=US<\/a><\/li>\n<li><a href=\"https:\/\/apps.apple.com\/es\/app\/cisco-webex-meetings\/id298844386\">Descargar Webex para m\u00f3vil IPhone: https:\/\/apps.apple.com\/es\/app\/cisco-webex-meetings\/id298844386<\/a><\/li>\n<\/ul>\n<h3>Uso de Webex como usuario:<\/h3>\n<p><iframe src=\"\/\/www.youtube.com\/embed\/b7zj1q9HJik\" width=\"560\" height=\"315\" frameborder=\"0\"><\/iframe><\/p>\n","protected":false},"excerpt":{"rendered":"<p>CURSO 2022-2023 Siguiendo con el trabajo iniciado el curso pasado, se seguir\u00e1n elaborando materiales para que las familias puedan desarrollar la competencia digital que les&hellip;<\/p>\n","protected":false},"author":10359,"featured_media":0,"parent":2,"menu_order":0,"comment_status":"closed","ping_status":"closed","template":"","meta":{"ngg_post_thumbnail":0,"footnotes":""},"aioseo_notices":[],"_links":{"self":[{"href":"https:\/\/blogsaverroes.juntadeandalucia.es\/iesblasinfante\/wp-json\/wp\/v2\/pages\/3870"}],"collection":[{"href":"https:\/\/blogsaverroes.juntadeandalucia.es\/iesblasinfante\/wp-json\/wp\/v2\/pages"}],"about":[{"href":"https:\/\/blogsaverroes.juntadeandalucia.es\/iesblasinfante\/wp-json\/wp\/v2\/types\/page"}],"author":[{"embeddable":true,"href":"https:\/\/blogsaverroes.juntadeandalucia.es\/iesblasinfante\/wp-json\/wp\/v2\/users\/10359"}],"replies":[{"embeddable":true,"href":"https:\/\/blogsaverroes.juntadeandalucia.es\/iesblasinfante\/wp-json\/wp\/v2\/comments?post=3870"}],"version-history":[{"count":14,"href":"https:\/\/blogsaverroes.juntadeandalucia.es\/iesblasinfante\/wp-json\/wp\/v2\/pages\/3870\/revisions"}],"predecessor-version":[{"id":5232,"href":"https:\/\/blogsaverroes.juntadeandalucia.es\/iesblasinfante\/wp-json\/wp\/v2\/pages\/3870\/revisions\/5232"}],"up":[{"embeddable":true,"href":"https:\/\/blogsaverroes.juntadeandalucia.es\/iesblasinfante\/wp-json\/wp\/v2\/pages\/2"}],"wp:attachment":[{"href":"https:\/\/blogsaverroes.juntadeandalucia.es\/iesblasinfante\/wp-json\/wp\/v2\/media?parent=3870"}],"curies":[{"name":"wp","href":"https:\/\/api.w.org\/{rel}","templated":true}]}}