{"id":3903,"date":"2022-01-24T17:15:10","date_gmt":"2022-01-24T16:15:10","guid":{"rendered":"https:\/\/blogsaverroes.juntadeandalucia.es\/iesblasinfante\/?page_id=3903"},"modified":"2022-01-24T17:17:58","modified_gmt":"2022-01-24T16:17:58","slug":"programa-especifico-de-formacion-profesional-basica","status":"publish","type":"page","link":"https:\/\/blogsaverroes.juntadeandalucia.es\/iesblasinfante\/pagina-ejemplo\/oferta-educativa\/programa-especifico-de-formacion-profesional-basica\/","title":{"rendered":"Programa Espec\u00edfico de Formaci\u00f3n Profesional B\u00e1sica"},"content":{"rendered":"<p><img fetchpriority=\"high\" decoding=\"async\" class=\"alignnone wp-image-3906 size-full\" src=\"https:\/\/blogsaverroes.juntadeandalucia.es\/iesblasinfante\/files\/2022\/01\/Perfil-PEFPB-Alojamiento-y-Lavanderi\u0301a.png\" alt=\"\" width=\"1414\" height=\"2000\" srcset=\"https:\/\/blogsaverroes.juntadeandalucia.es\/iesblasinfante\/files\/2022\/01\/Perfil-PEFPB-Alojamiento-y-Lavanderi\u0301a.png 1414w, https:\/\/blogsaverroes.juntadeandalucia.es\/iesblasinfante\/files\/2022\/01\/Perfil-PEFPB-Alojamiento-y-Lavanderi\u0301a-212x300.png 212w, https:\/\/blogsaverroes.juntadeandalucia.es\/iesblasinfante\/files\/2022\/01\/Perfil-PEFPB-Alojamiento-y-Lavanderi\u0301a-724x1024.png 724w, https:\/\/blogsaverroes.juntadeandalucia.es\/iesblasinfante\/files\/2022\/01\/Perfil-PEFPB-Alojamiento-y-Lavanderi\u0301a-768x1086.png 768w, https:\/\/blogsaverroes.juntadeandalucia.es\/iesblasinfante\/files\/2022\/01\/Perfil-PEFPB-Alojamiento-y-Lavanderi\u0301a-1086x1536.png 1086w\" sizes=\"(max-width: 1414px) 100vw, 1414px\" \/><\/p>\n","protected":false},"excerpt":{"rendered":"","protected":false},"author":10359,"featured_media":0,"parent":3843,"menu_order":0,"comment_status":"closed","ping_status":"closed","template":"","meta":{"ngg_post_thumbnail":0,"footnotes":""},"aioseo_notices":[],"_links":{"self":[{"href":"https:\/\/blogsaverroes.juntadeandalucia.es\/iesblasinfante\/wp-json\/wp\/v2\/pages\/3903"}],"collection":[{"href":"https:\/\/blogsaverroes.juntadeandalucia.es\/iesblasinfante\/wp-json\/wp\/v2\/pages"}],"about":[{"href":"https:\/\/blogsaverroes.juntadeandalucia.es\/iesblasinfante\/wp-json\/wp\/v2\/types\/page"}],"author":[{"embeddable":true,"href":"https:\/\/blogsaverroes.juntadeandalucia.es\/iesblasinfante\/wp-json\/wp\/v2\/users\/10359"}],"replies":[{"embeddable":true,"href":"https:\/\/blogsaverroes.juntadeandalucia.es\/iesblasinfante\/wp-json\/wp\/v2\/comments?post=3903"}],"version-history":[{"count":2,"href":"https:\/\/blogsaverroes.juntadeandalucia.es\/iesblasinfante\/wp-json\/wp\/v2\/pages\/3903\/revisions"}],"predecessor-version":[{"id":3907,"href":"https:\/\/blogsaverroes.juntadeandalucia.es\/iesblasinfante\/wp-json\/wp\/v2\/pages\/3903\/revisions\/3907"}],"up":[{"embeddable":true,"href":"https:\/\/blogsaverroes.juntadeandalucia.es\/iesblasinfante\/wp-json\/wp\/v2\/pages\/3843"}],"wp:attachment":[{"href":"https:\/\/blogsaverroes.juntadeandalucia.es\/iesblasinfante\/wp-json\/wp\/v2\/media?parent=3903"}],"curies":[{"name":"wp","href":"https:\/\/api.w.org\/{rel}","templated":true}]}}