{"id":4559,"date":"2022-07-20T18:24:50","date_gmt":"2022-07-20T16:24:50","guid":{"rendered":"https:\/\/blogsaverroes.juntadeandalucia.es\/iesblasinfante\/?page_id=4559"},"modified":"2026-01-16T09:57:08","modified_gmt":"2026-01-16T08:57:08","slug":"tablon-del-profesorado","status":"publish","type":"page","link":"https:\/\/blogsaverroes.juntadeandalucia.es\/iesblasinfante\/tablon-del-profesorado\/","title":{"rendered":"TDE"},"content":{"rendered":"<table style=\"border-collapse: collapse;width: 100%\">\n<tbody>\n<tr>\n<td style=\"width: 50%\"><img fetchpriority=\"high\" decoding=\"async\" class=\"alignnone size-medium\" src=\"https:\/\/www.juntadeandalucia.es\/educacion\/portals\/delegate\/thumbnail\/png_abaco_album\/41d925c6-903d-468f-90aa-bfcd15ac4879\" width=\"492\" height=\"500\"><\/td>\n<td style=\"width: 50%\">Desde aqu\u00ed puedes acceder a los siguientes servicios:<\/p>\n<ol>\n<li><a href=\"https:\/\/docs.google.com\/forms\/d\/e\/1FAIpQLSerLdCKM_mGjJs0-BvYxcRtrf_xzW5TmUgWp3HNS7VTEO4sCQ\/viewform?usp=sf_link\" target=\"_blank\" rel=\"noopener noreferrer\">Poner incidencia TIC.<\/a> (Debes iniciar sesi\u00f3n en Google)<\/li>\n<li><a href=\"https:\/\/docs.google.com\/forms\/d\/e\/1FAIpQLSdiuZ6Yuu-jk2keXO3BOJMOtpy3lYDOOjOakEDoiJQRcyXVhg\/viewform?usp=sf_link\" target=\"_blank\" rel=\"noopener noreferrer\">Poner incidencia al Alumnado.<\/a> (Debes iniciar sesi\u00f3n en Google)<\/li>\n<li><a href=\"https:\/\/docs.google.com\/forms\/d\/e\/1FAIpQLSdKzAZ6BUnnFe2JOs_4ZxK0eWbC4W92fB1hHk4c51USekWv0g\/viewform\" target=\"_blank\" rel=\"noopener noreferrer\">Firma Guardia<\/a> (Debes iniciar sesi\u00f3n en Google)<\/li>\n<li><a href=\"https:\/\/docs.google.com\/forms\/d\/e\/1FAIpQLScSoVneFY0UiIsTwmbYdsDomVcXgbCI0K7husPqS708ViS9Xw\/viewform\" target=\"_blank\" rel=\"noopener noreferrer\">Notificaci\u00f3n de ausencia del profesorado&nbsp;<\/a>(Debes iniciar sesi\u00f3n en Google)<\/li>\n<li><a href=\"https:\/\/docs.google.com\/forms\/d\/e\/1FAIpQLSf2UQeg1QhR589fg2_7PtIsSUsPAgHC75z90DvGRYrNeITEZg\/viewform?usp=sf_link\" target=\"_blank\" rel=\"noopener noreferrer\">Inscripci\u00f3n de actividad DACE<\/a> (Debes iniciar sesi\u00f3n en Google)<\/li>\n<li><a href=\"https:\/\/docs.google.com\/spreadsheets\/d\/1HK3eCA23d_tk5PhclaGT-zvzJfz8XPHmnNSs5ii6IGs\/edit?gid=339016853#gid=339016853\" target=\"_blank\" rel=\"noopener\">Evaluaci\u00f3n de actividades DACE<\/a> (Debes iniciar sesi\u00f3n en Google)<\/li>\n<\/ol>\n<p>Documentaci\u00f3n importante TDE:<\/p>\n<ul>\n<li><a href=\"https:\/\/drive.google.com\/file\/d\/112xOEadKYb4vxFRgSBmOV-ZOMHo0FwwI\/view?usp=sharing\">Manual de conexi\u00f3n a Andared-corporativo.<\/a><\/li>\n<li><a style=\"font-family: inherit;font-size: inherit\" href=\"https:\/\/docs.google.com\/document\/d\/1IjWPLS4EZXrHxg5hDdwIGulBjfVOdOwSwmZqPQOtVi4\/edit?usp=sharing\">Gu\u00eda de uso responsable de la tecnolog\u00eda en el IES Blas Infante.<\/a><\/li>\n<\/ul>\n<p>&nbsp;<\/td>\n<\/tr>\n<\/tbody>\n<\/table>\n<p>&nbsp;<\/p>\n","protected":false},"excerpt":{"rendered":"<p>Desde aqu\u00ed puedes acceder a los siguientes servicios: Poner incidencia TIC. (Debes iniciar sesi\u00f3n en Google) Poner incidencia al Alumnado. (Debes iniciar sesi\u00f3n en Google)&hellip;<\/p>\n","protected":false},"author":10359,"featured_media":0,"parent":0,"menu_order":0,"comment_status":"closed","ping_status":"closed","template":"","meta":{"ngg_post_thumbnail":0,"footnotes":""},"aioseo_notices":[],"_links":{"self":[{"href":"https:\/\/blogsaverroes.juntadeandalucia.es\/iesblasinfante\/wp-json\/wp\/v2\/pages\/4559"}],"collection":[{"href":"https:\/\/blogsaverroes.juntadeandalucia.es\/iesblasinfante\/wp-json\/wp\/v2\/pages"}],"about":[{"href":"https:\/\/blogsaverroes.juntadeandalucia.es\/iesblasinfante\/wp-json\/wp\/v2\/types\/page"}],"author":[{"embeddable":true,"href":"https:\/\/blogsaverroes.juntadeandalucia.es\/iesblasinfante\/wp-json\/wp\/v2\/users\/10359"}],"replies":[{"embeddable":true,"href":"https:\/\/blogsaverroes.juntadeandalucia.es\/iesblasinfante\/wp-json\/wp\/v2\/comments?post=4559"}],"version-history":[{"count":9,"href":"https:\/\/blogsaverroes.juntadeandalucia.es\/iesblasinfante\/wp-json\/wp\/v2\/pages\/4559\/revisions"}],"predecessor-version":[{"id":10311,"href":"https:\/\/blogsaverroes.juntadeandalucia.es\/iesblasinfante\/wp-json\/wp\/v2\/pages\/4559\/revisions\/10311"}],"wp:attachment":[{"href":"https:\/\/blogsaverroes.juntadeandalucia.es\/iesblasinfante\/wp-json\/wp\/v2\/media?parent=4559"}],"curies":[{"name":"wp","href":"https:\/\/api.w.org\/{rel}","templated":true}]}}