{"id":6765,"date":"2023-12-22T09:59:47","date_gmt":"2023-12-22T08:59:47","guid":{"rendered":"https:\/\/blogsaverroes.juntadeandalucia.es\/iesblasinfante\/?page_id=6765"},"modified":"2023-12-22T09:59:47","modified_gmt":"2023-12-22T08:59:47","slug":"que-es-el-ampa","status":"publish","type":"page","link":"https:\/\/blogsaverroes.juntadeandalucia.es\/iesblasinfante\/pagina-ejemplo\/ampa\/que-es-el-ampa\/","title":{"rendered":"\u00bfQu\u00e9 es el AMPA?"},"content":{"rendered":"<p align=\"justify\">El AMPA, Asociaci\u00f3n de Madres y Padres de Alumnos, es una organizaci\u00f3n formada por padres y madres cuyo objetivo es promover la participaci\u00f3n en la educaci\u00f3n de sus hijos, colaborar con el centro escolar y representar los intereses de las familias ante las autoridades educativas.<\/p>\n<p align=\"justify\">Los objetivos caracter\u00edsticos de un AMPA abarcan desde fomentar la convivencia entre las familias y el centro educativo, hasta contribuir al desarrollo integral de los estudiantes. Adem\u00e1s, incluyen participar en decisiones educativas, colaborar en la mejora de las instalaciones y recursos del centro, y promover la comunicaci\u00f3n entre padres, madres y profesorado.<\/p>\n","protected":false},"excerpt":{"rendered":"<p>El AMPA, Asociaci\u00f3n de Madres y Padres de Alumnos, es una organizaci\u00f3n formada por padres y madres cuyo objetivo es promover la participaci\u00f3n en la&hellip;<\/p>\n","protected":false},"author":10359,"featured_media":0,"parent":525,"menu_order":1,"comment_status":"closed","ping_status":"closed","template":"","meta":{"ngg_post_thumbnail":0,"footnotes":""},"aioseo_notices":[],"_links":{"self":[{"href":"https:\/\/blogsaverroes.juntadeandalucia.es\/iesblasinfante\/wp-json\/wp\/v2\/pages\/6765"}],"collection":[{"href":"https:\/\/blogsaverroes.juntadeandalucia.es\/iesblasinfante\/wp-json\/wp\/v2\/pages"}],"about":[{"href":"https:\/\/blogsaverroes.juntadeandalucia.es\/iesblasinfante\/wp-json\/wp\/v2\/types\/page"}],"author":[{"embeddable":true,"href":"https:\/\/blogsaverroes.juntadeandalucia.es\/iesblasinfante\/wp-json\/wp\/v2\/users\/10359"}],"replies":[{"embeddable":true,"href":"https:\/\/blogsaverroes.juntadeandalucia.es\/iesblasinfante\/wp-json\/wp\/v2\/comments?post=6765"}],"version-history":[{"count":1,"href":"https:\/\/blogsaverroes.juntadeandalucia.es\/iesblasinfante\/wp-json\/wp\/v2\/pages\/6765\/revisions"}],"predecessor-version":[{"id":6766,"href":"https:\/\/blogsaverroes.juntadeandalucia.es\/iesblasinfante\/wp-json\/wp\/v2\/pages\/6765\/revisions\/6766"}],"up":[{"embeddable":true,"href":"https:\/\/blogsaverroes.juntadeandalucia.es\/iesblasinfante\/wp-json\/wp\/v2\/pages\/525"}],"wp:attachment":[{"href":"https:\/\/blogsaverroes.juntadeandalucia.es\/iesblasinfante\/wp-json\/wp\/v2\/media?parent=6765"}],"curies":[{"name":"wp","href":"https:\/\/api.w.org\/{rel}","templated":true}]}}