{"id":6782,"date":"2023-12-22T10:28:28","date_gmt":"2023-12-22T09:28:28","guid":{"rendered":"https:\/\/blogsaverroes.juntadeandalucia.es\/iesblasinfante\/?page_id=6782"},"modified":"2024-02-07T08:43:30","modified_gmt":"2024-02-07T07:43:30","slug":"hazte-socio-del-ampa","status":"publish","type":"page","link":"https:\/\/blogsaverroes.juntadeandalucia.es\/iesblasinfante\/pagina-ejemplo\/ampa\/hazte-socio-del-ampa\/","title":{"rendered":"Hazte Socio del AMPA"},"content":{"rendered":"<p align=\"justify\">Ser socio del Ampa es voluntario, pero todos tenemos que tener presente que:<\/p>\n<ul>\n<li>Podemos y debemos participar individual y colectivamente en la educaci\u00f3n de nuestros hijos. Es nuestro derecho y responsabilidad.<\/li>\n<li>Debemos seguir el proceso aprendizaje, mantener contacto con el profesorado e integrarnos en la vida del centro educativo.<\/li>\n<li>La cuota se paga una vez al a\u00f1o y el importe es de:\n<ul>\n<li><b>10\u20ac<\/b><span style=\"font-family: Calibri, serif\"> unidad familiar con 1 hijo.<\/span><\/li>\n<li><b>12\u20ac<\/b><span style=\"font-family: Calibri, serif\"> unidad familiar con 2 hijos.<\/span><\/li>\n<li><b>14\u20ac<\/b><span style=\"font-family: Calibri, serif\"> unidad familiar con 3 o m\u00e1s hijos.<\/span><\/li>\n<\/ul>\n<\/li>\n<\/ul>\n<p align=\"justify\">\u00bfPara qu\u00e9 sirve el Ampa?<\/p>\n<ul>\n<li>Asistir a los padres, madres o tutores legales en todo aquello que concierne a la educaci\u00f3n de sus hijos e hijas.<\/li>\n<li>Colaborar en las actividades educativas de los centros, y en las actividades complementarias y extraescolares de los mismos.<\/li>\n<li>Organizar actividades culturales y deportivas.<\/li>\n<li>Promover la participaci\u00f3n de los padres, madres o tutores del alumnado en la gesti\u00f3n del Centro.<\/li>\n<li>Asistir a los padres, madres o tutores legales del alumnado en el ejercicio de su derecho a intervenir en el control y gesti\u00f3n de los centros sostenidos con fondos p\u00fablicos.<\/li>\n<li>Facilitar la representaci\u00f3n y participaci\u00f3n de los padres, madres o tutores legales del alumnado en los Consejos Escolares de los centros sostenidos con fondos p\u00fablicos, para lo cual podr\u00e1n presentar candidaturas en los correspondientes procesos electorales.<\/li>\n<li>Promover el desarrollo de programas de Educaci\u00f3n Familiar.<\/li>\n<li>Representar a los padres, madres o tutores asociados a las mismas ante las instancias educativas y otros organismos<\/li>\n<\/ul>\n<p style=\"text-align: right\" align=\"center\">El AMPA sin cuotas desaparece, la conciliaci\u00f3n y la calidad de la vida escolar tambi\u00e9n.<\/p>\n<p style=\"text-align: right\" align=\"center\"><strong><span style=\"color: #000000\"><span style=\"font-size: x-large\">Contamos con vosotros.<\/span><\/span><\/strong><\/p>\n<p align=\"justify\"><i>Se recuerda a todos los padres, madres y tutores de los alumnos que no es obligatorio ser del AMPA para participar en todas las jornadas de convivencia y actividades del centro.<\/i><\/p>\n<p align=\"justify\">Si ya eres socio y quieres modificar tus datos, escr\u00edbenos a: <span style=\"color: #0563c1\"><u><a href=\"mailto:ampaiesblasinfantesf@gmail.com\">ampaiesblasinfantesf@gmail.com<\/a><\/u><\/span><\/p>\n<p align=\"justify\"><a href=\"https:\/\/blogsaverroes.juntadeandalucia.es\/iesblasinfante\/files\/2024\/02\/FORMULARIO-INSCRIPCION-NUEVOS-SOCIOS-2024.pdf\" target=\"_blank\" rel=\"noopener noreferrer\"> <img fetchpriority=\"high\" decoding=\"async\" class=\"alignnone wp-image-7007 size-full\" src=\"https:\/\/blogsaverroes.juntadeandalucia.es\/iesblasinfante\/files\/2024\/02\/FORMULARIO-INSCRIPCION-NUEVOS-SOCIOS-2024_page-0001.jpg\" alt=\"\" width=\"1241\" height=\"1755\" srcset=\"https:\/\/blogsaverroes.juntadeandalucia.es\/iesblasinfante\/files\/2024\/02\/FORMULARIO-INSCRIPCION-NUEVOS-SOCIOS-2024_page-0001.jpg 1241w, https:\/\/blogsaverroes.juntadeandalucia.es\/iesblasinfante\/files\/2024\/02\/FORMULARIO-INSCRIPCION-NUEVOS-SOCIOS-2024_page-0001-212x300.jpg 212w, https:\/\/blogsaverroes.juntadeandalucia.es\/iesblasinfante\/files\/2024\/02\/FORMULARIO-INSCRIPCION-NUEVOS-SOCIOS-2024_page-0001-724x1024.jpg 724w, https:\/\/blogsaverroes.juntadeandalucia.es\/iesblasinfante\/files\/2024\/02\/FORMULARIO-INSCRIPCION-NUEVOS-SOCIOS-2024_page-0001-768x1086.jpg 768w, https:\/\/blogsaverroes.juntadeandalucia.es\/iesblasinfante\/files\/2024\/02\/FORMULARIO-INSCRIPCION-NUEVOS-SOCIOS-2024_page-0001-1086x1536.jpg 1086w\" sizes=\"(max-width: 1241px) 100vw, 1241px\" \/><\/a><\/p>\n","protected":false},"excerpt":{"rendered":"<p>Ser socio del Ampa es voluntario, pero todos tenemos que tener presente que: Podemos y debemos participar individual y colectivamente en la educaci\u00f3n de nuestros&hellip;<\/p>\n","protected":false},"author":10359,"featured_media":0,"parent":525,"menu_order":3,"comment_status":"closed","ping_status":"closed","template":"","meta":{"ngg_post_thumbnail":0,"footnotes":""},"aioseo_notices":[],"_links":{"self":[{"href":"https:\/\/blogsaverroes.juntadeandalucia.es\/iesblasinfante\/wp-json\/wp\/v2\/pages\/6782"}],"collection":[{"href":"https:\/\/blogsaverroes.juntadeandalucia.es\/iesblasinfante\/wp-json\/wp\/v2\/pages"}],"about":[{"href":"https:\/\/blogsaverroes.juntadeandalucia.es\/iesblasinfante\/wp-json\/wp\/v2\/types\/page"}],"author":[{"embeddable":true,"href":"https:\/\/blogsaverroes.juntadeandalucia.es\/iesblasinfante\/wp-json\/wp\/v2\/users\/10359"}],"replies":[{"embeddable":true,"href":"https:\/\/blogsaverroes.juntadeandalucia.es\/iesblasinfante\/wp-json\/wp\/v2\/comments?post=6782"}],"version-history":[{"count":2,"href":"https:\/\/blogsaverroes.juntadeandalucia.es\/iesblasinfante\/wp-json\/wp\/v2\/pages\/6782\/revisions"}],"predecessor-version":[{"id":7010,"href":"https:\/\/blogsaverroes.juntadeandalucia.es\/iesblasinfante\/wp-json\/wp\/v2\/pages\/6782\/revisions\/7010"}],"up":[{"embeddable":true,"href":"https:\/\/blogsaverroes.juntadeandalucia.es\/iesblasinfante\/wp-json\/wp\/v2\/pages\/525"}],"wp:attachment":[{"href":"https:\/\/blogsaverroes.juntadeandalucia.es\/iesblasinfante\/wp-json\/wp\/v2\/media?parent=6782"}],"curies":[{"name":"wp","href":"https:\/\/api.w.org\/{rel}","templated":true}]}}