{"id":6803,"date":"2023-12-22T10:54:00","date_gmt":"2023-12-22T09:54:00","guid":{"rendered":"https:\/\/blogsaverroes.juntadeandalucia.es\/iesblasinfante\/?page_id=6803"},"modified":"2023-12-22T10:54:00","modified_gmt":"2023-12-22T09:54:00","slug":"preguntas-frecuentes-ampa","status":"publish","type":"page","link":"https:\/\/blogsaverroes.juntadeandalucia.es\/iesblasinfante\/pagina-ejemplo\/ampa\/preguntas-frecuentes-ampa\/","title":{"rendered":"Preguntas Frecuentes AMPA"},"content":{"rendered":"<ol>\n<li>\u00bfC\u00f3mo contacto con la AMPA?\n<ul>\n<li>Puedes contactar a trav\u00e9s del correo electr\u00f3nico <span style=\"color: #0563c1\"><u><a href=\"mailto:ampaiesblasinfantesf@gmail.com\">ampaiesblasinfantesf@gmail.com<\/a><\/u><\/span><\/li>\n<li>Pr\u00f3ximamente se establecer\u00e1 un d\u00eda y hora a la semana en horario de ma\u00f1ana presencial.<\/li>\n<\/ul>\n<\/li>\n<li>\u00bfQu\u00e9 es la AMPA?\n<ul>\n<li>La AMPA es una asociaci\u00f3n a la que cualquier padre o madre del Colegio puede pertenecer y que tiene como funciones b\u00e1sicas:\n<ul>\n<li>Colaborar con las actividades educativas del Colegio<\/li>\n<li>Representar a los padres en los \u00f3rganos directivos y consultivos que proceda y cooperar con otras asociaciones parecidas.<\/li>\n<li>Asistir y canalizar a los padres en todo lo que concierne a la educaci\u00f3n de sus hijos.<\/li>\n<li>Promover todo tipo de actividades orientadas a la formaci\u00f3n integral de los alumnos<\/li>\n<\/ul>\n<\/li>\n<\/ul>\n<\/li>\n<li>\u00bfC\u00f3mo se organiza la AMPA?\n<ul>\n<li>La AMPA la forman todos los padres, madres y tutores o representantes de los alumnos que est\u00e9n asociados. Las decisiones relevantes se toman en las asambleas que se convocan regularmente y las que todos los asociados son invitados.<\/li>\n<li>En periodos anuales se crea una Junta Directiva de la AMPA formada por el presidente, vicepresidente, secretario, Tesorero, Representante del Consejo y un conjunto de vocales por elecci\u00f3n en las asambleas correspondientes que son las personas que realizan la gesti\u00f3n diaria de las actividades de la AMPA, siempre de forma voluntaria y altruista.<\/li>\n<li>Cualquier padre o madre asociado puede presentarse a cualquiera de los puestos de la Junta Directiva en el momento electoral y colaborar en sus actividades.<\/li>\n<\/ul>\n<\/li>\n<li>\u00bfC\u00f3mo se financia?\n<ul>\n<li><b>La Cuota<\/b> de las familias asociadas es la fuente de financiaci\u00f3n b\u00e1sica de la AMPA. El precio se fija en Asamblea General Extraordinaria.<\/li>\n<li><b>Las Ayudas y Subvenciones<\/b>, que anualmente otorga la administraci\u00f3n p\u00fablica, constituyen otra importante v\u00eda de financiaci\u00f3n de la asociaci\u00f3n. El dinero otorgado para el desarrollo de actividades espec\u00edficas, exige la presentaci\u00f3n de un proyecto. Una vez obtenida se debe presentar una memoria que recoja todas las actividades desarrolladas y la justificaci\u00f3n econ\u00f3mica que ir\u00e1 acompa\u00f1ada de todos los comprobantes de pago realizados.<\/li>\n<li><b>Las Donaciones<\/b> son otra fuente de financiaci\u00f3n. Se registrar\u00e1 el ingreso en el libro de cuentas y la tesorer\u00eda, con el visto bueno de la presidencia, deber\u00e1 emitir al donante un certificado indicando el donante, el importe, la fecha, modo de ingreso del importe y destino de los fondos.<\/li>\n<li><b>Otros ingresos<\/b>, como fiestas, loter\u00edas, actividades culturales, premios, sorteos, etc. Del cual este nuevo AMPA pondr\u00e1 especial \u00e9nfasis.<\/li>\n<\/ul>\n<\/li>\n<li>\u00bfQu\u00e9 actividades realiza?\n<ul>\n<li>Entre las actividades m\u00e1s destacables que realiza la AMPA est\u00e1n:\n<ul>\n<li>Gesti\u00f3n de las actividades extraescolares, eventos participativos y jornadas de convivencia.<\/li>\n<li>Representaci\u00f3n de los padres y madres del Colegio en el Consejo Escolar, Federaciones de AMPA (FLAMPA), Ayuntamiento, etc.<\/li>\n<li>Participaci\u00f3n en la dotaci\u00f3n del centro.<\/li>\n<li>Mantener activa la informaci\u00f3n del apartado AMPA de la web oficial del centro.<\/li>\n<li>Organizaci\u00f3n y colaboraci\u00f3n en los eventos (fiestas y excursiones de fin de curso, orlas, intercambios con alumnos extranjeros)<\/li>\n<\/ul>\n<\/li>\n<\/ul>\n<\/li>\n<li>\u00bfPor qu\u00e9 me tendr\u00eda que hacer socio?\n<ul>\n<li>Porque es nuestra forma de participar activamente y colaborar para la mejora del sistema educativo de nuestros hijos. De tener voz y participar en las decisiones del Colegio que nos afectan. De aumentar el servicio a la educaci\u00f3n a trav\u00e9s de las actividades y jornadas de convivencia.<\/li>\n<li>Pero todo esto no es posible si solo somos unos pocos los que pertenecemos a la AMPA y muchos menos los que colaboran, porque m\u00e1s importante que la participaci\u00f3n econ\u00f3mica es la participaci\u00f3n personal de todos y cada uno de los miembros de las familias.<\/li>\n<li>La participaci\u00f3n activa de todos y todas servir\u00e1 para que todas las actividades antes descritas puedan salir adelante, est\u00e9s o no est\u00e9s asociados al AMPA<\/li>\n<\/ul>\n<\/li>\n<li>\u00bfC\u00f3mo me hago socio de la AMPA?\n<ul>\n<li>Puedes hacerte socio mediante la ficha de inscripci\u00f3n descargable. <a href=\"https:\/\/blogsaverroes.juntadeandalucia.es\/iesblasinfante\/files\/2023\/12\/FORMULARIO-INSCRIPCION-NUEVOS-SOCIOS-2023.pdf\">FORMULARIO INSCRIPCION NUEVOS SOCIOS 2023<\/a><\/li>\n<li>Enviando un mail a <span style=\"color: #0563c1\"><u><a href=\"mailto:ampaiesblasinfantesf@gmail.com\">ampaiesblasinfantesf@gmail.com<\/a><\/u><\/span> con tus datos de contacto y nos pondremos en contacto para el pago de la cuota<\/li>\n<li>En conserjer\u00eda del Centro educativo.<\/li>\n<li>Por medio de vuestros hijos e hijas entregando la ficha de inscripci\u00f3n y el pago al tutor.<\/li>\n<\/ul>\n<\/li>\n<\/ol>\n","protected":false},"excerpt":{"rendered":"<p>\u00bfC\u00f3mo contacto con la AMPA? Puedes contactar a trav\u00e9s del correo electr\u00f3nico ampaiesblasinfantesf@gmail.com Pr\u00f3ximamente se establecer\u00e1 un d\u00eda y hora a la semana en horario&hellip;<\/p>\n","protected":false},"author":10359,"featured_media":0,"parent":525,"menu_order":6,"comment_status":"closed","ping_status":"closed","template":"","meta":{"ngg_post_thumbnail":0,"footnotes":""},"aioseo_notices":[],"_links":{"self":[{"href":"https:\/\/blogsaverroes.juntadeandalucia.es\/iesblasinfante\/wp-json\/wp\/v2\/pages\/6803"}],"collection":[{"href":"https:\/\/blogsaverroes.juntadeandalucia.es\/iesblasinfante\/wp-json\/wp\/v2\/pages"}],"about":[{"href":"https:\/\/blogsaverroes.juntadeandalucia.es\/iesblasinfante\/wp-json\/wp\/v2\/types\/page"}],"author":[{"embeddable":true,"href":"https:\/\/blogsaverroes.juntadeandalucia.es\/iesblasinfante\/wp-json\/wp\/v2\/users\/10359"}],"replies":[{"embeddable":true,"href":"https:\/\/blogsaverroes.juntadeandalucia.es\/iesblasinfante\/wp-json\/wp\/v2\/comments?post=6803"}],"version-history":[{"count":1,"href":"https:\/\/blogsaverroes.juntadeandalucia.es\/iesblasinfante\/wp-json\/wp\/v2\/pages\/6803\/revisions"}],"predecessor-version":[{"id":6805,"href":"https:\/\/blogsaverroes.juntadeandalucia.es\/iesblasinfante\/wp-json\/wp\/v2\/pages\/6803\/revisions\/6805"}],"up":[{"embeddable":true,"href":"https:\/\/blogsaverroes.juntadeandalucia.es\/iesblasinfante\/wp-json\/wp\/v2\/pages\/525"}],"wp:attachment":[{"href":"https:\/\/blogsaverroes.juntadeandalucia.es\/iesblasinfante\/wp-json\/wp\/v2\/media?parent=6803"}],"curies":[{"name":"wp","href":"https:\/\/api.w.org\/{rel}","templated":true}]}}