{"id":689,"date":"2020-09-19T18:56:18","date_gmt":"2020-09-19T16:56:18","guid":{"rendered":"https:\/\/blogsaverroes.juntadeandalucia.es\/iesblasinfante\/?page_id=689"},"modified":"2025-11-04T12:17:32","modified_gmt":"2025-11-04T11:17:32","slug":"plan-de-centro","status":"publish","type":"page","link":"https:\/\/blogsaverroes.juntadeandalucia.es\/iesblasinfante\/pagina-ejemplo\/plan-de-centro\/","title":{"rendered":"Documentaci\u00f3n de Centro"},"content":{"rendered":"<h1>CURSO 2025-2026<\/h1>\n<h2 style=\"padding-left: 40px\">Plan de Centro<\/h2>\n<ul>\n<li style=\"list-style-type: none\">\n<ul>\n<li><a href=\"https:\/\/drive.google.com\/file\/d\/1mKr_yN3WK1feb23XoNaqPqtIOlhVSG8-\/view?usp=sharing\" target=\"_blank\" rel=\"noopener\">Proyecto educativo<\/a><\/li>\n<li><a href=\"https:\/\/drive.google.com\/file\/d\/1w1LsdaqeM6mOOR-K4geHpAjxBhiOoIj4\/view?usp=sharing\" target=\"_blank\" rel=\"noopener\">Proyecto de gesti\u00f3n<\/a><\/li>\n<li><a href=\"https:\/\/drive.google.com\/file\/d\/1dHV2FdHXxQkQA2LhtFr_HPZqUMxsOvUS\/view?usp=sharing\" target=\"_blank\" rel=\"noopener\">Reglamento de Organizaci\u00f3n y Funcionamiento<\/a><\/li>\n<\/ul>\n<\/li>\n<\/ul>\n<h2 style=\"padding-left: 40px\">Formaci\u00f3n Evaluaci\u00f3n e Innovaci\u00f3n Educativa<\/h2>\n<ul>\n<li style=\"list-style-type: none\">\n<ul>\n<li><a href=\"https:\/\/drive.google.com\/file\/d\/1pqKFK6bNmc9SSd9QUQVIW7-ABWUsUfuP\/view?usp=sharing\" target=\"_blank\" rel=\"noopener\">Plan de Mejora<\/a><\/li>\n<li><a href=\"https:\/\/drive.google.com\/file\/d\/18vIb1Flp5n-S9-jjmGfodzFN9uah4VL5\/view?usp=sharing\" target=\"_blank\" rel=\"noopener\">Plan de Formaci\u00f3n<\/a><\/li>\n<\/ul>\n<\/li>\n<\/ul>\n<h1>CURSO 2024-2025<\/h1>\n<h2 style=\"padding-left: 40px\">Plan de Centro<\/h2>\n<ul>\n<li style=\"list-style-type: none\">\n<ul>\n<li><a href=\"https:\/\/drive.google.com\/file\/d\/13xhDOe1SNWmdteg_HEaZGE4MpgtkWI_H\/view?usp=sharing\" target=\"_blank\" rel=\"noopener\">Proyecto educativo<\/a><\/li>\n<li><a href=\"https:\/\/drive.google.com\/file\/d\/13sUXyDHQJs3Mr6R6tw-XT0ZGtb_Eovg3\/view?usp=sharing\" target=\"_blank\" rel=\"noopener\">Proyecto de gesti\u00f3n<\/a><\/li>\n<li><a href=\"https:\/\/drive.google.com\/file\/d\/13yOeM1quyxKw6pl3KUZbOfLwiKNnoDDj\/view?usp=sharing\" target=\"_blank\" rel=\"noopener\">Reglamento de Organizaci\u00f3n y Funcionamiento<\/a><\/li>\n<\/ul>\n<\/li>\n<\/ul>\n<h2 style=\"padding-left: 40px\">Formaci\u00f3n Evaluaci\u00f3n e Innovaci\u00f3n Educativa<\/h2>\n<ul>\n<li style=\"list-style-type: none\">\n<ul>\n<li><a href=\"https:\/\/docs.google.com\/document\/d\/1j9_OpFlps2izuwPNAI3TYZ02Fyv6YsIOfnFrXrTjXOE\/edit?usp=sharing\" target=\"_blank\" rel=\"noopener\">Plan de Mejora<\/a><\/li>\n<li><a href=\"https:\/\/docs.google.com\/document\/d\/1Ck_e1jHRkPxh7FkoHe4_KUExhMNS_M-GLrXoWw527Yg\/edit?usp=sharing\" target=\"_blank\" rel=\"noopener\">Plan de Formaci\u00f3n<\/a><\/li>\n<\/ul>\n<\/li>\n<\/ul>\n<h1>CURSO 2023-2024<\/h1>\n<h2 style=\"padding-left: 40px\">Plan de Centro<\/h2>\n<ul>\n<li style=\"list-style-type: none\">\n<ul>\n<li><a href=\"https:\/\/blogsaverroes.juntadeandalucia.es\/iesblasinfante\/files\/2023\/12\/Revisi\u00f3n-Proyecto-de-Gesti\u00f3n-2023-24-1.pdf\" target=\"_blank\" rel=\"noopener noreferrer\">Proyecto de Gesti\u00f3n 2023-2024<\/a><\/li>\n<li><a href=\"https:\/\/blogsaverroes.juntadeandalucia.es\/iesblasinfante\/files\/2023\/12\/REGLAMENTO-DE-ORGANIZACI\u00d3N-Y-FUNCIONAMIENTO-2023-2024.pdf\" target=\"_blank\" rel=\"noopener noreferrer\">Reglamento de Organizaci\u00f3n y Funcionamiento 2023-2024<\/a><\/li>\n<li><a href=\"https:\/\/blogsaverroes.juntadeandalucia.es\/iesblasinfante\/files\/2023\/12\/PROYECTO-EDUCATIVO-2023-2024.pdf\" target=\"_blank\" rel=\"noopener noreferrer\">Proyecto Educativo 2023-2024<\/a><\/li>\n<li><a href=\"https:\/\/docs.google.com\/document\/d\/1wABQCP1xhXBuQhpuKxRZ342Wi86hjLkV\/edit?usp=sharing&amp;ouid=108253442130760535660&amp;rtpof=true&amp;sd=true\" target=\"_blank\" rel=\"noopener noreferrer\">Plan de orientaci\u00f3n y acci\u00f3n tutorial&nbsp;<\/a><\/li>\n<\/ul>\n<\/li>\n<\/ul>\n<h2 style=\"padding-left: 40px\">Formaci\u00f3n Evaluaci\u00f3n e Innovaci\u00f3n Educativa<\/h2>\n<ul>\n<li style=\"list-style-type: none\">\n<ul>\n<li><a href=\"https:\/\/docs.google.com\/document\/d\/1vlyC8rRWAkxz3SlNG0_pLwi6sbH-HK1puS-Bmez57U4\/edit?usp=sharing\" target=\"_blank\" rel=\"noopener noreferrer\">Plan de Mejora<\/a><\/li>\n<li><a href=\"https:\/\/docs.google.com\/document\/d\/1CBcgU8ETfaN0e1q62cJkfi-yn3v3MrVMiVcfI7ujPq8\/edit?usp=sharing\" target=\"_blank\" rel=\"noopener noreferrer\">Plan de Formaci\u00f3n<\/a><\/li>\n<\/ul>\n<\/li>\n<\/ul>\n<h1>PLAN DE CENTRO 2022-2023<\/h1>\n<ul>\n<li><a href=\"https:\/\/blogsaverroes.juntadeandalucia.es\/iesblasinfante\/files\/2022\/11\/Proyecto-de-Gesti\u00f3n-2022-23.pdf\" target=\"_blank\" rel=\"noopener noreferrer\">Proyecto de Gesti\u00f3n 2022-23<\/a><\/li>\n<li><a href=\"https:\/\/blogsaverroes.juntadeandalucia.es\/iesblasinfante\/files\/2022\/11\/PROYECTO-EDUCATIVO_2022-23.pdf\" target=\"_blank\" rel=\"noopener noreferrer\">Proyecto Educativo_2022-23<\/a><\/li>\n<li><a href=\"https:\/\/blogsaverroes.juntadeandalucia.es\/iesblasinfante\/files\/2022\/11\/REGLAMENTO-DE-ORGANIZACI\u00d3N-Y-FUNCIONAMIENTO_2022-23.pdf\" target=\"_blank\" rel=\"noopener noreferrer\">Reglamento de Organizaci\u00f3n y Funcionamiento_2022-23<\/a><\/li>\n<\/ul>\n<h1>PLAN DE CENTRO 2021-2022<\/h1>\n<ul>\n<li><a href=\"https:\/\/blogsaverroes.juntadeandalucia.es\/iesblasinfante\/files\/2021\/12\/Proyecto-de-gesti\u00f3n-2021-2022.pdf\" target=\"_blank\" rel=\"noopener noreferrer\">Proyecto de gesti\u00f3n 2021-2022<\/a><\/li>\n<li><a href=\"https:\/\/blogsaverroes.juntadeandalucia.es\/iesblasinfante\/files\/2021\/12\/ROF-2021-22.pdf\" target=\"_blank\" rel=\"noopener noreferrer\">ROF 2021-22<\/a><\/li>\n<li><a href=\"https:\/\/blogsaverroes.juntadeandalucia.es\/iesblasinfante\/files\/2021\/12\/Proyecto-Educativo_2021-22.pdf\" target=\"_blank\" rel=\"noopener noreferrer\">Proyecto Educativo_2021-22<\/a><\/li>\n<\/ul>\n<h1>PLAN DE CENTRO 2020-2021<\/h1>\n<ul>\n<li><a href=\"https:\/\/blogsaverroes.juntadeandalucia.es\/iesblasinfante\/files\/2021\/02\/POAT-20-21-.pdf\">Plan de Orientaci\u00f3n y Acci\u00f3n Tutoria<\/a><a href=\"https:\/\/blogsaverroes.juntadeandalucia.es\/iesblasinfante\/files\/2021\/02\/POAT-20-21-.pdf\" target=\"_blank\" rel=\"noopener noreferrer\">l 2020-2021<\/a><\/li>\n<li><a href=\"https:\/\/blogsaverroes.juntadeandalucia.es\/iesblasinfante\/files\/2021\/02\/PROYECTO-DE-GESTI\u00d3N-2020-2021.pdf\" target=\"_blank\" rel=\"noopener noreferrer\">Proyecto de Gesti\u00f3n 2020-2021<\/a><\/li>\n<li><a href=\"https:\/\/blogsaverroes.juntadeandalucia.es\/iesblasinfante\/files\/2021\/02\/PROYECTO-EDUCATIVO-2020-2021.pdf\" target=\"_blank\" rel=\"noopener noreferrer\">Proyecto Educativo 2020-2021<\/a><\/li>\n<li><a href=\"https:\/\/blogsaverroes.juntadeandalucia.es\/iesblasinfante\/files\/2021\/02\/ROF-2020-21.pdf\" target=\"_blank\" rel=\"noopener noreferrer\">Reglamento de organizaci\u00f3n y funcionamiento 2020-2021<\/a><\/li>\n<\/ul>\n<h1>PLAN DE CENTRO 2019-2020<\/h1>\n<ul>\n<li><a href=\"https:\/\/blogsaverroes.juntadeandalucia.es\/iesblasinfante\/files\/2020\/09\/Reglamento-de-Organizaci\u00f1on-y-Funcionamiento-2019-2020.pdf\" target=\"_blank\" rel=\"noopener noreferrer\">Reglamento de Organizaci\u00f3n y Funcionamiento 2019-2020<\/a><\/li>\n<li><a href=\"https:\/\/blogsaverroes.juntadeandalucia.es\/iesblasinfante\/files\/2020\/09\/Plan-de-Orientaci\u00f3n-y-Acci\u00f3n-Tutorial-2019-2020.pdf\" target=\"_blank\" rel=\"noopener noreferrer\">Plan de Orientaci\u00f3n y Acci\u00f3n Tutorial 2019-2020<\/a><\/li>\n<li><a href=\"https:\/\/blogsaverroes.juntadeandalucia.es\/iesblasinfante\/files\/2020\/09\/PROYECTO-DE-GESTI\u00d3N-2019-2020.pdf\" target=\"_blank\" rel=\"noopener noreferrer\">PROYECTO DE GESTI\u00d3N 2019-2020<\/a><\/li>\n<li><a href=\"https:\/\/blogsaverroes.juntadeandalucia.es\/iesblasinfante\/files\/2020\/09\/Proyecto-Educativo-2019-2020.pdf\" target=\"_blank\" rel=\"noopener noreferrer\">Proyecto Educativo 2019-2020<\/a><\/li>\n<\/ul>\n<h1>PLAN DE CENTRO 2018-2019<\/h1>\n<ul>\n<li><a href=\"https:\/\/blogsaverroes.juntadeandalucia.es\/iesblasinfante\/files\/2020\/09\/ROF-2018-19.pdf\" target=\"_blank\" rel=\"noopener noreferrer\">ROF 2018-19<\/a><\/li>\n<li><a href=\"https:\/\/blogsaverroes.juntadeandalucia.es\/iesblasinfante\/files\/2020\/09\/POAT-18-19-.pdf\" target=\"_blank\" rel=\"noopener noreferrer\">POAT 18-19<\/a><\/li>\n<li><a href=\"https:\/\/blogsaverroes.juntadeandalucia.es\/iesblasinfante\/files\/2020\/09\/Proyecto-de-Gesti\u00f3n..pdf\" target=\"_blank\" rel=\"noopener noreferrer\">Proyecto de Gesti\u00f3n.<\/a><\/li>\n<li><a href=\"https:\/\/blogsaverroes.juntadeandalucia.es\/iesblasinfante\/files\/2020\/09\/Proyecto-Educativo-2018-19.pdf\" target=\"_blank\" rel=\"noopener noreferrer\">Proyecto Educativo 2018-19<\/a><\/li>\n<\/ul>\n<h1>PLAN DE CENTRO 2015-2016<\/h1>\n<ul>\n<li><a href=\"https:\/\/blogsaverroes.juntadeandalucia.es\/iesblasinfante\/files\/2020\/09\/ROF-2015-16..pdf\" target=\"_blank\" rel=\"noopener noreferrer\">ROF 2015-16.<\/a><\/li>\n<li><a href=\"https:\/\/blogsaverroes.juntadeandalucia.es\/iesblasinfante\/files\/2020\/09\/Plan-de-Centro-2015-16-Proy.-Ed.Portada-y-Subportada..pdf\" target=\"_blank\" rel=\"noopener noreferrer\">Plan de Centro 2015-16<\/a><\/li>\n<\/ul>\n<h1>PLAN DE CENTRO 2013-2014<\/h1>\n<ul>\n<li><a href=\"https:\/\/blogsaverroes.juntadeandalucia.es\/iesblasinfante\/files\/2020\/09\/ROF-2013-14..pdf\" target=\"_blank\" rel=\"noopener noreferrer\">ROF-2013-14.<\/a><\/li>\n<li><a href=\"https:\/\/blogsaverroes.juntadeandalucia.es\/iesblasinfante\/files\/2020\/09\/Proyecto-Educativo.pdf\" target=\"_blank\" rel=\"noopener noreferrer\">Proyecto-Educativo<\/a><\/li>\n<li><a href=\"https:\/\/blogsaverroes.juntadeandalucia.es\/iesblasinfante\/files\/2020\/09\/Proyecto-de-Gesti\u00f3n.-1.pdf\" target=\"_blank\" rel=\"noopener noreferrer\">Proyecto-de-Gesti\u00f3n.<\/a><\/li>\n<\/ul>\n","protected":false},"excerpt":{"rendered":"<p>CURSO 2025-2026 Plan de Centro Proyecto educativo Proyecto de gesti\u00f3n Reglamento de Organizaci\u00f3n y Funcionamiento Formaci\u00f3n Evaluaci\u00f3n e Innovaci\u00f3n Educativa Plan de Mejora Plan de&hellip;<\/p>\n","protected":false},"author":10359,"featured_media":0,"parent":2,"menu_order":0,"comment_status":"closed","ping_status":"closed","template":"","meta":{"ngg_post_thumbnail":0,"footnotes":""},"aioseo_notices":[],"_links":{"self":[{"href":"https:\/\/blogsaverroes.juntadeandalucia.es\/iesblasinfante\/wp-json\/wp\/v2\/pages\/689"}],"collection":[{"href":"https:\/\/blogsaverroes.juntadeandalucia.es\/iesblasinfante\/wp-json\/wp\/v2\/pages"}],"about":[{"href":"https:\/\/blogsaverroes.juntadeandalucia.es\/iesblasinfante\/wp-json\/wp\/v2\/types\/page"}],"author":[{"embeddable":true,"href":"https:\/\/blogsaverroes.juntadeandalucia.es\/iesblasinfante\/wp-json\/wp\/v2\/users\/10359"}],"replies":[{"embeddable":true,"href":"https:\/\/blogsaverroes.juntadeandalucia.es\/iesblasinfante\/wp-json\/wp\/v2\/comments?post=689"}],"version-history":[{"count":25,"href":"https:\/\/blogsaverroes.juntadeandalucia.es\/iesblasinfante\/wp-json\/wp\/v2\/pages\/689\/revisions"}],"predecessor-version":[{"id":10004,"href":"https:\/\/blogsaverroes.juntadeandalucia.es\/iesblasinfante\/wp-json\/wp\/v2\/pages\/689\/revisions\/10004"}],"up":[{"embeddable":true,"href":"https:\/\/blogsaverroes.juntadeandalucia.es\/iesblasinfante\/wp-json\/wp\/v2\/pages\/2"}],"wp:attachment":[{"href":"https:\/\/blogsaverroes.juntadeandalucia.es\/iesblasinfante\/wp-json\/wp\/v2\/media?parent=689"}],"curies":[{"name":"wp","href":"https:\/\/api.w.org\/{rel}","templated":true}]}}