{"id":1290,"date":"2022-11-28T10:37:51","date_gmt":"2022-11-28T09:37:51","guid":{"rendered":"https:\/\/blogsaverroes.juntadeandalucia.es\/iesboliches\/?page_id=1290"},"modified":"2022-11-28T10:37:51","modified_gmt":"2022-11-28T09:37:51","slug":"uso-de-la-plataforma-pasen","status":"publish","type":"page","link":"https:\/\/blogsaverroes.juntadeandalucia.es\/iesboliches\/uso-de-la-plataforma-pasen\/","title":{"rendered":"Uso de la Plataforma Pasen"},"content":{"rendered":"<div class=\"item\">\n<article><strong>PASEN<\/strong>&nbsp;es un servicio de la Consejer\u00eda de Educaci\u00f3n&nbsp;que permite la&nbsp;comunicaci\u00f3n entre los distintos miembros de la comunidad educativa.<\/p>\n<p>Desde <strong>PASEN<\/strong> se puede acceder a informaci\u00f3n como calificaciones, faltas de asistencia, notas de clase de algunas asignaturas y a toda la documentaci\u00f3n disponible desde la utilidad <strong>punto de recogida <\/strong>( bolet\u00edn de calificaciones, informes individuales, consejo orientador, \u2026).<\/p>\n<p>Al menos un tutor de cada alumno\/a deber\u00eda tener acceso a PASEN, la forma mas r\u00e1pida y eficaz de acceder al sistema es instalar la aplicaci\u00f3n m\u00f3vil <strong>iPasen <\/strong>disponible en Google Play para m\u00f3viles Android y en el Apple Store para m\u00f3viles con iOS.<\/p>\n<p>En la web del IES Los Boliches tiene a su disposici\u00f3n un enlace (<a href=\"http:\/\/iesboliches.org\/principal\/pagina.php?carga=contacto_pasen.php\">&nbsp; No tengo acceso a Pasen<\/a>) con las instrucciones para obtener el usuario y la contrase\u00f1a para entrar<span class=\"Apple-converted-space\">&nbsp; <\/span>y un formulario de contacto con el centro en caso de que no lo consiga.<\/p>\n<p>En los siguientes enlaces encontrar\u00e1 informaci\u00f3n de instalaci\u00f3n y uso de la aplicaci\u00f3n:<\/p>\n<p>Puedes descargar e instalar&nbsp;iPasen&nbsp;en&nbsp;Smartphones y Tablets en los siguientes enlaces:&nbsp;<\/p>\n<ul>\n<li><a href=\"https:\/\/itunes.apple.com\/es\/app\/ipasen\/id511127024?l=en&amp;mt=8\">iPasen para IOS<\/a>&nbsp;(iPhones\/iPad)<\/li>\n<li><a href=\"https:\/\/play.google.com\/store\/apps\/details?id=juntadeandalucia.ced.pasen\">iPasen para Android<\/a><\/li>\n<\/ul>\n<p>Para m\u00e1s informaci\u00f3n consulte alguno de estos tutoriales.<\/p>\n<ul>\n<li><a href=\"https:\/\/youtu.be\/cHLova48ULE\">AutoLogin de iPASEN<\/a><\/li>\n<li><a href=\"https:\/\/www.youtube.com\/watch?v=lJK1fPYMs30\">Cambio de contrase\u00f1a y PIN<\/a><\/li>\n<li><a href=\"https:\/\/www.youtube.com\/watch?v=4wpfNUIgK6k\">Restablecer contrase\u00f1a<\/a><\/li>\n<li><a href=\"https:\/\/www.youtube.com\/watch?v=E6rnS0ZDI_0\">Calificaciones<\/a><\/li>\n<li><a href=\"https:\/\/www.youtube.com\/watch?v=ewK-h2s6Snc\">Punto de recogida de documentos<\/a><\/li>\n<li><a href=\"https:\/\/youtu.be\/RnQz2uH3EtM\">Enviar comunicaciones a tutores o delegadas\/os de madres y padres.&nbsp;<\/a><\/li>\n<li><a href=\"https:\/\/youtu.be\/ytKA9TaHCYc\">TUTORIAL DE iPASEN para familias<\/a><\/li>\n<\/ul>\n<p>Manual de iPasen<\/p>\n<div>\n<div><iframe loading=\"lazy\" src=\"https:\/\/view.genial.ly\/5d88fae86248810f4f7ff007\" scrolling=\"yes\" width=\"1200\" height=\"675\" frameborder=\"0\"><\/iframe><\/div>\n<\/div>\n<\/article>\n<\/div>\n","protected":false},"excerpt":{"rendered":"<p>PASEN&nbsp;es un servicio de la Consejer\u00eda de Educaci\u00f3n&nbsp;que permite la&nbsp;comunicaci\u00f3n entre los distintos miembros de la comunidad educativa. Desde PASEN se puede acceder a informaci\u00f3n como calificaciones, faltas de asistencia, notas de clase de algunas asignaturas y a toda la documentaci\u00f3n disponible desde la utilidad punto de recogida ( bolet\u00edn de calificaciones, informes individuales, consejo [&hellip;]<\/p>\n","protected":false},"author":5370,"featured_media":0,"parent":0,"menu_order":0,"comment_status":"closed","ping_status":"closed","template":"","meta":{"_et_pb_use_builder":"","_et_pb_old_content":"","_et_gb_content_width":"","ngg_post_thumbnail":0,"footnotes":""},"aioseo_notices":[],"_links":{"self":[{"href":"https:\/\/blogsaverroes.juntadeandalucia.es\/iesboliches\/wp-json\/wp\/v2\/pages\/1290"}],"collection":[{"href":"https:\/\/blogsaverroes.juntadeandalucia.es\/iesboliches\/wp-json\/wp\/v2\/pages"}],"about":[{"href":"https:\/\/blogsaverroes.juntadeandalucia.es\/iesboliches\/wp-json\/wp\/v2\/types\/page"}],"author":[{"embeddable":true,"href":"https:\/\/blogsaverroes.juntadeandalucia.es\/iesboliches\/wp-json\/wp\/v2\/users\/5370"}],"replies":[{"embeddable":true,"href":"https:\/\/blogsaverroes.juntadeandalucia.es\/iesboliches\/wp-json\/wp\/v2\/comments?post=1290"}],"version-history":[{"count":1,"href":"https:\/\/blogsaverroes.juntadeandalucia.es\/iesboliches\/wp-json\/wp\/v2\/pages\/1290\/revisions"}],"predecessor-version":[{"id":1291,"href":"https:\/\/blogsaverroes.juntadeandalucia.es\/iesboliches\/wp-json\/wp\/v2\/pages\/1290\/revisions\/1291"}],"wp:attachment":[{"href":"https:\/\/blogsaverroes.juntadeandalucia.es\/iesboliches\/wp-json\/wp\/v2\/media?parent=1290"}],"curies":[{"name":"wp","href":"https:\/\/api.w.org\/{rel}","templated":true}]}}