{"id":1292,"date":"2022-11-28T10:40:27","date_gmt":"2022-11-28T09:40:27","guid":{"rendered":"https:\/\/blogsaverroes.juntadeandalucia.es\/iesboliches\/?page_id=1292"},"modified":"2022-11-29T09:47:55","modified_gmt":"2022-11-29T08:47:55","slug":"acceso-a-pasen","status":"publish","type":"page","link":"https:\/\/blogsaverroes.juntadeandalucia.es\/iesboliches\/acceso-a-pasen\/","title":{"rendered":"Acceso a Pasen"},"content":{"rendered":"<p>[et_pb_section fb_built=&#8221;1&#8243; _builder_version=&#8221;3.22&#8243; global_colors_info=&#8221;{}&#8221;][et_pb_row _builder_version=&#8221;3.25&#8243; background_size=&#8221;initial&#8221; background_position=&#8221;top_left&#8221; background_repeat=&#8221;repeat&#8221; global_colors_info=&#8221;{}&#8221;][et_pb_column type=&#8221;4_4&#8243; _builder_version=&#8221;3.25&#8243; custom_padding=&#8221;|||&#8221; global_colors_info=&#8221;{}&#8221; custom_padding__hover=&#8221;|||&#8221;][et_pb_text _builder_version=&#8221;4.14.5&#8243; background_size=&#8221;initial&#8221; background_position=&#8221;top_left&#8221; background_repeat=&#8221;repeat&#8221; hover_enabled=&#8221;0&#8243; global_colors_info=&#8221;{}&#8221; sticky_enabled=&#8221;0&#8243;]<\/p>\n<p>Desde el IES Los Boliches le recomendamos que utilice la aplicaci\u00f3n m\u00f3vil de acceso a Pasen: iPasen<\/p>\n<p>Para descargar la aplicaci\u00f3n puede buscar &#8220;iPasen&#8221; en Google Play para Android o en el Apple Store pra iOS, tambi\u00e9n puede descargar la aplicaci\u00f3n con los siguientes enlaces desde un m\u00f3vil:<\/p>\n<ul>\n<li><a class=\"ico_enlaceExt\" title=\"Ir a: iPasen para Android\" href=\"https:\/\/play.google.com\/store\/apps\/details?id=juntadeandalucia.ced.pasen\" target=\"_blank\" rel=\"noopener noreferrer\"> iPasen para Android <\/a><\/li>\n<li><a class=\"ico_enlaceExt\" title=\"Ir a: iPasen para iOS\" href=\"https:\/\/itunes.apple.com\/es\/app\/ipasen\/id511127024?l=en&amp;mt=8\" target=\"_blank\" rel=\"noopener noreferrer\"> iPasen para iOS <\/a><\/li>\n<\/ul>\n<p>Est\u00e1 disponible un nuevo procedimiento de &#8220;autologin&#8221; para usuarios con perfiles tutor\/a legal y alumnado (tanto emancipado como no), mediante el cual cualquier padre\/madre o alumno\/a podr\u00e1 realizar un proceso de &#8220;autologin&#8221; para obtener las credenciales de acceso a PASEN.<\/p>\n<p>Para realizar el &#8220;autologin&#8221; a trav\u00e9s de la aplicaci\u00f3n web o de la app iPasen, las familias deber\u00e1n pinchar en el enlace &#8216;No tengo acceso&#8217; de la pantalla de login. Se requerir\u00e1n tres datos: El NIF, una fecha de nacimiento (de algunos de sus hijos\/as o la suya propia) y un n\u00famero de tel\u00e9fono m\u00f3vil donde recibir\u00e1 por SMS las credenciales. Este \u00faltimo deber\u00e1 coincidir con el que consta en S\u00e9neca para los tutores legales o para el alumnado.<\/p>\n<div class=\"fluid-width-video-wrapper\" style=\"text-align: center\"><iframe src=\"https:\/\/www.youtube.com\/embed\/cHLova48ULE?feature=oembed\" frameborder=\"0\"><\/iframe><\/div>\n<div>&nbsp;<\/div>\n<div>Si tiene su n\u00famero de m\u00f3vil registrado en Pasen puede usar la opci\u00f3n <a href=\"https:\/\/seneca.juntadeandalucia.es\/seneca\/jsp\/general\/DetOlvConV2.jsp\">\u00bfOlvid\u00f3 su contrase\u00f1a?<\/a> que aparece en la pantalla de login.<\/div>\n<div style=\"text-align: center\"><img loading=\"lazy\" decoding=\"async\" class=\"wp-image-1361 alignnone size-full\" src=\"https:\/\/blogsaverroes.juntadeandalucia.es\/iesboliches\/files\/2022\/11\/login_pasen.png\" alt=\"\" width=\"300\" height=\"277\"> <img loading=\"lazy\" decoding=\"async\" class=\"wp-image-1362 alignnone size-medium\" src=\"https:\/\/blogsaverroes.juntadeandalucia.es\/iesboliches\/files\/2022\/11\/recuperar_pasen-300x132.png\" alt=\"\" width=\"300\" height=\"132\"><\/div>\n<div>Tras rellenar el dato que se pide con su usuario de Pasen o con su DNI recibir\u00e1 un SMS con las credenciales de acceso.<\/div>\n<hr>\n<p>En caso de que no consiga realizar el proceso de autologin, contacte con el IES Los Boliches utilizando el siguiente formulario:<\/p>\n<p>[\/et_pb_text][\/et_pb_column][\/et_pb_row][et_pb_row _builder_version=&#8221;4.14.5&#8243; _module_preset=&#8221;default&#8221; background_color=&#8221;rgba(158,144,93,0.45)&#8221; custom_padding=&#8221;|20px||20px|false|false&#8221; global_colors_info=&#8221;{}&#8221;][et_pb_column type=&#8221;4_4&#8243; _builder_version=&#8221;4.14.5&#8243; _module_preset=&#8221;default&#8221; global_colors_info=&#8221;{}&#8221;][et_pb_text _builder_version=&#8221;4.14.5&#8243; _module_preset=&#8221;default&#8221; global_colors_info=&#8221;{}&#8221;]<\/p>\n<h2>Formulario para la solicitud de credenciales<\/h2>\n<p>[\/et_pb_text][et_pb_contact_form email=&#8221;pasen@iesboliches.org&#8221; custom_message=&#8221;Mensaje de: %%Name%%||et_pb_line_break_holder||Tel\u00e9fono: %%telefono%%||et_pb_line_break_holder||E-mail: %%Email%%||et_pb_line_break_holder||DNI: %%dni%%||et_pb_line_break_holder||Tipo: %%tipo%%||et_pb_line_break_holder||Grupo: %%grupo%%||et_pb_line_break_holder||Mensaje: %%Message%%&#8221; success_message=&#8221;Gracias por contactar, en cuanto podamos le haremos llegar sus credenciales de acceso v\u00eda SMS al m\u00f3vil facilitado.&#8221; _builder_version=&#8221;4.14.5&#8243; _module_preset=&#8221;default&#8221; _unique_id=&#8221;578a0533-cbbb-4671-9f57-7663c481e09d&#8221; global_colors_info=&#8221;{}&#8221;][et_pb_contact_field field_id=&#8221;Name&#8221; field_title=&#8221;Nombre&#8221; _builder_version=&#8221;3.16&#8243; global_colors_info=&#8221;{}&#8221; button_text_size__hover_enabled=&#8221;off&#8221; button_one_text_size__hover_enabled=&#8221;off&#8221; button_two_text_size__hover_enabled=&#8221;off&#8221; button_text_color__hover_enabled=&#8221;off&#8221; button_one_text_color__hover_enabled=&#8221;off&#8221; button_two_text_color__hover_enabled=&#8221;off&#8221; button_border_width__hover_enabled=&#8221;off&#8221; button_one_border_width__hover_enabled=&#8221;off&#8221; button_two_border_width__hover_enabled=&#8221;off&#8221; button_border_color__hover_enabled=&#8221;off&#8221; button_one_border_color__hover_enabled=&#8221;off&#8221; button_two_border_color__hover_enabled=&#8221;off&#8221; button_border_radius__hover_enabled=&#8221;off&#8221; button_one_border_radius__hover_enabled=&#8221;off&#8221; button_two_border_radius__hover_enabled=&#8221;off&#8221; button_letter_spacing__hover_enabled=&#8221;off&#8221; button_one_letter_spacing__hover_enabled=&#8221;off&#8221; button_two_letter_spacing__hover_enabled=&#8221;off&#8221; button_bg_color__hover_enabled=&#8221;off&#8221; button_one_bg_color__hover_enabled=&#8221;off&#8221; button_two_bg_color__hover_enabled=&#8221;off&#8221;][\/et_pb_contact_field][et_pb_contact_field field_id=&#8221;Email&#8221; field_title=&#8221;Direcci\u00f3n de correo electr\u00f3nico&#8221; field_type=&#8221;email&#8221; _builder_version=&#8221;3.16&#8243; global_colors_info=&#8221;{}&#8221; button_text_size__hover_enabled=&#8221;off&#8221; button_one_text_size__hover_enabled=&#8221;off&#8221; button_two_text_size__hover_enabled=&#8221;off&#8221; button_text_color__hover_enabled=&#8221;off&#8221; button_one_text_color__hover_enabled=&#8221;off&#8221; button_two_text_color__hover_enabled=&#8221;off&#8221; button_border_width__hover_enabled=&#8221;off&#8221; button_one_border_width__hover_enabled=&#8221;off&#8221; button_two_border_width__hover_enabled=&#8221;off&#8221; button_border_color__hover_enabled=&#8221;off&#8221; button_one_border_color__hover_enabled=&#8221;off&#8221; button_two_border_color__hover_enabled=&#8221;off&#8221; button_border_radius__hover_enabled=&#8221;off&#8221; button_one_border_radius__hover_enabled=&#8221;off&#8221; button_two_border_radius__hover_enabled=&#8221;off&#8221; button_letter_spacing__hover_enabled=&#8221;off&#8221; button_one_letter_spacing__hover_enabled=&#8221;off&#8221; button_two_letter_spacing__hover_enabled=&#8221;off&#8221; button_bg_color__hover_enabled=&#8221;off&#8221; button_one_bg_color__hover_enabled=&#8221;off&#8221; button_two_bg_color__hover_enabled=&#8221;off&#8221;][\/et_pb_contact_field][et_pb_contact_field field_id=&#8221;telefono&#8221; field_title=&#8221;Tel\u00e9fono m\u00f3ovil:&#8221; _builder_version=&#8221;4.14.5&#8243; _module_preset=&#8221;default&#8221; global_colors_info=&#8221;{}&#8221;][\/et_pb_contact_field][et_pb_contact_field field_id=&#8221;dni&#8221; field_title=&#8221;DNI&#8221; min_length=&#8221;6&#8243; max_length=&#8221;23&#8243; _builder_version=&#8221;4.14.5&#8243; _module_preset=&#8221;default&#8221; global_colors_info=&#8221;{}&#8221;][\/et_pb_contact_field][et_pb_contact_field field_id=&#8221;tipo&#8221; field_title=&#8221;\u00bfAlumno\/a o Tutor\/a legal?&#8221; max_length=&#8221;15&#8243; _builder_version=&#8221;4.14.5&#8243; _module_preset=&#8221;default&#8221; global_colors_info=&#8221;{}&#8221;][\/et_pb_contact_field][et_pb_contact_field field_id=&#8221;grupo&#8221; field_title=&#8221;Curso \/ Grupo&#8221; max_length=&#8221;48&#8243; _builder_version=&#8221;4.14.5&#8243; _module_preset=&#8221;default&#8221; global_colors_info=&#8221;{}&#8221;][\/et_pb_contact_field][et_pb_contact_field field_id=&#8221;Message&#8221; field_title=&#8221;Mensaje&#8221; field_type=&#8221;text&#8221; fullwidth_field=&#8221;on&#8221; _builder_version=&#8221;4.14.5&#8243; global_colors_info=&#8221;{}&#8221; button_text_size__hover_enabled=&#8221;off&#8221; button_one_text_size__hover_enabled=&#8221;off&#8221; button_two_text_size__hover_enabled=&#8221;off&#8221; button_text_color__hover_enabled=&#8221;off&#8221; button_one_text_color__hover_enabled=&#8221;off&#8221; button_two_text_color__hover_enabled=&#8221;off&#8221; button_border_width__hover_enabled=&#8221;off&#8221; button_one_border_width__hover_enabled=&#8221;off&#8221; button_two_border_width__hover_enabled=&#8221;off&#8221; button_border_color__hover_enabled=&#8221;off&#8221; button_one_border_color__hover_enabled=&#8221;off&#8221; button_two_border_color__hover_enabled=&#8221;off&#8221; button_border_radius__hover_enabled=&#8221;off&#8221; button_one_border_radius__hover_enabled=&#8221;off&#8221; button_two_border_radius__hover_enabled=&#8221;off&#8221; button_letter_spacing__hover_enabled=&#8221;off&#8221; button_one_letter_spacing__hover_enabled=&#8221;off&#8221; button_two_letter_spacing__hover_enabled=&#8221;off&#8221; button_bg_color__hover_enabled=&#8221;off&#8221; button_one_bg_color__hover_enabled=&#8221;off&#8221; button_two_bg_color__hover_enabled=&#8221;off&#8221;][\/et_pb_contact_field][\/et_pb_contact_form][\/et_pb_column][\/et_pb_row][\/et_pb_section]<\/p>\n","protected":false},"excerpt":{"rendered":"<p>Desde el IES Los Boliches le recomendamos que utilice la aplicaci\u00f3n m\u00f3vil de acceso a Pasen: iPasen Para descargar la aplicaci\u00f3n puede buscar &#8220;iPasen&#8221; en Google Play para Android o en el Apple Store pra iOS, tambi\u00e9n puede descargar la aplicaci\u00f3n con los siguientes enlaces desde un m\u00f3vil: iPasen para Android iPasen para iOS Est\u00e1 [&hellip;]<\/p>\n","protected":false},"author":5370,"featured_media":0,"parent":0,"menu_order":0,"comment_status":"closed","ping_status":"closed","template":"","meta":{"_et_pb_use_builder":"on","_et_pb_old_content":"<p>[et_pb_section][et_pb_row][et_pb_column type=\"4_4\"][et_pb_text]<\/p><p>Desde el IES Los Boliches le recomendamos que utilice la aplicaci\u00f3n m\u00f3vil de acceso a Pasen: iPasen<\/p><p>Para descargar la aplicaci\u00f3n puede buscar \"iPasen\" en Google Play para Android o en el Apple Store pra iOS, tambi\u00e9n puede descargar la aplicaci\u00f3n con los siguientes enlaces desde un m\u00f3vil:<\/p><ul><li><a class=\"ico_enlaceExt\" title=\"Ir a: iPasen para Android\" href=\"https:\/\/play.google.com\/store\/apps\/details?id=juntadeandalucia.ced.pasen\" target=\"_blank\" rel=\"noopener noreferrer\"> iPasen para Android <\/a><\/li><li><a class=\"ico_enlaceExt\" title=\"Ir a: iPasen para iOS\" href=\"https:\/\/itunes.apple.com\/es\/app\/ipasen\/id511127024?l=en&mt=8\" target=\"_blank\" rel=\"noopener noreferrer\"> iPasen para iOS <\/a><\/li><\/ul><p>Est\u00e1 disponible un nuevo procedimiento de \"autologin\" para usuarios con perfiles tutor\/a legal y alumnado (tanto emancipado como no), mediante el cual cualquier padre\/madre o alumno\/a podr\u00e1 realizar un proceso de \"autologin\" para obtener las credenciales de acceso a PASEN.<\/p><p>Para realizar el \"autologin\" a trav\u00e9s de la aplicaci\u00f3n web o de la app iPasen, las familias deber\u00e1n pinchar en el enlace 'No tengo acceso' de la pantalla de login. Se requerir\u00e1n tres datos: El NIF, una fecha de nacimiento (de algunos de sus hijos\/as o la suya propia) y un n\u00famero de tel\u00e9fono m\u00f3vil donde recibir\u00e1 por SMS las credenciales. Este \u00faltimo deber\u00e1 coincidir con el que consta en S\u00e9neca para los tutores legales o para el alumnado.<\/p><div class=\"fluid-width-video-wrapper\" style=\"text-align: center;\"><iframe src=\"https:\/\/www.youtube.com\/embed\/cHLova48ULE?feature=oembed\" frameborder=\"0\"><\/iframe><\/div><hr><p>En caso de que no consiga realizar el proceso de autologin, contacte con el IES Los Boliches utilizando el siguiente formulario:<\/p><h3>Formulario para solicitar las claves de acceso a Pasen<\/h3><p>(Pr\u00f3ximamente)<\/p><p>[\/et_pb_text][\/et_pb_column][\/et_pb_row][\/et_pb_section]<\/p>","_et_gb_content_width":"","ngg_post_thumbnail":0,"footnotes":""},"aioseo_notices":[],"_links":{"self":[{"href":"https:\/\/blogsaverroes.juntadeandalucia.es\/iesboliches\/wp-json\/wp\/v2\/pages\/1292"}],"collection":[{"href":"https:\/\/blogsaverroes.juntadeandalucia.es\/iesboliches\/wp-json\/wp\/v2\/pages"}],"about":[{"href":"https:\/\/blogsaverroes.juntadeandalucia.es\/iesboliches\/wp-json\/wp\/v2\/types\/page"}],"author":[{"embeddable":true,"href":"https:\/\/blogsaverroes.juntadeandalucia.es\/iesboliches\/wp-json\/wp\/v2\/users\/5370"}],"replies":[{"embeddable":true,"href":"https:\/\/blogsaverroes.juntadeandalucia.es\/iesboliches\/wp-json\/wp\/v2\/comments?post=1292"}],"version-history":[{"count":13,"href":"https:\/\/blogsaverroes.juntadeandalucia.es\/iesboliches\/wp-json\/wp\/v2\/pages\/1292\/revisions"}],"predecessor-version":[{"id":1363,"href":"https:\/\/blogsaverroes.juntadeandalucia.es\/iesboliches\/wp-json\/wp\/v2\/pages\/1292\/revisions\/1363"}],"wp:attachment":[{"href":"https:\/\/blogsaverroes.juntadeandalucia.es\/iesboliches\/wp-json\/wp\/v2\/media?parent=1292"}],"curies":[{"name":"wp","href":"https:\/\/api.w.org\/{rel}","templated":true}]}}