{"id":1499,"date":"2022-12-09T20:34:33","date_gmt":"2022-12-09T19:34:33","guid":{"rendered":"https:\/\/blogsaverroes.juntadeandalucia.es\/iesboliches\/?page_id=1499"},"modified":"2025-11-20T10:16:08","modified_gmt":"2025-11-20T09:16:08","slug":"documentos-del-centro","status":"publish","type":"page","link":"https:\/\/blogsaverroes.juntadeandalucia.es\/iesboliches\/documentos-del-centro\/","title":{"rendered":"Documentos del Centro"},"content":{"rendered":"<h4>Plan de Centro<\/h4>\n<ul class=\"list-icon check color\" style=\"list-style-type: circle\">\n<li><a href=\"https:\/\/drive.google.com\/file\/d\/18JKywmygUyOIQvn8z5dfNYNiWEIGLG4N\/view?usp=drive_link\">Proyecto Educativo 2024\/2025<\/a><\/li>\n<li><a href=\"https:\/\/drive.google.com\/file\/d\/15vELhooyXxOYPqCut59GTFAAh-qdCc_t\/view?usp=drive_link\">Anexo Proyecto Educativo 2024\/2025<\/a><\/li>\n<li><a href=\"https:\/\/drive.google.com\/file\/d\/1sFAFRAobtge1WtCGno-3MflZQglwfZSw\/view?usp=drive_link\">Reglamento de Organizaci\u00f3n y Funcionamiento (R.O.F.) 2024\/2025<\/a><\/li>\n<li><a href=\"https:\/\/drive.google.com\/file\/d\/1-HnqAJ3EJsUAnoj_ikR6RlX3hoOBg-pG\/view?usp=drive_link\">Proyecto de Gesti\u00f3n 2024\/2025<\/a><\/li>\n<li><a href=\"https:\/\/drive.google.com\/file\/d\/1vhrZEFTmw3KsqzKnnlfA5ZnSMksmjm9p\/view?usp=sharing\">Plan de Autoprotecci\u00f3n Escolar<\/a><\/li>\n<\/ul>\n<hr>\n<ul class=\"list-icon check color\" style=\"list-style-type: circle\">\n<li><a href=\"https:\/\/drive.google.com\/file\/d\/10CllWaUVbpLMqFxTu1dHZ_jcjnNCTjLt\/view?usp=drive_link\">Transformaci\u00f3n digital educativa. PAD.<\/a><\/li>\n<li><a href=\"https:\/\/drive.google.com\/file\/d\/1YXe_tNUPY0dPiLVppcpRmnFsULwkTKfR\/view?usp=drive_link\">Transformaci\u00f3n digital educativa: Informe de la r\u00fabrica<\/a><\/li>\n<li><a href=\"http:\/\/iesboliches.org\/principal\/pagina.php?carga=09_covid\/documentos_covid.php\" target=\"_blank\" rel=\"noopener noreferrer\">Documentaci\u00f3n relativa al COVID-19.<\/a><\/li>\n<\/ul>\n<hr>\n<ul class=\"list-icon check color\" style=\"list-style-type: circle\">\n<li><a href=\"https:\/\/drive.google.com\/drive\/folders\/1dobsfhK4hmICg9Kx7f2aTioAb5kVPbDT?usp=drive_link\" target=\"_blank\" rel=\"noopener\">Programaciones de los Departamentos. Curso 2025-2026<\/a><\/li>\n<\/ul>\n<hr>\n<ul class=\"list-icon check color\" style=\"list-style-type: circle\">\n<li><a href=\"https:\/\/drive.google.com\/file\/d\/1vQ0bKCvMtHp4aOH3CTm-Z-2E-AfqXiKi\/view?usp=drive_link\">Plan de mejora dise\u00f1ado por el centro. 2024-2025<\/a><\/li>\n<li><a href=\"https:\/\/drive.google.com\/file\/d\/1SjZQVTvSo1gwMiJ-uivdNSdksbtbYXFJ\/view?usp=sharing\">Actividades propuestas para el fomento de la expresi\u00f3n oral, lectura y escritura.<\/a><\/li>\n<li><a href=\"https:\/\/drive.google.com\/file\/d\/1Fc5pcxFefAQLb7CSff2fguNU7ueIQvjp\/view?usp=sharing\">Actividades propuestas para el fomento de la competencia matem\u00e1tica 2024-25.<\/a><\/li>\n<li><a href=\"https:\/\/drive.google.com\/file\/d\/1RCEsdTUkXmnaDgO-bQn8For__D_GyGFq\/view?usp=sharing\">Programas de Refuerzo de los Aprendizajes no adquiridos (seguimiento de pendientes).<\/a><\/li>\n<\/ul>\n<hr>\n<h4>Plan de Autoprotecci\u00f3n<\/h4>\n<ul class=\"list-icon check color\" style=\"list-style-type: circle\">\n<li><a href=\"https:\/\/drive.google.com\/file\/d\/1BWHLjfkf5TGpAWEABYZtkFBVMVxMoITQ\/view?usp=drive_link\">PAE N.01 Resumen del Plan de Autoproecci\u00f3n<\/a><\/li>\n<li><a href=\"https:\/\/drive.google.com\/file\/d\/1MP-6lxvlQYRKaB9_2vkkBywlcmhXs20I\/view?usp=drive_link\">PAE N.02 Simulacro: Instrucciones para el profesorado<\/a><\/li>\n<li><a href=\"https:\/\/drive.google.com\/file\/d\/1yOW9kf8n1FufWJ2-aV8O6EC5RCBJwbAA\/view?usp=drive_link\">PAE N.03 Simulacro: Instrucciones para el alumnado<\/a><\/li>\n<li><a href=\"https:\/\/drive.google.com\/file\/d\/10AnElUrA5YXeiLu6One7zNlfcES2Zxkn\/view?usp=drive_link\">PAE N.04 Simulacro: Instrucciones para el alumnado &#8211; Infograf\u00eda<\/a><\/li>\n<li><a href=\"https:\/\/drive.google.com\/file\/d\/1DoBSfkcYcqG3P8imQlz48mNRBadfp5ih\/view?usp=drive_link\">PAE N.05 Equipo de evacuaci\u00f3n de aula<\/a><\/li>\n<li><a href=\"https:\/\/drive.google.com\/file\/d\/1aEbSUqwTzvq_eAWpZZ2EfJ3_mweaLGQk\/view?usp=drive_link\">PAE N.06 Protocolo ola de calor<\/a><\/li>\n<li><a href=\"https:\/\/drive.google.com\/file\/d\/1JRByfaJOAqWgVWc8HNVkvahO1Hc89a1V\/view?usp=drive_link\">PAE N.07 Puertas y orden de salidar<\/a><\/li>\n<li><a href=\"http:\/\/iesboliches.org\/principal\/02_documentos\/Plan_de_evacuacion\/EvacuacionGeneral.pdf\" target=\"_blank\" rel=\"noopener noreferrer\">Plano de Evacuaci\u00f3n General del Centro<\/a><\/li>\n<li><a href=\"http:\/\/iesboliches.org\/principal\/02_documentos\/Plan_de_evacuacion\/planta_baja.pdf\" target=\"_blank\" rel=\"noopener noreferrer\">Plano de Evacuaci\u00f3n: Planta Baja<\/a><\/li>\n<li><a href=\"http:\/\/iesboliches.org\/principal\/02_documentos\/Plan_de_evacuacion\/EvacuacioPlantaPrimera.pdf\" target=\"_blank\" rel=\"noopener noreferrer\">Plano de Evacuaci\u00f3n: Planta Primera<\/a><\/li>\n<li><a href=\"http:\/\/iesboliches.org\/principal\/02_documentos\/Plan_de_evacuacion\/EvacuacionPlantaSegunda.pdf\" target=\"_blank\" rel=\"noopener noreferrer\">Plano de Evacuaci\u00f3n: Planta Segunda<\/a><\/li>\n<\/ul>\n","protected":false},"excerpt":{"rendered":"<p>Plan de Centro Proyecto Educativo 2024\/2025 Anexo Proyecto Educativo 2024\/2025 Reglamento de Organizaci\u00f3n y Funcionamiento (R.O.F.) 2024\/2025 Proyecto de Gesti\u00f3n 2024\/2025 Plan de Autoprotecci\u00f3n Escolar Transformaci\u00f3n digital educativa. PAD. Transformaci\u00f3n digital educativa: Informe de la r\u00fabrica Documentaci\u00f3n relativa al COVID-19. Programaciones de los Departamentos. Curso 2025-2026 Plan de mejora dise\u00f1ado por el centro. 2024-2025 Actividades [&hellip;]<\/p>\n","protected":false},"author":5370,"featured_media":0,"parent":0,"menu_order":0,"comment_status":"closed","ping_status":"closed","template":"","meta":{"_et_pb_use_builder":"","_et_pb_old_content":"","_et_gb_content_width":"","ngg_post_thumbnail":0,"footnotes":""},"aioseo_notices":[],"_links":{"self":[{"href":"https:\/\/blogsaverroes.juntadeandalucia.es\/iesboliches\/wp-json\/wp\/v2\/pages\/1499"}],"collection":[{"href":"https:\/\/blogsaverroes.juntadeandalucia.es\/iesboliches\/wp-json\/wp\/v2\/pages"}],"about":[{"href":"https:\/\/blogsaverroes.juntadeandalucia.es\/iesboliches\/wp-json\/wp\/v2\/types\/page"}],"author":[{"embeddable":true,"href":"https:\/\/blogsaverroes.juntadeandalucia.es\/iesboliches\/wp-json\/wp\/v2\/users\/5370"}],"replies":[{"embeddable":true,"href":"https:\/\/blogsaverroes.juntadeandalucia.es\/iesboliches\/wp-json\/wp\/v2\/comments?post=1499"}],"version-history":[{"count":21,"href":"https:\/\/blogsaverroes.juntadeandalucia.es\/iesboliches\/wp-json\/wp\/v2\/pages\/1499\/revisions"}],"predecessor-version":[{"id":3975,"href":"https:\/\/blogsaverroes.juntadeandalucia.es\/iesboliches\/wp-json\/wp\/v2\/pages\/1499\/revisions\/3975"}],"wp:attachment":[{"href":"https:\/\/blogsaverroes.juntadeandalucia.es\/iesboliches\/wp-json\/wp\/v2\/media?parent=1499"}],"curies":[{"name":"wp","href":"https:\/\/api.w.org\/{rel}","templated":true}]}}