{"id":1533,"date":"2022-12-10T10:10:47","date_gmt":"2022-12-10T09:10:47","guid":{"rendered":"https:\/\/blogsaverroes.juntadeandalucia.es\/iesboliches\/?page_id=1533"},"modified":"2022-12-10T10:17:27","modified_gmt":"2022-12-10T09:17:27","slug":"renuncia-ciclos","status":"publish","type":"page","link":"https:\/\/blogsaverroes.juntadeandalucia.es\/iesboliches\/renuncia-ciclos\/","title":{"rendered":"Renuncia ciclos"},"content":{"rendered":"<p>[et_pb_section fb_built=&#8221;1&#8243; _builder_version=&#8221;3.22&#8243; global_colors_info=&#8221;{}&#8221;][et_pb_row column_structure=&#8221;3_4,1_4&#8243; _builder_version=&#8221;4.14.5&#8243; background_size=&#8221;initial&#8221; background_position=&#8221;top_left&#8221; background_repeat=&#8221;repeat&#8221; global_colors_info=&#8221;{}&#8221;][et_pb_column type=&#8221;3_4&#8243; _builder_version=&#8221;3.25&#8243; custom_padding=&#8221;|||&#8221; global_colors_info=&#8221;{}&#8221; custom_padding__hover=&#8221;|||&#8221;][et_pb_text _builder_version=&#8221;4.14.5&#8243; background_size=&#8221;initial&#8221; background_position=&#8221;top_left&#8221; background_repeat=&#8221;repeat&#8221; hover_enabled=&#8221;0&#8243; global_colors_info=&#8221;{}&#8221; sticky_enabled=&#8221;0&#8243;]<\/p>\n<h1>RENUNCIA A LA CONVOCATORIA O ANULACI\u00d3N DE MATR\u00cdCULA EN LOS CICLOS FORMATIVOS.<\/h1>\n<h4>&nbsp;<\/h4>\n<h4>REFERENCIA NORMATIVA<\/h4>\n<p><a href=\"http:\/\/iesboliches.org\/principal\/01_centro\/08_secretaria\/archivos\/Orden 29 sept 2010 evaluacion formacion profesional.pdf\" target=\"_blank\" rel=\"noopener noreferrer\">Orden de 29 de septiembre de 2010<\/a>, por la que se regula la evaluaci\u00f3n, certificaci\u00f3n, acreditaci\u00f3n y titulaci\u00f3n acad\u00e9mica del alumnado que cursa ense\u00f1anzas de formaci\u00f3n profesional inicial que forma parte del sistema educativo en la Comunidad Aut\u00f3noma de Andaluc\u00eda.<\/p>\n<h4>&nbsp;<\/h4>\n<h4>DESTINATARIOS<\/h4>\n<p>Los alumnos y alumnas o, si son menores de edad sus representantes legales, matriculados en los ciclos formativos podr\u00e1n:<\/p>\n<ol start=\"1\" type=\"1\">\n<li>presentar <strong>la renuncia a la convocatoria de hasta el 50% de los m\u00f3dulos profesionales<\/strong> en los que se encuentren matriculados, una sola vez por curso escolar.<\/li>\n<li>solicitar, por una sola vez, <strong>la renuncia de la matr\u00edcula<\/strong> tanto en oferta parcial como en oferta completa.<\/li>\n<\/ol>\n<p class=\"parrafo\">Siempre que <strong>concurra alguna de las circunstancias siguientes<\/strong>:<\/p>\n<ol>\n<li>Enfermedad prolongada o accidente del alumno o alumna.<\/li>\n<li>Incorporaci\u00f3n o desempe\u00f1o de un puesto de trabajo en un horario incompatible con las ense\u00f1anzas del ciclo formativo.<\/li>\n<li>Por cuidado de hijo o hija menor de 16 meses o por accidente grave, enfermedad grave y hospitalizaci\u00f3n del c\u00f3nyuge o an\u00e1logo y de familiares hasta el segundo grado de parentesco por consanguinidad o afinidad.<\/li>\n<\/ol>\n<p>&nbsp;<\/p>\n<h4>PRESENTACI\u00d3N DE SOLICITUDES<\/h4>\n<ol start=\"1\" type=\"1\">\n<li>Ambas solicitudes, de renuncia a la convocatoria de m\u00f3dulos profesionales o la renuncia a matr\u00edcula, ir\u00e1n dirigida Director del Centro donde el alumno o alumna se encuentre matriculado y se <strong>presentar\u00e1 en la Secretar\u00eda<\/strong> del mismo, con una <strong>antelaci\u00f3n m\u00ednima de dos meses<\/strong> respecto a la fecha prevista para la sesi\u00f3n de evaluaci\u00f3n final.<\/li>\n<li>Dicha solicitud se ajustar\u00e1 al modelo que se recoge como <strong><a href=\"http:\/\/iesboliches.org\/principal\/01_centro\/08_secretaria\/archivos\/Anexo II - Renuncia a convocatoria.pdf\" target=\"_blank\" rel=\"noopener noreferrer\">Anexo II \u2013 Renuncia a Convocatoria<\/a><\/strong> (de la Orden de 29 de septiembre de 2010), para la renuncia a convocatoria, o al modelo recogido como <strong><a href=\"http:\/\/iesboliches.org\/principal\/01_centro\/08_secretaria\/archivos\/Anexo III - Anulacion de matricula.pdf\" target=\"_blank\" rel=\"noopener noreferrer\">Anexo III \u2013 Anulaci\u00f3n de Matr\u00edcula<\/a><\/strong> (de la Orden de 29 de septiembre de 2010), para la renuncia a matr\u00edcula.<\/li>\n<\/ol>\n<p>En cualquier caso la solicitud ir\u00e1 acompa\u00f1ada de la documentaci\u00f3n que acredite la concurrencia de alguna de las circunstancias se\u00f1aladas en el apartado anterior:<\/p>\n<ol>\n<li>Enfermedad: Certificado m\u00e9dico oficial en el que conste la fecha y duraci\u00f3n de la inhabilitaci\u00f3n.<\/li>\n<li>Trabajos desempe\u00f1ados que dificulten la asistencia a clase: certificaci\u00f3n de la Tesorer\u00eda General de la Seguridad Social, del Instituto Social de la Marina o de la mutualidad a la que estuvieran afiliados, o equivalente en el caso de organismos extranjeros, donde conste la empresa, la categor\u00eda laboral (grupo de cotizaci\u00f3n) y el per\u00edodo de contrataci\u00f3n.<\/li>\n<li>Obligaciones de tipo personal o familiar: Documentaci\u00f3n acreditativa.<\/li>\n<li>Otras causas que impidan el desarrollo ordinario de los estudios: Documentaci\u00f3n acreditativa.<\/li>\n<\/ol>\n<h4>&nbsp;<\/h4>\n<h4>RESOLUCI\u00d3N DE LA SOLICITUD<\/h4>\n<ol start=\"1\" type=\"1\">\n<li>La persona titular de la direcci\u00f3n, una vez comprobado que la documentaci\u00f3n presentada acredita la circunstancia alegada, <strong>resolver\u00e1 provisionalmente<\/strong> la solicitud <strong>en un plazo m\u00e1ximo de diez d\u00edas<\/strong>, contado desde la fecha de presentaci\u00f3n de la misma. La resoluci\u00f3n provisional se har\u00e1 p\u00fablica en el tabl\u00f3n de anuncios del centro docente, disponiendo los solicitantes de cinco d\u00edas para la presentaci\u00f3n de alegaciones por escrito. Transcurridos cinco d\u00edas desde la finalizaci\u00f3n del plazo de alegaciones, se resolver\u00e1 definitivamente la solicitud presentada. Una vez adoptada la resoluci\u00f3n definitiva, en los cinco d\u00edas siguientes la secretar\u00eda del centro docente la notificar\u00e1 al solicitante o a sus representantes legales.<\/li>\n<li>La resoluci\u00f3n favorable de la renuncia a convocatoria o a matr\u00edcula, desde el momento en que se hagan efectivas, no permitir\u00e1 al alumnado participar en los procesos de adquisici\u00f3n de competencias ni ser evaluado en la evaluaci\u00f3n final.<\/li>\n<li>La renuncia a convocatoria o a matr\u00edcula resuelta favorablemente no computar\u00e1 a efectos de convocatorias utilizadas. No obstante, el alumno o alumna que renuncia a matr\u00edcula perder\u00e1 el derecho de reserva de plaza, por lo que si en el futuro deseara continuar dichos estudios deber\u00e1 concurrir de nuevo al procedimiento general de admisi\u00f3n que est\u00e9 establecido.<\/li>\n<\/ol>\n<h4>&nbsp;<\/h4>\n<h4>RECLAMACIONES<\/h4>\n<p>Contra la resoluci\u00f3n definitiva de renuncia a convocatoria o renuncia a matr\u00edcula&nbsp; emitida por la direcci\u00f3n podr\u00e1 interponerse por los interesados recurso de alzada ante la persona titular de la Delegaci\u00f3n Provincial.<\/p>\n<p>[\/et_pb_text][\/et_pb_column][et_pb_column type=&#8221;1_4&#8243; _builder_version=&#8221;3.25&#8243; custom_padding=&#8221;|||&#8221; global_colors_info=&#8221;{}&#8221; custom_padding__hover=&#8221;|||&#8221;][et_pb_sidebar _builder_version=&#8221;4.14.5&#8243; _module_preset=&#8221;default&#8221; global_colors_info=&#8221;{}&#8221;][\/et_pb_sidebar][\/et_pb_column][\/et_pb_row][\/et_pb_section]<\/p>\n","protected":false},"excerpt":{"rendered":"<p>RENUNCIA A LA CONVOCATORIA O ANULACI\u00d3N DE MATR\u00cdCULA EN LOS CICLOS FORMATIVOS. &nbsp; REFERENCIA NORMATIVA Orden de 29 de septiembre de 2010, por la que se regula la evaluaci\u00f3n, certificaci\u00f3n, acreditaci\u00f3n y titulaci\u00f3n acad\u00e9mica del alumnado que cursa ense\u00f1anzas de formaci\u00f3n profesional inicial que forma parte del sistema educativo en la Comunidad Aut\u00f3noma de Andaluc\u00eda. [&hellip;]<\/p>\n","protected":false},"author":5370,"featured_media":0,"parent":0,"menu_order":0,"comment_status":"closed","ping_status":"closed","template":"","meta":{"_et_pb_use_builder":"on","_et_pb_old_content":"<h4>REFERENCIA NORMATIVA<\/h4><p><a href=\"http:\/\/iesboliches.org\/principal\/01_centro\/08_secretaria\/archivos\/Orden 29 sept 2010 evaluacion formacion profesional.pdf\" target=\"_blank\" rel=\"noopener noreferrer\">Orden de 29 de septiembre de 2010<\/a>, por la que se regula la evaluaci\u00f3n, certificaci\u00f3n, acreditaci\u00f3n y titulaci\u00f3n acad\u00e9mica del alumnado que cursa ense\u00f1anzas de formaci\u00f3n profesional inicial que forma parte del sistema educativo en la Comunidad Aut\u00f3noma de Andaluc\u00eda.<\/p><h4>DESTINATARIOS<\/h4><p>Los alumnos y alumnas o, si son menores de edad sus representantes legales, matriculados en los ciclos formativos podr\u00e1n:<\/p><ol start=\"1\" type=\"1\"><li>presentar <strong>la renuncia a la convocatoria de hasta el 50% de los m\u00f3dulos profesionales<\/strong> en los que se encuentren matriculados, una sola vez por curso escolar.<\/li><li>solicitar, por una sola vez, <strong>la renuncia de la matr\u00edcula<\/strong> tanto en oferta parcial como en oferta completa.<\/li><\/ol><p class=\"parrafo\">Siempre que <strong>concurra alguna de las circunstancias siguientes<\/strong>:<\/p><ol><li>Enfermedad prolongada o accidente del alumno o alumna.<\/li><li>Incorporaci\u00f3n o desempe\u00f1o de un puesto de trabajo en un horario incompatible con las ense\u00f1anzas del ciclo formativo.<\/li><li>Por cuidado de hijo o hija menor de 16 meses o por accidente grave, enfermedad grave y hospitalizaci\u00f3n del c\u00f3nyuge o an\u00e1logo y de familiares hasta el segundo grado de parentesco por consanguinidad o afinidad.<\/li><\/ol><p>\u00a0<\/p><h4>PRESENTACI\u00d3N DE SOLICITUDES<\/h4><ol start=\"1\" type=\"1\"><li>Ambas solicitudes, de renuncia a la convocatoria de m\u00f3dulos profesionales o la renuncia a matr\u00edcula, ir\u00e1n dirigida Director del Centro donde el alumno o alumna se encuentre matriculado y se <strong>presentar\u00e1 en la Secretar\u00eda<\/strong> del mismo, con una <strong>antelaci\u00f3n m\u00ednima de dos meses<\/strong> respecto a la fecha prevista para la sesi\u00f3n de evaluaci\u00f3n final.<\/li><li>Dicha solicitud se ajustar\u00e1 al modelo que se recoge como <strong><a href=\"http:\/\/iesboliches.org\/principal\/01_centro\/08_secretaria\/archivos\/Anexo II - Renuncia a convocatoria.pdf\" target=\"_blank\" rel=\"noopener noreferrer\">Anexo II \u2013 Renuncia a Convocatoria<\/a><\/strong> (de la Orden de 29 de septiembre de 2010), para la renuncia a convocatoria, o al modelo recogido como <strong><a href=\"http:\/\/iesboliches.org\/principal\/01_centro\/08_secretaria\/archivos\/Anexo III - Anulacion de matricula.pdf\" target=\"_blank\" rel=\"noopener noreferrer\">Anexo III \u2013 Anulaci\u00f3n de Matr\u00edcula<\/a><\/strong> (de la Orden de 29 de septiembre de 2010), para la renuncia a matr\u00edcula.<\/li><\/ol><p>\u00a0<\/p><p>En cualquier caso la solicitud ir\u00e1 acompa\u00f1ada de la documentaci\u00f3n que acredite la concurrencia de alguna de las circunstancias se\u00f1aladas en el apartado anterior:<\/p><ol><li>Enfermedad: Certificado m\u00e9dico oficial en el que conste la fecha y duraci\u00f3n de la inhabilitaci\u00f3n.<\/li><li>Trabajos desempe\u00f1ados que dificulten la asistencia a clase: certificaci\u00f3n de la Tesorer\u00eda General de la Seguridad Social, del Instituto Social de la Marina o de la mutualidad a la que estuvieran afiliados, o equivalente en el caso de organismos extranjeros, donde conste la empresa, la categor\u00eda laboral (grupo de cotizaci\u00f3n) y el per\u00edodo de contrataci\u00f3n.<\/li><li>Obligaciones de tipo personal o familiar: Documentaci\u00f3n acreditativa.<\/li><li>Otras causas que impidan el desarrollo ordinario de los estudios: Documentaci\u00f3n acreditativa.<\/li><\/ol><h4>RESOLUCI\u00d3N DE LA SOLICITUD<\/h4><ol start=\"1\" type=\"1\"><li>La persona titular de la direcci\u00f3n, una vez comprobado que la documentaci\u00f3n presentada acredita la circunstancia alegada, <strong>resolver\u00e1 provisionalmente<\/strong> la solicitud <strong>en un plazo m\u00e1ximo de diez d\u00edas<\/strong>, contado desde la fecha de presentaci\u00f3n de la misma. La resoluci\u00f3n provisional se har\u00e1 p\u00fablica en el tabl\u00f3n de anuncios del centro docente, disponiendo los solicitantes de cinco d\u00edas para la presentaci\u00f3n de alegaciones por escrito. Transcurridos cinco d\u00edas desde la finalizaci\u00f3n del plazo de alegaciones, se resolver\u00e1 definitivamente la solicitud presentada. Una vez adoptada la resoluci\u00f3n definitiva, en los cinco d\u00edas siguientes la secretar\u00eda del centro docente la notificar\u00e1 al solicitante o a sus representantes legales.<\/li><li>La resoluci\u00f3n favorable de la renuncia a convocatoria o a matr\u00edcula, desde el momento en que se hagan efectivas, no permitir\u00e1 al alumnado participar en los procesos de adquisici\u00f3n de competencias ni ser evaluado en la evaluaci\u00f3n final.<\/li><li>La renuncia a convocatoria o a matr\u00edcula resuelta favorablemente no computar\u00e1 a efectos de convocatorias utilizadas. No obstante, el alumno o alumna que renuncia a matr\u00edcula perder\u00e1 el derecho de reserva de plaza, por lo que si en el futuro deseara continuar dichos estudios deber\u00e1 concurrir de nuevo al procedimiento general de admisi\u00f3n que est\u00e9 establecido.<\/li><\/ol><p>\u00a0<\/p><h4>RECLAMACIONES<\/h4><p>Contra la resoluci\u00f3n definitiva de renuncia a convocatoria o renuncia a matr\u00edcula\u00a0 emitida por la direcci\u00f3n podr\u00e1 interponerse por los interesados recurso de alzada ante la persona titular de la Delegaci\u00f3n Provincial.<\/p>","_et_gb_content_width":"","ngg_post_thumbnail":0,"footnotes":""},"aioseo_notices":[],"_links":{"self":[{"href":"https:\/\/blogsaverroes.juntadeandalucia.es\/iesboliches\/wp-json\/wp\/v2\/pages\/1533"}],"collection":[{"href":"https:\/\/blogsaverroes.juntadeandalucia.es\/iesboliches\/wp-json\/wp\/v2\/pages"}],"about":[{"href":"https:\/\/blogsaverroes.juntadeandalucia.es\/iesboliches\/wp-json\/wp\/v2\/types\/page"}],"author":[{"embeddable":true,"href":"https:\/\/blogsaverroes.juntadeandalucia.es\/iesboliches\/wp-json\/wp\/v2\/users\/5370"}],"replies":[{"embeddable":true,"href":"https:\/\/blogsaverroes.juntadeandalucia.es\/iesboliches\/wp-json\/wp\/v2\/comments?post=1533"}],"version-history":[{"count":5,"href":"https:\/\/blogsaverroes.juntadeandalucia.es\/iesboliches\/wp-json\/wp\/v2\/pages\/1533\/revisions"}],"predecessor-version":[{"id":1542,"href":"https:\/\/blogsaverroes.juntadeandalucia.es\/iesboliches\/wp-json\/wp\/v2\/pages\/1533\/revisions\/1542"}],"wp:attachment":[{"href":"https:\/\/blogsaverroes.juntadeandalucia.es\/iesboliches\/wp-json\/wp\/v2\/media?parent=1533"}],"curies":[{"name":"wp","href":"https:\/\/api.w.org\/{rel}","templated":true}]}}