{"id":1584,"date":"2022-12-10T20:43:26","date_gmt":"2022-12-10T19:43:26","guid":{"rendered":"https:\/\/blogsaverroes.juntadeandalucia.es\/iesboliches\/?page_id=1584"},"modified":"2025-06-17T10:53:35","modified_gmt":"2025-06-17T09:53:35","slug":"expedicion-de-titulos","status":"publish","type":"page","link":"https:\/\/blogsaverroes.juntadeandalucia.es\/iesboliches\/expedicion-de-titulos\/","title":{"rendered":"Expedici\u00f3n de t\u00edtulos"},"content":{"rendered":"<p>[et_pb_section fb_built=&#8221;1&#8243; _builder_version=&#8221;4.16&#8243; _module_preset=&#8221;default&#8221; global_colors_info=&#8221;{}&#8221;][et_pb_row column_structure=&#8221;3_4,1_4&#8243; _builder_version=&#8221;4.16&#8243; _module_preset=&#8221;default&#8221; global_colors_info=&#8221;{}&#8221;][et_pb_column type=&#8221;3_4&#8243; _builder_version=&#8221;4.16&#8243; _module_preset=&#8221;default&#8221; global_colors_info=&#8221;{}&#8221;][et_pb_text _builder_version=&#8221;4.24.2&#8243; _module_preset=&#8221;default&#8221; hover_enabled=&#8221;0&#8243; global_colors_info=&#8221;{}&#8221; sticky_enabled=&#8221;0&#8243;]<\/p>\n<h1>Expedici\u00f3n de T\u00edtulos<\/h1>\n<p>&nbsp;<\/p>\n<p><b>NORMATIVA DE REFERENCIA: <a href=\"http:\/\/iesboliches.org\/principal\/01_centro\/08_secretaria\/Orden%2021-05-96%20titulos.pdf\" target=\"_blank\" rel=\"noopener noreferrer\">ORDEN de 21 de mayo de 1996<\/a><\/b>, por la que se regulan el procedimiento de expedici\u00f3n y la organizaci\u00f3n y funcionamiento del Registro de los t\u00edtulos acad\u00e9micos y profesionales correspondientes a las ense\u00f1anzas establecidas por la Ley Org\u00e1nica 1\/1990, de 3 de octubre, de Ordenaci\u00f3n General del Sistema Educativo. BOJA 13\/06\/96.<\/p>\n<p><strong>Nota:<\/strong> Los T\u00edtulos suelen tardar en llegar unos <strong>tres o cuatro<\/strong> a\u00f1os desde que acabas. Deber\u00e1s pasarte por el Instituto para recogerlo.<\/p>\n<p>&#8211; Si necesito mi T\u00edtulo y a\u00fan no ha llegado, \u00bfQu\u00e9 puedo hacer?<br \/>Solicita en nuestra Secretar\u00eda un certificado, \u00e9ste tendr\u00e1 la misma validez que el documento del T\u00edtulo. Para el T\u00edtulo de Bachiller o de Ciclos Fornativos suele valer el justificante de pago de tasas (modelo 046)\u200b_<\/p>\n<p>&#8211; No termin\u00e9 mis estudios de E.S.O., \u00bfme dar\u00e1n alg\u00fan documento?<br \/>Igualmente, cualquier d\u00eda, en horario de Secretar\u00eda puedes venir a recoger un certificado expedido por el Centro.<\/p>\n<h2>&nbsp;<\/h2>\n<h4>T\u00cdTULOS DE GRADUADO EN EDUCACI\u00d3N SECUNDARIA (E.S.O.)<\/h4>\n<p>Los T\u00edtulos de Graduado en Educaci\u00f3n Secundaria (E.S.O.) <u>no est\u00e1n sujetos a pagos de tasas<\/u>, adem\u00e1s <u>no hace falta solicitar su expedici\u00f3n<\/u> ya que se tramitan de oficio y, por tanto, no tienes que rellenar ninguna solicitud.<\/p>\n<h2>&nbsp;<\/h2>\n<h4>T\u00cdTULOS DE BACHILLER, CICLOS FORMATIVOS MEDIOS Y SUPERIORES.<\/h4>\n<p>Los alumnos\/as que hayan aprobado 2\u00ba de Bachillerato y no tengan asignaturas pendientes de 1\u00ba, y los que hayan superado todos los m\u00f3dulos de los Ciclos Formativos de Grado Medio (Comercio y Gesti\u00f3n Administrativa) o de Grado Superior (Administraci\u00f3n y Finanzas), deben tramitar la expedici\u00f3n del T\u00edtulo.<\/p>\n<p>Para tramitar el T\u00edtulo, los alumnos\/as tendr\u00e1n que abonar las tasas correspondientes <strong> (<u>modelo 046<\/u>)<\/strong> de forma telem\u00e1tica o en cualquier Banco, Caja de Ahorros o Cooperativa de Cr\u00e9dito de las que act\u00faan como entidades colaboradoras en la recaudaci\u00f3n tributaria (<a href=\"https:\/\/www.juntadeandalucia.es\/economiayhacienda\/apl\/surweb\/consultas\/entidadesColaboradoras\/index.jsp\" target=\"_blank\" rel=\"noopener noreferrer\">Aqu\u00ed tienes la lista de entidades colaboradoras)<\/a><\/p>\n<p>Una vez efectuado el ingreso, presentar\u00e1n en la Secretar\u00eda del Instituto:<\/p>\n<ul>\n<li>El &#8220;Ejemplar para el Interesado&#8221; y el &#8220;Ejemplar para la Administraci\u00f3n&#8221; del<strong> modelo 046<\/strong> con la firma digital del pago telem\u00e1tico o en su caso sellados por el Banco o Caja de Ahorros.<\/li>\n<li>Fotocopia del DNI por ambas caras.<\/li>\n<li>Fotocopia, si procede, del Libro de Familia Numerosa actualizado y el original del mismo. (p\u00e1gina donde se encuentran los datos del alumno)<\/li>\n<\/ul>\n<table class=\"table\">\n<tbody>\n<tr>\n<td colspan=\"4\">\n<p class=\"text-center text-warning\"><strong>Tasas A\u00f1o 2025<\/strong><\/p>\n<\/td>\n<\/tr>\n<tr>\n<td>&nbsp;<\/td>\n<td>Tarifa Normal<\/td>\n<td>Familia Numerosa<br \/>Categor\u00eda General<\/td>\n<td>Familia Numerosa<br \/>Categor\u00eda Especial<\/td>\n<\/tr>\n<tr>\n<td>Bachillerato<\/td>\n<td>57,19 \u20ac<\/td>\n<td>28,60 \u20ac<\/td>\n<td>EXENTO\/A<\/td>\n<\/tr>\n<tr>\n<td>Ciclo Formativo de Grado Medio<\/td>\n<td>23.29 \u20ac<\/td>\n<td>11.64 \u20ac<\/td>\n<td>EXENTO\/A<\/td>\n<\/tr>\n<tr>\n<td>Ciclo Formativo de Grado Superior<\/td>\n<td>57,19 \u20ac<\/td>\n<td>28,60 \u20ac<\/td>\n<td>EXENTO\/A<\/td>\n<\/tr>\n<\/tbody>\n<\/table>\n<p><a href=\"http:\/\/www.juntadeandalucia.es\/educacion\/portals\/web\/ced\/tasas\" target=\"_blank\" rel=\"noopener noreferrer\">Ver informaci\u00f3n sobre las tasas <\/a><\/p>\n<p>Nota: El <strong><em>carn\u00e9 de Familia Numerosa <\/em><\/strong>tiene que estar <strong><em>actualizado<\/em><\/strong>.<\/p>\n<p><strong>Est\u00e1n exentos\/as del pago de estas tasas<\/strong>:<\/p>\n<p>a) El alumnado miembro de familias numerosas de la categor\u00eda especial.<br \/>b) El alumnado que, como consecuencia de actos terroristas, haya sufrido da\u00f1os personales que sean de especial trascendencia, o que lo inhabiliten para el ejercicio de su profesi\u00f3n habitual, o cuyos familiares hasta segundo grado de consanguinidad, tutores o guardadores, hayan sufrido dichos da\u00f1os.<br \/>c) Las v\u00edctimas de violencia de g\u00e9nero, dom\u00e9stica o de ambas. A estos efectos, tendr\u00e1n la consideraci\u00f3n de v\u00edctima de violencia dom\u00e9stica las personas a que se refiere el art\u00edculo 173.2 de la Ley Org\u00e1nica 10\/1995, de 23 de noviembre, del C\u00f3digo Penal, que cuenten con orden de protecci\u00f3n en vigor e inscrita en el Registro Central para la Protecci\u00f3n de las V\u00edctimas de la Violencia Dom\u00e9stica, o con sentencia judicial firme por tal motivo en los \u00faltimos diez a\u00f1os.<br \/>d) Las personas con discapacidad, en un grado igual o superior al 33%.<br \/>e) Las personas beneficiarias de la prestaci\u00f3n del ingreso m\u00ednimo vital a quienes se reconozca dicha condici\u00f3n de conformidad con lo dispuesto en la Ley 19\/2021, de 20 de diciembre, por la que se establece el ingreso m\u00ednimo vital, o norma que la sustituya, las beneficiarias de la Renta M\u00ednima de Inserci\u00f3n Social en Andaluc\u00eda, a quienes se reconozca dicha condici\u00f3n de acuerdo con lo dispuesto en el Decreto-ley 3\/2017, de 19 de diciembre, por el que se regula la Renta M\u00ednima de Inserci\u00f3n Social en Andaluc\u00eda, o norma que lo sustituya, o las beneficiarias de ambas prestaciones.<\/p>\n<p>Tendr\u00e1 derecho a una bonificaci\u00f3n del 50% el alumnado miembro de familias numerosas de la categor\u00eda general que tenga reconocida su condici\u00f3n, siempre que quede acreditado de conformidad con la normativa aplicable.<\/p>\n<p>Las condiciones exigidas en los apartados anteriores deber\u00e1n concurrir a la fecha del devengo de la tasa. La presentaci\u00f3n de la solicitud conllevar\u00e1 la autorizaci\u00f3n al \u00f3rgano gestor para que pueda recabar dicha informaci\u00f3n.<\/p>\n<hr>\n<h4>MODEL0 046<\/h4>\n<p><img loading=\"lazy\" decoding=\"async\" class=\"wp-image-1588 size-full alignleft\" src=\"https:\/\/blogsaverroes.juntadeandalucia.es\/iesboliches\/files\/2022\/12\/modelo046.gif\" alt=\"\" width=\"96\" height=\"75\"><\/p>\n<p>Este formulario se puede rellenar \u00fanicamente v\u00eda web. A continuaci\u00f3n te damos instrucciones para cumplimentarlo y realizar el pago.<\/p>\n<h4>&nbsp;<\/h4>\n<div class=\"col-md-3\">&nbsp;<\/div>\n<p>[\/et_pb_text][et_pb_toggle title=&#8221;Pasos para rellenar el Modelo 046&#8243; open_toggle_text_color=&#8221;#3a6010&#8243; open_toggle_background_color=&#8221;rgba(188,232,255,0.16)&#8221; closed_toggle_text_color=&#8221;#033e75&#8243; closed_toggle_background_color=&#8221;#dddddd&#8221; icon_color=&#8221;#0C71C3&#8243; toggle_icon=&#8221;&#x3f;||divi||400&#8243; use_icon_font_size=&#8221;on&#8221; open_icon_color=&#8221;#0C71C3&#8243; open_toggle_icon=&#8221;&#x3e;||divi||400&#8243; open_use_icon_font_size=&#8221;on&#8221; _builder_version=&#8221;4.24.2&#8243; _module_preset=&#8221;default&#8221; global_colors_info=&#8221;{}&#8221;]<\/p>\n<h4>&nbsp;<\/h4>\n<h4 class=\"text-danger\">Documento de autoliquidaci\u00f3n 046 v\u00eda WEB<\/h4>\n<p>En el siguiente enlace, puedes rellenar e imprimir el documento para el abono de las tasas. Podr\u00e1s pagarlo telem\u00e1ticamente.<\/p>\n<p><a href=\"http:\/\/www.juntadeandalucia.es\/economiayhacienda\/apl\/surweb\/modelos\/modelo046\/046.jsp\" target=\"_blank\" rel=\"noopener noreferrer\">Modelo 046 \u2013 Tasas para solicitud de t\u00edtulo.<\/a><\/p>\n<p><strong>1. Obligado al Pago<\/strong>: \u00c9se eres t\u00fa. Cumplimenta todos tus datos.<\/p>\n<p><img loading=\"lazy\" decoding=\"async\" class=\"alignnone wp-image-1608 size-full\" src=\"https:\/\/blogsaverroes.juntadeandalucia.es\/iesboliches\/files\/2022\/12\/mod046_1.jpg\" alt=\"\" width=\"740\" height=\"423\" srcset=\"https:\/\/blogsaverroes.juntadeandalucia.es\/iesboliches\/files\/2022\/12\/mod046_1.jpg 740w, https:\/\/blogsaverroes.juntadeandalucia.es\/iesboliches\/files\/2022\/12\/mod046_1-480x274.jpg 480w\" sizes=\"(min-width: 0px) and (max-width: 480px) 480px, (min-width: 481px) 740px, 100vw\" \/><\/p>\n<p><strong>2. Datos Generales:<\/strong><\/p>\n<p><img loading=\"lazy\" decoding=\"async\" class=\"alignnone wp-image-1607 size-full\" src=\"https:\/\/blogsaverroes.juntadeandalucia.es\/iesboliches\/files\/2022\/12\/mod046_2.jpg\" alt=\"\" width=\"869\" height=\"255\" srcset=\"https:\/\/blogsaverroes.juntadeandalucia.es\/iesboliches\/files\/2022\/12\/mod046_2.jpg 869w, https:\/\/blogsaverroes.juntadeandalucia.es\/iesboliches\/files\/2022\/12\/mod046_2-480x141.jpg 480w\" sizes=\"(min-width: 0px) and (max-width: 480px) 480px, (min-width: 481px) 869px, 100vw\" \/><\/p>\n<p><img loading=\"lazy\" decoding=\"async\" class=\"alignnone wp-image-1606 \" src=\"https:\/\/blogsaverroes.juntadeandalucia.es\/iesboliches\/files\/2022\/12\/mod046_3.jpg\" alt=\"\" width=\"598\" height=\"176\" srcset=\"https:\/\/blogsaverroes.juntadeandalucia.es\/iesboliches\/files\/2022\/12\/mod046_3.jpg 364w, https:\/\/blogsaverroes.juntadeandalucia.es\/iesboliches\/files\/2022\/12\/mod046_3-300x88.jpg 300w\" sizes=\"(max-width: 598px) 100vw, 598px\" \/><\/p>\n<ul>\n<li>Marca \u201c<strong>Autoliquidaci\u00f3n<\/strong>\u201c.<\/li>\n<li>En el siguiente cuadro de texto, escribe: \u201c<strong>Expedici\u00f3n T\u00edtulo de<\/strong>\u201d y el tipo de t\u00edtulo y su modalidad correspondiente.<\/li>\n<li><strong>Fecha de devengo<\/strong>: pon la fecha actual, la del d\u00eda que lo rellenes.<\/li>\n<li><strong>Precio<\/strong>: pon el precio correspondiente. Usa la coma (<strong>,<\/strong>) como separador decimal. Procura no equivocarte, arreglarlo despu\u00e9s de pagarlo es complicado.<\/li>\n<li><strong>C\u00f3digo Territorial<\/strong>: Escribe&nbsp;<strong>ED29C9<\/strong>, dale al&nbsp;<strong>Tabulador<\/strong>&nbsp;y en Denominaci\u00f3n debe aparecer: \u201c<strong>I.E.S. Los Boliches<\/strong>\u201c.<\/li>\n<li><strong>Concepto de pago<\/strong>: Escribe&nbsp;<strong>0049<\/strong>, dale al&nbsp;<strong>Tabulador<\/strong>&nbsp;y en Denominaci\u00f3n debe aparecer: \u201c<strong>Exp. T\u00edtulos Acad\u00e9micos y Prof.<\/strong>\u201c<\/li>\n<\/ul>\n<p>Una vez relleno, pulsa el bot\u00f3n&nbsp;<strong>VALIDAR<\/strong>&nbsp;(arriba a la derecha).<\/p>\n<p><img loading=\"lazy\" decoding=\"async\" class=\"alignnone wp-image-1605 size-full\" src=\"https:\/\/blogsaverroes.juntadeandalucia.es\/iesboliches\/files\/2022\/12\/mod046_4.jpg\" alt=\"\" width=\"774\" height=\"162\" srcset=\"https:\/\/blogsaverroes.juntadeandalucia.es\/iesboliches\/files\/2022\/12\/mod046_4.jpg 774w, https:\/\/blogsaverroes.juntadeandalucia.es\/iesboliches\/files\/2022\/12\/mod046_4-480x100.jpg 480w\" sizes=\"(min-width: 0px) and (max-width: 480px) 480px, (min-width: 481px) 774px, 100vw\" \/><\/p>\n<p>S\u00f3lo te queda darle al bot\u00f3n \u201c<strong>Imprimir<\/strong>\u201c,&nbsp;FIRMARLO&nbsp;y pagarlo en cualquier banco de esta&nbsp;<a href=\"http:\/\/www.juntadeandalucia.es\/agenciatributariadeandalucia\/ov\/marcos\/entidades_credito_y_ahorro.htm\" target=\"_blank\" rel=\"noopener noreferrer\">lista de entidades colaboradoras<\/a>. Est\u00e1n los bancos m\u00e1s comunes.<\/p>\n<p><img loading=\"lazy\" decoding=\"async\" class=\"alignnone wp-image-1604 size-full\" src=\"https:\/\/blogsaverroes.juntadeandalucia.es\/iesboliches\/files\/2022\/12\/mod046_5.jpg\" alt=\"\" width=\"817\" height=\"195\" srcset=\"https:\/\/blogsaverroes.juntadeandalucia.es\/iesboliches\/files\/2022\/12\/mod046_5.jpg 817w, https:\/\/blogsaverroes.juntadeandalucia.es\/iesboliches\/files\/2022\/12\/mod046_5-480x115.jpg 480w\" sizes=\"(min-width: 0px) and (max-width: 480px) 480px, (min-width: 481px) 817px, 100vw\" \/><\/p>\n<p>Si tienes&nbsp;<strong>Certificado Digital<\/strong>, puedes usar la opci\u00f3n \u201c<strong>Pago Telem\u00e1tico<\/strong>\u201c, en este caso, tras realizar el proceso de pago, podr\u00e1s imprimir la carta de pago diligenciada.<\/p>\n<p>&nbsp;<\/p>\n<p>Puedes obtener m\u00e1s informaci\u00f3n en la siguiente p\u00e1gina:<\/p>\n<p class=\"parrafo\">&#8211;&nbsp;<a href=\"http:\/\/www.juntadeandalucia.es\/economiayhacienda\/ov\/tributos\/modelos\/instrucciones\/inst046.htm\" target=\"_blank\" rel=\"noopener noreferrer\">Informaci\u00f3n sobre el modelo 046<\/a><\/p>\n<p>[\/et_pb_toggle][\/et_pb_column][et_pb_column type=&#8221;1_4&#8243; _builder_version=&#8221;4.16&#8243; _module_preset=&#8221;default&#8221; global_colors_info=&#8221;{}&#8221;][et_pb_sidebar _builder_version=&#8221;4.16&#8243; _module_preset=&#8221;default&#8221; global_colors_info=&#8221;{}&#8221;][\/et_pb_sidebar][\/et_pb_column][\/et_pb_row][\/et_pb_section]<\/p>\n","protected":false},"excerpt":{"rendered":"<p>Expedici\u00f3n de T\u00edtulos &nbsp; NORMATIVA DE REFERENCIA: ORDEN de 21 de mayo de 1996, por la que se regulan el procedimiento de expedici\u00f3n y la organizaci\u00f3n y funcionamiento del Registro de los t\u00edtulos acad\u00e9micos y profesionales correspondientes a las ense\u00f1anzas establecidas por la Ley Org\u00e1nica 1\/1990, de 3 de octubre, de Ordenaci\u00f3n General del Sistema [&hellip;]<\/p>\n","protected":false},"author":5370,"featured_media":0,"parent":0,"menu_order":0,"comment_status":"closed","ping_status":"closed","template":"","meta":{"_et_pb_use_builder":"on","_et_pb_old_content":"","_et_gb_content_width":"","ngg_post_thumbnail":0,"footnotes":""},"aioseo_notices":[],"_links":{"self":[{"href":"https:\/\/blogsaverroes.juntadeandalucia.es\/iesboliches\/wp-json\/wp\/v2\/pages\/1584"}],"collection":[{"href":"https:\/\/blogsaverroes.juntadeandalucia.es\/iesboliches\/wp-json\/wp\/v2\/pages"}],"about":[{"href":"https:\/\/blogsaverroes.juntadeandalucia.es\/iesboliches\/wp-json\/wp\/v2\/types\/page"}],"author":[{"embeddable":true,"href":"https:\/\/blogsaverroes.juntadeandalucia.es\/iesboliches\/wp-json\/wp\/v2\/users\/5370"}],"replies":[{"embeddable":true,"href":"https:\/\/blogsaverroes.juntadeandalucia.es\/iesboliches\/wp-json\/wp\/v2\/comments?post=1584"}],"version-history":[{"count":19,"href":"https:\/\/blogsaverroes.juntadeandalucia.es\/iesboliches\/wp-json\/wp\/v2\/pages\/1584\/revisions"}],"predecessor-version":[{"id":3805,"href":"https:\/\/blogsaverroes.juntadeandalucia.es\/iesboliches\/wp-json\/wp\/v2\/pages\/1584\/revisions\/3805"}],"wp:attachment":[{"href":"https:\/\/blogsaverroes.juntadeandalucia.es\/iesboliches\/wp-json\/wp\/v2\/media?parent=1584"}],"curies":[{"name":"wp","href":"https:\/\/api.w.org\/{rel}","templated":true}]}}