{"id":1616,"date":"2022-12-11T10:38:27","date_gmt":"2022-12-11T09:38:27","guid":{"rendered":"https:\/\/blogsaverroes.juntadeandalucia.es\/iesboliches\/?page_id=1616"},"modified":"2024-04-24T08:12:05","modified_gmt":"2024-04-24T07:12:05","slug":"matricula-pevau","status":"publish","type":"page","link":"https:\/\/blogsaverroes.juntadeandalucia.es\/iesboliches\/matricula-pevau\/","title":{"rendered":"Matr\u00edcula PEvAU"},"content":{"rendered":"<p>[et_pb_section fb_built=&#8221;1&#8243; _builder_version=&#8221;4.16&#8243; _module_preset=&#8221;default&#8221; global_colors_info=&#8221;{}&#8221;][et_pb_row column_structure=&#8221;3_4,1_4&#8243; _builder_version=&#8221;4.16&#8243; _module_preset=&#8221;default&#8221; global_colors_info=&#8221;{}&#8221;][et_pb_column type=&#8221;3_4&#8243; _builder_version=&#8221;4.16&#8243; _module_preset=&#8221;default&#8221; global_colors_info=&#8221;{}&#8221;][et_pb_text _builder_version=&#8221;4.24.2&#8243; _module_preset=&#8221;default&#8221; hover_enabled=&#8221;0&#8243; global_colors_info=&#8221;{}&#8221; sticky_enabled=&#8221;0&#8243;]<\/p>\n<h1>Inscripci\u00f3n en la PEvAU. Plazos de liquidaci\u00f3n de tasas<\/h1>\n<div class=\"blockContainer blocks False\">&nbsp;<\/div>\n<p><strong>Consta de dos procedimientos:<\/strong><\/p>\n<p><strong>1) INSCRIPCI\u00d3N<\/strong><\/p>\n<p>Se realizar\u00e1 en el <strong>centro en el que hayan realizado sus \u00faltimos estudios<\/strong>, para cada una de las convocatorias en las que desee presentarse tanto si se presentan por primera vez como si se presenta en posteriores convocatorias.<\/p>\n<ul>\n<li>Impreso de inscripci\u00f3n (<a href=\"https:\/\/www.uma.es\/acceso\/navegador_de_ficheros\/Documentos-pruebas-de-acceso\/descargar\/PEVAU%202024\/IMPRESO%20PEVAU_2024.pdf\" target=\"_blank\" rel=\"noopener noreferrer\">pinche aqu\u00ed<\/a>).<\/li>\n<li>Fecha de inscripci\u00f3n: indicada por el centro. En todo caso, deber\u00e1 estar inscrito en las siguientes fechas como m\u00e1ximo:<\/li>\n<\/ul>\n<p>Convocatoria Ordinaria: <strong>27 de mayo de 2024.<\/strong><\/p>\n<p>Convocatoria Extraordinaria: <strong>24 de junio de 2024.<\/strong><\/p>\n<div class='et-box et-shadow'>\n\t\t\t\t\t<div class='et-box-content'><h5>Recuerda: El plazo l\u00edmite de entrega en el Centro de la matriculaci\u00f3n finaliza el 27 de mayo para la convocatoria ordinaria y el 24 de junio para la extraordinaria<\/h5><\/div><\/div>\n<p><strong>2) PAGO TELEM\u00c1TICO<\/strong><\/p>\n<p>Se realizar\u00e1 a trav\u00e9s de la plataforma<strong> <a href=\"https:\/\/eva.uma.es\" target=\"_blank\" rel=\"noopener noreferrer\">https:\/\/eva.uma.es<\/a> <\/strong>con<strong> PIN UMA <\/strong>enviado por SMS en las siguientes fechas:<strong><br \/><\/strong><\/p>\n<p>Convocatoria Ordinaria: desde<strong> 28 de mayo de 2024 <\/strong>(no antes de las 15:00 horas) hasta el <strong>31 de mayo de 2024 a las 12:00<\/strong><\/p>\n<p>Convocatoria Extraordinaria: <strong>25 de julno de 2024<\/strong>&nbsp;(no antes de las 15:00 horas) hasta el <strong>&nbsp;28 de junio de 2024 a las 12:00<\/strong><\/p>\n<p>a) <strong>Si no recibe PIN UMA<\/strong>, durante el d\u00eda 28 de mayo compruebe su tel\u00e9fono m\u00f3vil y correo electr\u00f3nico y, caso de error, <strong>contacte con su centro para subsanar<\/strong> el error. Posteriormente debe solicitar de forma manual nuevo PIN en <strong><a href=\"https:\/\/eva.uma.es\" target=\"_blank\" rel=\"noopener noreferrer\">https:\/\/eva.uma.es<\/a><\/strong>, ya que no se remitir\u00e1 autom\u00e1ticamente.<\/p>\n<p>b) Plazo de pago tel\u00e9matico: Gu\u00eda de pago (pinche aqu\u00ed)<\/p>\n<p>Convocatoria Ordinaria: <strong>Del 28 al 31 de mayo de 2024<\/strong>&nbsp;(hasta las 12:00 horas)<\/p>\n<p>Convocatoria Extraordinaria: <strong>Del 25 al 28 de junio de 2024<\/strong>&nbsp;(hasta el 12:00 horas)<\/p>\n<p>c) Los <strong>beneficiarios<\/strong> de alg\u00fan tipo <strong>de exenci\u00f3n o bonificaci\u00f3n<\/strong> en el pago de las tasas, tambi\u00e9n deben acceder a la plataforma y adjuntar el justificante de la misma. Posteriormente, podr\u00e1n verificar la validaci\u00f3n de su exenci\u00f3n.&nbsp;Si no realiza el pago en los t\u00e9rminos establecidos, no tendr\u00e1 derecho a realizar la prueba.<\/p>\n<p><strong>VERIFIQUE QUE LAS MATERIAS INSCRITAS<\/strong> en la plataforma <strong>COINCIDEN<\/strong> con las que constan en el impreso de inscripci\u00f3n. Si detecta alguna <strong>DISCREPANCIA<\/strong> entre las materias del impreso y las de la platafora, <strong>NO<\/strong> efect\u00fae el pago y escriba un correo a <a href=\"mailto:pruebas-acceso@uma.es\">pruebas-acceso@uma.es<\/a>.<\/p>\n<p>NO SE ADMITIR\u00c1N MODIFICACIONES DE NING\u00daN TIPO EN LA SOLICITUD DE INSCRIPCI\u00d3N. LAS MATERIAS CONTENIDAS EN DICHA INSCRIPCI\u00d3N SER\u00c1N LAS QUE DEN DERECHO A EXAMEN.<\/p>\n<p><em><strong>NOTA<\/strong>: Es responsabilidad de los solicitantes el cumplimiento en forma y plazo de los procedimientos de inscripci\u00f3n y abono de tasas. Aquellos que no realicen la inscripci\u00f3n y la liquidaci\u00f3n de precios p\u00fablicos en los plazos establecidos, no tendr\u00e1n acceso a la sede para realizar el examen.<\/em><\/p>\n<h3>&nbsp;<\/h3>\n<h3><span style=\"font-size: 18px\">D\u00cdA DE LA PRUEBA<\/span><\/h3>\n<p>El primer d\u00eda de la prueba debes presentar:<\/p>\n<ol>\n<li>DNI o pasaporte (documentaci\u00f3n personal).<\/li>\n<li>Impreso de matr\u00edcula, que pone \u201cejemplar para el Servicio de Acceso\u201d, sellado por centro o con la firma electr\u00f3nica del responsable del centro.<\/li>\n<li><strong>No habr\u00e1 que aportar documentaci\u00f3n justificativa del pago en la prueba<\/strong>. El sistema ya tiene recogida esa informaci\u00f3n al efectuarse el abono de las tasas, aunque es recomendable que se lleve, caso de haberse producido alguna incidencia no detectada durante el pago telem\u00e1tico.<\/li>\n<\/ol>\n<h4>&nbsp;<\/h4>\n<h4>CONSULTA Y DESCARGA DE LAS CALIFICACIONES<\/h4>\n<p>A trav\u00e9s de la aplicaci\u00f3n web \u201cEVA\u201d de la Universidad de M\u00e1laga <a href=\"http:\/\/eva.uma.es\" target=\"_BLANK\" rel=\"noopener noreferrer\">http:\/\/eva.uma.es<\/a>.<\/p>\n<hr>\n<h4>&nbsp;<\/h4>\n<div class='et-box et-shadow'>\n\t\t\t\t\t<div class='et-box-content'><h4>Para mas informaci\u00f3n <a href=\"https:\/\/blogsaverroes.juntadeandalucia.es\/iesboliches\/pevau\/\">PULSA AQU\u00cd<\/a><\/h4><\/div><\/div>\n<h4>&nbsp;<\/h4>\n<p>[\/et_pb_text][\/et_pb_column][et_pb_column type=&#8221;1_4&#8243; _builder_version=&#8221;4.16&#8243; _module_preset=&#8221;default&#8221; global_colors_info=&#8221;{}&#8221;][et_pb_sidebar _builder_version=&#8221;4.16&#8243; _module_preset=&#8221;default&#8221; global_colors_info=&#8221;{}&#8221;][\/et_pb_sidebar][\/et_pb_column][\/et_pb_row][\/et_pb_section]<\/p>\n","protected":false},"excerpt":{"rendered":"<p>Inscripci\u00f3n en la PEvAU. Plazos de liquidaci\u00f3n de tasas &nbsp; Consta de dos procedimientos: 1) INSCRIPCI\u00d3N Se realizar\u00e1 en el centro en el que hayan realizado sus \u00faltimos estudios, para cada una de las convocatorias en las que desee presentarse tanto si se presentan por primera vez como si se presenta en posteriores convocatorias. Impreso [&hellip;]<\/p>\n","protected":false},"author":5370,"featured_media":0,"parent":0,"menu_order":0,"comment_status":"closed","ping_status":"closed","template":"","meta":{"_et_pb_use_builder":"on","_et_pb_old_content":"","_et_gb_content_width":"","ngg_post_thumbnail":0,"footnotes":""},"aioseo_notices":[],"_links":{"self":[{"href":"https:\/\/blogsaverroes.juntadeandalucia.es\/iesboliches\/wp-json\/wp\/v2\/pages\/1616"}],"collection":[{"href":"https:\/\/blogsaverroes.juntadeandalucia.es\/iesboliches\/wp-json\/wp\/v2\/pages"}],"about":[{"href":"https:\/\/blogsaverroes.juntadeandalucia.es\/iesboliches\/wp-json\/wp\/v2\/types\/page"}],"author":[{"embeddable":true,"href":"https:\/\/blogsaverroes.juntadeandalucia.es\/iesboliches\/wp-json\/wp\/v2\/users\/5370"}],"replies":[{"embeddable":true,"href":"https:\/\/blogsaverroes.juntadeandalucia.es\/iesboliches\/wp-json\/wp\/v2\/comments?post=1616"}],"version-history":[{"count":10,"href":"https:\/\/blogsaverroes.juntadeandalucia.es\/iesboliches\/wp-json\/wp\/v2\/pages\/1616\/revisions"}],"predecessor-version":[{"id":2786,"href":"https:\/\/blogsaverroes.juntadeandalucia.es\/iesboliches\/wp-json\/wp\/v2\/pages\/1616\/revisions\/2786"}],"wp:attachment":[{"href":"https:\/\/blogsaverroes.juntadeandalucia.es\/iesboliches\/wp-json\/wp\/v2\/media?parent=1616"}],"curies":[{"name":"wp","href":"https:\/\/api.w.org\/{rel}","templated":true}]}}