{"id":1866,"date":"2022-12-12T09:38:28","date_gmt":"2022-12-12T08:38:28","guid":{"rendered":"https:\/\/blogsaverroes.juntadeandalucia.es\/iesboliches\/?page_id=1866"},"modified":"2024-11-20T20:02:27","modified_gmt":"2024-11-20T19:02:27","slug":"profesorado-del-curso-2022-23","status":"publish","type":"page","link":"https:\/\/blogsaverroes.juntadeandalucia.es\/iesboliches\/profesorado-del-curso-2022-23\/","title":{"rendered":"Profesorado del Curso 2024\/25"},"content":{"rendered":"<table border=\"0\" cellspacing=\"0\">\n<colgroup width=\"252\"><\/colgroup>\n<colgroup width=\"284\"><\/colgroup>\n<tbody>\n<tr>\n<td align=\"left\" bgcolor=\"#CCCCCC\" height=\"17\"><b>Empleado\/a<\/b><\/td>\n<td align=\"left\" bgcolor=\"#CCCCCC\"><b>Puesto<\/b><\/td>\n<\/tr>\n<tr>\n<td align=\"left\" height=\"17\">Alarc\u00f3n Garc\u00eda, Ana Isabel<\/td>\n<td align=\"left\">Ingl\u00e9s P.E.S.<\/td>\n<\/tr>\n<tr>\n<td align=\"left\" height=\"17\">Alvarado Cillero, Fernando<\/td>\n<td align=\"left\">Tecnolog\u00eda P.E.S.<\/td>\n<\/tr>\n<tr>\n<td align=\"left\" height=\"17\">Bacha Belghanou, Soraya<\/td>\n<td align=\"left\">Lab. Rel. Isl\u00e1mica Sec. (05 Horas)<\/td>\n<\/tr>\n<tr>\n<td align=\"left\" height=\"17\">Bautista Ortiz, Leticia Ana<\/td>\n<td align=\"left\">Proc. Gesti\u00f3n Administrativa<\/td>\n<\/tr>\n<tr>\n<td align=\"left\" height=\"17\">Caballero Mar\u00edn, Julia<\/td>\n<td align=\"left\">Ingl\u00e9s P.E.S.<\/td>\n<\/tr>\n<tr>\n<td align=\"left\" height=\"17\">Carreras Carmona, Carmen Mar\u00eda<\/td>\n<td align=\"left\">Ingl\u00e9s P.E.S.<\/td>\n<\/tr>\n<tr>\n<td align=\"left\" height=\"17\">Casta\u00f1o Chac\u00f3n, Alejandro Alfonso<\/td>\n<td align=\"left\">Administraci\u00f3n de Empresas P.E.S.<\/td>\n<\/tr>\n<tr>\n<td align=\"left\" height=\"17\">Cherino Navarro, Silvia<\/td>\n<td align=\"left\">Orientaci\u00f3n Educativa P.E.S.<\/td>\n<\/tr>\n<tr>\n<td align=\"left\" height=\"17\">Codes Moreno, Isabel<\/td>\n<td align=\"left\">Biolog\u00eda y Geolog\u00eda P.E.S.<\/td>\n<\/tr>\n<tr>\n<td align=\"left\" height=\"17\">Colomo Vill\u00e9n, Antonio Jos\u00e9<\/td>\n<td align=\"left\">Lengua Castellana y Literatura P.E.S.<\/td>\n<\/tr>\n<tr>\n<td align=\"left\" height=\"17\">Concheso Miranda, Maximiliano<\/td>\n<td align=\"left\">Geograf\u00eda e Historia P.E.S.<\/td>\n<\/tr>\n<tr>\n<td align=\"left\" height=\"17\">Cort\u00e9s Mart\u00edn, Mar\u00eda Esperanza<\/td>\n<td align=\"left\">Biolog\u00eda y Geolog\u00eda P.E.S.<\/td>\n<\/tr>\n<tr>\n<td align=\"left\" height=\"17\">Cosano Cabello, Alberto Manuel<\/td>\n<td align=\"left\">Ingl\u00e9s P.E.S.<\/td>\n<\/tr>\n<tr>\n<td align=\"left\" height=\"17\">De la Blanca Quesada, Gabriela<\/td>\n<td align=\"left\">Proc. Gesti\u00f3n Administrativa<\/td>\n<\/tr>\n<tr>\n<td align=\"left\" height=\"17\">D\u00edaz Rodr\u00edguez, Mar\u00eda Jos\u00e9<\/td>\n<td align=\"left\">Ingl\u00e9s P.E.S.<\/td>\n<\/tr>\n<tr>\n<td align=\"left\" height=\"17\">D\u00edaz Tendero, Rafael<\/td>\n<td align=\"left\">Econom\u00eda P.E.S.<\/td>\n<\/tr>\n<tr>\n<td align=\"left\" height=\"17\">D\u00edaz Tor\u00e9, Cristina<\/td>\n<td align=\"left\">Dibujo P.E.S.<\/td>\n<\/tr>\n<tr>\n<td align=\"left\" height=\"17\">Est\u00e9vez Iglesias, Jos\u00e9<\/td>\n<td align=\"left\">Franc\u00e9s P.E.S.<\/td>\n<\/tr>\n<tr>\n<td align=\"left\" height=\"17\">Fern\u00e1ndez Castro, Mar\u00eda Sandra<\/td>\n<td align=\"left\">Franc\u00e9s P.E.S.<\/td>\n<\/tr>\n<tr>\n<td align=\"left\" height=\"17\">Fern\u00e1ndez de C\u00f3rdoba Ferbeuf, Jorge<\/td>\n<td align=\"left\">F\u00edsica y Qu\u00edmica P.E.S.<\/td>\n<\/tr>\n<tr>\n<td align=\"left\" height=\"17\">Fern\u00e1ndez Garc\u00eda, Miguel \u00c1ngel<\/td>\n<td align=\"left\">Geograf\u00eda e Historia P.E.S.<\/td>\n<\/tr>\n<tr>\n<td align=\"left\" height=\"17\">Font\u00e1n Vega, Claudio<\/td>\n<td align=\"left\">F\u00edsica y Qu\u00edmica P.E.S.<\/td>\n<\/tr>\n<tr>\n<td align=\"left\" height=\"17\">Fornell Mu\u00f1oz, Noelia<\/td>\n<td align=\"left\">Educaci\u00f3n F\u00edsica P.E.S.<\/td>\n<\/tr>\n<tr>\n<td align=\"left\" height=\"17\">Garc\u00eda Lomillo, Azucena<\/td>\n<td align=\"left\">Lengua Castellana y Literatura P.E.S.<\/td>\n<\/tr>\n<tr>\n<td align=\"left\" height=\"17\">Garc\u00eda Vega, Mar\u00eda<\/td>\n<td align=\"left\">Formaci\u00f3n y Orientaci\u00f3n Laboral P.E.S.<\/td>\n<\/tr>\n<tr>\n<td align=\"left\" height=\"17\">Garc\u00eda Villar, Elena<\/td>\n<td align=\"left\">Matem\u00e1ticas P.E.S.<\/td>\n<\/tr>\n<tr>\n<td align=\"left\" height=\"17\">Garc\u00eda Y\u00e9lamo, Alberto Rafael<\/td>\n<td align=\"left\">Cultura Cl\u00e1sica P.E.S.<\/td>\n<\/tr>\n<tr>\n<td align=\"left\" height=\"17\">Garrido Morales, Carmen Mar\u00eda<\/td>\n<td align=\"left\">Lengua Castellana y Literatura P.E.S.<\/td>\n<\/tr>\n<tr>\n<td align=\"left\" height=\"17\">Gibaja Delgado, Olga<\/td>\n<td align=\"left\">Lengua Castellana y Literatura P.E.S.<\/td>\n<\/tr>\n<tr>\n<td align=\"left\" height=\"17\">Gil Orts, Daniel<\/td>\n<td align=\"left\">Matem\u00e1ticas P.E.S.<\/td>\n<\/tr>\n<tr>\n<td align=\"left\" height=\"17\">Gonz\u00e1lez Sierra, Elena<\/td>\n<td align=\"left\">Inform\u00e1tica P.E.S.<\/td>\n<\/tr>\n<tr>\n<td align=\"left\" height=\"17\">Guerrero Rodr\u00edguez, Roc\u00edo<\/td>\n<td align=\"left\">Biolog\u00eda y Geolog\u00eda P.E.S.<\/td>\n<\/tr>\n<tr>\n<td align=\"left\" height=\"17\">Guzm\u00e1n De la Torre, Purificaci\u00f3n<\/td>\n<td align=\"left\">Contr. Lab. Religi\u00f3n (Sec-Ere) 08 Horas<\/td>\n<\/tr>\n<tr>\n<td align=\"left\" height=\"17\">Huertas Montes, Jos\u00e9<\/td>\n<td align=\"left\">Tecnolog\u00eda P.E.S.<\/td>\n<\/tr>\n<tr>\n<td align=\"left\" height=\"17\">Jim\u00e9nez del Pino, Francisco Jos\u00e9<\/td>\n<td align=\"left\">Matem\u00e1ticas P.E.S.<\/td>\n<\/tr>\n<tr>\n<td align=\"left\" height=\"17\">Jurado Baena, V\u00edctor<\/td>\n<td align=\"left\">Pedagog\u00eda Terapeutica Eso<\/td>\n<\/tr>\n<tr>\n<td align=\"left\" height=\"17\">Lechuga Navarrete, Mar\u00eda Teresa<\/td>\n<td align=\"left\">Proc. Gesti\u00f3n Administrativa<\/td>\n<\/tr>\n<tr>\n<td align=\"left\" height=\"17\">Le\u00f3n Ruiz, Mar\u00eda Isabel<\/td>\n<td align=\"left\">Biolog\u00eda y Geolog\u00eda P.E.S.<\/td>\n<\/tr>\n<tr>\n<td align=\"left\" height=\"17\">L\u00f3pez Pulido, Marta Mar\u00eda<\/td>\n<td align=\"left\">Lengua Castellana y Literatura P.E.S.<\/td>\n<\/tr>\n<tr>\n<td align=\"left\" height=\"17\">L\u00f3pez S\u00e1nchez, Juan Jos\u00e9<\/td>\n<td align=\"left\">Proc. Gesti\u00f3n Administrativa<\/td>\n<\/tr>\n<tr>\n<td align=\"left\" height=\"17\">L\u00f3pez Vigo, Estela Mar\u00eda<\/td>\n<td align=\"left\">Biolog\u00eda y Geolog\u00eda P.E.S.<\/td>\n<\/tr>\n<tr>\n<td align=\"left\" height=\"17\">Luque G\u00f3mez, Mar\u00eda Luisa<\/td>\n<td align=\"left\">Ingl\u00e9s P.E.S.<\/td>\n<\/tr>\n<tr>\n<td align=\"left\" height=\"17\">Mart\u00edn Jim\u00e9nez, Mois\u00e9s<\/td>\n<td align=\"left\">Procesos Comerciales<\/td>\n<\/tr>\n<tr>\n<td align=\"left\" height=\"17\">Mart\u00ednez B\u00e1ez, David<\/td>\n<td align=\"left\">Administraci\u00f3n de Empresas P.E.S.<\/td>\n<\/tr>\n<tr>\n<td align=\"left\" height=\"17\">Masa L\u00f3pez, Alejandra<\/td>\n<td align=\"left\">Matem\u00e1ticas P.E.S.<\/td>\n<\/tr>\n<tr>\n<td align=\"left\" height=\"17\">M\u00e9rida Mart\u00edn, Victoria Encarnaci\u00f3n<\/td>\n<td align=\"left\">Organizaci\u00f3n y Gesti\u00f3n Comercial P.E.S.<\/td>\n<\/tr>\n<tr>\n<td align=\"left\" height=\"17\">Mora Garc\u00eda, Jos\u00e9 Rafael<\/td>\n<td align=\"left\">Matem\u00e1ticas P.E.S.<\/td>\n<\/tr>\n<tr>\n<td align=\"left\" height=\"17\">Morales Laurenti, Guillermo<\/td>\n<td align=\"left\">Procesos Comerciales<\/td>\n<\/tr>\n<tr>\n<td align=\"left\" height=\"17\">Moreno Lorenzo, Rafaela<\/td>\n<td align=\"left\">Franc\u00e9s P.E.S.<\/td>\n<\/tr>\n<tr>\n<td align=\"left\" height=\"17\">Mosquera Mosquera, Gloria Stella<\/td>\n<td align=\"left\">Contr. Lab.Evangelic. (Sec-Ere) 06 Horas<\/td>\n<\/tr>\n<tr>\n<td align=\"left\" height=\"17\">Mu\u00f1oz Ord\u00f3\u00f1ez, Victoria Eugenia<\/td>\n<td align=\"left\">Administraci\u00f3n de Empresas P.E.S.<\/td>\n<\/tr>\n<tr>\n<td align=\"left\" height=\"17\">Mu\u00f1oz Padillo, Sergio<\/td>\n<td align=\"left\">Lengua Castellana y Literatura P.E.S.<\/td>\n<\/tr>\n<tr>\n<td align=\"left\" height=\"17\">Mu\u00f1oz P\u00e9rez, Manuel \u00c1ngel<\/td>\n<td align=\"left\">Proc. Gesti\u00f3n Administrativa<\/td>\n<\/tr>\n<tr>\n<td align=\"left\" height=\"17\">Mu\u00f1oz Rodr\u00edguez, Carmen<\/td>\n<td align=\"left\">Administraci\u00f3n de Empresas P.E.S.<\/td>\n<\/tr>\n<tr>\n<td align=\"left\" height=\"17\">Mu\u00f1oz S\u00e1nchez, Juan Miguel<\/td>\n<td align=\"left\">Ingl\u00e9s P.E.S.<\/td>\n<\/tr>\n<tr>\n<td align=\"left\" height=\"17\">Ortiz Mart\u00ednez, Lorena<\/td>\n<td align=\"left\">Procesos Comerciales<\/td>\n<\/tr>\n<tr>\n<td align=\"left\" height=\"17\">Ortiz S\u00e1nchez, Mar\u00eda del Carmen<\/td>\n<td align=\"left\">Proc. Gesti\u00f3n Administrativa<\/td>\n<\/tr>\n<tr>\n<td align=\"left\" height=\"17\">P\u00e9rez Gonz\u00e1lez, Mar\u00eda Luisa<\/td>\n<td align=\"left\">Administraci\u00f3n de Empresas P.E.S.<\/td>\n<\/tr>\n<tr>\n<td align=\"left\" height=\"17\">P\u00e9rez Moreno, Sebasti\u00e1n Javier<\/td>\n<td align=\"left\">Administraci\u00f3n de Empresas P.E.S.<\/td>\n<\/tr>\n<tr>\n<td align=\"left\" height=\"17\">Ponce Moreno, Leticia Mar\u00eda<\/td>\n<td align=\"left\">Lengua Castellana y Literatura P.E.S.<\/td>\n<\/tr>\n<tr>\n<td align=\"left\" height=\"17\">Ponce Moreno, Leticia Mar\u00eda<\/td>\n<td align=\"left\">Lengua Castellana y Literatura P.E.S.<\/td>\n<\/tr>\n<tr>\n<td align=\"left\" height=\"17\">Porcel Peralta, Alberto<\/td>\n<td align=\"left\">F\u00edsica y Qu\u00edmica P.E.S.<\/td>\n<\/tr>\n<tr>\n<td align=\"left\" height=\"17\">Quesada Jim\u00e9nez, Inmaculada<\/td>\n<td align=\"left\">Administraci\u00f3n de Empresas P.E.S.<\/td>\n<\/tr>\n<tr>\n<td align=\"left\" height=\"17\">Ramos Arenas, Pedro<\/td>\n<td align=\"left\">Educaci\u00f3n F\u00edsica P.E.S.<\/td>\n<\/tr>\n<tr>\n<td align=\"left\" height=\"17\">Rando Rodr\u00edguez, Ana Mar\u00eda<\/td>\n<td align=\"left\">Contr. Lab.Evangelic. (Sec-Ere) 06 Horas<\/td>\n<\/tr>\n<tr>\n<td align=\"left\" height=\"17\">Rodrigue ., Jean Marc<\/td>\n<td align=\"left\">Franc\u00e9s P.E.S.<\/td>\n<\/tr>\n<tr>\n<td align=\"left\" height=\"17\">Rodr\u00edguez \u00c1vila, Susana Beatriz<\/td>\n<td align=\"left\">Geograf\u00eda e Historia P.E.S.<\/td>\n<\/tr>\n<tr>\n<td align=\"left\" height=\"17\">Rodr\u00edguez Garc\u00eda, Magdalena<\/td>\n<td align=\"left\">Proc. Gesti\u00f3n Administrativa<\/td>\n<\/tr>\n<tr>\n<td align=\"left\" height=\"17\">Samper L\u00f3pez, Emma<\/td>\n<td align=\"left\">Geograf\u00eda e Historia P.E.S.<\/td>\n<\/tr>\n<tr>\n<td align=\"left\" height=\"17\">S\u00e1nchez Lara, Rafael<\/td>\n<td align=\"left\">Geograf\u00eda e Historia P.E.S.<\/td>\n<\/tr>\n<tr>\n<td align=\"left\" height=\"17\">Santaella Vergara, Nuria<\/td>\n<td align=\"left\">Ingl\u00e9s P.E.S.<\/td>\n<\/tr>\n<tr>\n<td align=\"left\" height=\"17\">Sanz Luis, Marta Isabel<\/td>\n<td align=\"left\">Filosof\u00eda P.E.S.<\/td>\n<\/tr>\n<tr>\n<td align=\"left\" height=\"17\">Segura Manzano, Alberto Abel<\/td>\n<td align=\"left\">Tecnolog\u00eda P.E.S.<\/td>\n<\/tr>\n<tr>\n<td align=\"left\" height=\"17\">Torrero Sabariego, Raquel<\/td>\n<td align=\"left\">F\u00edsica y Qu\u00edmica P.E.S.<\/td>\n<\/tr>\n<tr>\n<td align=\"left\" height=\"17\">Trazegnies Otero, Leopoldo<\/td>\n<td align=\"left\">Filosof\u00eda P.E.S.<\/td>\n<\/tr>\n<tr>\n<td align=\"left\" height=\"17\">Ure\u00f1a Segura, Francisco Jos\u00e9<\/td>\n<td align=\"left\">Proc. Gesti\u00f3n Administrativa<\/td>\n<\/tr>\n<tr>\n<td align=\"left\" height=\"17\">Varela Prados, Sara<\/td>\n<td align=\"left\">M\u00fasica P.E.S.<\/td>\n<\/tr>\n<tr>\n<td align=\"left\" height=\"17\">Villalobos Porras, Ana<\/td>\n<td align=\"left\">Organizaci\u00f3n y Gesti\u00f3n Comercial P.E.S.<\/td>\n<\/tr>\n<tr>\n<td align=\"left\" height=\"17\">Y\u00e9benes Nocete, Jos\u00e9 Manuel<\/td>\n<td align=\"left\">Econom\u00eda P.E.S.<\/td>\n<\/tr>\n<\/tbody>\n<\/table>\n","protected":false},"excerpt":{"rendered":"<p>Empleado\/a Puesto Alarc\u00f3n Garc\u00eda, Ana Isabel Ingl\u00e9s P.E.S. Alvarado Cillero, Fernando Tecnolog\u00eda P.E.S. Bacha Belghanou, Soraya Lab. Rel. Isl\u00e1mica Sec. (05 Horas) Bautista Ortiz, Leticia Ana Proc. Gesti\u00f3n Administrativa Caballero Mar\u00edn, Julia Ingl\u00e9s P.E.S. Carreras Carmona, Carmen Mar\u00eda Ingl\u00e9s P.E.S. Casta\u00f1o Chac\u00f3n, Alejandro Alfonso Administraci\u00f3n de Empresas P.E.S. Cherino Navarro, Silvia Orientaci\u00f3n Educativa P.E.S. Codes [&hellip;]<\/p>\n","protected":false},"author":5370,"featured_media":0,"parent":0,"menu_order":0,"comment_status":"closed","ping_status":"closed","template":"","meta":{"_et_pb_use_builder":"","_et_pb_old_content":"","_et_gb_content_width":"","ngg_post_thumbnail":0,"footnotes":""},"aioseo_notices":[],"_links":{"self":[{"href":"https:\/\/blogsaverroes.juntadeandalucia.es\/iesboliches\/wp-json\/wp\/v2\/pages\/1866"}],"collection":[{"href":"https:\/\/blogsaverroes.juntadeandalucia.es\/iesboliches\/wp-json\/wp\/v2\/pages"}],"about":[{"href":"https:\/\/blogsaverroes.juntadeandalucia.es\/iesboliches\/wp-json\/wp\/v2\/types\/page"}],"author":[{"embeddable":true,"href":"https:\/\/blogsaverroes.juntadeandalucia.es\/iesboliches\/wp-json\/wp\/v2\/users\/5370"}],"replies":[{"embeddable":true,"href":"https:\/\/blogsaverroes.juntadeandalucia.es\/iesboliches\/wp-json\/wp\/v2\/comments?post=1866"}],"version-history":[{"count":5,"href":"https:\/\/blogsaverroes.juntadeandalucia.es\/iesboliches\/wp-json\/wp\/v2\/pages\/1866\/revisions"}],"predecessor-version":[{"id":2999,"href":"https:\/\/blogsaverroes.juntadeandalucia.es\/iesboliches\/wp-json\/wp\/v2\/pages\/1866\/revisions\/2999"}],"wp:attachment":[{"href":"https:\/\/blogsaverroes.juntadeandalucia.es\/iesboliches\/wp-json\/wp\/v2\/media?parent=1866"}],"curies":[{"name":"wp","href":"https:\/\/api.w.org\/{rel}","templated":true}]}}