{"id":1958,"date":"2022-12-14T09:11:07","date_gmt":"2022-12-14T08:11:07","guid":{"rendered":"https:\/\/blogsaverroes.juntadeandalucia.es\/iesboliches\/?page_id=1958"},"modified":"2022-12-14T09:11:07","modified_gmt":"2022-12-14T08:11:07","slug":"metodologias-activas","status":"publish","type":"page","link":"https:\/\/blogsaverroes.juntadeandalucia.es\/iesboliches\/metodologias-activas\/","title":{"rendered":"Metodolog\u00edas activas"},"content":{"rendered":"<h2>METODOLOG\u00cdAS ACTIVAS:<\/h2>\n<p>&nbsp;<\/p>\n<p>En los siguientes enlaces encontrar\u00e9is informaci\u00f3n sobre metodolog\u00edas activas. Algunos tutoriales son muy completos, pues se utilizan como la parte te\u00f3rica de cursos de formaci\u00f3n del profesorado a distancia<\/p>\n<p>&nbsp;<\/p>\n<h4>APRENDIZAJE COOPERATIVO<\/h4>\n<ul class=\"list-icon check color\">\n<li><a href=\"https:\/\/www.youtube.com\/watch?v=uf3QQQw5Bto&amp;feature=youtu.be\" target=\"_blank\" rel=\"noopener noreferrer\">V\u00eddeo introductorio al aprendizaje cooperativo<\/a><\/li>\n<li><a href=\"https:\/\/www.youtube.com\/playlist?list=PL7O-wFTtwWAZG-bw0VCJXGk5kMC-Uktqq\" target=\"_blank\" rel=\"noopener noreferrer\">Lista de reproducci\u00f3n de v\u00eddeos del MOOC de Educalab sobre Aprendizaje cooperativo<\/a><\/li>\n<li><a href=\"https:\/\/iesjsegrelles.edutictac.es\/moodle\/pluginfile.php\/14082\/mod_resource\/content\/2\/Estructura%20Simples%20de%20AC.pdf\" target=\"_blank\" rel=\"noopener noreferrer\">Estructuras simples de aprendizaje cooperativo(descarga documento pdf)<\/a><\/li>\n<\/ul>\n<h4>APRENDIZAJE BASADO EN PROYECTOS (ABP)<\/h4>\n<ul class=\"list-icon check color\">\n<li><a href=\"https:\/\/youtu.be\/ABDeORZcGU8\" target=\"_blank\" rel=\"noopener noreferrer\">V\u00eddeo de introducci\u00f3n al ABP<\/a><\/li>\n<li><a href=\"https:\/\/www.youtube.com\/playlist?list=PL7O-wFTtwWAb_V-TXtFmZR3zay2Ky3NJM\" target=\"_blank\" rel=\"noopener noreferrer\">Lista de reproducci\u00f3n de v\u00eddeos del MOOC de Educalab sobre ABP<\/a><\/li>\n<li><a href=\"http:\/\/formacion.educalab.es\/course\/view.php?id=518\" target=\"_blank\" rel=\"noopener noreferrer\">Curso del INTEF: ABP. Aprendizaje basado en proyectos (Secundaria y Bachillerato). Versi\u00f3n en abierto Marzo 2018<\/a><\/li>\n<\/ul>\n<h4>TIC Y COMPETENCIAS CLAVE<\/h4>\n<ul class=\"list-icon check color\">\n<li><a href=\"https:\/\/youtu.be\/nmJUP5xQfUw\" target=\"_blank\" rel=\"noopener noreferrer\">Las TIC y las competencias clave<\/a><\/li>\n<li><a href=\"http:\/\/formacion.educalab.es\/mod\/imscp\/view.php?id=21913\" target=\"_blank\" rel=\"noopener noreferrer\">Integraci\u00f3n de las TIC en educaci\u00f3n (curso Educalab)<\/a><\/li>\n<li><a href=\"http:\/\/www.rauldiego.es\/herramientas-20\/\" target=\"_blank\" rel=\"noopener noreferrer\">Symbaloo de herramientas TIC basadas en la web 2.0 (por Ra\u00fal Diego)<\/a><\/li>\n<\/ul>\n<h4>FLIPPED CLASSROOM<\/h4>\n<ul class=\"list-icon check color\">\n<li><a href=\"https:\/\/youtu.be\/Bdd_Dr7QUQ4\" target=\"_blank\" rel=\"noopener noreferrer\">V\u00eddeo de introducci\u00f3n al Flipped Classroom<\/a><\/li>\n<li><a href=\"http:\/\/formacion.educalab.es\/mod\/imscp\/view.php?id=21888\" target=\"_blank\" rel=\"noopener noreferrer\">Materiales del curso de Flipped Classroom de Educalab<\/a><\/li>\n<\/ul>\n<h4>APRENDIZAJE-SERVICIO<\/h4>\n<ul class=\"list-icon check color\">\n<li><a href=\"https:\/\/youtu.be\/Bx29nbHx3F4\" target=\"_blank\" rel=\"noopener noreferrer\">V\u00efdeo de introducci\u00f3n al Aprendizaje-Servicio<\/a><\/li>\n<li><a href=\"http:\/\/www.zerbikas.es\/guias-practicas\/\" target=\"_blank\" rel=\"noopener noreferrer\">Gu\u00edas pr\u00e1cticas sobre Aprendizaje Servicio de la Fundaci\u00f3n Zerbikas<\/a><\/li>\n<li><a href=\"https:\/\/www.slideshare.net\/rbatlle\/como-desarrollar-un-proyecto-de-aprendizajeservicio-87247008\/rbatlle\/como-desarrollar-un-proyecto-de-aprendizajeservicio-87247008\" target=\"_blank\" rel=\"noopener noreferrer\">Presentaci\u00f3n de Roser Batll\u00e9 de c\u00f3mo realizar un proyecto de ApS<\/a><\/li>\n<li><a href=\"https:\/\/roserbatlle.net\/\" target=\"_blank\" rel=\"noopener noreferrer\">Web de Roser Batll\u00e9<\/a><\/li>\n<\/ul>\n","protected":false},"excerpt":{"rendered":"<p>METODOLOG\u00cdAS ACTIVAS: &nbsp; En los siguientes enlaces encontrar\u00e9is informaci\u00f3n sobre metodolog\u00edas activas. Algunos tutoriales son muy completos, pues se utilizan como la parte te\u00f3rica de cursos de formaci\u00f3n del profesorado a distancia &nbsp; APRENDIZAJE COOPERATIVO V\u00eddeo introductorio al aprendizaje cooperativo Lista de reproducci\u00f3n de v\u00eddeos del MOOC de Educalab sobre Aprendizaje cooperativo Estructuras simples de [&hellip;]<\/p>\n","protected":false},"author":5370,"featured_media":0,"parent":0,"menu_order":0,"comment_status":"closed","ping_status":"closed","template":"","meta":{"_et_pb_use_builder":"","_et_pb_old_content":"","_et_gb_content_width":"","ngg_post_thumbnail":0,"footnotes":""},"aioseo_notices":[],"_links":{"self":[{"href":"https:\/\/blogsaverroes.juntadeandalucia.es\/iesboliches\/wp-json\/wp\/v2\/pages\/1958"}],"collection":[{"href":"https:\/\/blogsaverroes.juntadeandalucia.es\/iesboliches\/wp-json\/wp\/v2\/pages"}],"about":[{"href":"https:\/\/blogsaverroes.juntadeandalucia.es\/iesboliches\/wp-json\/wp\/v2\/types\/page"}],"author":[{"embeddable":true,"href":"https:\/\/blogsaverroes.juntadeandalucia.es\/iesboliches\/wp-json\/wp\/v2\/users\/5370"}],"replies":[{"embeddable":true,"href":"https:\/\/blogsaverroes.juntadeandalucia.es\/iesboliches\/wp-json\/wp\/v2\/comments?post=1958"}],"version-history":[{"count":1,"href":"https:\/\/blogsaverroes.juntadeandalucia.es\/iesboliches\/wp-json\/wp\/v2\/pages\/1958\/revisions"}],"predecessor-version":[{"id":1959,"href":"https:\/\/blogsaverroes.juntadeandalucia.es\/iesboliches\/wp-json\/wp\/v2\/pages\/1958\/revisions\/1959"}],"wp:attachment":[{"href":"https:\/\/blogsaverroes.juntadeandalucia.es\/iesboliches\/wp-json\/wp\/v2\/media?parent=1958"}],"curies":[{"name":"wp","href":"https:\/\/api.w.org\/{rel}","templated":true}]}}