{"id":2038,"date":"2023-01-24T09:06:45","date_gmt":"2023-01-24T08:06:45","guid":{"rendered":"https:\/\/blogsaverroes.juntadeandalucia.es\/iesboliches\/?page_id=2038"},"modified":"2023-01-24T09:15:31","modified_gmt":"2023-01-24T08:15:31","slug":"etapa-educacion-secundaria-obligatoria-e-s-o","status":"publish","type":"page","link":"https:\/\/blogsaverroes.juntadeandalucia.es\/iesboliches\/etapa-educacion-secundaria-obligatoria-e-s-o\/","title":{"rendered":"Etapa: Educaci\u00f3n Secundaria Obligatoria (E.S.O.)"},"content":{"rendered":"<h2>Educaci\u00f3n Secundaria Obligatoria<\/h2>\n<p>La Educaci\u00f3n Secundaria Obligatoria (ESO) es una etapa educativa obligatoria y gratuita que completa la educaci\u00f3n b\u00e1sica. Su finalidad consiste en lograr que el alumnado adquiera&nbsp;los elementos b\u00e1sicos de la cultura, especialmente en sus aspectos human\u00edstico, art\u00edstico, cient\u00edfico y tecnol\u00f3gico; desarrollar y consolidar en ellos h\u00e1bitos de estudio y de trabajo; prepararles para su incorporaci\u00f3n a estudios posteriores y para su inserci\u00f3n laboral, y formarles para el ejercicio de sus derechos y obligaciones en la vida como parte de la ciudadan\u00eda.<\/p>\n<p>Consta de cuatro cursos acad\u00e9micos que se realizar\u00e1n ordinariamente entre los 12 y los 16 a\u00f1os de edad. Se dividen&nbsp;en dos ciclos:<\/p>\n<ul>\n<li>Primer ciclo:&nbsp;cursos primero, segundo y tercero<\/li>\n<li>Segundo ciclo: cuarto curso<\/li>\n<\/ul>\n<p>Los alumnos y las alumnas pueden llegar a repetir un m\u00e1ximo de dos cursos y permanecer en r\u00e9gimen ordinario hasta los 18 a\u00f1os de edad cumplidos en el a\u00f1o en que finalice el curso. No obstante, el alumnado, junto con sus progenitores, puede decidir, desde el momento en que cumpla 16 a\u00f1os, dar por finalizada su escolarizaci\u00f3n obligatoria en esta etapa, en cuyo caso se le extender\u00e1 el correspondiente Certificado de Escolaridad en el que consten los a\u00f1os y materias cursados.<\/p>\n<p>Consulta el curr\u00edculo, las competencias, los contenidos, los est\u00e1ndares de aprendizaje evaluables, los criterios de evaluaci\u00f3n y la metodolog\u00eda did\u00e1ctica utilizada en la ESO en Andaluc\u00eda:<\/p>\n<ul>\n<li><a href=\"https:\/\/www.juntadeandalucia.es\/organismos\/desarrolloeducativoyformacionprofesional\/areas\/ensenanzas-escolarizacion\/educacion-secundaria-obligatoria.html\">Informaci\u00f3n sobre la Educaci\u00f3n Secundaria Obligatoria (Consejer\u00eda de Desarrollo Educativo y Formaci\u00f3n Profesional)<\/a><\/li>\n<\/ul>\n<h2>Opciones despu\u00e9s de terminar la educaci\u00f3n obligatoria<\/h2>\n<p>Una vez concluida la etapa de Educaci\u00f3n Secundaria Obligatoria, los alumnos y las alumnas tienen diferentes opciones. Pueden continuar sus estudios accediendo a Bachillerato.&nbsp;<\/p>\n<ul>\n<li><a href=\"https:\/\/blogsaverroes.juntadeandalucia.es\/iesboliches\/etapa-bachillerato\/\">M\u00e1s informaci\u00f3n sobre el Bachillerato<\/a><\/li>\n<\/ul>\n<p>Tambi\u00e9n pueden optar por cursar un ciclo de formaci\u00f3n profesional, ense\u00f1anzas profesionales de artes pl\u00e1sticas y dise\u00f1o, o ense\u00f1anzas deportivas de grado medio.<\/p>\n<ul>\n<li><a href=\"https:\/\/www.juntadeandalucia.es\/educacion\/portals\/web\/formacion-profesional-andaluza\/quiero-formarme\">Formaci\u00f3n Profesional<\/a><\/li>\n<li><a href=\"https:\/\/www.juntadeandalucia.es\/organismos\/desarrolloeducativoyformacionprofesional\/areas\/ensenanzas-escolarizacion\/artisticas.html\">Ense\u00f1anzas art\u00edsticas<\/a><\/li>\n<li><a href=\"https:\/\/www.juntadeandalucia.es\/organismos\/desarrolloeducativoyformacionprofesional\/areas\/ensenanzas-escolarizacion\/ensenanzas-deportivas.html\">Ense\u00f1anzas deportivas<\/a><\/li>\n<\/ul>\n<p>Otra opci\u00f3n al acabar la educaci\u00f3n obligatoria es incorporarse al mundo laboral, una vez alcanzada la edad m\u00ednima para acceder a \u00e9l, 16 a\u00f1os.<\/p>\n<ul>\n<li><a href=\"https:\/\/www.juntadeandalucia.es\/temas\/trabajar\/busqueda\/activa.html\">B\u00fasqueda activa de empleo<\/a><\/li>\n<li><a href=\"https:\/\/www.juntadeandalucia.es\/temas\/trabajar\/busqueda\/jovenes.html\">Empleo juvenil<\/a><\/li>\n<\/ul>\n<p>En el&nbsp;caso de no haber obtenido el t\u00edtulo de Graduado en Educaci\u00f3n Secundaria Obligatoria, pueden acceder a otros programas de educaci\u00f3n permanente.<\/p>\n<ul>\n<li><a href=\"https:\/\/www.juntadeandalucia.es\/organismos\/desarrolloeducativoyformacionprofesional\/areas\/ensenanzas-escolarizacion\/educacion-personas-adultas.html\">Educaci\u00f3n para personas adultas<\/a><\/li>\n<\/ul>\n<h2>M\u00e1s informaci\u00f3n<\/h2>\n<ul>\n<li><a href=\"https:\/\/www.juntadeandalucia.es\/educacion\/portals\/web\/escuela-familias\/etapas\">Escuela de familias &#8211; Primaria y Secundaria (salud, en casa, relaciones, h\u00e1bitos&#8230;)<\/a><\/li>\n<li><a href=\"https:\/\/www.juntadeandalucia.es\/educacion\/portals\/web\/revista-andalucia-educativa\">Revista Andaluc\u00eda Educativa<\/a><\/li>\n<\/ul>\n<p>&nbsp;<\/p>\n<p>Fuente: <a href=\"https:\/\/www.juntadeandalucia.es\/temas\/estudiar\/primaria-eso\/descripcion.html\">https:\/\/www.juntadeandalucia.es\/temas\/estudiar\/primaria-eso\/descripcion.html<\/a><\/p>\n","protected":false},"excerpt":{"rendered":"<p>Educaci\u00f3n Secundaria Obligatoria La Educaci\u00f3n Secundaria Obligatoria (ESO) es una etapa educativa obligatoria y gratuita que completa la educaci\u00f3n b\u00e1sica. Su finalidad consiste en lograr que el alumnado adquiera&nbsp;los elementos b\u00e1sicos de la cultura, especialmente en sus aspectos human\u00edstico, art\u00edstico, cient\u00edfico y tecnol\u00f3gico; desarrollar y consolidar en ellos h\u00e1bitos de estudio y de trabajo; prepararles [&hellip;]<\/p>\n","protected":false},"author":5370,"featured_media":0,"parent":0,"menu_order":0,"comment_status":"closed","ping_status":"closed","template":"","meta":{"_et_pb_use_builder":"","_et_pb_old_content":"","_et_gb_content_width":"","ngg_post_thumbnail":0,"footnotes":""},"aioseo_notices":[],"_links":{"self":[{"href":"https:\/\/blogsaverroes.juntadeandalucia.es\/iesboliches\/wp-json\/wp\/v2\/pages\/2038"}],"collection":[{"href":"https:\/\/blogsaverroes.juntadeandalucia.es\/iesboliches\/wp-json\/wp\/v2\/pages"}],"about":[{"href":"https:\/\/blogsaverroes.juntadeandalucia.es\/iesboliches\/wp-json\/wp\/v2\/types\/page"}],"author":[{"embeddable":true,"href":"https:\/\/blogsaverroes.juntadeandalucia.es\/iesboliches\/wp-json\/wp\/v2\/users\/5370"}],"replies":[{"embeddable":true,"href":"https:\/\/blogsaverroes.juntadeandalucia.es\/iesboliches\/wp-json\/wp\/v2\/comments?post=2038"}],"version-history":[{"count":3,"href":"https:\/\/blogsaverroes.juntadeandalucia.es\/iesboliches\/wp-json\/wp\/v2\/pages\/2038\/revisions"}],"predecessor-version":[{"id":2046,"href":"https:\/\/blogsaverroes.juntadeandalucia.es\/iesboliches\/wp-json\/wp\/v2\/pages\/2038\/revisions\/2046"}],"wp:attachment":[{"href":"https:\/\/blogsaverroes.juntadeandalucia.es\/iesboliches\/wp-json\/wp\/v2\/media?parent=2038"}],"curies":[{"name":"wp","href":"https:\/\/api.w.org\/{rel}","templated":true}]}}