{"id":2042,"date":"2023-01-24T09:12:13","date_gmt":"2023-01-24T08:12:13","guid":{"rendered":"https:\/\/blogsaverroes.juntadeandalucia.es\/iesboliches\/?page_id=2042"},"modified":"2023-01-24T09:12:13","modified_gmt":"2023-01-24T08:12:13","slug":"etapa-bachillerato","status":"publish","type":"page","link":"https:\/\/blogsaverroes.juntadeandalucia.es\/iesboliches\/etapa-bachillerato\/","title":{"rendered":"Etapa: Bachillerato"},"content":{"rendered":"<div id=\"block-terra-page-title\" class=\"block block-core block-page-title-block\">\n<div class=\"content\">\n<h1 class=\"title\"><span class=\"field field--name-title field--type-string field--label-hidden\">Bachillerato<\/span><\/h1>\n<\/div>\n<\/div>\n<div id=\"block-terra-content\" class=\"block block-system block-system-main-block\">\n<div class=\"content\">\n<article class=\"node node--type-pagina-estandar node--promoted node--view-mode-full clearfix\" role=\"article\">\n<header><\/header>\n<div class=\"node__content clearfix\">\n<div class=\"layout--cont-estruct container clearfix\">\n<div class=\"row\">\n<div class=\"col-12 col-md-12 col-lg-8\">\n<div class=\"col-12\">&nbsp;<\/div>\n<div class=\"cont-secc col-12 contenidos_nivel3 editor\">\n<div class=\"block block-layout-builder block-field-blocknodepagina-estandarfield-contenido\">\n<div class=\"content\">\n<div class=\"clearfix text-formatted field field--name-field-contenido field--type-text-with-summary field--label-hidden field__item\">\n<h2>Descripci\u00f3n de la etapa<\/h2>\n<p>El Bachillerato comprende dos cursos, se desarrollar\u00e1 en modalidades diferentes, y se organizar\u00e1 de modo flexible, a fin de que pueda ofrecer una preparaci\u00f3n especializada al alumnado acorde con sus perspectivas e intereses de formaci\u00f3n o permita la incorporaci\u00f3n a la vida activa una vez finalizado el mismo.<\/p>\n<p>Las modalidades del Bachillerato que se imparten en nuestro Centro son las siguientes:<\/p>\n<ul>\n<li>Ciencias y Tecnolog\u00eda<\/li>\n<li>Humanidades y Ciencias Sociales<\/li>\n<\/ul>\n<p>El Bachillerato tiene como finalidad proporcionar al alumnado formaci\u00f3n, madurez intelectual y humana, conocimientos y habilidades que les permitan desarrollar funciones sociales e incorporarse a la vida activa con responsabilidad y competencia. Asimismo, capacitar\u00e1 al alumnado para acceder a la educaci\u00f3n superior.<\/p>\n<p>Asimismo, en esta etapa se prestar\u00e1 especial atenci\u00f3n a la toma de conciencia y la profundizaci\u00f3n en el an\u00e1lisis sobre temas y problemas que afectan a todas las personas en un mundo globalizado, entre los que se considerar\u00e1n la salud, la pobreza en el mundo, la emigraci\u00f3n y la desigualdad entre las personas, pueblos y naciones, as\u00ed como los principios b\u00e1sicos que rigen el funcionamiento del medio f\u00edsico y natural y las repercusiones que sobre el mismo tienen las actividades humanas, el agotamiento de los recursos naturales, la superpoblaci\u00f3n, la contaminaci\u00f3n o el calentamiento de la Tierra, todo ello, con objeto de fomentar la contribuci\u00f3n activa en la defensa, conservaci\u00f3n y mejora de nuestro entorno y del medioambiente como elemento determinante de la calidad de vida.<\/p>\n<p>Al final de esta etapa se consigue el T\u00edtulo de Bachiller que capacitar\u00e1 al alumnado&nbsp; para su acceso a estudios superiores o para su inserci\u00f3n en el mundo laboral.<\/p>\n<h3>Requisitos de acceso<\/h3>\n<ul>\n<li>Podr\u00e1n acceder a los estudios de Bachillerato quienes est\u00e9n en posesi\u00f3n del t\u00edtulo de Graduado en Educaci\u00f3n Secundaria Obligatoria o de cualquiera de los t\u00edtulos de T\u00e9cnico o T\u00e9cnico Superior de Formaci\u00f3n Profesional, o de Artes Pl\u00e1sticas y Dise\u00f1o, o T\u00e9cnico Deportivo o T\u00e9cnico Deportivo Superior<\/li>\n<\/ul>\n<h2>Documentos de desarrollo del curriculo<\/h2>\n<ul>\n<li><a href=\"http:\/\/www.juntadeandalucia.es\/export\/drupaljda\/Anexo%20I%20Troncales.zip\">ANEXO I.- Materias del bloque de asignaturas troncales (pdf)<\/a><\/li>\n<li><a href=\"http:\/\/www.juntadeandalucia.es\/export\/drupaljda\/Anexo%20II%20Espec%C3%ADficas.zip\">ANEXO II.- Materias del bloque de asignaturas espec\u00edficas (pdf)<\/a><\/li>\n<li><a href=\"http:\/\/www.juntadeandalucia.es\/export\/drupaljda\/Anexo%20III%20Libre%20Configuraci%C3%B3n.zip\">ANEXO III.- Materias del bloque de asignaturas de libre configuraci\u00f3n auton\u00f3mica (pdf)<\/a><\/li>\n<\/ul>\n<h2>Admisi\u00f3n de alumnado<\/h2>\n<p>Puedes consultar toda la informaci\u00f3n al respecto a trav\u00e9s del siguiente enlace:<\/p>\n<ul>\n<li><a href=\"https:\/\/www.juntadeandalucia.es\/educacion\/portals\/web\/escolarizacion\">Portal de Escolarizaci\u00f3n<\/a><\/li>\n<\/ul>\n<p>Para atender consultas sobre todo el proceso de escolarizaci\u00f3n, la Consejer\u00eda ha habilitado un tel\u00e9fono gratuito de informaci\u00f3n (<a href=\"tel:+34900848000\">900 848 000<\/a>), en horario ininterrumpido de 8.00 a 19.00 horas.<\/p>\n<p>Descarga la app iEscolariza:<\/p>\n<div class=\"inner_cuerpo\">\n<p class=\"text-left m-0\"><a href=\"https:\/\/itunes.apple.com\/es\/app\/iescolariza\/id606516551?l=en&amp;mt=8\"><img decoding=\"async\" class=\"h-auto w-100px\" title=\"App Store Banner\" src=\"https:\/\/www.juntadeandalucia.es\/export\/drupaljda\/appstore_mini.png\" alt=\"App Store Banner\"><\/a>&nbsp;<img decoding=\"async\" class=\"h-auto w-40px\" src=\"https:\/\/www.juntadeandalucia.es\/export\/drupaljda\/Logo%20iEscolariza.png\" alt=\"Logo iEscolariza\">&nbsp;<a href=\"https:\/\/play.google.com\/store\/apps\/details?id=es.juntadeandalucia.ced.escolarizacion\"><img decoding=\"async\" class=\"h-auto w-100px\" title=\"Google Play Banner\" src=\"https:\/\/www.juntadeandalucia.es\/export\/drupaljda\/google_play_mini.png\" alt=\"Google Play Banner\"><\/a><\/p>\n<h3 class=\"text-left\">Consulta centros y \u00e1reas de influencia<\/h3>\n<p class=\"text-left\"><a href=\"https:\/\/www.juntadeandalucia.es\/educacion\/portals\/web\/escolarizacion\/infantil-a-bachillerato\/consultas\"><img decoding=\"async\" class=\"h-auto w-125px\" title=\"Consultas_areas_puntos_centros (mapa_andalucia2.gif)\" src=\"https:\/\/www.juntadeandalucia.es\/export\/drupaljda\/mapa_andalucia2.gif\" alt=\"\"><\/a><\/p>\n<\/div>\n<h2>Normativa de aplicaci\u00f3n<\/h2>\n<ul>\n<li><a href=\"http:\/\/www.juntadeandalucia.es\/sites\/default\/files\/2022-08\/05082022_decreto_ordenacion_curriculo_bachillerato.pdf\">Decreto 110\/2016, de 14 de junio, por el que se establece la ordenaci\u00f3n y el curr\u00edculo del Bachillerato en la Comunidad Aut\u00f3noma de Andaluc\u00eda (pdf)<\/a><\/li>\n<li>Orden de 15 de enero de 2021, por la que se desarrolla el curr\u00edculo correspondiente a la etapa de Bachillerato en la Comunidad Aut\u00f3noma de Andaluc\u00eda, se regulan determinados aspectos de la atenci\u00f3n a la diversidad y se establece la ordenaci\u00f3n de la evaluaci\u00f3n del proceso de aprendizaje del alumnado (pdf)\n<ul>\n<li><a href=\"http:\/\/www.juntadeandalucia.es\/sites\/default\/files\/2022-08\/05082022_orden_desarrolla_curriculo_bachillerato_1.pdf\">Orden&nbsp;Orden de 15 de enero de 2021 (pdf 1)<\/a><\/li>\n<li><a href=\"http:\/\/www.juntadeandalucia.es\/sites\/default\/files\/2022-08\/05082022_orden_desarrolla_curriculo_bachillerato_2.pdf\">Orden&nbsp;Orden de 15 de enero de 2021 (pdf 2)<\/a><\/li>\n<\/ul>\n<\/li>\n<li><a href=\"http:\/\/www.juntadeandalucia.es\/sites\/default\/files\/2022-08\/05082022_instruccion_organizacion_bachillerato.pdf\">Instrucci\u00f3n 13\/2022, de 23 de junio, de la Direcci\u00f3n General de Ordenaci\u00f3n y Evaluaci\u00f3n Educativa, por la que se establecen aspectos de organizaci\u00f3n y funcionamiento para los centros que impartan Bachillerato para el curso 2022\/2023 (pdf)<\/a><\/li>\n<\/ul>\n<\/div>\n<p>Fuente: <a href=\"https:\/\/www.juntadeandalucia.es\/organismos\/desarrolloeducativoyformacionprofesional\/areas\/ensenanzas-escolarizacion\/bachillerato.html\">https:\/\/www.juntadeandalucia.es\/organismos\/desarrolloeducativoyformacionprofesional\/areas\/ensenanzas-escolarizacion\/bachillerato.html<\/a><\/p>\n<\/div>\n<\/div>\n<\/div>\n<\/div>\n<\/div>\n<\/div>\n<\/div>\n<\/article>\n<\/div>\n<\/div>\n","protected":false},"excerpt":{"rendered":"<p>Bachillerato &nbsp; Descripci\u00f3n de la etapa El Bachillerato comprende dos cursos, se desarrollar\u00e1 en modalidades diferentes, y se organizar\u00e1 de modo flexible, a fin de que pueda ofrecer una preparaci\u00f3n especializada al alumnado acorde con sus perspectivas e intereses de formaci\u00f3n o permita la incorporaci\u00f3n a la vida activa una vez finalizado el mismo. Las [&hellip;]<\/p>\n","protected":false},"author":5370,"featured_media":0,"parent":0,"menu_order":0,"comment_status":"closed","ping_status":"closed","template":"","meta":{"_et_pb_use_builder":"","_et_pb_old_content":"","_et_gb_content_width":"","ngg_post_thumbnail":0,"footnotes":""},"aioseo_notices":[],"_links":{"self":[{"href":"https:\/\/blogsaverroes.juntadeandalucia.es\/iesboliches\/wp-json\/wp\/v2\/pages\/2042"}],"collection":[{"href":"https:\/\/blogsaverroes.juntadeandalucia.es\/iesboliches\/wp-json\/wp\/v2\/pages"}],"about":[{"href":"https:\/\/blogsaverroes.juntadeandalucia.es\/iesboliches\/wp-json\/wp\/v2\/types\/page"}],"author":[{"embeddable":true,"href":"https:\/\/blogsaverroes.juntadeandalucia.es\/iesboliches\/wp-json\/wp\/v2\/users\/5370"}],"replies":[{"embeddable":true,"href":"https:\/\/blogsaverroes.juntadeandalucia.es\/iesboliches\/wp-json\/wp\/v2\/comments?post=2042"}],"version-history":[{"count":1,"href":"https:\/\/blogsaverroes.juntadeandalucia.es\/iesboliches\/wp-json\/wp\/v2\/pages\/2042\/revisions"}],"predecessor-version":[{"id":2043,"href":"https:\/\/blogsaverroes.juntadeandalucia.es\/iesboliches\/wp-json\/wp\/v2\/pages\/2042\/revisions\/2043"}],"wp:attachment":[{"href":"https:\/\/blogsaverroes.juntadeandalucia.es\/iesboliches\/wp-json\/wp\/v2\/media?parent=2042"}],"curies":[{"name":"wp","href":"https:\/\/api.w.org\/{rel}","templated":true}]}}